{"id":8620,"date":"2023-12-04T13:15:44","date_gmt":"2023-12-04T12:15:44","guid":{"rendered":"https:\/\/alfamedia.com\/?page_id=8620"},"modified":"2025-10-06T12:11:44","modified_gmt":"2025-10-06T10:11:44","slug":"automatisation-de-limpression","status":"publish","type":"page","link":"https:\/\/alfamedia.com\/fr\/solutions\/automatisation-de-limpression\/","title":{"rendered":"Automatisation de l&rsquo;impression"},"content":{"rendered":"<p>Avec le d\u00e9veloppement rapide de la technologie, nous sommes \u00e0 l&rsquo;aube d&rsquo;un changement significatif dans l&rsquo;industrie de l&rsquo;impression : l&rsquo;automatisation de l&rsquo;impression. En utilisant des technologies modernes, elle permet d&rsquo;automatiser les processus de cr\u00e9ation de produits imprim\u00e9s, r\u00e9duisant ainsi les co\u00fbts tout en augmentant la qualit\u00e9 et la coh\u00e9rence de vos produits.<\/p>\n<h3><strong>Mise en page automatis\u00e9e : la solution optimale pour vos besoins<\/strong><\/h3>\n<p><img loading=\"lazy\" decoding=\"async\" class=\"wp-image-8023 alignright\" src=\"https:\/\/alfamedia.com\/wp-content\/uploads\/2023\/08\/mega-creator-1.svg\" alt=\"\" width=\"358\" height=\"268\" \/>Dans l&rsquo;automatisation de l&rsquo;impression, la mise en page automatis\u00e9e joue un r\u00f4le central. Cette approche permet aux r\u00e9dacteurs de cr\u00e9er le contenu, qui est ensuite plac\u00e9 par un \u00e9diteur. L&rsquo;automatisation prend alors en charge la mise en page des articles et int\u00e8gre tous les \u00e9l\u00e9ments avec pr\u00e9cision avant que l&rsquo;\u00e9diteur de mise en page n&rsquo;effectue le contr\u00f4le final.<br \/>\nLa mise en page automatis\u00e9e offre une solution continue et efficace qui est parfaitement adapt\u00e9e aux besoins des environnements de production modernes. Gr\u00e2ce \u00e0 la technologie avanc\u00e9e d&rsquo;Aptoma, vous b\u00e9n\u00e9ficiez d&rsquo;un processus de production fluide qui garantit \u00e0 la fois la personnalisation et l&rsquo;efficacit\u00e9.<\/p>\n<div class=\"brlbs-cmpnt-container brlbs-cmpnt-content-blocker brlbs-cmpnt-with-individual-styles\" data-borlabs-cookie-content-blocker-id=\"youtube-content-blocker\" data-borlabs-cookie-content=\"PGlmcmFtZSB0aXRsZT0iQXB0b21hIFBsYWNlbWVudCBCb3QiIHdpZHRoPSI1MDAiIGhlaWdodD0iMzc1IiBzcmM9Imh0dHBzOi8vd3d3LnlvdXR1YmUtbm9jb29raWUuY29tL2VtYmVkL3Z6N1RiNmdydmtNP2ZlYXR1cmU9b2VtYmVkIiBmcmFtZWJvcmRlcj0iMCIgYWxsb3c9ImFjY2VsZXJvbWV0ZXI7IGF1dG9wbGF5OyBjbGlwYm9hcmQtd3JpdGU7IGVuY3J5cHRlZC1tZWRpYTsgZ3lyb3Njb3BlOyBwaWN0dXJlLWluLXBpY3R1cmU7IHdlYi1zaGFyZSIgcmVmZXJyZXJwb2xpY3k9InN0cmljdC1vcmlnaW4td2hlbi1jcm9zcy1vcmlnaW4iIGFsbG93ZnVsbHNjcmVlbj48L2lmcmFtZT4=\">\n<div class=\"brlbs-cmpnt-cb-preset-c brlbs-cmpnt-cb-youtube\">\n<div class=\"brlbs-cmpnt-cb-thumbnail\" style=\"background-image: url('https:\/\/alfamedia.com\/wp-content\/uploads\/borlabs-cookie\/1\/yt_vz7Tb6grvkM_hqdefault.jpg')\"><\/div>\n<div class=\"brlbs-cmpnt-cb-main\">\n<div class=\"brlbs-cmpnt-cb-play-button\"><\/div>\n<div class=\"brlbs-cmpnt-cb-content\">\n<p class=\"brlbs-cmpnt-cb-description\">Vous \u00eates actuellement en train de consulter le contenu d&rsquo;un espace r\u00e9serv\u00e9 de <strong>YouTube<\/strong>. Pour acc\u00e9der au contenu r\u00e9el, cliquez sur le bouton ci-dessous. Veuillez noter que ce faisant, des donn\u00e9es seront partag\u00e9es avec des providers tiers.<\/p>\n<p> <a class=\"brlbs-cmpnt-cb-provider-toggle\" href=\"#\" data-borlabs-cookie-show-provider-information role=\"button\">Plus d&rsquo;informations<\/a> <\/div>\n<div class=\"brlbs-cmpnt-cb-buttons\"> <a class=\"brlbs-cmpnt-cb-btn\" href=\"#\" data-borlabs-cookie-unblock role=\"button\">D\u00e9bloquer le contenu<\/a> <a class=\"brlbs-cmpnt-cb-btn\" href=\"#\" data-borlabs-cookie-accept-service role=\"button\" style=\"display: inherit\">Accepter le service requis et d\u00e9bloquer les contenus<\/a> <\/div>\n<\/p><\/div>\n<\/p><\/div>\n<\/div>\n<h3>Notre partenariat avec Aptoma : une combinaison gagnante d&rsquo;efficacit\u00e9 et de flexibilit\u00e9<\/h3>\n<p><img loading=\"lazy\" decoding=\"async\" class=\"wp-image-8032 alignleft\" src=\"https:\/\/alfamedia.com\/wp-content\/uploads\/2023\/08\/mega-creator.svg\" alt=\"\" width=\"312\" height=\"234\" \/>Aptoma, fond\u00e9e \u00e0 Oslo en 2004 et clairement ax\u00e9e sur l&rsquo;automatisation des processus d&rsquo;impression, propose des outils innovants qui facilitent le travail des journalistes et des r\u00e9dacteurs. Aptoma est un pionnier dans le domaine de la mise en page automatis\u00e9e des pages imprim\u00e9es.<br \/>\nGr\u00e2ce \u00e0 ce partenariat, nous pouvons vous offrir un niveau de personnalisation et de flexibilit\u00e9 plus \u00e9lev\u00e9 lors de la conception de vos produits imprim\u00e9s. La mise en page automatis\u00e9e fournie par Aptoma combine la cr\u00e9ativit\u00e9 humaine et la technologie d&rsquo;automatisation pour cr\u00e9er des mises en page exceptionnelles. Cette technologie permet d&rsquo;organiser et de concevoir le contenu de mani\u00e8re efficace, tout en laissant de la place pour une touche personnalis\u00e9e.<\/p>\n<h3><strong>Fonctionnalit\u00e9s d&rsquo;automatisation de l&rsquo;impression d&rsquo;Aptoma :<\/strong><\/h3>\n<ul>\n<li><b>Mises en page automatis\u00e9es des articles<\/b> : Cr\u00e9ation bas\u00e9e sur le contenu et les m\u00e9tadonn\u00e9es.<\/li>\n<li><b>Modifications automatiques de la mise en page<\/b> : Ajustements dynamiques aux exigences de taille.<\/li>\n<li><b>Annonces qui se chevauchent<\/b> : Int\u00e9gration intelligente dans la mise en page automatis\u00e9e.<\/li>\n<li><b>Suggestions de mises en page alternatives<\/b> : Disponibles \u00e0 tout moment pour proposer des options cr\u00e9atives.<\/li>\n<li><b>Travail collaboratif<\/b> : Collaboration facile sur les projets.<\/li>\n<\/ul>\n<p>La technologie d&rsquo;Aptoma permet aux \u00e9diteurs de gagner un temps consid\u00e9rable et de r\u00e9aliser d&rsquo;importantes \u00e9conomies de ressources. Ils peuvent s\u00e9lectionner et placer du contenu, choisir et personnaliser des mises en page alternatives et approuver des pages, le tout avec un gain de temps de <b>40 \u00e0 70 % dans le processus de mise en<\/b> page. Ils peuvent ainsi se concentrer davantage sur des t\u00e2ches cr\u00e9atives et strat\u00e9giques.<\/p>\n<div class=\"brlbs-cmpnt-container brlbs-cmpnt-content-blocker brlbs-cmpnt-with-individual-styles\" data-borlabs-cookie-content-blocker-id=\"youtube-content-blocker\" data-borlabs-cookie-content=\"PGlmcmFtZSB0aXRsZT0iQXB0b21hIEF1dG9tYXRpc2NoZXIgRnJlaXN0ZWxsZXIiIHdpZHRoPSI1MDAiIGhlaWdodD0iMzc1IiBzcmM9Imh0dHBzOi8vd3d3LnlvdXR1YmUtbm9jb29raWUuY29tL2VtYmVkL1JCNUVlaDBBeXVvP2ZlYXR1cmU9b2VtYmVkIiBmcmFtZWJvcmRlcj0iMCIgYWxsb3c9ImFjY2VsZXJvbWV0ZXI7IGF1dG9wbGF5OyBjbGlwYm9hcmQtd3JpdGU7IGVuY3J5cHRlZC1tZWRpYTsgZ3lyb3Njb3BlOyBwaWN0dXJlLWluLXBpY3R1cmU7IHdlYi1zaGFyZSIgcmVmZXJyZXJwb2xpY3k9InN0cmljdC1vcmlnaW4td2hlbi1jcm9zcy1vcmlnaW4iIGFsbG93ZnVsbHNjcmVlbj48L2lmcmFtZT4=\">\n<div class=\"brlbs-cmpnt-cb-preset-c brlbs-cmpnt-cb-youtube\">\n<div class=\"brlbs-cmpnt-cb-thumbnail\" style=\"background-image: url('https:\/\/alfamedia.com\/wp-content\/uploads\/borlabs-cookie\/1\/yt_RB5Eeh0Ayuo_hqdefault.jpg')\"><\/div>\n<div class=\"brlbs-cmpnt-cb-main\">\n<div class=\"brlbs-cmpnt-cb-play-button\"><\/div>\n<div class=\"brlbs-cmpnt-cb-content\">\n<p class=\"brlbs-cmpnt-cb-description\">Vous \u00eates actuellement en train de consulter le contenu d&rsquo;un espace r\u00e9serv\u00e9 de <strong>YouTube<\/strong>. Pour acc\u00e9der au contenu r\u00e9el, cliquez sur le bouton ci-dessous. Veuillez noter que ce faisant, des donn\u00e9es seront partag\u00e9es avec des providers tiers.<\/p>\n<p> <a class=\"brlbs-cmpnt-cb-provider-toggle\" href=\"#\" data-borlabs-cookie-show-provider-information role=\"button\">Plus d&rsquo;informations<\/a> <\/div>\n<div class=\"brlbs-cmpnt-cb-buttons\"> <a class=\"brlbs-cmpnt-cb-btn\" href=\"#\" data-borlabs-cookie-unblock role=\"button\">D\u00e9bloquer le contenu<\/a> <a class=\"brlbs-cmpnt-cb-btn\" href=\"#\" data-borlabs-cookie-accept-service role=\"button\" style=\"display: inherit\">Accepter le service requis et d\u00e9bloquer les contenus<\/a> <\/div>\n<\/p><\/div>\n<\/p><\/div>\n<\/div>\n<h3>Vos avantages en un coup d&rsquo;\u0153il<\/h3>\n<ul>\n<li><b>Mise en page automatis\u00e9e<\/b> : flexibilit\u00e9 et personnalisation maximales.<\/li>\n<li><b>Workflow hautement orient\u00e9 m\u00e9tadonn\u00e9es<\/b> : optimisation de la production et de la mise en page.<\/li>\n<li><b>Courbe d&rsquo;apprentissage plate<\/b> : int\u00e9gration et application faciles.<\/li>\n<li><b>Workflow transparent<\/b> : l&rsquo;assemblage des pages se fait en parall\u00e8le de la cr\u00e9ation du contenu.<\/li>\n<li><b>Client navigateur<\/b> : utilisation et acc\u00e8s faciles.<\/li>\n<\/ul>\n<p>L&rsquo;automatisation de l&rsquo;impression est une \u00e9volution r\u00e9volutionnaire dans le secteur de l&rsquo;imprimerie et nous sommes pr\u00eats \u00e0 vous aider \u00e0 tirer parti de cette innovation. Contactez-nous pour en savoir plus et pour profiter des avantages de l&rsquo;automatisation de l&rsquo;impression pour votre entreprise.<\/p>\n","protected":false},"excerpt":{"rendered":"<p>L&rsquo;automatisation de l&rsquo;impression r\u00e9volutionne le secteur de l&rsquo;imprimerie, en am\u00e9liorant la qualit\u00e9 et en r\u00e9duisant les co\u00fbts. Notre partenariat avec Aptoma offre une solution personnalis\u00e9e et \u00e9volutive.<\/p>\n","protected":false},"author":2,"featured_media":8206,"parent":2510,"menu_order":145,"comment_status":"closed","ping_status":"closed","template":"","meta":{"_acf_changed":false,"inline_featured_image":false,"footnotes":""},"class_list":["post-8620","page","type-page","status-publish","has-post-thumbnail","hentry"],"acf":[],"yoast_head":"<title>Automatisation de l&#039;impression &#8226; alfa Media Partner GmbH<\/title>\n<meta name=\"robots\" content=\"index, follow, max-snippet:-1, max-image-preview:large, max-video-preview:-1\" \/>\n<link rel=\"canonical\" href=\"https:\/\/alfamedia.com\/fr\/solutions\/automatisation-de-limpression\/\" \/>\n<meta property=\"og:locale\" content=\"fr_FR\" \/>\n<meta property=\"og:type\" content=\"article\" \/>\n<meta property=\"og:title\" content=\"Automatisation de l&#039;impression &#8226; alfa Media Partner GmbH\" \/>\n<meta property=\"og:description\" content=\"L&#039;automatisation de l&#039;impression r\u00e9volutionne le secteur de l&#039;imprimerie, en am\u00e9liorant la qualit\u00e9 et en r\u00e9duisant les co\u00fbts. Notre partenariat avec Aptoma offre une solution personnalis\u00e9e et \u00e9volutive.\" \/>\n<meta property=\"og:url\" content=\"https:\/\/alfamedia.com\/fr\/solutions\/automatisation-de-limpression\/\" \/>\n<meta property=\"og:site_name\" content=\"alfa Media Partner GmbH\" \/>\n<meta property=\"article:modified_time\" content=\"2025-10-06T10:11:44+00:00\" \/>\n<meta property=\"og:image\" content=\"https:\/\/alfamedia.com\/wp-content\/uploads\/2023\/09\/pexels-google-deepmind-17485709-scaled.jpg\" \/>\n\t<meta property=\"og:image:width\" content=\"2560\" \/>\n\t<meta property=\"og:image:height\" content=\"1440\" \/>\n\t<meta property=\"og:image:type\" content=\"image\/jpeg\" \/>\n<meta name=\"twitter:card\" content=\"summary_large_image\" \/>\n<meta name=\"twitter:label1\" content=\"Dur\u00e9e de lecture estim\u00e9e\" \/>\n\t<meta name=\"twitter:data1\" content=\"4 minutes\" \/>","yoast_head_json":{"title":"Automatisation de l'impression &#8226; alfa Media Partner GmbH","robots":{"index":"index","follow":"follow","max-snippet":"max-snippet:-1","max-image-preview":"max-image-preview:large","max-video-preview":"max-video-preview:-1"},"canonical":"https:\/\/alfamedia.com\/fr\/solutions\/automatisation-de-limpression\/","og_locale":"fr_FR","og_type":"article","og_title":"Automatisation de l'impression &#8226; alfa Media Partner GmbH","og_description":"L'automatisation de l'impression r\u00e9volutionne le secteur de l'imprimerie, en am\u00e9liorant la qualit\u00e9 et en r\u00e9duisant les co\u00fbts. Notre partenariat avec Aptoma offre une solution personnalis\u00e9e et \u00e9volutive.","og_url":"https:\/\/alfamedia.com\/fr\/solutions\/automatisation-de-limpression\/","og_site_name":"alfa Media Partner GmbH","article_modified_time":"2025-10-06T10:11:44+00:00","og_image":[{"width":2560,"height":1440,"url":"https:\/\/alfamedia.com\/wp-content\/uploads\/2023\/09\/pexels-google-deepmind-17485709-scaled.jpg","type":"image\/jpeg"}],"twitter_card":"summary_large_image","twitter_misc":{"Dur\u00e9e de lecture estim\u00e9e":"4 minutes"},"schema":{"@context":"https:\/\/schema.org","@graph":[{"@type":"WebPage","@id":"https:\/\/alfamedia.com\/fr\/solutions\/automatisation-de-limpression\/","url":"https:\/\/alfamedia.com\/fr\/solutions\/automatisation-de-limpression\/","name":"Automatisation de l'impression &#8226; alfa Media Partner GmbH","isPartOf":{"@id":"https:\/\/alfamedia.com\/fr\/#website"},"primaryImageOfPage":{"@id":"https:\/\/alfamedia.com\/fr\/solutions\/automatisation-de-limpression\/#primaryimage"},"image":{"@id":"https:\/\/alfamedia.com\/fr\/solutions\/automatisation-de-limpression\/#primaryimage"},"thumbnailUrl":"https:\/\/alfamedia.com\/wp-content\/uploads\/2023\/09\/pexels-google-deepmind-17485709-scaled.jpg","datePublished":"2023-12-04T12:15:44+00:00","dateModified":"2025-10-06T10:11:44+00:00","breadcrumb":{"@id":"https:\/\/alfamedia.com\/fr\/solutions\/automatisation-de-limpression\/#breadcrumb"},"inLanguage":"fr-FR","potentialAction":[{"@type":"ReadAction","target":["https:\/\/alfamedia.com\/fr\/solutions\/automatisation-de-limpression\/"]}]},{"@type":"ImageObject","inLanguage":"fr-FR","@id":"https:\/\/alfamedia.com\/fr\/solutions\/automatisation-de-limpression\/#primaryimage","url":"https:\/\/alfamedia.com\/wp-content\/uploads\/2023\/09\/pexels-google-deepmind-17485709-scaled.jpg","contentUrl":"https:\/\/alfamedia.com\/wp-content\/uploads\/2023\/09\/pexels-google-deepmind-17485709-scaled.jpg","width":2560,"height":1440},{"@type":"BreadcrumbList","@id":"https:\/\/alfamedia.com\/fr\/solutions\/automatisation-de-limpression\/#breadcrumb","itemListElement":[{"@type":"ListItem","position":1,"name":"Start","item":"https:\/\/alfamedia.com\/fr\/"},{"@type":"ListItem","position":2,"name":"Solutions","item":"https:\/\/alfamedia.com\/fr\/solutions\/"},{"@type":"ListItem","position":3,"name":"Automatisation de l&#8217;impression"}]},{"@type":"WebSite","@id":"https:\/\/alfamedia.com\/fr\/#website","url":"https:\/\/alfamedia.com\/fr\/","name":"alfa Media Partner GmbH","description":"Software-L\u00f6sungen f\u00fcr Medienh\u00e4user und Verlage","potentialAction":[{"@type":"SearchAction","target":{"@type":"EntryPoint","urlTemplate":"https:\/\/alfamedia.com\/fr\/?s={search_term_string}"},"query-input":{"@type":"PropertyValueSpecification","valueRequired":true,"valueName":"search_term_string"}}],"inLanguage":"fr-FR"}]}},"_links":{"self":[{"href":"https:\/\/alfamedia.com\/fr\/wp-json\/wp\/v2\/pages\/8620","targetHints":{"allow":["GET"]}}],"collection":[{"href":"https:\/\/alfamedia.com\/fr\/wp-json\/wp\/v2\/pages"}],"about":[{"href":"https:\/\/alfamedia.com\/fr\/wp-json\/wp\/v2\/types\/page"}],"author":[{"embeddable":true,"href":"https:\/\/alfamedia.com\/fr\/wp-json\/wp\/v2\/users\/2"}],"replies":[{"embeddable":true,"href":"https:\/\/alfamedia.com\/fr\/wp-json\/wp\/v2\/comments?post=8620"}],"version-history":[{"count":0,"href":"https:\/\/alfamedia.com\/fr\/wp-json\/wp\/v2\/pages\/8620\/revisions"}],"up":[{"embeddable":true,"href":"https:\/\/alfamedia.com\/fr\/wp-json\/wp\/v2\/pages\/2510"}],"wp:featuredmedia":[{"embeddable":true,"href":"https:\/\/alfamedia.com\/fr\/wp-json\/wp\/v2\/media\/8206"}],"wp:attachment":[{"href":"https:\/\/alfamedia.com\/fr\/wp-json\/wp\/v2\/media?parent=8620"}],"curies":[{"name":"wp","href":"https:\/\/api.w.org\/{rel}","templated":true}]}}