{"id":8616,"date":"2023-12-04T13:04:17","date_gmt":"2023-12-04T12:04:17","guid":{"rendered":"https:\/\/alfamedia.com\/?page_id=8616"},"modified":"2025-12-09T09:01:30","modified_gmt":"2025-12-09T08:01:30","slug":"intelligence-artificielle","status":"publish","type":"page","link":"https:\/\/alfamedia.com\/fr\/solutions\/intelligence-artificielle\/","title":{"rendered":"Intelligence Artificielle"},"content":{"rendered":"<p><img loading=\"lazy\" decoding=\"async\" class=\"wp-image-8023 alignright\" src=\"https:\/\/alfamedia.com\/wp-content\/uploads\/2023\/08\/mega-creator-1.svg\" alt=\"\" width=\"232\" height=\"174\" \/><\/p>\n<p><em>Notre approche en mati\u00e8re d&rsquo;int\u00e9gration de l&rsquo;intelligence artificielle est tr\u00e8s claire : nous apportons l&rsquo;IA exactement l\u00e0 o\u00f9 nos utilisateurs en ont besoin et l&rsquo;attendent, c&rsquo;est-\u00e0-dire dans leurs processus de travail habituels, et non sous la forme d&rsquo;un outil isol\u00e9 suppl\u00e9mentaire. Notre IA est profond\u00e9ment int\u00e9gr\u00e9e \u00e0 nos produits ; il ne s&rsquo;agit pas d&rsquo;une solution autonome, mais plut\u00f4t d&rsquo;un assistant directement int\u00e9gr\u00e9 \u00e0 l&rsquo;interface utilisateur qui fonctionne de mani\u00e8re transparente avec les syst\u00e8mes existants pour permettre une utilisation intuitive et efficace.<\/em><\/p>\n<ul>\n<li><b>Une exp\u00e9rience sur mesure :<\/b> chez alfa, nous concevons des outils intelligents qui s&rsquo;int\u00e8grent parfaitement dans le quotidien de nos utilisateurs. Ceux-ci attendent plus qu&rsquo;un simple gadget technique. Ils veulent des solutions qui simplifient et optimisent leur travail, et c&rsquo;est exactement ce que nous leur offrons.<\/li>\n<li><b>Flexibilit\u00e9 et adaptabilit\u00e9 :<\/b> nos outils intelligents s&rsquo;adaptent aux besoins individuels des \u00e9quipes \u00e9ditoriales et des autres utilisateurs. De l&rsquo;\u00e9dition de texte au traitement des e-mails, alfa fournit une solution qui s&rsquo;int\u00e8gre parfaitement dans les flux de travail sp\u00e9cifiques des clients.<\/li>\n<li><b>Des outils qui \u00e9voluent :<\/b> nous ne proposons pas de fonctionnalit\u00e9s rigides, mais des fonctionnalit\u00e9s dynamiques que vous pouvez \u00e9tendre \u00e0 l&rsquo;aide de mod\u00e8les et de invites personnalis\u00e9s. Cela rend chaque interaction avec l&rsquo;IA plus intuitive et plus personnelle.<\/li>\n<\/ul>\n<h2 style=\"text-align: center;\"><a href=\"https:\/\/alfamedia.com\/fr\/packages-ia-2026\/\">Vous trouverez ici nos offres d&rsquo;IA pour la r\u00e9daction et la publicit\u00e9 !<\/a><\/h2>\n<h3><a href=\"https:\/\/alfamedia.com\/fr\/solutions\/redaction-et-contenu-editorial\/editorialorganiser\/\">EditorialOrganiser<\/a><\/h3>\n<p>Notre syst\u00e8me d&rsquo;IA adaptable s&rsquo;int\u00e8gre parfaitement \u00e0 vos flux de travail \u00e9ditoriaux. Au lieu d&rsquo;un ensemble de fonctions fixes, nous proposons une plateforme configurable qui vous permet d&rsquo;\u00e9tendre et d&rsquo;optimiser librement les invites standard. Les utilisateurs peuvent choisir entre diff\u00e9rents mod\u00e8les d&rsquo;IA pour r\u00e9pondre \u00e0 des exigences sp\u00e9cifiques, de l&rsquo;OpenAI aux mod\u00e8les de raisonnement profond d&rsquo;Anthropic. Des options de contr\u00f4le granulaires permettent de r\u00e9gler les invites en d\u00e9tail pour des groupes d&rsquo;utilisateurs ou des utilisateurs individuels. Les applications pratiques vont du traitement rapide des communiqu\u00e9s de presse et des rapports de police \u00e0 l&rsquo;assurance qualit\u00e9 pour les textes en format libre. Les flux de travail automatis\u00e9s pour les e-mails et l&rsquo;\u00e9tiquetage des images r\u00e9duisent encore la charge de travail du personnel \u00e9ditorial et garantissent que les informations pertinentes aboutissent toujours au bon endroit.<\/p>\n<ul>\n<li><b>Extensions dynamiques : <\/b>utilisez un ensemble variable d&rsquo;invites standard qui peuvent \u00eatre compl\u00e9t\u00e9es et d\u00e9velopp\u00e9es \u00e0 tout moment.<\/li>\n<li><b>Options de mod\u00e8les polyvalentes :<\/b> choisissez entre les mod\u00e8les \u00e9conomes en ressources et puissants d&rsquo;OpenAI, Mistral et Anthropic<\/li>\n<li><b>Contr\u00f4le d&rsquo;acc\u00e8s d\u00e9taill\u00e9<\/b> : contr\u00f4lez quelles personnes ou quels groupes peuvent acc\u00e9der \u00e0 quelles invites<\/li>\n<li><strong>Applications diverses :<\/strong>\n<ul>\n<li>Traitement en un clic des communiqu\u00e9s de presse et des rapports de police<\/li>\n<li>Workflows de correction et d&rsquo;assurance qualit\u00e9<\/li>\n<li>\u00c9tiquetage automatique des textes et des images<\/li>\n<\/ul>\n<\/li>\n<li><b>Traitement des e-mails :<\/b>\n<ul>\n<li>Analyse et hi\u00e9rarchisation automatiques des e-mails entrants<\/li>\n<li>Routage intelligent des e-mails non pertinents<\/li>\n<\/ul>\n<\/li>\n<\/ul>\n<p style=\"text-align: center;\"><img loading=\"lazy\" decoding=\"async\" class=\"alignnone size-full wp-image-8190\" src=\"https:\/\/alfamedia.com\/wp-content\/uploads\/2023\/09\/KI-01.png\" alt=\"\" width=\"377\" height=\"473\" srcset=\"https:\/\/alfamedia.com\/wp-content\/uploads\/2023\/09\/KI-01.png 377w, https:\/\/alfamedia.com\/wp-content\/uploads\/2023\/09\/KI-01-239x300.png 239w\" sizes=\"auto, (max-width: 377px) 100vw, 377px\" \/><\/p>\n<h3><a href=\"https:\/\/alfamedia.com\/fr\/solutions\/commerce-et-publicite\/adsuite-market\/\">AdSuite<\/a><\/h3>\n<p>Gr\u00e2ce \u00e0 notre analyse de documents par IA, AdSuite prend en charge efficacement le traitement des informations entrantes et la mise \u00e0 jour des profils clients. Cette fonctionnalit\u00e9 permet l&rsquo;examen automatique des e-mails et leur traduction en transactions commerciales compl\u00e8tes telles que de nouvelles commandes, des modifications de commandes ou la cr\u00e9ation de nouveaux clients. Cela r\u00e9duit consid\u00e9rablement les efforts manuels. L&rsquo;IA vous aide \u00e0 analyser efficacement les informations entrantes et \u00e0 mettre \u00e0 jour les profils clients. La recherche en langage naturel, qui permet une interaction plus pr\u00e9cise et plus conviviale, est une solution particuli\u00e8rement innovante. La v\u00e9rification du texte des annonces permet de s&rsquo;assurer que les textes ne contiennent pas d&rsquo;erreurs de contenu ou de grammaire, tandis que la d\u00e9termination automatique des mots-cl\u00e9s garantit un positionnement optimal de chaque annonce. Ces fonctions augmentent non seulement l&rsquo;efficacit\u00e9, mais r\u00e9duisent \u00e9galement consid\u00e9rablement le travail manuel.<\/p>\n<ul>\n<li><b>Analyse de documents par IA : <\/b>permet l&rsquo;analyse extractive et le stockage de documents dans le CMS afin de d\u00e9river des actions sp\u00e9cifiques telles que la cr\u00e9ation de nouvelles commandes ou la modification des donn\u00e9es clients.<\/li>\n<li><b>D\u00e9termination des donn\u00e9es clients :<\/b> extrayez et mettez \u00e0 jour rapidement les informations clients dans le respect des r\u00e9glementations en mati\u00e8re de protection des donn\u00e9es.<\/li>\n<li><b>Fonction de recherche :<\/b> recherche en langage naturel assist\u00e9e par IA pour des r\u00e9sultats plus pr\u00e9cis.<\/li>\n<li><strong>V\u00e9rification du texte des annonces :<\/strong>\n<ul>\n<li>v\u00e9rification automatique des erreurs de contenu et de grammaire.<\/li>\n<li>Adaptation des textes aux cat\u00e9gories r\u00e9serv\u00e9es.<\/li>\n<\/ul>\n<\/li>\n<li><strong>D\u00e9termination des mots-cl\u00e9s :<\/strong>\n<ul>\n<li>g\u00e9n\u00e9ration automatique de mots-cl\u00e9s pour les annonces.<\/li>\n<li>Acceptation flexible des suggestions de l&rsquo;IA.<\/li>\n<\/ul>\n<\/li>\n<\/ul>\n<p style=\"text-align: center;\"><img loading=\"lazy\" decoding=\"async\" class=\"alignnone size-full wp-image-8193\" src=\"https:\/\/alfamedia.com\/wp-content\/uploads\/2023\/09\/KI-02.png\" alt=\"\" width=\"544\" height=\"323\" srcset=\"https:\/\/alfamedia.com\/wp-content\/uploads\/2023\/09\/KI-02.png 544w, https:\/\/alfamedia.com\/wp-content\/uploads\/2023\/09\/KI-02-300x178.png 300w\" sizes=\"auto, (max-width: 544px) 100vw, 544px\" \/><\/p>\n<h3><a href=\"https:\/\/alfamedia.com\/fr\/solutions\/commerce-et-publicite\/stylo-und-styloplus\/\">Stylo<\/a><\/h3>\n<p>Stylo est la solution cr\u00e9ative pour les textes et les images, con\u00e7ue pour une convivialit\u00e9 maximale. \u00c0 l&rsquo;aide de mod\u00e8les d&rsquo;OpenAI et de Mistral, Stylo g\u00e9n\u00e8re des textes attrayants qui peuvent \u00eatre vari\u00e9s et adapt\u00e9s en fonction des besoins. L&rsquo;un des points forts est le contr\u00f4le du temp\u00e9rament, qui garantit que les invites correspondent exactement \u00e0 l&rsquo;ambiance souhait\u00e9e. Dans le domaine de l&rsquo;image, nous utilisons la technologie innovante de LeonardoAI pour la g\u00e9n\u00e9ration flexible d&rsquo;images afin de cr\u00e9er un large \u00e9ventail de motifs. Gr\u00e2ce \u00e0 des processus de g\u00e9n\u00e9ration en cascade, les utilisateurs sont guid\u00e9s de mani\u00e8re ludique vers le r\u00e9sultat souhait\u00e9, tandis que l&rsquo;\u00e9diteur b\u00e9n\u00e9ficie de r\u00e9sultats fiables et coh\u00e9rents.<\/p>\n<ul>\n<li><b>\u00c9dition de texte :<\/b>\n<ul>\n<li>Utilisation des mod\u00e8les OpenAI et Mistral pour des r\u00e9sultats stables<\/li>\n<li>Personnalisation des textes selon les sp\u00e9cifications<\/li>\n<li>Contr\u00f4le du temp\u00e9rament pour des r\u00e9sultats coh\u00e9rents<\/li>\n<\/ul>\n<\/li>\n<li><strong>G\u00e9n\u00e9ration d&rsquo;images :<\/strong>\n<ul>\n<li>Utilisation de l&rsquo;API de LeonardoAI pour diff\u00e9rents styles d&rsquo;images<\/li>\n<li>Processus de g\u00e9n\u00e9ration en cascade pour des r\u00e9sultats guid\u00e9s<\/li>\n<li>Services suppl\u00e9mentaires tels que l&rsquo;agrandissement d&rsquo;images et la suppression d&rsquo;arri\u00e8re-plans<\/li>\n<\/ul>\n<\/li>\n<\/ul>\n<p style=\"text-align: center;\"><img loading=\"lazy\" decoding=\"async\" class=\"alignnone size-full wp-image-8196\" src=\"https:\/\/alfamedia.com\/wp-content\/uploads\/2023\/09\/KI-03.png\" alt=\"\" width=\"696\" height=\"413\" srcset=\"https:\/\/alfamedia.com\/wp-content\/uploads\/2023\/09\/KI-03.png 696w, https:\/\/alfamedia.com\/wp-content\/uploads\/2023\/09\/KI-03-300x178.png 300w, https:\/\/alfamedia.com\/wp-content\/uploads\/2023\/09\/KI-03-660x392.png 660w\" sizes=\"auto, (max-width: 696px) 100vw, 696px\" \/><\/p>\n<h3>Votre marque, votre voix et votre r\u00e9ussite<\/h3>\n<p>Notre mission est de faire de votre IA votre argument de vente unique. Nous nous projetons en 2025 et voyons une tendance claire : les \u00e9diteurs qui utilisent l&rsquo;intelligence artificielle se distingueront principalement par ceux qui utilisent une \u00ab IA pr\u00eate \u00e0 l&#8217;emploi \u00bb et ceux qui tirent parti d&rsquo;une IA personnalis\u00e9e. Avec nous, vous ferez sans aucun doute partie du second groupe.<\/p>\n<p>Nous savons que personne ne veut ressembler \u00e0 ses concurrents. C&rsquo;est pourquoi nous proposons des solutions d&rsquo;IA personnalisables et adapt\u00e9es \u00e0 vos besoins, int\u00e9grant votre marque et votre voix sp\u00e9cifiques dans le mod\u00e8le d&rsquo;IA afin de fournir un contenu authentique. Cela rend l&rsquo;avenir de l&rsquo;intelligence artificielle plus proche que vous ne le pensez. Dans le m\u00eame temps, nous exploitons le potentiel de l&rsquo;IA pour nous adapter aux besoins individuels et cr\u00e9er des solutions proactives afin de vous fournir des outils qui non seulement facilitent votre travail, mais le font passer \u00e0 un niveau sup\u00e9rieur.<\/p>\n<p><em>Pour plus d&rsquo;informations ou une d\u00e9monstration d\u00e9taill\u00e9e de nos produits d&rsquo;IA, n&rsquo;h\u00e9sitez pas \u00e0 nous contacter. D\u00e9couvrons ensemble comment nos solutions d&rsquo;IA peuvent transformer vos processus commerciaux.<\/em><\/p>\n","protected":false},"excerpt":{"rendered":"<p>Notre outil d&rsquo;intelligence artificielle \u00ab\u00a0Alice\u00a0\u00bb permet d&rsquo;augmenter la productivit\u00e9 et d&rsquo;am\u00e9liorer la qualit\u00e9 du travail. Alice optimise le traitement de texte et garantit une gestion efficace des campagnes publicitaires pour une efficacit\u00e9 maximale.<\/p>\n","protected":false},"author":2,"featured_media":8202,"parent":2510,"menu_order":130,"comment_status":"closed","ping_status":"closed","template":"","meta":{"_acf_changed":false,"inline_featured_image":false,"footnotes":""},"class_list":["post-8616","page","type-page","status-publish","has-post-thumbnail","hentry"],"acf":[],"yoast_head":"<title>Intelligence Artificielle &#8226; alfa Media Partner GmbH<\/title>\n<meta name=\"robots\" content=\"index, follow, max-snippet:-1, max-image-preview:large, max-video-preview:-1\" \/>\n<link rel=\"canonical\" href=\"https:\/\/alfamedia.com\/fr\/solutions\/intelligence-artificielle\/\" \/>\n<meta property=\"og:locale\" content=\"fr_FR\" \/>\n<meta property=\"og:type\" content=\"article\" \/>\n<meta property=\"og:title\" content=\"Intelligence Artificielle &#8226; alfa Media Partner GmbH\" \/>\n<meta property=\"og:description\" content=\"Notre outil d&#039;intelligence artificielle &quot;Alice&quot; permet d&#039;augmenter la productivit\u00e9 et d&#039;am\u00e9liorer la qualit\u00e9 du travail. Alice optimise le traitement de texte et garantit une gestion efficace des campagnes publicitaires pour une efficacit\u00e9 maximale.\" \/>\n<meta property=\"og:url\" content=\"https:\/\/alfamedia.com\/fr\/solutions\/intelligence-artificielle\/\" \/>\n<meta property=\"og:site_name\" content=\"alfa Media Partner GmbH\" \/>\n<meta property=\"article:modified_time\" content=\"2025-12-09T08:01:30+00:00\" \/>\n<meta property=\"og:image\" content=\"https:\/\/alfamedia.com\/wp-content\/uploads\/2023\/09\/pexels-google-deepmind-18069158-scaled.jpg\" \/>\n\t<meta property=\"og:image:width\" content=\"2560\" \/>\n\t<meta property=\"og:image:height\" content=\"2560\" \/>\n\t<meta property=\"og:image:type\" content=\"image\/jpeg\" \/>\n<meta name=\"twitter:card\" content=\"summary_large_image\" \/>\n<meta name=\"twitter:label1\" content=\"Dur\u00e9e de lecture estim\u00e9e\" \/>\n\t<meta name=\"twitter:data1\" content=\"7 minutes\" \/>","yoast_head_json":{"title":"Intelligence Artificielle &#8226; alfa Media Partner GmbH","robots":{"index":"index","follow":"follow","max-snippet":"max-snippet:-1","max-image-preview":"max-image-preview:large","max-video-preview":"max-video-preview:-1"},"canonical":"https:\/\/alfamedia.com\/fr\/solutions\/intelligence-artificielle\/","og_locale":"fr_FR","og_type":"article","og_title":"Intelligence Artificielle &#8226; alfa Media Partner GmbH","og_description":"Notre outil d'intelligence artificielle \"Alice\" permet d'augmenter la productivit\u00e9 et d'am\u00e9liorer la qualit\u00e9 du travail. Alice optimise le traitement de texte et garantit une gestion efficace des campagnes publicitaires pour une efficacit\u00e9 maximale.","og_url":"https:\/\/alfamedia.com\/fr\/solutions\/intelligence-artificielle\/","og_site_name":"alfa Media Partner GmbH","article_modified_time":"2025-12-09T08:01:30+00:00","og_image":[{"width":2560,"height":2560,"url":"https:\/\/alfamedia.com\/wp-content\/uploads\/2023\/09\/pexels-google-deepmind-18069158-scaled.jpg","type":"image\/jpeg"}],"twitter_card":"summary_large_image","twitter_misc":{"Dur\u00e9e de lecture estim\u00e9e":"7 minutes"},"schema":{"@context":"https:\/\/schema.org","@graph":[{"@type":"WebPage","@id":"https:\/\/alfamedia.com\/fr\/solutions\/intelligence-artificielle\/","url":"https:\/\/alfamedia.com\/fr\/solutions\/intelligence-artificielle\/","name":"Intelligence Artificielle &#8226; alfa Media Partner GmbH","isPartOf":{"@id":"https:\/\/alfamedia.com\/fr\/#website"},"primaryImageOfPage":{"@id":"https:\/\/alfamedia.com\/fr\/solutions\/intelligence-artificielle\/#primaryimage"},"image":{"@id":"https:\/\/alfamedia.com\/fr\/solutions\/intelligence-artificielle\/#primaryimage"},"thumbnailUrl":"https:\/\/alfamedia.com\/wp-content\/uploads\/2023\/09\/pexels-google-deepmind-18069158-scaled.jpg","datePublished":"2023-12-04T12:04:17+00:00","dateModified":"2025-12-09T08:01:30+00:00","breadcrumb":{"@id":"https:\/\/alfamedia.com\/fr\/solutions\/intelligence-artificielle\/#breadcrumb"},"inLanguage":"fr-FR","potentialAction":[{"@type":"ReadAction","target":["https:\/\/alfamedia.com\/fr\/solutions\/intelligence-artificielle\/"]}]},{"@type":"ImageObject","inLanguage":"fr-FR","@id":"https:\/\/alfamedia.com\/fr\/solutions\/intelligence-artificielle\/#primaryimage","url":"https:\/\/alfamedia.com\/wp-content\/uploads\/2023\/09\/pexels-google-deepmind-18069158-scaled.jpg","contentUrl":"https:\/\/alfamedia.com\/wp-content\/uploads\/2023\/09\/pexels-google-deepmind-18069158-scaled.jpg","width":2560,"height":2560},{"@type":"BreadcrumbList","@id":"https:\/\/alfamedia.com\/fr\/solutions\/intelligence-artificielle\/#breadcrumb","itemListElement":[{"@type":"ListItem","position":1,"name":"Start","item":"https:\/\/alfamedia.com\/fr\/"},{"@type":"ListItem","position":2,"name":"Solutions","item":"https:\/\/alfamedia.com\/fr\/solutions\/"},{"@type":"ListItem","position":3,"name":"Intelligence Artificielle"}]},{"@type":"WebSite","@id":"https:\/\/alfamedia.com\/fr\/#website","url":"https:\/\/alfamedia.com\/fr\/","name":"alfa Media Partner GmbH","description":"Software-L\u00f6sungen f\u00fcr Medienh\u00e4user und Verlage","potentialAction":[{"@type":"SearchAction","target":{"@type":"EntryPoint","urlTemplate":"https:\/\/alfamedia.com\/fr\/?s={search_term_string}"},"query-input":{"@type":"PropertyValueSpecification","valueRequired":true,"valueName":"search_term_string"}}],"inLanguage":"fr-FR"}]}},"_links":{"self":[{"href":"https:\/\/alfamedia.com\/fr\/wp-json\/wp\/v2\/pages\/8616","targetHints":{"allow":["GET"]}}],"collection":[{"href":"https:\/\/alfamedia.com\/fr\/wp-json\/wp\/v2\/pages"}],"about":[{"href":"https:\/\/alfamedia.com\/fr\/wp-json\/wp\/v2\/types\/page"}],"author":[{"embeddable":true,"href":"https:\/\/alfamedia.com\/fr\/wp-json\/wp\/v2\/users\/2"}],"replies":[{"embeddable":true,"href":"https:\/\/alfamedia.com\/fr\/wp-json\/wp\/v2\/comments?post=8616"}],"version-history":[{"count":0,"href":"https:\/\/alfamedia.com\/fr\/wp-json\/wp\/v2\/pages\/8616\/revisions"}],"up":[{"embeddable":true,"href":"https:\/\/alfamedia.com\/fr\/wp-json\/wp\/v2\/pages\/2510"}],"wp:featuredmedia":[{"embeddable":true,"href":"https:\/\/alfamedia.com\/fr\/wp-json\/wp\/v2\/media\/8202"}],"wp:attachment":[{"href":"https:\/\/alfamedia.com\/fr\/wp-json\/wp\/v2\/media?parent=8616"}],"curies":[{"name":"wp","href":"https:\/\/api.w.org\/{rel}","templated":true}]}}