{"id":7844,"date":"2023-07-18T15:05:03","date_gmt":"2023-07-18T13:05:03","guid":{"rendered":"https:\/\/alfamedia.com\/?page_id=7844"},"modified":"2025-03-24T15:30:55","modified_gmt":"2025-03-24T14:30:55","slug":"partenaire","status":"publish","type":"page","link":"https:\/\/alfamedia.com\/fr\/societe\/partenaire\/","title":{"rendered":"Partenaire"},"content":{"rendered":"<p><span class=\"ui-provider bri brj c d e f g h i j k l m n o p q r s t brk brl w x y z ab ac ae af ag ah ai aj ak\" dir=\"ltr\">Le monde de l&rsquo;entreprise s&rsquo;articule autour de partenariats solides. Ils nous permettent d&rsquo;optimiser nos processus commerciaux et de cr\u00e9er des solutions avanc\u00e9es et efficaces pour nos clients. Chaque partenariat repose sur des valeurs partag\u00e9es, des normes de performance \u00e9lev\u00e9es et le courage d&rsquo;aller de l&rsquo;avant. D\u00e9couvrez notre r\u00e9seau, que nous avons soigneusement constitu\u00e9 et qui nous aide chaque jour \u00e0 concr\u00e9tiser nos visions.<\/span><\/p>\n","protected":false},"excerpt":{"rendered":"<p>Le monde de l&rsquo;entreprise s&rsquo;articule autour de partenariats solides. Ils nous permettent d&rsquo;optimiser nos processus commerciaux et de cr\u00e9er des solutions avanc\u00e9es et efficaces pour nos clients. Chaque partenariat repose sur des valeurs partag\u00e9es, des normes de performance \u00e9lev\u00e9es et le courage d&rsquo;aller de l&rsquo;avant. D\u00e9couvrez notre r\u00e9seau, que nous avons soigneusement constitu\u00e9 et qui [&hellip;]<\/p>\n","protected":false},"author":2,"featured_media":7424,"parent":2482,"menu_order":31,"comment_status":"closed","ping_status":"closed","template":"","meta":{"_acf_changed":false,"inline_featured_image":false,"footnotes":""},"class_list":["post-7844","page","type-page","status-publish","has-post-thumbnail","hentry"],"acf":[],"yoast_head":"<title>Partenaire &#8226; alfa Media Partner GmbH<\/title>\n<meta name=\"robots\" content=\"index, follow, max-snippet:-1, max-image-preview:large, max-video-preview:-1\" \/>\n<link rel=\"canonical\" href=\"https:\/\/alfamedia.com\/fr\/societe\/partenaire\/\" \/>\n<meta property=\"og:locale\" content=\"fr_FR\" \/>\n<meta property=\"og:type\" content=\"article\" \/>\n<meta property=\"og:title\" content=\"Partenaire &#8226; alfa Media Partner GmbH\" \/>\n<meta property=\"og:description\" content=\"Le monde de l&rsquo;entreprise s&rsquo;articule autour de partenariats solides. Ils nous permettent d&rsquo;optimiser nos processus commerciaux et de cr\u00e9er des solutions avanc\u00e9es et efficaces pour nos clients. Chaque partenariat repose sur des valeurs partag\u00e9es, des normes de performance \u00e9lev\u00e9es et le courage d&rsquo;aller de l&rsquo;avant. D\u00e9couvrez notre r\u00e9seau, que nous avons soigneusement constitu\u00e9 et qui [&hellip;]\" \/>\n<meta property=\"og:url\" content=\"https:\/\/alfamedia.com\/fr\/societe\/partenaire\/\" \/>\n<meta property=\"og:site_name\" content=\"alfa Media Partner GmbH\" \/>\n<meta property=\"article:modified_time\" content=\"2025-03-24T14:30:55+00:00\" \/>\n<meta property=\"og:image\" content=\"https:\/\/alfamedia.com\/wp-content\/uploads\/2023\/05\/Partner.jpg\" \/>\n\t<meta property=\"og:image:width\" content=\"1920\" \/>\n\t<meta property=\"og:image:height\" content=\"600\" \/>\n\t<meta property=\"og:image:type\" content=\"image\/jpeg\" \/>\n<meta name=\"twitter:card\" content=\"summary_large_image\" \/>\n<meta name=\"twitter:label1\" content=\"Dur\u00e9e de lecture estim\u00e9e\" \/>\n\t<meta name=\"twitter:data1\" content=\"1 minute\" \/>","yoast_head_json":{"title":"Partenaire &#8226; alfa Media Partner GmbH","robots":{"index":"index","follow":"follow","max-snippet":"max-snippet:-1","max-image-preview":"max-image-preview:large","max-video-preview":"max-video-preview:-1"},"canonical":"https:\/\/alfamedia.com\/fr\/societe\/partenaire\/","og_locale":"fr_FR","og_type":"article","og_title":"Partenaire &#8226; alfa Media Partner GmbH","og_description":"Le monde de l&rsquo;entreprise s&rsquo;articule autour de partenariats solides. Ils nous permettent d&rsquo;optimiser nos processus commerciaux et de cr\u00e9er des solutions avanc\u00e9es et efficaces pour nos clients. Chaque partenariat repose sur des valeurs partag\u00e9es, des normes de performance \u00e9lev\u00e9es et le courage d&rsquo;aller de l&rsquo;avant. D\u00e9couvrez notre r\u00e9seau, que nous avons soigneusement constitu\u00e9 et qui [&hellip;]","og_url":"https:\/\/alfamedia.com\/fr\/societe\/partenaire\/","og_site_name":"alfa Media Partner GmbH","article_modified_time":"2025-03-24T14:30:55+00:00","og_image":[{"width":1920,"height":600,"url":"https:\/\/alfamedia.com\/wp-content\/uploads\/2023\/05\/Partner.jpg","type":"image\/jpeg"}],"twitter_card":"summary_large_image","twitter_misc":{"Dur\u00e9e de lecture estim\u00e9e":"1 minute"},"schema":{"@context":"https:\/\/schema.org","@graph":[{"@type":"WebPage","@id":"https:\/\/alfamedia.com\/fr\/societe\/partenaire\/","url":"https:\/\/alfamedia.com\/fr\/societe\/partenaire\/","name":"Partenaire &#8226; alfa Media Partner GmbH","isPartOf":{"@id":"https:\/\/alfamedia.com\/fr\/#website"},"primaryImageOfPage":{"@id":"https:\/\/alfamedia.com\/fr\/societe\/partenaire\/#primaryimage"},"image":{"@id":"https:\/\/alfamedia.com\/fr\/societe\/partenaire\/#primaryimage"},"thumbnailUrl":"https:\/\/alfamedia.com\/wp-content\/uploads\/2023\/05\/Partner.jpg","datePublished":"2023-07-18T13:05:03+00:00","dateModified":"2025-03-24T14:30:55+00:00","breadcrumb":{"@id":"https:\/\/alfamedia.com\/fr\/societe\/partenaire\/#breadcrumb"},"inLanguage":"fr-FR","potentialAction":[{"@type":"ReadAction","target":["https:\/\/alfamedia.com\/fr\/societe\/partenaire\/"]}]},{"@type":"ImageObject","inLanguage":"fr-FR","@id":"https:\/\/alfamedia.com\/fr\/societe\/partenaire\/#primaryimage","url":"https:\/\/alfamedia.com\/wp-content\/uploads\/2023\/05\/Partner.jpg","contentUrl":"https:\/\/alfamedia.com\/wp-content\/uploads\/2023\/05\/Partner.jpg","width":1920,"height":600},{"@type":"BreadcrumbList","@id":"https:\/\/alfamedia.com\/fr\/societe\/partenaire\/#breadcrumb","itemListElement":[{"@type":"ListItem","position":1,"name":"Start","item":"https:\/\/alfamedia.com\/fr\/"},{"@type":"ListItem","position":2,"name":"Soci\u00e9t\u00e9","item":"https:\/\/alfamedia.com\/fr\/societe\/"},{"@type":"ListItem","position":3,"name":"Partenaire"}]},{"@type":"WebSite","@id":"https:\/\/alfamedia.com\/fr\/#website","url":"https:\/\/alfamedia.com\/fr\/","name":"alfa Media Partner GmbH","description":"Software-L\u00f6sungen f\u00fcr Medienh\u00e4user und Verlage","potentialAction":[{"@type":"SearchAction","target":{"@type":"EntryPoint","urlTemplate":"https:\/\/alfamedia.com\/fr\/?s={search_term_string}"},"query-input":{"@type":"PropertyValueSpecification","valueRequired":true,"valueName":"search_term_string"}}],"inLanguage":"fr-FR"}]}},"_links":{"self":[{"href":"https:\/\/alfamedia.com\/fr\/wp-json\/wp\/v2\/pages\/7844","targetHints":{"allow":["GET"]}}],"collection":[{"href":"https:\/\/alfamedia.com\/fr\/wp-json\/wp\/v2\/pages"}],"about":[{"href":"https:\/\/alfamedia.com\/fr\/wp-json\/wp\/v2\/types\/page"}],"author":[{"embeddable":true,"href":"https:\/\/alfamedia.com\/fr\/wp-json\/wp\/v2\/users\/2"}],"replies":[{"embeddable":true,"href":"https:\/\/alfamedia.com\/fr\/wp-json\/wp\/v2\/comments?post=7844"}],"version-history":[{"count":2,"href":"https:\/\/alfamedia.com\/fr\/wp-json\/wp\/v2\/pages\/7844\/revisions"}],"predecessor-version":[{"id":9974,"href":"https:\/\/alfamedia.com\/fr\/wp-json\/wp\/v2\/pages\/7844\/revisions\/9974"}],"up":[{"embeddable":true,"href":"https:\/\/alfamedia.com\/fr\/wp-json\/wp\/v2\/pages\/2482"}],"wp:featuredmedia":[{"embeddable":true,"href":"https:\/\/alfamedia.com\/fr\/wp-json\/wp\/v2\/media\/7424"}],"wp:attachment":[{"href":"https:\/\/alfamedia.com\/fr\/wp-json\/wp\/v2\/media?parent=7844"}],"curies":[{"name":"wp","href":"https:\/\/api.w.org\/{rel}","templated":true}]}}