{"id":5968,"date":"2022-08-05T12:08:10","date_gmt":"2022-08-05T10:08:10","guid":{"rendered":"https:\/\/alfamedia.com\/?page_id=5968"},"modified":"2025-12-16T09:46:55","modified_gmt":"2025-12-16T08:46:55","slug":"web-cms-by-fidion","status":"publish","type":"page","link":"https:\/\/alfamedia.com\/fr\/solutions\/redaction-et-contenu-editorial\/web-cms-by-fidion\/","title":{"rendered":"Web CMS by fidion"},"content":{"rendered":"<p><strong><span style=\"color: #29a8c9;\">La publication en ligne et num\u00e9rique rev\u00eat une grande importance pour les maisons d&rsquo;\u00e9dition, c&rsquo;est pourquoi la pr\u00e9sence sur le web joue un r\u00f4le essentiel. Le syst\u00e8me de gestion de contenu de fidion vous offre des solutions performantes et p\u00e9rennes pour la publication en ligne moderne, qu&rsquo;il s&rsquo;agisse d&rsquo;un portail en ligne, d&rsquo;une solution ePaper pure ou d&rsquo;une combinaison des deux : sur mesure pour les maisons d&rsquo;\u00e9dition, les journaux et les magazines.<\/span><\/strong><\/p>\n<p>La large gamme de fonctions couvre tous les domaines de l&rsquo;\u00e9dition et de la distribution de contenu pour divers canaux num\u00e9riques et impressionne par sa flexibilit\u00e9 et sa convivialit\u00e9. Le CMS web, le SSO et le paiement, ainsi que de puissants outils pour la compilation automatis\u00e9e de votre contenu, couvrent tous les domaines fonctionnels &#8211; pour une communication individuelle avec vos abonn\u00e9s. Autre avantage : gr\u00e2ce \u00e0 l&rsquo;h\u00e9bergement dans le cloud, vous n&rsquo;avez \u00e0 vous soucier de rien. Le service, l&rsquo;assistance, le d\u00e9veloppement et l&rsquo;exploitation sont pris en charge par un seul fournisseur, ce qui garantit le bon d\u00e9roulement des processus.<\/p>\n<p>La structure modulaire, les options de licence sur mesure et les API ouvertes avec des interfaces \u00e9tablies offrent une flexibilit\u00e9 suppl\u00e9mentaire pour adapter le syst\u00e8me pr\u00e9cis\u00e9ment \u00e0 vos besoins et \u00e0 vos m\u00e9thodes de travail.<\/p>\n<p><img loading=\"lazy\" decoding=\"async\" class=\"size-full wp-image-10695 aligncenter\" src=\"https:\/\/alfamedia.com\/wp-content\/uploads\/2025\/12\/WebCMS-by-fideon.jpg\" alt=\"\" width=\"800\" height=\"569\" srcset=\"https:\/\/alfamedia.com\/wp-content\/uploads\/2025\/12\/WebCMS-by-fideon.jpg 800w, https:\/\/alfamedia.com\/wp-content\/uploads\/2025\/12\/WebCMS-by-fideon-300x213.jpg 300w, https:\/\/alfamedia.com\/wp-content\/uploads\/2025\/12\/WebCMS-by-fideon-660x469.jpg 660w\" sizes=\"auto, (max-width: 800px) 100vw, 800px\" \/><\/p>\n<p>Une documentation d\u00e9taill\u00e9e, directement int\u00e9gr\u00e9e \u00e0 l&rsquo;application, et une interface conviviale garantissent \u00e9galement une clart\u00e9 et une facilit\u00e9 d&rsquo;utilisation maximales, sans n\u00e9cessiter de formation approfondie.<\/p>\n<p>Pour les lecteurs, fCMS offre un large \u00e9ventail d&rsquo;options de personnalisation et une identification du comportement des utilisateurs conforme au RGPD. Vous pouvez ainsi offrir \u00e0 vos clients une exp\u00e9rience de lecture compl\u00e8te sans compromettre la protection des donn\u00e9es.<\/p>\n<p><a href=\"https:\/\/alfamedia.com\/wp-content\/uploads\/2025\/09\/arrow-right-long-to-line-duotone-solid-full.svg\"><img loading=\"lazy\" decoding=\"async\" class=\"wp-image-10335 alignleft\" src=\"https:\/\/alfamedia.com\/wp-content\/uploads\/2025\/09\/arrow-right-long-to-line-duotone-solid-full.svg\" alt=\"\" width=\"61\" height=\"61\" \/><\/a><\/p>\n<p>Vous souhaitez disposer d&rsquo;un site web flexible et professionnel qui vous offre tout ce dont vous avez besoin pour traiter et diffuser du contenu sur les canaux en ligne et num\u00e9riques ? Avec fCMS de fidion, vous b\u00e9n\u00e9ficiez d&rsquo;un syst\u00e8me complet et adaptable qui vous offre de mani\u00e8re flexible toutes les fonctions dont vous avez besoin pour \u00e9diter et publier du contenu. L&rsquo;interaction fluide avec les outils connect\u00e9s et les modules intelligents vous fait gagner un temps et des ressources pr\u00e9cieux. Les fonctions bien con\u00e7ues sont parfaitement adapt\u00e9es au travail \u00e9ditorial quotidien, de sorte que le syst\u00e8me automatise certaines \u00e9tapes pour vous donner plus de libert\u00e9 dans votre travail \u00e9ditorial.<\/p>\n<p>Pour les lecteurs, il est possible de cr\u00e9er une exp\u00e9rience de lecture personnalis\u00e9e et individuelle qui propose un contenu \u00e9ditorial parfaitement adapt\u00e9 \u00e0 leurs int\u00e9r\u00eats.<\/p>\n<p>&nbsp;<\/p>\n<h3>Highlights<\/h3>\n<table style=\"margin-left: 0px;\">\n<tbody>\n<tr>\n<td style=\"padding-right: 10px; vertical-align: middle;\"><img loading=\"lazy\" decoding=\"async\" style=\"vertical-align: middle;\" src=\"https:\/\/alfamedia.com\/wp-content\/uploads\/2025\/09\/dot-duotone-light-full.png\" alt=\"\" width=\"30\" height=\"30\" \/><\/td>\n<td style=\"padding-bottom: 10px;\"><strong>Facile \u00e0 utiliser :<\/strong>L&rsquo;interface personnalis\u00e9e et r\u00e9active facilite le travail gr\u00e2ce \u00e0 sa disposition intelligente et \u00e0 sa documentation utile.<\/td>\n<\/tr>\n<tr>\n<td style=\"padding-right: 10px; vertical-align: middle;\"><img loading=\"lazy\" decoding=\"async\" style=\"vertical-align: middle;\" src=\"https:\/\/alfamedia.com\/wp-content\/uploads\/2025\/09\/dot-duotone-light-full.png\" alt=\"\" width=\"30\" height=\"30\" \/><\/td>\n<td style=\"padding-bottom: 10px;\"><strong>Tout sous les yeux : <\/strong>Le contenu \u00e9ditorial et multim\u00e9dia est disponible de mani\u00e8re centralis\u00e9e et peut \u00eatre modifi\u00e9 et li\u00e9 directement.<\/td>\n<\/tr>\n<tr>\n<td style=\"padding-right: 10px; vertical-align: middle;\"><img loading=\"lazy\" decoding=\"async\" style=\"vertical-align: middle;\" src=\"https:\/\/alfamedia.com\/wp-content\/uploads\/2025\/09\/dot-duotone-light-full.png\" alt=\"\" width=\"30\" height=\"30\" \/><\/td>\n<td style=\"padding-bottom: 10px;\"><strong>Concentrez-vous sur les lecteurs : <\/strong>Next Level Audience Engagement garantit que les lecteurs se voient proposer exactement le contenu qui leur convient.<\/td>\n<\/tr>\n<tr>\n<td style=\"padding-right: 10px; vertical-align: middle;\"><img loading=\"lazy\" decoding=\"async\" style=\"vertical-align: middle;\" src=\"https:\/\/alfamedia.com\/wp-content\/uploads\/2025\/09\/dot-duotone-light-full.png\" alt=\"\" width=\"30\" height=\"30\" \/><\/td>\n<td style=\"padding-bottom: 10px;\"><strong>Paiement \u00e9lectronique strat\u00e9gique : <\/strong>Le paywall dynamique offre des options automatiques et bas\u00e9es sur des r\u00e8gles pour proposer du contenu gratuitement ou moyennant paiement.<\/td>\n<\/tr>\n<tr>\n<td style=\"padding-right: 10px; vertical-align: middle;\"><img loading=\"lazy\" decoding=\"async\" style=\"vertical-align: middle;\" src=\"https:\/\/alfamedia.com\/wp-content\/uploads\/2025\/09\/dot-duotone-light-full.png\" alt=\"\" width=\"30\" height=\"30\" \/><\/td>\n<td style=\"padding-bottom: 10px;\"><strong>Pages th\u00e9matiques automatis\u00e9es : <\/strong>Gr\u00e2ce \u00e0 un balisage pr\u00e9cis, le contenu pertinent est automatiquement plac\u00e9 sur les pages th\u00e9matiques appropri\u00e9es, sans aucun effort manuel.<\/td>\n<\/tr>\n<tr>\n<td style=\"padding-right: 10px; vertical-align: middle;\"><img loading=\"lazy\" decoding=\"async\" style=\"vertical-align: middle;\" src=\"https:\/\/alfamedia.com\/wp-content\/uploads\/2025\/09\/dot-duotone-light-full.png\" alt=\"\" width=\"30\" height=\"30\" \/><\/td>\n<td style=\"padding-bottom: 10px;\"><strong>Fid\u00e9lisation int\u00e9gr\u00e9e des clients : <\/strong>Les blogs et les fonctionnalit\u00e9s de contenu g\u00e9n\u00e9r\u00e9 par les utilisateurs offrent aux clubs, aux institutions et aux lecteurs des moyens pratiques de contribuer \u00e0 leur contenu.<\/td>\n<\/tr>\n<tr>\n<td style=\"padding-right: 10px; vertical-align: middle;\"><img loading=\"lazy\" decoding=\"async\" style=\"vertical-align: middle;\" src=\"https:\/\/alfamedia.com\/wp-content\/uploads\/2025\/09\/dot-duotone-light-full.png\" alt=\"\" width=\"30\" height=\"30\" \/><\/td>\n<td style=\"padding-bottom: 10px;\"><strong>De nombreux outils suppl\u00e9mentaires :<\/strong>Les concours, les calendriers d&rsquo;\u00e9v\u00e9nements, les notifications push et l&rsquo;authentification unique sont des fonctionnalit\u00e9s suppl\u00e9mentaires qui compl\u00e8tent votre site web.<\/td>\n<\/tr>\n<\/tbody>\n<\/table>\n","protected":false},"excerpt":{"rendered":"<p>Le syst\u00e8me de gestion de contenu fidion vous offre des solutions performantes et \u00e9volutives pour la publication en ligne et sur papier \u00e9lectronique moderne : sur mesure pour les entreprises de m\u00e9dias, les journaux et les magazines.<\/p>\n","protected":false},"author":2,"featured_media":10372,"parent":2512,"menu_order":157,"comment_status":"closed","ping_status":"closed","template":"","meta":{"_acf_changed":false,"inline_featured_image":false,"footnotes":""},"class_list":["post-5968","page","type-page","status-publish","has-post-thumbnail","hentry"],"acf":[],"yoast_head":"<title>Web CMS by fidion &#8226; alfa Media Partner GmbH<\/title>\n<meta name=\"robots\" content=\"index, follow, max-snippet:-1, max-image-preview:large, max-video-preview:-1\" \/>\n<link rel=\"canonical\" href=\"https:\/\/alfamedia.com\/fr\/solutions\/redaction-et-contenu-editorial\/web-cms-by-fidion\/\" \/>\n<meta property=\"og:locale\" content=\"fr_FR\" \/>\n<meta property=\"og:type\" content=\"article\" \/>\n<meta property=\"og:title\" content=\"Web CMS by fidion &#8226; alfa Media Partner GmbH\" \/>\n<meta property=\"og:description\" content=\"Le syst\u00e8me de gestion de contenu fidion vous offre des solutions performantes et \u00e9volutives pour la publication en ligne et sur papier \u00e9lectronique moderne : sur mesure pour les entreprises de m\u00e9dias, les journaux et les magazines.\" \/>\n<meta property=\"og:url\" content=\"https:\/\/alfamedia.com\/fr\/solutions\/redaction-et-contenu-editorial\/web-cms-by-fidion\/\" \/>\n<meta property=\"og:site_name\" content=\"alfa Media Partner GmbH\" \/>\n<meta property=\"article:modified_time\" content=\"2025-12-16T08:46:55+00:00\" \/>\n<meta property=\"og:image\" content=\"https:\/\/alfamedia.com\/wp-content\/uploads\/2025\/09\/header-blau-01-wave.png\" \/>\n\t<meta property=\"og:image:width\" content=\"1920\" \/>\n\t<meta property=\"og:image:height\" content=\"600\" \/>\n\t<meta property=\"og:image:type\" content=\"image\/png\" \/>\n<meta name=\"twitter:card\" content=\"summary_large_image\" \/>\n<meta name=\"twitter:label1\" content=\"Dur\u00e9e de lecture estim\u00e9e\" \/>\n\t<meta name=\"twitter:data1\" content=\"6 minutes\" \/>","yoast_head_json":{"title":"Web CMS by fidion &#8226; alfa Media Partner GmbH","robots":{"index":"index","follow":"follow","max-snippet":"max-snippet:-1","max-image-preview":"max-image-preview:large","max-video-preview":"max-video-preview:-1"},"canonical":"https:\/\/alfamedia.com\/fr\/solutions\/redaction-et-contenu-editorial\/web-cms-by-fidion\/","og_locale":"fr_FR","og_type":"article","og_title":"Web CMS by fidion &#8226; alfa Media Partner GmbH","og_description":"Le syst\u00e8me de gestion de contenu fidion vous offre des solutions performantes et \u00e9volutives pour la publication en ligne et sur papier \u00e9lectronique moderne : sur mesure pour les entreprises de m\u00e9dias, les journaux et les magazines.","og_url":"https:\/\/alfamedia.com\/fr\/solutions\/redaction-et-contenu-editorial\/web-cms-by-fidion\/","og_site_name":"alfa Media Partner GmbH","article_modified_time":"2025-12-16T08:46:55+00:00","og_image":[{"width":1920,"height":600,"url":"https:\/\/alfamedia.com\/wp-content\/uploads\/2025\/09\/header-blau-01-wave.png","type":"image\/png"}],"twitter_card":"summary_large_image","twitter_misc":{"Dur\u00e9e de lecture estim\u00e9e":"6 minutes"},"schema":{"@context":"https:\/\/schema.org","@graph":[{"@type":"WebPage","@id":"https:\/\/alfamedia.com\/fr\/solutions\/redaction-et-contenu-editorial\/web-cms-by-fidion\/","url":"https:\/\/alfamedia.com\/fr\/solutions\/redaction-et-contenu-editorial\/web-cms-by-fidion\/","name":"Web CMS by fidion &#8226; alfa Media Partner GmbH","isPartOf":{"@id":"https:\/\/alfamedia.com\/fr\/#website"},"primaryImageOfPage":{"@id":"https:\/\/alfamedia.com\/fr\/solutions\/redaction-et-contenu-editorial\/web-cms-by-fidion\/#primaryimage"},"image":{"@id":"https:\/\/alfamedia.com\/fr\/solutions\/redaction-et-contenu-editorial\/web-cms-by-fidion\/#primaryimage"},"thumbnailUrl":"https:\/\/alfamedia.com\/wp-content\/uploads\/2025\/09\/header-blau-01-wave.png","datePublished":"2022-08-05T10:08:10+00:00","dateModified":"2025-12-16T08:46:55+00:00","breadcrumb":{"@id":"https:\/\/alfamedia.com\/fr\/solutions\/redaction-et-contenu-editorial\/web-cms-by-fidion\/#breadcrumb"},"inLanguage":"fr-FR","potentialAction":[{"@type":"ReadAction","target":["https:\/\/alfamedia.com\/fr\/solutions\/redaction-et-contenu-editorial\/web-cms-by-fidion\/"]}]},{"@type":"ImageObject","inLanguage":"fr-FR","@id":"https:\/\/alfamedia.com\/fr\/solutions\/redaction-et-contenu-editorial\/web-cms-by-fidion\/#primaryimage","url":"https:\/\/alfamedia.com\/wp-content\/uploads\/2025\/09\/header-blau-01-wave.png","contentUrl":"https:\/\/alfamedia.com\/wp-content\/uploads\/2025\/09\/header-blau-01-wave.png","width":1920,"height":600},{"@type":"BreadcrumbList","@id":"https:\/\/alfamedia.com\/fr\/solutions\/redaction-et-contenu-editorial\/web-cms-by-fidion\/#breadcrumb","itemListElement":[{"@type":"ListItem","position":1,"name":"Start","item":"https:\/\/alfamedia.com\/fr\/"},{"@type":"ListItem","position":2,"name":"Solutions","item":"https:\/\/alfamedia.com\/fr\/solutions\/"},{"@type":"ListItem","position":3,"name":"R\u00e9daction et Contenu \u00e9ditorial","item":"https:\/\/alfamedia.com\/fr\/solutions\/redaction-et-contenu-editorial\/"},{"@type":"ListItem","position":4,"name":"Web CMS by fidion"}]},{"@type":"WebSite","@id":"https:\/\/alfamedia.com\/fr\/#website","url":"https:\/\/alfamedia.com\/fr\/","name":"alfa Media Partner GmbH","description":"Software-L\u00f6sungen f\u00fcr Medienh\u00e4user und Verlage","potentialAction":[{"@type":"SearchAction","target":{"@type":"EntryPoint","urlTemplate":"https:\/\/alfamedia.com\/fr\/?s={search_term_string}"},"query-input":{"@type":"PropertyValueSpecification","valueRequired":true,"valueName":"search_term_string"}}],"inLanguage":"fr-FR"}]}},"_links":{"self":[{"href":"https:\/\/alfamedia.com\/fr\/wp-json\/wp\/v2\/pages\/5968","targetHints":{"allow":["GET"]}}],"collection":[{"href":"https:\/\/alfamedia.com\/fr\/wp-json\/wp\/v2\/pages"}],"about":[{"href":"https:\/\/alfamedia.com\/fr\/wp-json\/wp\/v2\/types\/page"}],"author":[{"embeddable":true,"href":"https:\/\/alfamedia.com\/fr\/wp-json\/wp\/v2\/users\/2"}],"replies":[{"embeddable":true,"href":"https:\/\/alfamedia.com\/fr\/wp-json\/wp\/v2\/comments?post=5968"}],"version-history":[{"count":3,"href":"https:\/\/alfamedia.com\/fr\/wp-json\/wp\/v2\/pages\/5968\/revisions"}],"predecessor-version":[{"id":10700,"href":"https:\/\/alfamedia.com\/fr\/wp-json\/wp\/v2\/pages\/5968\/revisions\/10700"}],"up":[{"embeddable":true,"href":"https:\/\/alfamedia.com\/fr\/wp-json\/wp\/v2\/pages\/2512"}],"wp:featuredmedia":[{"embeddable":true,"href":"https:\/\/alfamedia.com\/fr\/wp-json\/wp\/v2\/media\/10372"}],"wp:attachment":[{"href":"https:\/\/alfamedia.com\/fr\/wp-json\/wp\/v2\/media?parent=5968"}],"curies":[{"name":"wp","href":"https:\/\/api.w.org\/{rel}","templated":true}]}}