{"id":5965,"date":"2022-08-05T12:04:06","date_gmt":"2022-08-05T10:04:06","guid":{"rendered":"https:\/\/alfamedia.com\/?page_id=5965"},"modified":"2025-09-17T08:52:28","modified_gmt":"2025-09-17T06:52:28","slug":"hubspot","status":"publish","type":"page","link":"https:\/\/alfamedia.com\/fr\/solutions\/hubspot\/","title":{"rendered":"HubSpot"},"content":{"rendered":"<p>La plate-forme CRM de HubSpot comprend tous les outils et int\u00e9grations n\u00e9cessaires \u00e0 votre \u00e9quipe, que ce soit pour les activit\u00e9s de marketing, de vente et de service client, la gestion de contenu ou l&rsquo;automatisation des processus commerciaux. Chaque produit est puissant en soi &#8211; mais ensemble, ils sont imbattables. Chez alfamedia, nous mettons \u00e0 votre disposition des experts HubSpot certifi\u00e9s pour l&rsquo;introduction et la connexion \u00e0 vos syst\u00e8mes existants.<\/p>\n<h4>Points forts<\/h4>\n<ul>\n<li>alfamedia est un partenaire d&rsquo;int\u00e9gration Platinum avec des collaborateurs certifi\u00e9s.<\/li>\n<li>Hub marketing avec suivi et gestion des annonces publicitaires, gestion des m\u00e9dias sociaux, g\u00e9n\u00e9ration de leads, automatisation du marketing.<\/li>\n<li>Sales Hub avec CRM avanc\u00e9, planification de r\u00e9unions, offres, mod\u00e8les d&rsquo;e-mails et suivi des e-mails, analyse des ventes, application CRM mobile, gestion des pipelines.<\/li>\n<li>Service Hub avec tickets, base de connaissances et feed-back des clients<\/li>\n<li>Hub d&rsquo;op\u00e9rations avec synchronisation des donn\u00e9es, automatisation programmable et qualit\u00e9 des donn\u00e9es automatis\u00e9e<\/li>\n<li>Service continu via HubSpot (chat en direct, e-mail ou t\u00e9l\u00e9phone)<\/li>\n<li>Vid\u00e9os de formation et cours en ligne<\/li>\n<\/ul>\n<p><a href=\"https:\/\/alfamedia.com\/wp-content\/uploads\/2022\/12\/HubSpot_FR.pdf\">HubSpot_FR<\/a><\/p>\n","protected":false},"excerpt":{"rendered":"<p>En tant que partenaire d&rsquo;int\u00e9gration Platinum, nous mettons \u00e0 votre disposition des experts HubSpot certifi\u00e9s pour l&rsquo;introduction et la connexion \u00e0 vos syst\u00e8mes existants. <\/p>\n","protected":false},"author":2,"featured_media":5902,"parent":2510,"menu_order":112,"comment_status":"closed","ping_status":"closed","template":"","meta":{"_acf_changed":false,"inline_featured_image":false,"footnotes":""},"class_list":["post-5965","page","type-page","status-publish","has-post-thumbnail","hentry"],"acf":[],"yoast_head":"<title>HubSpot &#8226; alfa Media Partner GmbH<\/title>\n<meta name=\"robots\" content=\"index, follow, max-snippet:-1, max-image-preview:large, max-video-preview:-1\" \/>\n<link rel=\"canonical\" href=\"https:\/\/alfamedia.com\/fr\/solutions\/hubspot\/\" \/>\n<meta property=\"og:locale\" content=\"fr_FR\" \/>\n<meta property=\"og:type\" content=\"article\" \/>\n<meta property=\"og:title\" content=\"HubSpot &#8226; alfa Media Partner GmbH\" \/>\n<meta property=\"og:description\" content=\"En tant que partenaire d&#039;int\u00e9gration Platinum, nous mettons \u00e0 votre disposition des experts HubSpot certifi\u00e9s pour l&#039;introduction et la connexion \u00e0 vos syst\u00e8mes existants.\" \/>\n<meta property=\"og:url\" content=\"https:\/\/alfamedia.com\/fr\/solutions\/hubspot\/\" \/>\n<meta property=\"og:site_name\" content=\"alfa Media Partner GmbH\" \/>\n<meta property=\"article:modified_time\" content=\"2025-09-17T06:52:28+00:00\" \/>\n<meta property=\"og:image\" content=\"https:\/\/alfamedia.com\/wp-content\/uploads\/2022\/08\/krakenimages-376KN_ISplE-unsplash-e1659617963859.jpg\" \/>\n\t<meta property=\"og:image:width\" content=\"1920\" \/>\n\t<meta property=\"og:image:height\" content=\"1080\" \/>\n\t<meta property=\"og:image:type\" content=\"image\/jpeg\" \/>\n<meta name=\"twitter:card\" content=\"summary_large_image\" \/>\n<meta name=\"twitter:label1\" content=\"Dur\u00e9e de lecture estim\u00e9e\" \/>\n\t<meta name=\"twitter:data1\" content=\"2 minutes\" \/>","yoast_head_json":{"title":"HubSpot &#8226; alfa Media Partner GmbH","robots":{"index":"index","follow":"follow","max-snippet":"max-snippet:-1","max-image-preview":"max-image-preview:large","max-video-preview":"max-video-preview:-1"},"canonical":"https:\/\/alfamedia.com\/fr\/solutions\/hubspot\/","og_locale":"fr_FR","og_type":"article","og_title":"HubSpot &#8226; alfa Media Partner GmbH","og_description":"En tant que partenaire d'int\u00e9gration Platinum, nous mettons \u00e0 votre disposition des experts HubSpot certifi\u00e9s pour l'introduction et la connexion \u00e0 vos syst\u00e8mes existants.","og_url":"https:\/\/alfamedia.com\/fr\/solutions\/hubspot\/","og_site_name":"alfa Media Partner GmbH","article_modified_time":"2025-09-17T06:52:28+00:00","og_image":[{"width":1920,"height":1080,"url":"https:\/\/alfamedia.com\/wp-content\/uploads\/2022\/08\/krakenimages-376KN_ISplE-unsplash-e1659617963859.jpg","type":"image\/jpeg"}],"twitter_card":"summary_large_image","twitter_misc":{"Dur\u00e9e de lecture estim\u00e9e":"2 minutes"},"schema":{"@context":"https:\/\/schema.org","@graph":[{"@type":"WebPage","@id":"https:\/\/alfamedia.com\/fr\/solutions\/hubspot\/","url":"https:\/\/alfamedia.com\/fr\/solutions\/hubspot\/","name":"HubSpot &#8226; alfa Media Partner GmbH","isPartOf":{"@id":"https:\/\/alfamedia.com\/fr\/#website"},"primaryImageOfPage":{"@id":"https:\/\/alfamedia.com\/fr\/solutions\/hubspot\/#primaryimage"},"image":{"@id":"https:\/\/alfamedia.com\/fr\/solutions\/hubspot\/#primaryimage"},"thumbnailUrl":"https:\/\/alfamedia.com\/wp-content\/uploads\/2022\/08\/krakenimages-376KN_ISplE-unsplash-e1659617963859.jpg","datePublished":"2022-08-05T10:04:06+00:00","dateModified":"2025-09-17T06:52:28+00:00","breadcrumb":{"@id":"https:\/\/alfamedia.com\/fr\/solutions\/hubspot\/#breadcrumb"},"inLanguage":"fr-FR","potentialAction":[{"@type":"ReadAction","target":["https:\/\/alfamedia.com\/fr\/solutions\/hubspot\/"]}]},{"@type":"ImageObject","inLanguage":"fr-FR","@id":"https:\/\/alfamedia.com\/fr\/solutions\/hubspot\/#primaryimage","url":"https:\/\/alfamedia.com\/wp-content\/uploads\/2022\/08\/krakenimages-376KN_ISplE-unsplash-e1659617963859.jpg","contentUrl":"https:\/\/alfamedia.com\/wp-content\/uploads\/2022\/08\/krakenimages-376KN_ISplE-unsplash-e1659617963859.jpg","width":1920,"height":1080},{"@type":"BreadcrumbList","@id":"https:\/\/alfamedia.com\/fr\/solutions\/hubspot\/#breadcrumb","itemListElement":[{"@type":"ListItem","position":1,"name":"Start","item":"https:\/\/alfamedia.com\/fr\/"},{"@type":"ListItem","position":2,"name":"Solutions","item":"https:\/\/alfamedia.com\/fr\/solutions\/"},{"@type":"ListItem","position":3,"name":"HubSpot"}]},{"@type":"WebSite","@id":"https:\/\/alfamedia.com\/fr\/#website","url":"https:\/\/alfamedia.com\/fr\/","name":"alfa Media Partner GmbH","description":"Software-L\u00f6sungen f\u00fcr Medienh\u00e4user und Verlage","potentialAction":[{"@type":"SearchAction","target":{"@type":"EntryPoint","urlTemplate":"https:\/\/alfamedia.com\/fr\/?s={search_term_string}"},"query-input":{"@type":"PropertyValueSpecification","valueRequired":true,"valueName":"search_term_string"}}],"inLanguage":"fr-FR"}]}},"_links":{"self":[{"href":"https:\/\/alfamedia.com\/fr\/wp-json\/wp\/v2\/pages\/5965","targetHints":{"allow":["GET"]}}],"collection":[{"href":"https:\/\/alfamedia.com\/fr\/wp-json\/wp\/v2\/pages"}],"about":[{"href":"https:\/\/alfamedia.com\/fr\/wp-json\/wp\/v2\/types\/page"}],"author":[{"embeddable":true,"href":"https:\/\/alfamedia.com\/fr\/wp-json\/wp\/v2\/users\/2"}],"replies":[{"embeddable":true,"href":"https:\/\/alfamedia.com\/fr\/wp-json\/wp\/v2\/comments?post=5965"}],"version-history":[{"count":1,"href":"https:\/\/alfamedia.com\/fr\/wp-json\/wp\/v2\/pages\/5965\/revisions"}],"predecessor-version":[{"id":10396,"href":"https:\/\/alfamedia.com\/fr\/wp-json\/wp\/v2\/pages\/5965\/revisions\/10396"}],"up":[{"embeddable":true,"href":"https:\/\/alfamedia.com\/fr\/wp-json\/wp\/v2\/pages\/2510"}],"wp:featuredmedia":[{"embeddable":true,"href":"https:\/\/alfamedia.com\/fr\/wp-json\/wp\/v2\/media\/5902"}],"wp:attachment":[{"href":"https:\/\/alfamedia.com\/fr\/wp-json\/wp\/v2\/media?parent=5965"}],"curies":[{"name":"wp","href":"https:\/\/api.w.org\/{rel}","templated":true}]}}