{"id":4299,"date":"2021-04-22T13:52:28","date_gmt":"2021-04-22T11:52:28","guid":{"rendered":"https:\/\/alfamedia.com\/?page_id=4299"},"modified":"2025-09-24T13:27:04","modified_gmt":"2025-09-24T11:27:04","slug":"smartdock","status":"publish","type":"page","link":"https:\/\/alfamedia.com\/fr\/solutions\/support-informatique-et-service\/smartdock\/","title":{"rendered":"SmartDock"},"content":{"rendered":"<p><strong><span style=\"color: #29a8c9;\">SmartDock optimise la gestion des composants logiciels serveur gr\u00e2ce \u00e0 l&rsquo;utilisation intelligente de la technologie des conteneurs. Cette solution acc\u00e9l\u00e8re consid\u00e9rablement les processus d&rsquo;installation et de mise \u00e0 jour, tout en \u00e9liminant les sources d&rsquo;erreurs courantes susceptibles de perturber les op\u00e9rations.<\/span><\/strong><\/p>\n<p>L&rsquo;encapsulation compl\u00e8te des environnements d&rsquo;application garantit que toutes les ressources n\u00e9cessaires sont toujours \u00e0 jour et enti\u00e8rement disponibles. Avec SmartDock, vous pouvez mettre en \u0153uvre en toute simplicit\u00e9 tous les composants n\u00e9cessaires aux processus logiciels du serveur alfa gr\u00e2ce aux images de conteneur incluses dans la livraison. Cette technologie garantit que votre service informatique n&rsquo;a besoin d&rsquo;aucune connaissance suppl\u00e9mentaire, car elle repose sur des m\u00e9thodes standard et vous fournit un environnement pr\u00e9configur\u00e9. Dites adieu aux processus d&rsquo;installation longs et complexes, car SmartDock permet une mise en service rapide et facile, pour un environnement informatique optimis\u00e9 et sans probl\u00e8me.<\/p>\n<p><img loading=\"lazy\" decoding=\"async\" class=\"alignnone wp-image-10455 size-full\" src=\"https:\/\/alfamedia.com\/wp-content\/uploads\/2025\/09\/SmartDock-mit-2-Abb.jpg\" alt=\"\" width=\"800\" height=\"585\" srcset=\"https:\/\/alfamedia.com\/wp-content\/uploads\/2025\/09\/SmartDock-mit-2-Abb.jpg 800w, https:\/\/alfamedia.com\/wp-content\/uploads\/2025\/09\/SmartDock-mit-2-Abb-300x219.jpg 300w, https:\/\/alfamedia.com\/wp-content\/uploads\/2025\/09\/SmartDock-mit-2-Abb-660x483.jpg 660w\" sizes=\"auto, (max-width: 800px) 100vw, 800px\" \/><\/p>\n<p><a href=\"https:\/\/alfamedia.com\/wp-content\/uploads\/2025\/09\/arrow-right-long-to-line-duotone-solid-full.svg\"><img loading=\"lazy\" decoding=\"async\" class=\"wp-image-10335 alignleft\" src=\"https:\/\/alfamedia.com\/wp-content\/uploads\/2025\/09\/arrow-right-long-to-line-duotone-solid-full.svg\" alt=\"\" width=\"61\" height=\"61\" \/><\/a><\/p>\n<p>Imaginez pouvoir exploiter les composants de votre serveur logiciel sans avoir \u00e0 vous soucier des proc\u00e9dures d&rsquo;installation ou de mise \u00e0 jour. SmartDock rend cela possible. Il offre un d\u00e9ploiement acc\u00e9l\u00e9r\u00e9 et optimise \u00e9galement la consommation des ressources gr\u00e2ce \u00e0 la technologie automatis\u00e9e des conteneurs. Cela se traduit par des gains significatifs en termes de s\u00e9curit\u00e9 et d&rsquo;efficacit\u00e9 dans vos op\u00e9rations. Vous b\u00e9n\u00e9ficiez avant tout d&rsquo;une compatibilit\u00e9 avec les structures existantes et d&rsquo;une utilisation efficace des pr\u00e9cieuses ressources infrastructurelles. L&rsquo;int\u00e9gration des syst\u00e8mes de surveillance est simplifi\u00e9e gr\u00e2ce \u00e0 la fourniture group\u00e9e de packages complets, ce qui vous permet de toujours garder le contr\u00f4le de tous les processus.<\/p>\n<p><img loading=\"lazy\" decoding=\"async\" class=\"wp-image-10469 size-medium_large aligncenter\" src=\"https:\/\/alfamedia.com\/wp-content\/uploads\/2025\/09\/SmartDock-french-660x495.png\" alt=\"\" width=\"660\" height=\"495\" srcset=\"https:\/\/alfamedia.com\/wp-content\/uploads\/2025\/09\/SmartDock-french-660x495.png 660w, https:\/\/alfamedia.com\/wp-content\/uploads\/2025\/09\/SmartDock-french-300x225.png 300w, https:\/\/alfamedia.com\/wp-content\/uploads\/2025\/09\/SmartDock-french.png 1024w\" sizes=\"auto, (max-width: 660px) 100vw, 660px\" \/><\/p>\n<h3>Points forts<\/h3>\n<table style=\"margin-left: 0px;\">\n<tbody>\n<tr>\n<td style=\"padding-right: 10px; vertical-align: middle;\"><img loading=\"lazy\" decoding=\"async\" style=\"vertical-align: middle;\" src=\"https:\/\/alfamedia.com\/wp-content\/uploads\/2025\/09\/dot-duotone-light-full.png\" alt=\"\" width=\"30\" height=\"30\" \/><\/td>\n<td style=\"padding-bottom: 10px;\"><strong>D\u00e9ploiement rapide : <\/strong>gr\u00e2ce aux images de conteneurs pr\u00e9install\u00e9es et pr\u00e9configur\u00e9es, les installations et les mises \u00e0 jour peuvent \u00eatre effectu\u00e9es en peu de temps, ce qui permet un gain de temps consid\u00e9rable.<\/td>\n<\/tr>\n<tr>\n<td style=\"padding-right: 10px; vertical-align: middle;\"><img loading=\"lazy\" decoding=\"async\" style=\"vertical-align: middle;\" src=\"https:\/\/alfamedia.com\/wp-content\/uploads\/2025\/09\/dot-duotone-light-full.png\" alt=\"\" width=\"30\" height=\"30\" \/><\/td>\n<td style=\"padding-bottom: 10px;\"><strong>S\u00e9curit\u00e9 et stabilit\u00e9 \u00e9lev\u00e9es : <\/strong>la consolidation des ressources op\u00e9rationnelles et l&rsquo;utilisation de m\u00e9thodes standard garantissent un fonctionnement s\u00fbr et stable sans n\u00e9cessiter de connaissances sp\u00e9cialis\u00e9es suppl\u00e9mentaires de la part de votre service informatique.<\/td>\n<\/tr>\n<tr>\n<td style=\"padding-right: 10px; vertical-align: middle;\"><img loading=\"lazy\" decoding=\"async\" style=\"vertical-align: middle;\" src=\"https:\/\/alfamedia.com\/wp-content\/uploads\/2025\/09\/dot-duotone-light-full.png\" alt=\"\" width=\"30\" height=\"30\" \/><\/td>\n<td style=\"padding-bottom: 10px;\"><strong>Utilisation efficace des infrastructures : <\/strong>l&rsquo;int\u00e9gration de la technologie des conteneurs permet une utilisation optimale des ressources existantes et une gestion parall\u00e8le efficace des diff\u00e9rentes technologies.<\/td>\n<\/tr>\n<tr>\n<td style=\"padding-right: 10px; vertical-align: middle;\"><img loading=\"lazy\" decoding=\"async\" style=\"vertical-align: middle;\" src=\"https:\/\/alfamedia.com\/wp-content\/uploads\/2025\/09\/dot-duotone-light-full.png\" alt=\"\" width=\"30\" height=\"30\" \/><\/td>\n<td style=\"padding-bottom: 10px;\"><strong>Surveillance facile : <\/strong>L&#8217;emballage complet des conteneurs facilite l&rsquo;int\u00e9gration dans les syst\u00e8mes de surveillance, ce qui simplifie consid\u00e9rablement la surveillance et l&rsquo;assistance des composants du serveur logiciel.<\/td>\n<\/tr>\n<\/tbody>\n<\/table>\n","protected":false},"excerpt":{"rendered":"<p>SmartDock est synonyme de gestion optimis\u00e9e des serveurs logiciels gr\u00e2ce \u00e0 la technologie des conteneurs, de mises \u00e0 jour plus rapides et de r\u00e9duction des sources d&rsquo;erreurs. Efficace et moderne.<\/p>\n","protected":false},"author":3,"featured_media":10372,"parent":2577,"menu_order":31,"comment_status":"closed","ping_status":"closed","template":"","meta":{"_acf_changed":false,"inline_featured_image":false,"footnotes":""},"class_list":["post-4299","page","type-page","status-publish","has-post-thumbnail","hentry"],"acf":[],"yoast_head":"<title>SmartDock &#8226; alfa Media Partner GmbH<\/title>\n<meta name=\"description\" content=\"Gestion optimis\u00e9e des serveurs logiciels gr\u00e2ce \u00e0 la technologie des conteneurs, mises \u00e0 jour plus rapides et r\u00e9duction des sources d&#039;erreurs. Efficace et moderne.\" \/>\n<meta name=\"robots\" content=\"index, follow, max-snippet:-1, max-image-preview:large, max-video-preview:-1\" \/>\n<link rel=\"canonical\" href=\"https:\/\/alfamedia.com\/fr\/solutions\/support-informatique-et-service\/smartdock\/\" \/>\n<meta property=\"og:locale\" content=\"fr_FR\" \/>\n<meta property=\"og:type\" content=\"article\" \/>\n<meta property=\"og:title\" content=\"SmartDock &#8226; alfa Media Partner GmbH\" \/>\n<meta property=\"og:description\" content=\"Gestion optimis\u00e9e des serveurs logiciels gr\u00e2ce \u00e0 la technologie des conteneurs, mises \u00e0 jour plus rapides et r\u00e9duction des sources d&#039;erreurs. Efficace et moderne.\" \/>\n<meta property=\"og:url\" content=\"https:\/\/alfamedia.com\/fr\/solutions\/support-informatique-et-service\/smartdock\/\" \/>\n<meta property=\"og:site_name\" content=\"alfa Media Partner GmbH\" \/>\n<meta property=\"article:modified_time\" content=\"2025-09-24T11:27:04+00:00\" \/>\n<meta property=\"og:image\" content=\"https:\/\/alfamedia.com\/wp-content\/uploads\/2025\/09\/header-blau-01-wave.png\" \/>\n\t<meta property=\"og:image:width\" content=\"1920\" \/>\n\t<meta property=\"og:image:height\" content=\"600\" \/>\n\t<meta property=\"og:image:type\" content=\"image\/png\" \/>\n<meta name=\"twitter:card\" content=\"summary_large_image\" \/>\n<meta name=\"twitter:label1\" content=\"Dur\u00e9e de lecture estim\u00e9e\" \/>\n\t<meta name=\"twitter:data1\" content=\"4 minutes\" \/>","yoast_head_json":{"title":"SmartDock &#8226; alfa Media Partner GmbH","description":"Gestion optimis\u00e9e des serveurs logiciels gr\u00e2ce \u00e0 la technologie des conteneurs, mises \u00e0 jour plus rapides et r\u00e9duction des sources d'erreurs. Efficace et moderne.","robots":{"index":"index","follow":"follow","max-snippet":"max-snippet:-1","max-image-preview":"max-image-preview:large","max-video-preview":"max-video-preview:-1"},"canonical":"https:\/\/alfamedia.com\/fr\/solutions\/support-informatique-et-service\/smartdock\/","og_locale":"fr_FR","og_type":"article","og_title":"SmartDock &#8226; alfa Media Partner GmbH","og_description":"Gestion optimis\u00e9e des serveurs logiciels gr\u00e2ce \u00e0 la technologie des conteneurs, mises \u00e0 jour plus rapides et r\u00e9duction des sources d'erreurs. Efficace et moderne.","og_url":"https:\/\/alfamedia.com\/fr\/solutions\/support-informatique-et-service\/smartdock\/","og_site_name":"alfa Media Partner GmbH","article_modified_time":"2025-09-24T11:27:04+00:00","og_image":[{"width":1920,"height":600,"url":"https:\/\/alfamedia.com\/wp-content\/uploads\/2025\/09\/header-blau-01-wave.png","type":"image\/png"}],"twitter_card":"summary_large_image","twitter_misc":{"Dur\u00e9e de lecture estim\u00e9e":"4 minutes"},"schema":{"@context":"https:\/\/schema.org","@graph":[{"@type":"WebPage","@id":"https:\/\/alfamedia.com\/fr\/solutions\/support-informatique-et-service\/smartdock\/","url":"https:\/\/alfamedia.com\/fr\/solutions\/support-informatique-et-service\/smartdock\/","name":"SmartDock &#8226; alfa Media Partner GmbH","isPartOf":{"@id":"https:\/\/alfamedia.com\/fr\/#website"},"primaryImageOfPage":{"@id":"https:\/\/alfamedia.com\/fr\/solutions\/support-informatique-et-service\/smartdock\/#primaryimage"},"image":{"@id":"https:\/\/alfamedia.com\/fr\/solutions\/support-informatique-et-service\/smartdock\/#primaryimage"},"thumbnailUrl":"https:\/\/alfamedia.com\/wp-content\/uploads\/2025\/09\/header-blau-01-wave.png","datePublished":"2021-04-22T11:52:28+00:00","dateModified":"2025-09-24T11:27:04+00:00","description":"Gestion optimis\u00e9e des serveurs logiciels gr\u00e2ce \u00e0 la technologie des conteneurs, mises \u00e0 jour plus rapides et r\u00e9duction des sources d'erreurs. Efficace et moderne.","breadcrumb":{"@id":"https:\/\/alfamedia.com\/fr\/solutions\/support-informatique-et-service\/smartdock\/#breadcrumb"},"inLanguage":"fr-FR","potentialAction":[{"@type":"ReadAction","target":["https:\/\/alfamedia.com\/fr\/solutions\/support-informatique-et-service\/smartdock\/"]}]},{"@type":"ImageObject","inLanguage":"fr-FR","@id":"https:\/\/alfamedia.com\/fr\/solutions\/support-informatique-et-service\/smartdock\/#primaryimage","url":"https:\/\/alfamedia.com\/wp-content\/uploads\/2025\/09\/header-blau-01-wave.png","contentUrl":"https:\/\/alfamedia.com\/wp-content\/uploads\/2025\/09\/header-blau-01-wave.png","width":1920,"height":600},{"@type":"BreadcrumbList","@id":"https:\/\/alfamedia.com\/fr\/solutions\/support-informatique-et-service\/smartdock\/#breadcrumb","itemListElement":[{"@type":"ListItem","position":1,"name":"Start","item":"https:\/\/alfamedia.com\/fr\/"},{"@type":"ListItem","position":2,"name":"Solutions","item":"https:\/\/alfamedia.com\/fr\/solutions\/"},{"@type":"ListItem","position":3,"name":"Support informatique et Service","item":"https:\/\/alfamedia.com\/fr\/solutions\/support-informatique-et-service\/"},{"@type":"ListItem","position":4,"name":"SmartDock"}]},{"@type":"WebSite","@id":"https:\/\/alfamedia.com\/fr\/#website","url":"https:\/\/alfamedia.com\/fr\/","name":"alfa Media Partner GmbH","description":"Software-L\u00f6sungen f\u00fcr Medienh\u00e4user und Verlage","potentialAction":[{"@type":"SearchAction","target":{"@type":"EntryPoint","urlTemplate":"https:\/\/alfamedia.com\/fr\/?s={search_term_string}"},"query-input":{"@type":"PropertyValueSpecification","valueRequired":true,"valueName":"search_term_string"}}],"inLanguage":"fr-FR"}]}},"_links":{"self":[{"href":"https:\/\/alfamedia.com\/fr\/wp-json\/wp\/v2\/pages\/4299","targetHints":{"allow":["GET"]}}],"collection":[{"href":"https:\/\/alfamedia.com\/fr\/wp-json\/wp\/v2\/pages"}],"about":[{"href":"https:\/\/alfamedia.com\/fr\/wp-json\/wp\/v2\/types\/page"}],"author":[{"embeddable":true,"href":"https:\/\/alfamedia.com\/fr\/wp-json\/wp\/v2\/users\/3"}],"replies":[{"embeddable":true,"href":"https:\/\/alfamedia.com\/fr\/wp-json\/wp\/v2\/comments?post=4299"}],"version-history":[{"count":2,"href":"https:\/\/alfamedia.com\/fr\/wp-json\/wp\/v2\/pages\/4299\/revisions"}],"predecessor-version":[{"id":10472,"href":"https:\/\/alfamedia.com\/fr\/wp-json\/wp\/v2\/pages\/4299\/revisions\/10472"}],"up":[{"embeddable":true,"href":"https:\/\/alfamedia.com\/fr\/wp-json\/wp\/v2\/pages\/2577"}],"wp:featuredmedia":[{"embeddable":true,"href":"https:\/\/alfamedia.com\/fr\/wp-json\/wp\/v2\/media\/10372"}],"wp:attachment":[{"href":"https:\/\/alfamedia.com\/fr\/wp-json\/wp\/v2\/media?parent=4299"}],"curies":[{"name":"wp","href":"https:\/\/api.w.org\/{rel}","templated":true}]}}