{"id":2599,"date":"2020-01-29T11:18:54","date_gmt":"2020-01-29T10:18:54","guid":{"rendered":"https:\/\/alfamedia.com\/?page_id=2599"},"modified":"2025-02-25T14:16:54","modified_gmt":"2025-02-25T13:16:54","slug":"alis-simpson","status":"publish","type":"page","link":"https:\/\/alfamedia.com\/fr\/equipe\/alis-simpson\/","title":{"rendered":"Alis Simpson"},"content":{"rendered":"","protected":false},"excerpt":{"rendered":"<p><a href=\"javascript:secureDecryptAndNavigate('Dn+Ki6THQ4OTgn1bUD6so\/MtST9jHWDIEf1YgnA\/JBw+TA4Q\/Cz6iA6X69zDy4+L6DGZ63DX\/jWptei7hmhrzoGOhq37CeGEg7K5\/AFZbOwx', '311a738dc694dabb87d5a6f1bf237e266f6c326dd99509e53bef3d9bcb909c94')\">&#97;&#108;i&#115;&#46;&#115;&#105;&#109;p&#115;&#111;n&#64;alf&#97;me&#100;&#105;a&#46;&#99;om<\/a><\/p>\n","protected":false},"author":2,"featured_media":2247,"parent":2456,"menu_order":96,"comment_status":"closed","ping_status":"closed","template":"","meta":{"_acf_changed":false,"inline_featured_image":false,"footnotes":""},"class_list":["post-2599","page","type-page","status-publish","has-post-thumbnail","hentry"],"acf":[],"yoast_head":"<title>Alis Simpson &#8226; alfa Media Partner GmbH<\/title>\n<meta name=\"robots\" content=\"index, follow, max-snippet:-1, max-image-preview:large, max-video-preview:-1\" \/>\n<link rel=\"canonical\" href=\"https:\/\/alfamedia.com\/fr\/equipe\/alis-simpson\/\" \/>\n<meta property=\"og:locale\" content=\"fr_FR\" \/>\n<meta property=\"og:type\" content=\"article\" \/>\n<meta property=\"og:title\" content=\"Alis Simpson &#8226; alfa Media Partner GmbH\" \/>\n<meta property=\"og:description\" content=\"alis.simpson@alfamedia.com\" \/>\n<meta property=\"og:url\" content=\"https:\/\/alfamedia.com\/fr\/equipe\/alis-simpson\/\" \/>\n<meta property=\"og:site_name\" content=\"alfa Media Partner GmbH\" \/>\n<meta property=\"article:modified_time\" content=\"2025-02-25T13:16:54+00:00\" \/>\n<meta property=\"og:image\" content=\"https:\/\/alfamedia.com\/wp-content\/uploads\/2019\/10\/alis_simpson_eng-e1571410300808.jpg\" \/>\n\t<meta property=\"og:image:width\" content=\"245\" \/>\n\t<meta property=\"og:image:height\" content=\"200\" \/>\n\t<meta property=\"og:image:type\" content=\"image\/jpeg\" \/>\n<meta name=\"twitter:card\" content=\"summary_large_image\" \/>\n<meta name=\"twitter:label1\" content=\"Dur\u00e9e de lecture estim\u00e9e\" \/>\n\t<meta name=\"twitter:data1\" content=\"1 minute\" \/>","yoast_head_json":{"title":"Alis Simpson &#8226; alfa Media Partner GmbH","robots":{"index":"index","follow":"follow","max-snippet":"max-snippet:-1","max-image-preview":"max-image-preview:large","max-video-preview":"max-video-preview:-1"},"canonical":"https:\/\/alfamedia.com\/fr\/equipe\/alis-simpson\/","og_locale":"fr_FR","og_type":"article","og_title":"Alis Simpson &#8226; alfa Media Partner GmbH","og_description":"alis.simpson@alfamedia.com","og_url":"https:\/\/alfamedia.com\/fr\/equipe\/alis-simpson\/","og_site_name":"alfa Media Partner GmbH","article_modified_time":"2025-02-25T13:16:54+00:00","og_image":[{"width":245,"height":200,"url":"https:\/\/alfamedia.com\/wp-content\/uploads\/2019\/10\/alis_simpson_eng-e1571410300808.jpg","type":"image\/jpeg"}],"twitter_card":"summary_large_image","twitter_misc":{"Dur\u00e9e de lecture estim\u00e9e":"1 minute"},"schema":{"@context":"https:\/\/schema.org","@graph":[{"@type":"WebPage","@id":"https:\/\/alfamedia.com\/fr\/equipe\/alis-simpson\/","url":"https:\/\/alfamedia.com\/fr\/equipe\/alis-simpson\/","name":"Alis Simpson &#8226; alfa Media Partner GmbH","isPartOf":{"@id":"https:\/\/alfamedia.com\/fr\/#website"},"primaryImageOfPage":{"@id":"https:\/\/alfamedia.com\/fr\/equipe\/alis-simpson\/#primaryimage"},"image":{"@id":"https:\/\/alfamedia.com\/fr\/equipe\/alis-simpson\/#primaryimage"},"thumbnailUrl":"https:\/\/alfamedia.com\/wp-content\/uploads\/2019\/10\/alis_simpson_eng-e1571410300808.jpg","datePublished":"2020-01-29T10:18:54+00:00","dateModified":"2025-02-25T13:16:54+00:00","breadcrumb":{"@id":"https:\/\/alfamedia.com\/fr\/equipe\/alis-simpson\/#breadcrumb"},"inLanguage":"fr-FR","potentialAction":[{"@type":"ReadAction","target":["https:\/\/alfamedia.com\/fr\/equipe\/alis-simpson\/"]}]},{"@type":"ImageObject","inLanguage":"fr-FR","@id":"https:\/\/alfamedia.com\/fr\/equipe\/alis-simpson\/#primaryimage","url":"https:\/\/alfamedia.com\/wp-content\/uploads\/2019\/10\/alis_simpson_eng-e1571410300808.jpg","contentUrl":"https:\/\/alfamedia.com\/wp-content\/uploads\/2019\/10\/alis_simpson_eng-e1571410300808.jpg","width":245,"height":200},{"@type":"BreadcrumbList","@id":"https:\/\/alfamedia.com\/fr\/equipe\/alis-simpson\/#breadcrumb","itemListElement":[{"@type":"ListItem","position":1,"name":"Start","item":"https:\/\/alfamedia.com\/fr\/"},{"@type":"ListItem","position":2,"name":"\u00c9quipe","item":"https:\/\/alfamedia.com\/fr\/equipe\/"},{"@type":"ListItem","position":3,"name":"Alis Simpson"}]},{"@type":"WebSite","@id":"https:\/\/alfamedia.com\/fr\/#website","url":"https:\/\/alfamedia.com\/fr\/","name":"alfa Media Partner GmbH","description":"Software-L\u00f6sungen f\u00fcr Medienh\u00e4user und Verlage","potentialAction":[{"@type":"SearchAction","target":{"@type":"EntryPoint","urlTemplate":"https:\/\/alfamedia.com\/fr\/?s={search_term_string}"},"query-input":{"@type":"PropertyValueSpecification","valueRequired":true,"valueName":"search_term_string"}}],"inLanguage":"fr-FR"}]}},"_links":{"self":[{"href":"https:\/\/alfamedia.com\/fr\/wp-json\/wp\/v2\/pages\/2599","targetHints":{"allow":["GET"]}}],"collection":[{"href":"https:\/\/alfamedia.com\/fr\/wp-json\/wp\/v2\/pages"}],"about":[{"href":"https:\/\/alfamedia.com\/fr\/wp-json\/wp\/v2\/types\/page"}],"author":[{"embeddable":true,"href":"https:\/\/alfamedia.com\/fr\/wp-json\/wp\/v2\/users\/2"}],"replies":[{"embeddable":true,"href":"https:\/\/alfamedia.com\/fr\/wp-json\/wp\/v2\/comments?post=2599"}],"version-history":[{"count":0,"href":"https:\/\/alfamedia.com\/fr\/wp-json\/wp\/v2\/pages\/2599\/revisions"}],"up":[{"embeddable":true,"href":"https:\/\/alfamedia.com\/fr\/wp-json\/wp\/v2\/pages\/2456"}],"wp:featuredmedia":[{"embeddable":true,"href":"https:\/\/alfamedia.com\/fr\/wp-json\/wp\/v2\/media\/2247"}],"wp:attachment":[{"href":"https:\/\/alfamedia.com\/fr\/wp-json\/wp\/v2\/media?parent=2599"}],"curies":[{"name":"wp","href":"https:\/\/api.w.org\/{rel}","templated":true}]}}