{"id":2585,"date":"2020-01-29T11:10:51","date_gmt":"2020-01-29T10:10:51","guid":{"rendered":"https:\/\/alfamedia.com\/?page_id=2585"},"modified":"2020-01-29T11:16:51","modified_gmt":"2020-01-29T10:16:51","slug":"oliver-andrich","status":"publish","type":"page","link":"https:\/\/alfamedia.com\/fr\/equipe\/oliver-andrich\/","title":{"rendered":"Oliver Andrich"},"content":{"rendered":"","protected":false},"excerpt":{"rendered":"<p><a href=\"javascript:secureDecryptAndNavigate('m8OmysFMrOjiVhA8YDYAAYVZ6m6qDcf4hO8kLZrfcLtwewYe2aV0lPN\/E+w\/12bh5F8Loobaic93+e1HxZSuZsLAoYA1QPp6FCbNOXqRr38zNHI=', '311a738dc694dabb87d5a6f1bf237e266f6c326dd99509e53bef3d9bcb909c94')\">&#111;liv&#101;&#114;&#46;&#97;&#110;d&#114;i&#99;h&#64;al&#102;am&#101;d&#105;&#97;&#46;&#99;&#111;&#109;<\/a><\/p>\n","protected":false},"author":2,"featured_media":2272,"parent":2456,"menu_order":57,"comment_status":"closed","ping_status":"closed","template":"","meta":{"_acf_changed":false,"inline_featured_image":false,"footnotes":""},"class_list":["post-2585","page","type-page","status-publish","has-post-thumbnail","hentry"],"acf":[],"yoast_head":"<title>Oliver Andrich &#8226; alfa Media Partner GmbH<\/title>\n<meta name=\"robots\" content=\"index, follow, max-snippet:-1, max-image-preview:large, max-video-preview:-1\" \/>\n<link rel=\"canonical\" href=\"https:\/\/alfamedia.com\/fr\/equipe\/oliver-andrich\/\" \/>\n<meta property=\"og:locale\" content=\"fr_FR\" \/>\n<meta property=\"og:type\" content=\"article\" \/>\n<meta property=\"og:title\" content=\"Oliver Andrich &#8226; alfa Media Partner GmbH\" \/>\n<meta property=\"og:description\" content=\"oliver.andrich@alfamedia.com\" \/>\n<meta property=\"og:url\" content=\"https:\/\/alfamedia.com\/fr\/equipe\/oliver-andrich\/\" \/>\n<meta property=\"og:site_name\" content=\"alfa Media Partner GmbH\" \/>\n<meta property=\"article:modified_time\" content=\"2020-01-29T10:16:51+00:00\" \/>\n<meta property=\"og:image\" content=\"https:\/\/alfamedia.com\/wp-content\/uploads\/2019\/10\/Oli_quadr2-2.jpg\" \/>\n\t<meta property=\"og:image:width\" content=\"600\" \/>\n\t<meta property=\"og:image:height\" content=\"600\" \/>\n\t<meta property=\"og:image:type\" content=\"image\/jpeg\" \/>\n<meta name=\"twitter:card\" content=\"summary_large_image\" \/>","yoast_head_json":{"title":"Oliver Andrich &#8226; alfa Media Partner GmbH","robots":{"index":"index","follow":"follow","max-snippet":"max-snippet:-1","max-image-preview":"max-image-preview:large","max-video-preview":"max-video-preview:-1"},"canonical":"https:\/\/alfamedia.com\/fr\/equipe\/oliver-andrich\/","og_locale":"fr_FR","og_type":"article","og_title":"Oliver Andrich &#8226; alfa Media Partner GmbH","og_description":"oliver.andrich@alfamedia.com","og_url":"https:\/\/alfamedia.com\/fr\/equipe\/oliver-andrich\/","og_site_name":"alfa Media Partner GmbH","article_modified_time":"2020-01-29T10:16:51+00:00","og_image":[{"width":600,"height":600,"url":"https:\/\/alfamedia.com\/wp-content\/uploads\/2019\/10\/Oli_quadr2-2.jpg","type":"image\/jpeg"}],"twitter_card":"summary_large_image","schema":{"@context":"https:\/\/schema.org","@graph":[{"@type":"WebPage","@id":"https:\/\/alfamedia.com\/fr\/equipe\/oliver-andrich\/","url":"https:\/\/alfamedia.com\/fr\/equipe\/oliver-andrich\/","name":"Oliver Andrich &#8226; alfa Media Partner GmbH","isPartOf":{"@id":"https:\/\/alfamedia.com\/fr\/#website"},"primaryImageOfPage":{"@id":"https:\/\/alfamedia.com\/fr\/equipe\/oliver-andrich\/#primaryimage"},"image":{"@id":"https:\/\/alfamedia.com\/fr\/equipe\/oliver-andrich\/#primaryimage"},"thumbnailUrl":"https:\/\/alfamedia.com\/wp-content\/uploads\/2019\/10\/Oli_quadr2-2.jpg","datePublished":"2020-01-29T10:10:51+00:00","dateModified":"2020-01-29T10:16:51+00:00","breadcrumb":{"@id":"https:\/\/alfamedia.com\/fr\/equipe\/oliver-andrich\/#breadcrumb"},"inLanguage":"fr-FR","potentialAction":[{"@type":"ReadAction","target":["https:\/\/alfamedia.com\/fr\/equipe\/oliver-andrich\/"]}]},{"@type":"ImageObject","inLanguage":"fr-FR","@id":"https:\/\/alfamedia.com\/fr\/equipe\/oliver-andrich\/#primaryimage","url":"https:\/\/alfamedia.com\/wp-content\/uploads\/2019\/10\/Oli_quadr2-2.jpg","contentUrl":"https:\/\/alfamedia.com\/wp-content\/uploads\/2019\/10\/Oli_quadr2-2.jpg","width":600,"height":600},{"@type":"BreadcrumbList","@id":"https:\/\/alfamedia.com\/fr\/equipe\/oliver-andrich\/#breadcrumb","itemListElement":[{"@type":"ListItem","position":1,"name":"Start","item":"https:\/\/alfamedia.com\/fr\/"},{"@type":"ListItem","position":2,"name":"\u00c9quipe","item":"https:\/\/alfamedia.com\/fr\/equipe\/"},{"@type":"ListItem","position":3,"name":"Oliver Andrich"}]},{"@type":"WebSite","@id":"https:\/\/alfamedia.com\/fr\/#website","url":"https:\/\/alfamedia.com\/fr\/","name":"alfa Media Partner GmbH","description":"Software-L\u00f6sungen f\u00fcr Medienh\u00e4user und Verlage","potentialAction":[{"@type":"SearchAction","target":{"@type":"EntryPoint","urlTemplate":"https:\/\/alfamedia.com\/fr\/?s={search_term_string}"},"query-input":{"@type":"PropertyValueSpecification","valueRequired":true,"valueName":"search_term_string"}}],"inLanguage":"fr-FR"}]}},"_links":{"self":[{"href":"https:\/\/alfamedia.com\/fr\/wp-json\/wp\/v2\/pages\/2585","targetHints":{"allow":["GET"]}}],"collection":[{"href":"https:\/\/alfamedia.com\/fr\/wp-json\/wp\/v2\/pages"}],"about":[{"href":"https:\/\/alfamedia.com\/fr\/wp-json\/wp\/v2\/types\/page"}],"author":[{"embeddable":true,"href":"https:\/\/alfamedia.com\/fr\/wp-json\/wp\/v2\/users\/2"}],"replies":[{"embeddable":true,"href":"https:\/\/alfamedia.com\/fr\/wp-json\/wp\/v2\/comments?post=2585"}],"version-history":[{"count":0,"href":"https:\/\/alfamedia.com\/fr\/wp-json\/wp\/v2\/pages\/2585\/revisions"}],"up":[{"embeddable":true,"href":"https:\/\/alfamedia.com\/fr\/wp-json\/wp\/v2\/pages\/2456"}],"wp:featuredmedia":[{"embeddable":true,"href":"https:\/\/alfamedia.com\/fr\/wp-json\/wp\/v2\/media\/2272"}],"wp:attachment":[{"href":"https:\/\/alfamedia.com\/fr\/wp-json\/wp\/v2\/media?parent=2585"}],"curies":[{"name":"wp","href":"https:\/\/api.w.org\/{rel}","templated":true}]}}