{"id":2583,"date":"2020-01-29T10:39:56","date_gmt":"2020-01-29T09:39:56","guid":{"rendered":"https:\/\/alfamedia.com\/?page_id=2583"},"modified":"2025-09-24T14:11:02","modified_gmt":"2025-09-24T12:11:02","slug":"systemtools","status":"publish","type":"page","link":"https:\/\/alfamedia.com\/fr\/solutions\/support-informatique-et-service\/systemtools\/","title":{"rendered":"SystemTools"},"content":{"rendered":"<p><strong><span style=\"color: #29a8c9;\">alfa SystemTools est une collection compl\u00e8te d&rsquo;outils, de scripts et d&rsquo;utilitaires d\u00e9velopp\u00e9s sp\u00e9cifiquement pour l&rsquo;environnement alfa. Avec alfa Server et alfa virtual Server Base Package, alfamedia a cr\u00e9\u00e9 une solution puissante qui s&rsquo;int\u00e8gre parfaitement \u00e0 vos environnements de production et en ligne.<\/span><\/strong><\/p>\n<p>Ces outils sont non seulement adapt\u00e9s aux besoins des entreprises m\u00e9diatiques, mais offrent \u00e9galement une disponibilit\u00e9 accrue du syst\u00e8me gr\u00e2ce \u00e0 des flux de travail optimis\u00e9s. Qu&rsquo;il s&rsquo;agisse d&rsquo;imprim\u00e9s, de portails ou de mobiles, notre logiciel vous permet de contr\u00f4ler votre contenu de mani\u00e8re professionnelle, simple et efficace sur tous les canaux de publication.<\/p>\n<p>Gr\u00e2ce \u00e0 nos solutions d\u00e9di\u00e9es pour les installations physiques et virtuelles, ainsi qu&rsquo;aux extensions pour les environnements Docker (alfa SmartDock), nous vous offrons la flexibilit\u00e9 et les performances dont vous avez besoin pour un fonctionnement optimal de vos environnements alfa. D\u00e9couvrez comment nos outils peuvent vous aider \u00e0 transformer l&rsquo;avenir de votre production m\u00e9diatique.<\/p>\n<p><img loading=\"lazy\" decoding=\"async\" class=\"alignnone wp-image-10483 size-full\" src=\"https:\/\/alfamedia.com\/wp-content\/uploads\/2025\/09\/SystemTools.jpg\" alt=\"\" width=\"800\" height=\"585\" srcset=\"https:\/\/alfamedia.com\/wp-content\/uploads\/2025\/09\/SystemTools.jpg 800w, https:\/\/alfamedia.com\/wp-content\/uploads\/2025\/09\/SystemTools-300x219.jpg 300w, https:\/\/alfamedia.com\/wp-content\/uploads\/2025\/09\/SystemTools-660x483.jpg 660w\" sizes=\"auto, (max-width: 800px) 100vw, 800px\" \/><\/p>\n<p><a href=\"https:\/\/alfamedia.com\/wp-content\/uploads\/2025\/09\/arrow-right-long-to-line-duotone-solid-full.svg\"><img loading=\"lazy\" decoding=\"async\" class=\"wp-image-10335 alignleft\" src=\"https:\/\/alfamedia.com\/wp-content\/uploads\/2025\/09\/arrow-right-long-to-line-duotone-solid-full.svg\" alt=\"\" width=\"61\" height=\"61\" \/><\/a><\/p>\n<p>Avez-vous du mal \u00e0 g\u00e9rer efficacement vos diff\u00e9rents flux de travail ? Trouvez-vous la configuration et la surveillance des processus fastidieuses et chronophages ? Avec alfa SystemTools, tout cela appartient d\u00e9sormais au pass\u00e9. Nos solutions offrent la transparence et l&rsquo;automatisation dont vous avez besoin pour simplifier consid\u00e9rablement vos processus de publication. L&rsquo;int\u00e9gration approfondie avec les modules alfa vous permet de g\u00e9rer facilement m\u00eame les flux de travail complexes, tandis que des packs de scripts sp\u00e9cifiques pour d\u00e9marrer, arr\u00eater, maintenir et surveiller l&rsquo;\u00e9tat des processus vous aident \u00e0 tout suivre.<\/p>\n<p>&nbsp;<\/p>\n<h3>Points forts<\/h3>\n<table style=\"margin-left: 0px;\">\n<tbody>\n<tr>\n<td style=\"padding-right: 10px; vertical-align: middle;\"><img loading=\"lazy\" decoding=\"async\" style=\"vertical-align: middle;\" src=\"https:\/\/alfamedia.com\/wp-content\/uploads\/2025\/09\/dot-duotone-light-full.png\" alt=\"\" width=\"30\" height=\"30\" \/><\/td>\n<td style=\"padding-bottom: 10px;\"><strong>Int\u00e9gration profonde avec les modules alfa : <\/strong>b\u00e9n\u00e9ficiez d&rsquo;une connexion fluide et efficace entre les diff\u00e9rents modules, pour un contr\u00f4le maximal sur votre contenu.<\/td>\n<\/tr>\n<tr>\n<td style=\"padding-right: 10px; vertical-align: middle;\"><img loading=\"lazy\" decoding=\"async\" style=\"vertical-align: middle;\" src=\"https:\/\/alfamedia.com\/wp-content\/uploads\/2025\/09\/dot-duotone-light-full.png\" alt=\"\" width=\"30\" height=\"30\" \/><\/td>\n<td style=\"padding-bottom: 10px;\"><strong>Packages de scripts pour le d\u00e9marrage, l&rsquo;arr\u00eat et la maintenance : <\/strong>Ces scripts automatis\u00e9s prennent en charge le fonctionnement, la surveillance et la maintenance automatis\u00e9s de vos processus serveur.<\/td>\n<\/tr>\n<tr>\n<td style=\"padding-right: 10px; vertical-align: middle;\"><img loading=\"lazy\" decoding=\"async\" style=\"vertical-align: middle;\" src=\"https:\/\/alfamedia.com\/wp-content\/uploads\/2025\/09\/dot-duotone-light-full.png\" alt=\"\" width=\"30\" height=\"30\" \/><\/td>\n<td style=\"padding-bottom: 10px;\"><strong>Syst\u00e8mes automatis\u00e9s de surveillance et de notification : <\/strong>la surveillance des param\u00e8tres et des niveaux de remplissage, y compris les alertes \u00e0 l&rsquo;administrateur et, en option, au support alfa, garantit le bon fonctionnement de vos syst\u00e8mes et pr\u00e9vient les pannes avant qu&rsquo;elles ne se produisent.<\/td>\n<\/tr>\n<tr>\n<td style=\"padding-right: 10px; vertical-align: middle;\"><img loading=\"lazy\" decoding=\"async\" style=\"vertical-align: middle;\" src=\"https:\/\/alfamedia.com\/wp-content\/uploads\/2025\/09\/dot-duotone-light-full.png\" alt=\"\" width=\"30\" height=\"30\" \/><\/td>\n<td style=\"padding-bottom: 10px;\"><strong>alfa Jmic Server et alfa Vectorius : <\/strong>ces programmes puissants bas\u00e9s sur Java permettent une conversion rapide des images et un transfert efficace des donn\u00e9es entre les serveurs, vous permettant ainsi de concevoir vos flux de travail de mani\u00e8re dynamique et flexible.<\/td>\n<\/tr>\n<\/tbody>\n<\/table>\n","protected":false},"excerpt":{"rendered":"<p>Am\u00e9liorez votre environnement alfa gr\u00e2ce \u00e0 nos outils syst\u00e8me : int\u00e9gration efficace, fiabilit\u00e9 accrue et flux de travail optimis\u00e9s.<\/p>\n","protected":false},"author":2,"featured_media":10372,"parent":2577,"menu_order":90,"comment_status":"closed","ping_status":"closed","template":"","meta":{"_acf_changed":false,"inline_featured_image":false,"footnotes":""},"class_list":["post-2583","page","type-page","status-publish","has-post-thumbnail","hentry"],"acf":[],"yoast_head":"<title>SystemTools &#8226; alfa Media Partner GmbH<\/title>\n<meta name=\"description\" content=\"Am\u00e9liorez votre environnement alfa gr\u00e2ce \u00e0 nos outils syst\u00e8me : int\u00e9gration efficace, fiabilit\u00e9 accrue et flux de travail optimis\u00e9s.\" \/>\n<meta name=\"robots\" content=\"index, follow, max-snippet:-1, max-image-preview:large, max-video-preview:-1\" \/>\n<link rel=\"canonical\" href=\"https:\/\/alfamedia.com\/fr\/solutions\/support-informatique-et-service\/systemtools\/\" \/>\n<meta property=\"og:locale\" content=\"fr_FR\" \/>\n<meta property=\"og:type\" content=\"article\" \/>\n<meta property=\"og:title\" content=\"SystemTools &#8226; alfa Media Partner GmbH\" \/>\n<meta property=\"og:description\" content=\"Am\u00e9liorez votre environnement alfa gr\u00e2ce \u00e0 nos outils syst\u00e8me : int\u00e9gration efficace, fiabilit\u00e9 accrue et flux de travail optimis\u00e9s.\" \/>\n<meta property=\"og:url\" content=\"https:\/\/alfamedia.com\/fr\/solutions\/support-informatique-et-service\/systemtools\/\" \/>\n<meta property=\"og:site_name\" content=\"alfa Media Partner GmbH\" \/>\n<meta property=\"article:modified_time\" content=\"2025-09-24T12:11:02+00:00\" \/>\n<meta property=\"og:image\" content=\"https:\/\/alfamedia.com\/wp-content\/uploads\/2025\/09\/header-blau-01-wave.png\" \/>\n\t<meta property=\"og:image:width\" content=\"1920\" \/>\n\t<meta property=\"og:image:height\" content=\"600\" \/>\n\t<meta property=\"og:image:type\" content=\"image\/png\" \/>\n<meta name=\"twitter:card\" content=\"summary_large_image\" \/>\n<meta name=\"twitter:label1\" content=\"Dur\u00e9e de lecture estim\u00e9e\" \/>\n\t<meta name=\"twitter:data1\" content=\"4 minutes\" \/>","yoast_head_json":{"title":"SystemTools &#8226; alfa Media Partner GmbH","description":"Am\u00e9liorez votre environnement alfa gr\u00e2ce \u00e0 nos outils syst\u00e8me : int\u00e9gration efficace, fiabilit\u00e9 accrue et flux de travail optimis\u00e9s.","robots":{"index":"index","follow":"follow","max-snippet":"max-snippet:-1","max-image-preview":"max-image-preview:large","max-video-preview":"max-video-preview:-1"},"canonical":"https:\/\/alfamedia.com\/fr\/solutions\/support-informatique-et-service\/systemtools\/","og_locale":"fr_FR","og_type":"article","og_title":"SystemTools &#8226; alfa Media Partner GmbH","og_description":"Am\u00e9liorez votre environnement alfa gr\u00e2ce \u00e0 nos outils syst\u00e8me : int\u00e9gration efficace, fiabilit\u00e9 accrue et flux de travail optimis\u00e9s.","og_url":"https:\/\/alfamedia.com\/fr\/solutions\/support-informatique-et-service\/systemtools\/","og_site_name":"alfa Media Partner GmbH","article_modified_time":"2025-09-24T12:11:02+00:00","og_image":[{"width":1920,"height":600,"url":"https:\/\/alfamedia.com\/wp-content\/uploads\/2025\/09\/header-blau-01-wave.png","type":"image\/png"}],"twitter_card":"summary_large_image","twitter_misc":{"Dur\u00e9e de lecture estim\u00e9e":"4 minutes"},"schema":{"@context":"https:\/\/schema.org","@graph":[{"@type":"WebPage","@id":"https:\/\/alfamedia.com\/fr\/solutions\/support-informatique-et-service\/systemtools\/","url":"https:\/\/alfamedia.com\/fr\/solutions\/support-informatique-et-service\/systemtools\/","name":"SystemTools &#8226; alfa Media Partner GmbH","isPartOf":{"@id":"https:\/\/alfamedia.com\/fr\/#website"},"primaryImageOfPage":{"@id":"https:\/\/alfamedia.com\/fr\/solutions\/support-informatique-et-service\/systemtools\/#primaryimage"},"image":{"@id":"https:\/\/alfamedia.com\/fr\/solutions\/support-informatique-et-service\/systemtools\/#primaryimage"},"thumbnailUrl":"https:\/\/alfamedia.com\/wp-content\/uploads\/2025\/09\/header-blau-01-wave.png","datePublished":"2020-01-29T09:39:56+00:00","dateModified":"2025-09-24T12:11:02+00:00","description":"Am\u00e9liorez votre environnement alfa gr\u00e2ce \u00e0 nos outils syst\u00e8me : int\u00e9gration efficace, fiabilit\u00e9 accrue et flux de travail optimis\u00e9s.","breadcrumb":{"@id":"https:\/\/alfamedia.com\/fr\/solutions\/support-informatique-et-service\/systemtools\/#breadcrumb"},"inLanguage":"fr-FR","potentialAction":[{"@type":"ReadAction","target":["https:\/\/alfamedia.com\/fr\/solutions\/support-informatique-et-service\/systemtools\/"]}]},{"@type":"ImageObject","inLanguage":"fr-FR","@id":"https:\/\/alfamedia.com\/fr\/solutions\/support-informatique-et-service\/systemtools\/#primaryimage","url":"https:\/\/alfamedia.com\/wp-content\/uploads\/2025\/09\/header-blau-01-wave.png","contentUrl":"https:\/\/alfamedia.com\/wp-content\/uploads\/2025\/09\/header-blau-01-wave.png","width":1920,"height":600},{"@type":"BreadcrumbList","@id":"https:\/\/alfamedia.com\/fr\/solutions\/support-informatique-et-service\/systemtools\/#breadcrumb","itemListElement":[{"@type":"ListItem","position":1,"name":"Start","item":"https:\/\/alfamedia.com\/fr\/"},{"@type":"ListItem","position":2,"name":"Solutions","item":"https:\/\/alfamedia.com\/fr\/solutions\/"},{"@type":"ListItem","position":3,"name":"Support informatique et Service","item":"https:\/\/alfamedia.com\/fr\/solutions\/support-informatique-et-service\/"},{"@type":"ListItem","position":4,"name":"SystemTools"}]},{"@type":"WebSite","@id":"https:\/\/alfamedia.com\/fr\/#website","url":"https:\/\/alfamedia.com\/fr\/","name":"alfa Media Partner GmbH","description":"Software-L\u00f6sungen f\u00fcr Medienh\u00e4user und Verlage","potentialAction":[{"@type":"SearchAction","target":{"@type":"EntryPoint","urlTemplate":"https:\/\/alfamedia.com\/fr\/?s={search_term_string}"},"query-input":{"@type":"PropertyValueSpecification","valueRequired":true,"valueName":"search_term_string"}}],"inLanguage":"fr-FR"}]}},"_links":{"self":[{"href":"https:\/\/alfamedia.com\/fr\/wp-json\/wp\/v2\/pages\/2583","targetHints":{"allow":["GET"]}}],"collection":[{"href":"https:\/\/alfamedia.com\/fr\/wp-json\/wp\/v2\/pages"}],"about":[{"href":"https:\/\/alfamedia.com\/fr\/wp-json\/wp\/v2\/types\/page"}],"author":[{"embeddable":true,"href":"https:\/\/alfamedia.com\/fr\/wp-json\/wp\/v2\/users\/2"}],"replies":[{"embeddable":true,"href":"https:\/\/alfamedia.com\/fr\/wp-json\/wp\/v2\/comments?post=2583"}],"version-history":[{"count":2,"href":"https:\/\/alfamedia.com\/fr\/wp-json\/wp\/v2\/pages\/2583\/revisions"}],"predecessor-version":[{"id":10490,"href":"https:\/\/alfamedia.com\/fr\/wp-json\/wp\/v2\/pages\/2583\/revisions\/10490"}],"up":[{"embeddable":true,"href":"https:\/\/alfamedia.com\/fr\/wp-json\/wp\/v2\/pages\/2577"}],"wp:featuredmedia":[{"embeddable":true,"href":"https:\/\/alfamedia.com\/fr\/wp-json\/wp\/v2\/media\/10372"}],"wp:attachment":[{"href":"https:\/\/alfamedia.com\/fr\/wp-json\/wp\/v2\/media?parent=2583"}],"curies":[{"name":"wp","href":"https:\/\/api.w.org\/{rel}","templated":true}]}}