{"id":2581,"date":"2020-01-29T10:38:33","date_gmt":"2020-01-29T09:38:33","guid":{"rendered":"https:\/\/alfamedia.com\/?page_id=2581"},"modified":"2025-09-24T14:00:39","modified_gmt":"2025-09-24T12:00:39","slug":"alfa-content-distribution-service","status":"publish","type":"page","link":"https:\/\/alfamedia.com\/fr\/solutions\/support-informatique-et-service\/alfa-content-distribution-service\/","title":{"rendered":"alfa Content Distribution Service"},"content":{"rendered":"<p><strong><span style=\"color: #29a8c9;\">Nos produits en ligne, en particulier nos applications et nos journaux \u00e9lectroniques, n\u00e9cessitent non seulement une infrastructure extr\u00eamement fiable et puissante pour le traitement des donn\u00e9es, mais aussi une transmission rapide et massivement parall\u00e8le des donn\u00e9es \u00e0 un grand nombre de clients et d&rsquo;abonn\u00e9s. \u00c0 cette fin, nous avons d\u00e9velopp\u00e9 notre syst\u00e8me de diffusion de contenu (CDS), qui repose sur un grand nombre de serveurs cache ind\u00e9pendants r\u00e9partis dans divers centres de donn\u00e9es et qui est con\u00e7u pour offrir une efficacit\u00e9 maximale dans la transmission des donn\u00e9es aux utilisateurs finaux.<\/span><\/strong><\/p>\n<p>Le CDS garantit le bon fonctionnement et la fluidit\u00e9 de nos offres num\u00e9riques, telles que l&rsquo;<a href=\"https:\/\/alfamedia.com\/fr\/solutions\/redaction-et-contenu-editorial\/newsapp-newsapp-s\/\">application mobile<\/a> et l&rsquo;ePaper. \u00c0 cette fin, nous avons lou\u00e9 des serveurs ind\u00e9pendants aupr\u00e8s de diff\u00e9rents h\u00e9bergeurs en Allemagne. Ces serveurs font office de serveurs cache, qui sont aliment\u00e9s de mani\u00e8re proactive par les donn\u00e9es n\u00e9cessaires provenant des syst\u00e8mes de production en ligne. Cela vous garantit un acc\u00e8s permanent \u00e0 un cache pr\u00e9rempli, ce qui am\u00e9liore consid\u00e9rablement les temps de r\u00e9ponse de nos applications.<\/p>\n<p>Nos algorithmes de mise en cache sont sp\u00e9cialement adapt\u00e9s aux exigences de nos produits en ligne, ce qui nous permet d&rsquo;atteindre une performance maximale \u00e0 tout moment. De plus, notre plateforme de mise en cache est flexible et peut \u00eatre \u00e9tendue \u00e0 tout moment, m\u00eame \u00e0 l&rsquo;international. Actuellement, tous les serveurs sont situ\u00e9s en Allemagne afin de garantir la conformit\u00e9 au RGPD. Gr\u00e2ce au GeoDNS, nous pouvons d\u00e9terminer l&#8217;emplacement optimal des serveurs pour l&rsquo;acc\u00e8s g\u00e9ographique de nos clients et y louer et int\u00e9grer des serveurs cache suppl\u00e9mentaires afin d&rsquo;accro\u00eetre l&rsquo;efficacit\u00e9.<\/p>\n<p>En travaillant selon le mod\u00e8le de niveaux de cache, qui comprend les niveaux \u00ab edge \u00bb et \u00ab origin shield \u00bb, nous cr\u00e9ons une infrastructure qui offre des performances maximales sans compromettre la protection des donn\u00e9es.<\/p>\n<p>Afin de garantir une fiabilit\u00e9 op\u00e9rationnelle maximale, tous les serveurs sont connect\u00e9s \u00e0 Internet via des connexions Gigabit, ce qui \u00e9limine les goulots d&rsquo;\u00e9tranglement en mati\u00e8re de bande passante. En cas de d\u00e9faillance d&rsquo;un serveur de mise en cache, son travail est automatiquement pris en charge par les autres serveurs via une redirection DNS. Bien entendu, tous les serveurs de mise en cache CDS sont \u00e9galement int\u00e9gr\u00e9s \u00e0 notre syst\u00e8me de surveillance et sont surveill\u00e9s 24 heures sur 24, 7 jours sur 7.<\/p>\n<p><img loading=\"lazy\" decoding=\"async\" class=\"alignnone wp-image-10474 size-full\" src=\"https:\/\/alfamedia.com\/wp-content\/uploads\/2025\/09\/CDS.jpg\" alt=\"\" width=\"800\" height=\"585\" srcset=\"https:\/\/alfamedia.com\/wp-content\/uploads\/2025\/09\/CDS.jpg 800w, https:\/\/alfamedia.com\/wp-content\/uploads\/2025\/09\/CDS-300x219.jpg 300w, https:\/\/alfamedia.com\/wp-content\/uploads\/2025\/09\/CDS-660x483.jpg 660w\" sizes=\"auto, (max-width: 800px) 100vw, 800px\" \/><\/p>\n<p>&nbsp;<\/p>\n<p><a href=\"https:\/\/alfamedia.com\/wp-content\/uploads\/2025\/09\/arrow-right-long-to-line-duotone-solid-full.svg\"><img loading=\"lazy\" decoding=\"async\" class=\"wp-image-10335 alignleft\" src=\"https:\/\/alfamedia.com\/wp-content\/uploads\/2025\/09\/arrow-right-long-to-line-duotone-solid-full.svg\" alt=\"\" width=\"61\" height=\"61\" \/><\/a><\/p>\n<p>Si vous rencontrez des probl\u00e8mes de performances lors de la diffusion de votre contenu num\u00e9rique, nos processus de mise en cache personnalis\u00e9s peuvent vous aider. Nous veillons \u00e0 ce que chaque client dispose de ses propres processus de mise en cache afin d&rsquo;\u00e9viter tout chevauchement.<br \/>\nNotre infrastructure am\u00e9liore la transparence et la collaboration gr\u00e2ce \u00e0 des processus distincts et \u00e0 la possibilit\u00e9 de d\u00e9finir des param\u00e8tres de mise en cache sp\u00e9cifiques pour chaque client. Cela garantit non seulement la rapidit\u00e9, mais aussi le stockage et le traitement de votre contenu conform\u00e9ment \u00e0 la r\u00e9glementation britannique en mati\u00e8re de protection des donn\u00e9es.<\/p>\n<p>&nbsp;<\/p>\n<h3>Highlights<\/h3>\n<table style=\"margin-left: 0px;\">\n<tbody>\n<tr>\n<td style=\"padding-right: 10px; vertical-align: middle;\"><img loading=\"lazy\" decoding=\"async\" style=\"vertical-align: middle;\" src=\"https:\/\/alfamedia.com\/wp-content\/uploads\/2025\/09\/dot-duotone-light-full.png\" alt=\"\" width=\"30\" height=\"30\" \/><\/td>\n<td style=\"padding-bottom: 10px;\"><strong>Processus de cache individuels : <\/strong>un processus de cache distinct pour chaque client afin d&rsquo;\u00e9viter les chevauchements.<\/td>\n<\/tr>\n<tr>\n<td style=\"padding-right: 10px; vertical-align: middle;\"><img loading=\"lazy\" decoding=\"async\" style=\"vertical-align: middle;\" src=\"https:\/\/alfamedia.com\/wp-content\/uploads\/2025\/09\/dot-duotone-light-full.png\" alt=\"\" width=\"30\" height=\"30\" \/><\/td>\n<td style=\"padding-bottom: 10px;\"><strong>Surveillance 24 heures sur 24 : <\/strong>surveillance permanente des serveurs par notre \u00e9quipe afin de garantir des temps de r\u00e9ponse rapides en cas de dysfonctionnements.<\/td>\n<\/tr>\n<tr>\n<td style=\"padding-right: 10px; vertical-align: middle;\"><img loading=\"lazy\" decoding=\"async\" style=\"vertical-align: middle;\" src=\"https:\/\/alfamedia.com\/wp-content\/uploads\/2025\/09\/dot-duotone-light-full.png\" alt=\"\" width=\"30\" height=\"30\" \/><\/td>\n<td style=\"padding-bottom: 10px;\"><strong>Structure de serveur flexible et extensible : <\/strong>possibilit\u00e9 d&rsquo;\u00e9tendre \u00e0 tout moment les capacit\u00e9s des serveurs \u00e0 l&rsquo;international.<\/td>\n<\/tr>\n<tr>\n<td style=\"padding-right: 10px; vertical-align: middle;\"><img loading=\"lazy\" decoding=\"async\" style=\"vertical-align: middle;\" src=\"https:\/\/alfamedia.com\/wp-content\/uploads\/2025\/09\/dot-duotone-light-full.png\" alt=\"\" width=\"30\" height=\"30\" \/><\/td>\n<td style=\"padding-bottom: 10px;\"><strong>Bande passante et performances maximales : <\/strong>connexion Gigabit \u00e0 Internet pour un transfert de donn\u00e9es optimal.<\/td>\n<\/tr>\n<\/tbody>\n<\/table>\n","protected":false},"excerpt":{"rendered":"<p>Optimisez les performances de vos produits en ligne gr\u00e2ce \u00e0 notre syst\u00e8me de diffusion de contenu (alfa CDS). Rapide, s\u00e9curis\u00e9e et conforme au RGPD, cette solution de mise en cache vous garantit une efficacit\u00e9 maximale.<\/p>\n","protected":false},"author":2,"featured_media":10372,"parent":2577,"menu_order":76,"comment_status":"closed","ping_status":"closed","template":"","meta":{"_acf_changed":false,"inline_featured_image":false,"footnotes":""},"class_list":["post-2581","page","type-page","status-publish","has-post-thumbnail","hentry"],"acf":[],"yoast_head":"<title>alfa Content Distribution Service &#8226; alfa Media Partner GmbH<\/title>\n<meta name=\"description\" content=\"Optimisez les performances de vos produits en ligne avec alfa CDS. Rapide, s\u00e9curis\u00e9e et conforme au RGPD : la solution de mise en cache pour une efficacit\u00e9 maximale.\" \/>\n<meta name=\"robots\" content=\"index, follow, max-snippet:-1, max-image-preview:large, max-video-preview:-1\" \/>\n<link rel=\"canonical\" href=\"https:\/\/alfamedia.com\/fr\/solutions\/support-informatique-et-service\/alfa-content-distribution-service\/\" \/>\n<meta property=\"og:locale\" content=\"fr_FR\" \/>\n<meta property=\"og:type\" content=\"article\" \/>\n<meta property=\"og:title\" content=\"alfa Content Distribution Service &#8226; alfa Media Partner GmbH\" \/>\n<meta property=\"og:description\" content=\"Optimisez les performances de vos produits en ligne avec alfa CDS. Rapide, s\u00e9curis\u00e9e et conforme au RGPD : la solution de mise en cache pour une efficacit\u00e9 maximale.\" \/>\n<meta property=\"og:url\" content=\"https:\/\/alfamedia.com\/fr\/solutions\/support-informatique-et-service\/alfa-content-distribution-service\/\" \/>\n<meta property=\"og:site_name\" content=\"alfa Media Partner GmbH\" \/>\n<meta property=\"article:modified_time\" content=\"2025-09-24T12:00:39+00:00\" \/>\n<meta property=\"og:image\" content=\"https:\/\/alfamedia.com\/wp-content\/uploads\/2025\/09\/header-blau-01-wave.png\" \/>\n\t<meta property=\"og:image:width\" content=\"1920\" \/>\n\t<meta property=\"og:image:height\" content=\"600\" \/>\n\t<meta property=\"og:image:type\" content=\"image\/png\" \/>\n<meta name=\"twitter:card\" content=\"summary_large_image\" \/>\n<meta name=\"twitter:label1\" content=\"Dur\u00e9e de lecture estim\u00e9e\" \/>\n\t<meta name=\"twitter:data1\" content=\"5 minutes\" \/>","yoast_head_json":{"title":"alfa Content Distribution Service &#8226; alfa Media Partner GmbH","description":"Optimisez les performances de vos produits en ligne avec alfa CDS. Rapide, s\u00e9curis\u00e9e et conforme au RGPD : la solution de mise en cache pour une efficacit\u00e9 maximale.","robots":{"index":"index","follow":"follow","max-snippet":"max-snippet:-1","max-image-preview":"max-image-preview:large","max-video-preview":"max-video-preview:-1"},"canonical":"https:\/\/alfamedia.com\/fr\/solutions\/support-informatique-et-service\/alfa-content-distribution-service\/","og_locale":"fr_FR","og_type":"article","og_title":"alfa Content Distribution Service &#8226; alfa Media Partner GmbH","og_description":"Optimisez les performances de vos produits en ligne avec alfa CDS. Rapide, s\u00e9curis\u00e9e et conforme au RGPD : la solution de mise en cache pour une efficacit\u00e9 maximale.","og_url":"https:\/\/alfamedia.com\/fr\/solutions\/support-informatique-et-service\/alfa-content-distribution-service\/","og_site_name":"alfa Media Partner GmbH","article_modified_time":"2025-09-24T12:00:39+00:00","og_image":[{"width":1920,"height":600,"url":"https:\/\/alfamedia.com\/wp-content\/uploads\/2025\/09\/header-blau-01-wave.png","type":"image\/png"}],"twitter_card":"summary_large_image","twitter_misc":{"Dur\u00e9e de lecture estim\u00e9e":"5 minutes"},"schema":{"@context":"https:\/\/schema.org","@graph":[{"@type":"WebPage","@id":"https:\/\/alfamedia.com\/fr\/solutions\/support-informatique-et-service\/alfa-content-distribution-service\/","url":"https:\/\/alfamedia.com\/fr\/solutions\/support-informatique-et-service\/alfa-content-distribution-service\/","name":"alfa Content Distribution Service &#8226; alfa Media Partner GmbH","isPartOf":{"@id":"https:\/\/alfamedia.com\/fr\/#website"},"primaryImageOfPage":{"@id":"https:\/\/alfamedia.com\/fr\/solutions\/support-informatique-et-service\/alfa-content-distribution-service\/#primaryimage"},"image":{"@id":"https:\/\/alfamedia.com\/fr\/solutions\/support-informatique-et-service\/alfa-content-distribution-service\/#primaryimage"},"thumbnailUrl":"https:\/\/alfamedia.com\/wp-content\/uploads\/2025\/09\/header-blau-01-wave.png","datePublished":"2020-01-29T09:38:33+00:00","dateModified":"2025-09-24T12:00:39+00:00","description":"Optimisez les performances de vos produits en ligne avec alfa CDS. Rapide, s\u00e9curis\u00e9e et conforme au RGPD : la solution de mise en cache pour une efficacit\u00e9 maximale.","breadcrumb":{"@id":"https:\/\/alfamedia.com\/fr\/solutions\/support-informatique-et-service\/alfa-content-distribution-service\/#breadcrumb"},"inLanguage":"fr-FR","potentialAction":[{"@type":"ReadAction","target":["https:\/\/alfamedia.com\/fr\/solutions\/support-informatique-et-service\/alfa-content-distribution-service\/"]}]},{"@type":"ImageObject","inLanguage":"fr-FR","@id":"https:\/\/alfamedia.com\/fr\/solutions\/support-informatique-et-service\/alfa-content-distribution-service\/#primaryimage","url":"https:\/\/alfamedia.com\/wp-content\/uploads\/2025\/09\/header-blau-01-wave.png","contentUrl":"https:\/\/alfamedia.com\/wp-content\/uploads\/2025\/09\/header-blau-01-wave.png","width":1920,"height":600},{"@type":"BreadcrumbList","@id":"https:\/\/alfamedia.com\/fr\/solutions\/support-informatique-et-service\/alfa-content-distribution-service\/#breadcrumb","itemListElement":[{"@type":"ListItem","position":1,"name":"Start","item":"https:\/\/alfamedia.com\/fr\/"},{"@type":"ListItem","position":2,"name":"Solutions","item":"https:\/\/alfamedia.com\/fr\/solutions\/"},{"@type":"ListItem","position":3,"name":"Support informatique et Service","item":"https:\/\/alfamedia.com\/fr\/solutions\/support-informatique-et-service\/"},{"@type":"ListItem","position":4,"name":"alfa Content Distribution Service"}]},{"@type":"WebSite","@id":"https:\/\/alfamedia.com\/fr\/#website","url":"https:\/\/alfamedia.com\/fr\/","name":"alfa Media Partner GmbH","description":"Software-L\u00f6sungen f\u00fcr Medienh\u00e4user und Verlage","potentialAction":[{"@type":"SearchAction","target":{"@type":"EntryPoint","urlTemplate":"https:\/\/alfamedia.com\/fr\/?s={search_term_string}"},"query-input":{"@type":"PropertyValueSpecification","valueRequired":true,"valueName":"search_term_string"}}],"inLanguage":"fr-FR"}]}},"_links":{"self":[{"href":"https:\/\/alfamedia.com\/fr\/wp-json\/wp\/v2\/pages\/2581","targetHints":{"allow":["GET"]}}],"collection":[{"href":"https:\/\/alfamedia.com\/fr\/wp-json\/wp\/v2\/pages"}],"about":[{"href":"https:\/\/alfamedia.com\/fr\/wp-json\/wp\/v2\/types\/page"}],"author":[{"embeddable":true,"href":"https:\/\/alfamedia.com\/fr\/wp-json\/wp\/v2\/users\/2"}],"replies":[{"embeddable":true,"href":"https:\/\/alfamedia.com\/fr\/wp-json\/wp\/v2\/comments?post=2581"}],"version-history":[{"count":2,"href":"https:\/\/alfamedia.com\/fr\/wp-json\/wp\/v2\/pages\/2581\/revisions"}],"predecessor-version":[{"id":10481,"href":"https:\/\/alfamedia.com\/fr\/wp-json\/wp\/v2\/pages\/2581\/revisions\/10481"}],"up":[{"embeddable":true,"href":"https:\/\/alfamedia.com\/fr\/wp-json\/wp\/v2\/pages\/2577"}],"wp:featuredmedia":[{"embeddable":true,"href":"https:\/\/alfamedia.com\/fr\/wp-json\/wp\/v2\/media\/10372"}],"wp:attachment":[{"href":"https:\/\/alfamedia.com\/fr\/wp-json\/wp\/v2\/media?parent=2581"}],"curies":[{"name":"wp","href":"https:\/\/api.w.org\/{rel}","templated":true}]}}