{"id":2579,"date":"2020-01-29T10:37:04","date_gmt":"2020-01-29T09:37:04","guid":{"rendered":"https:\/\/alfamedia.com\/?page_id=2579"},"modified":"2025-10-02T08:43:20","modified_gmt":"2025-10-02T06:43:20","slug":"alfa-managedservices","status":"publish","type":"page","link":"https:\/\/alfamedia.com\/fr\/solutions\/support-informatique-et-service\/alfa-managedservices\/","title":{"rendered":"alfa ManagedServices"},"content":{"rendered":"<p><strong><span style=\"color: #29a8c9;\">alfa ManagedServices est notre solution compl\u00e8te qui permet aux maisons d&rsquo;\u00e9dition de se concentrer sur ce qui compte le plus : l&rsquo;\u00e9dition. Avec alfa ManagedServices, nous nous occupons pour vous des processus informatiques complexes, de l&rsquo;administration et la surveillance \u00e0 la sauvegarde et l&rsquo;exploitation, le tout dans notre alfa FlexCloud flexible.<\/span><\/strong><\/p>\n<p>Cette solution vous permet de g\u00e9rer votre contenu de mani\u00e8re professionnelle, simple et efficace sur tous les canaux de publication, qu&rsquo;il s&rsquo;agisse d&rsquo;imprim\u00e9s, de portails ou de mobiles. Nous proposons des solutions personnalis\u00e9es via SaaS et le cloud computing, vous lib\u00e9rant ainsi des contraintes li\u00e9es \u00e0 l&rsquo;exploitation des serveurs informatiques.<\/p>\n<p><img loading=\"lazy\" decoding=\"async\" class=\"alignnone wp-image-10526 size-full\" src=\"https:\/\/alfamedia.com\/wp-content\/uploads\/2025\/10\/ManagedServices-Franz.jpg\" alt=\"\" width=\"800\" height=\"585\" srcset=\"https:\/\/alfamedia.com\/wp-content\/uploads\/2025\/10\/ManagedServices-Franz.jpg 800w, https:\/\/alfamedia.com\/wp-content\/uploads\/2025\/10\/ManagedServices-Franz-300x219.jpg 300w, https:\/\/alfamedia.com\/wp-content\/uploads\/2025\/10\/ManagedServices-Franz-660x483.jpg 660w\" sizes=\"auto, (max-width: 800px) 100vw, 800px\" \/><\/p>\n<p><a href=\"https:\/\/alfamedia.com\/wp-content\/uploads\/2025\/09\/arrow-right-long-to-line-duotone-solid-full.svg\"><img loading=\"lazy\" decoding=\"async\" class=\"wp-image-10335 alignleft\" src=\"https:\/\/alfamedia.com\/wp-content\/uploads\/2025\/09\/arrow-right-long-to-line-duotone-solid-full.svg\" alt=\"\" width=\"61\" height=\"61\" \/><\/a><\/p>\n<p>Vous en avez assez d&rsquo;investir dans du nouveau mat\u00e9riel et de nouveaux logiciels ? Gr\u00e2ce \u00e0 alfa ManagedServices, vous pouvez r\u00e9duire ces investissements tout en continuant \u00e0 utiliser les derniers logiciels, qui peuvent \u00eatre adapt\u00e9s de mani\u00e8re flexible \u00e0 vos besoins. H\u00e9bergez vos applications et vos donn\u00e9es dans notre cloud alfa s\u00e9curis\u00e9, qui offre des performances exceptionnelles et une faible latence. Notre \u00e9quipe informatique qualifi\u00e9e assure une surveillance et une assistance 24 heures sur 24, 7 jours sur 7, depuis la maintenance de la plateforme et de la base de donn\u00e9es jusqu&rsquo;\u00e0 la maintenance des applications, y compris les mises \u00e0 jour r\u00e9guli\u00e8res.<\/p>\n<p>&nbsp;<\/p>\n<h3>Points forts<\/h3>\n<table style=\"margin-left: 0px;\">\n<tbody>\n<tr>\n<td style=\"padding-right: 10px; vertical-align: middle;\"><img loading=\"lazy\" decoding=\"async\" style=\"vertical-align: middle;\" src=\"https:\/\/alfamedia.com\/wp-content\/uploads\/2025\/09\/dot-duotone-light-full.png\" alt=\"\" width=\"30\" height=\"30\" \/><\/td>\n<td style=\"padding-bottom: 10px;\"><strong>R\u00e9duction des co\u00fbts d&rsquo;investissement : <\/strong>r\u00e9duisez vos d\u00e9penses en mat\u00e9riel et en logiciels tout en b\u00e9n\u00e9ficiant des derni\u00e8res technologies.<\/td>\n<\/tr>\n<tr>\n<td style=\"padding-right: 10px; vertical-align: middle;\"><img loading=\"lazy\" decoding=\"async\" style=\"vertical-align: middle;\" src=\"https:\/\/alfamedia.com\/wp-content\/uploads\/2025\/09\/dot-duotone-light-full.png\" alt=\"\" width=\"30\" height=\"30\" \/><\/td>\n<td style=\"padding-bottom: 10px;\"><strong>S\u00e9curit\u00e9 compl\u00e8te des donn\u00e9es et infrastructure : <\/strong>b\u00e9n\u00e9ficiez de normes de s\u00e9curit\u00e9 de pointe et d&rsquo;une connectivit\u00e9 r\u00e9seau optimale dans deux centres de donn\u00e9es ultramodernes qui r\u00e9pondent \u00e0 toutes les exigences et certifications. Les certifications ISO 22301, ISO\/IEC 27001, ISO 9001, ISO 14001, ISO 50001 et PCI-DSS sont disponibles.<\/td>\n<\/tr>\n<tr>\n<td style=\"padding-right: 10px; vertical-align: middle;\"><img loading=\"lazy\" decoding=\"async\" style=\"vertical-align: middle;\" src=\"https:\/\/alfamedia.com\/wp-content\/uploads\/2025\/09\/dot-duotone-light-full.png\" alt=\"\" width=\"30\" height=\"30\" \/><\/td>\n<td style=\"padding-bottom: 10px;\"><strong>Services g\u00e9r\u00e9s pour toute la gamme de produits alfa : <\/strong>profitez de tous les avantages de nos solutions sans avoir \u00e0 g\u00e9rer vos propres serveurs informatiques.<\/td>\n<\/tr>\n<tr>\n<td style=\"padding-right: 10px; vertical-align: middle;\"><img loading=\"lazy\" decoding=\"async\" style=\"vertical-align: middle;\" src=\"https:\/\/alfamedia.com\/wp-content\/uploads\/2025\/09\/dot-duotone-light-full.png\" alt=\"\" width=\"30\" height=\"30\" \/><\/td>\n<td style=\"padding-bottom: 10px;\"><strong>Acc\u00e8s facile via Internet et VPN standard : <\/strong>un minimum d&rsquo;efforts pour un maximum d&rsquo;efficacit\u00e9 et un soulagement pour vos administrateurs sur site.<\/td>\n<\/tr>\n<\/tbody>\n<\/table>\n","protected":false},"excerpt":{"rendered":"<p>Optimisez votre publication avec alfa ManagedServices : solutions informatiques efficaces, flexibilit\u00e9 totale du cloud et investissements r\u00e9duits pour les maisons d&rsquo;\u00e9dition.<\/p>\n","protected":false},"author":2,"featured_media":10372,"parent":2577,"menu_order":49,"comment_status":"closed","ping_status":"closed","template":"","meta":{"_acf_changed":false,"inline_featured_image":false,"footnotes":""},"class_list":["post-2579","page","type-page","status-publish","has-post-thumbnail","hentry"],"acf":[],"yoast_head":"<title>alfa ManagedServices &#8226; alfa Media Partner GmbH<\/title>\n<meta name=\"description\" content=\"Optimisez votre publication : solutions informatiques efficaces, flexibilit\u00e9 totale du cloud et investissements r\u00e9duits pour les maisons d&#039;\u00e9dition.\" \/>\n<meta name=\"robots\" content=\"index, follow, max-snippet:-1, max-image-preview:large, max-video-preview:-1\" \/>\n<link rel=\"canonical\" href=\"https:\/\/alfamedia.com\/fr\/solutions\/support-informatique-et-service\/alfa-managedservices\/\" \/>\n<meta property=\"og:locale\" content=\"fr_FR\" \/>\n<meta property=\"og:type\" content=\"article\" \/>\n<meta property=\"og:title\" content=\"alfa ManagedServices &#8226; alfa Media Partner GmbH\" \/>\n<meta property=\"og:description\" content=\"Optimisez votre publication : solutions informatiques efficaces, flexibilit\u00e9 totale du cloud et investissements r\u00e9duits pour les maisons d&#039;\u00e9dition.\" \/>\n<meta property=\"og:url\" content=\"https:\/\/alfamedia.com\/fr\/solutions\/support-informatique-et-service\/alfa-managedservices\/\" \/>\n<meta property=\"og:site_name\" content=\"alfa Media Partner GmbH\" \/>\n<meta property=\"article:modified_time\" content=\"2025-10-02T06:43:20+00:00\" \/>\n<meta property=\"og:image\" content=\"https:\/\/alfamedia.com\/wp-content\/uploads\/2025\/09\/header-blau-01-wave.png\" \/>\n\t<meta property=\"og:image:width\" content=\"1920\" \/>\n\t<meta property=\"og:image:height\" content=\"600\" \/>\n\t<meta property=\"og:image:type\" content=\"image\/png\" \/>\n<meta name=\"twitter:card\" content=\"summary_large_image\" \/>\n<meta name=\"twitter:label1\" content=\"Dur\u00e9e de lecture estim\u00e9e\" \/>\n\t<meta name=\"twitter:data1\" content=\"4 minutes\" \/>","yoast_head_json":{"title":"alfa ManagedServices &#8226; alfa Media Partner GmbH","description":"Optimisez votre publication : solutions informatiques efficaces, flexibilit\u00e9 totale du cloud et investissements r\u00e9duits pour les maisons d'\u00e9dition.","robots":{"index":"index","follow":"follow","max-snippet":"max-snippet:-1","max-image-preview":"max-image-preview:large","max-video-preview":"max-video-preview:-1"},"canonical":"https:\/\/alfamedia.com\/fr\/solutions\/support-informatique-et-service\/alfa-managedservices\/","og_locale":"fr_FR","og_type":"article","og_title":"alfa ManagedServices &#8226; alfa Media Partner GmbH","og_description":"Optimisez votre publication : solutions informatiques efficaces, flexibilit\u00e9 totale du cloud et investissements r\u00e9duits pour les maisons d'\u00e9dition.","og_url":"https:\/\/alfamedia.com\/fr\/solutions\/support-informatique-et-service\/alfa-managedservices\/","og_site_name":"alfa Media Partner GmbH","article_modified_time":"2025-10-02T06:43:20+00:00","og_image":[{"width":1920,"height":600,"url":"https:\/\/alfamedia.com\/wp-content\/uploads\/2025\/09\/header-blau-01-wave.png","type":"image\/png"}],"twitter_card":"summary_large_image","twitter_misc":{"Dur\u00e9e de lecture estim\u00e9e":"4 minutes"},"schema":{"@context":"https:\/\/schema.org","@graph":[{"@type":"WebPage","@id":"https:\/\/alfamedia.com\/fr\/solutions\/support-informatique-et-service\/alfa-managedservices\/","url":"https:\/\/alfamedia.com\/fr\/solutions\/support-informatique-et-service\/alfa-managedservices\/","name":"alfa ManagedServices &#8226; alfa Media Partner GmbH","isPartOf":{"@id":"https:\/\/alfamedia.com\/fr\/#website"},"primaryImageOfPage":{"@id":"https:\/\/alfamedia.com\/fr\/solutions\/support-informatique-et-service\/alfa-managedservices\/#primaryimage"},"image":{"@id":"https:\/\/alfamedia.com\/fr\/solutions\/support-informatique-et-service\/alfa-managedservices\/#primaryimage"},"thumbnailUrl":"https:\/\/alfamedia.com\/wp-content\/uploads\/2025\/09\/header-blau-01-wave.png","datePublished":"2020-01-29T09:37:04+00:00","dateModified":"2025-10-02T06:43:20+00:00","description":"Optimisez votre publication : solutions informatiques efficaces, flexibilit\u00e9 totale du cloud et investissements r\u00e9duits pour les maisons d'\u00e9dition.","breadcrumb":{"@id":"https:\/\/alfamedia.com\/fr\/solutions\/support-informatique-et-service\/alfa-managedservices\/#breadcrumb"},"inLanguage":"fr-FR","potentialAction":[{"@type":"ReadAction","target":["https:\/\/alfamedia.com\/fr\/solutions\/support-informatique-et-service\/alfa-managedservices\/"]}]},{"@type":"ImageObject","inLanguage":"fr-FR","@id":"https:\/\/alfamedia.com\/fr\/solutions\/support-informatique-et-service\/alfa-managedservices\/#primaryimage","url":"https:\/\/alfamedia.com\/wp-content\/uploads\/2025\/09\/header-blau-01-wave.png","contentUrl":"https:\/\/alfamedia.com\/wp-content\/uploads\/2025\/09\/header-blau-01-wave.png","width":1920,"height":600},{"@type":"BreadcrumbList","@id":"https:\/\/alfamedia.com\/fr\/solutions\/support-informatique-et-service\/alfa-managedservices\/#breadcrumb","itemListElement":[{"@type":"ListItem","position":1,"name":"Start","item":"https:\/\/alfamedia.com\/fr\/"},{"@type":"ListItem","position":2,"name":"Solutions","item":"https:\/\/alfamedia.com\/fr\/solutions\/"},{"@type":"ListItem","position":3,"name":"Support informatique et Service","item":"https:\/\/alfamedia.com\/fr\/solutions\/support-informatique-et-service\/"},{"@type":"ListItem","position":4,"name":"alfa ManagedServices"}]},{"@type":"WebSite","@id":"https:\/\/alfamedia.com\/fr\/#website","url":"https:\/\/alfamedia.com\/fr\/","name":"alfa Media Partner GmbH","description":"Software-L\u00f6sungen f\u00fcr Medienh\u00e4user und Verlage","potentialAction":[{"@type":"SearchAction","target":{"@type":"EntryPoint","urlTemplate":"https:\/\/alfamedia.com\/fr\/?s={search_term_string}"},"query-input":{"@type":"PropertyValueSpecification","valueRequired":true,"valueName":"search_term_string"}}],"inLanguage":"fr-FR"}]}},"_links":{"self":[{"href":"https:\/\/alfamedia.com\/fr\/wp-json\/wp\/v2\/pages\/2579","targetHints":{"allow":["GET"]}}],"collection":[{"href":"https:\/\/alfamedia.com\/fr\/wp-json\/wp\/v2\/pages"}],"about":[{"href":"https:\/\/alfamedia.com\/fr\/wp-json\/wp\/v2\/types\/page"}],"author":[{"embeddable":true,"href":"https:\/\/alfamedia.com\/fr\/wp-json\/wp\/v2\/users\/2"}],"replies":[{"embeddable":true,"href":"https:\/\/alfamedia.com\/fr\/wp-json\/wp\/v2\/comments?post=2579"}],"version-history":[{"count":4,"href":"https:\/\/alfamedia.com\/fr\/wp-json\/wp\/v2\/pages\/2579\/revisions"}],"predecessor-version":[{"id":10529,"href":"https:\/\/alfamedia.com\/fr\/wp-json\/wp\/v2\/pages\/2579\/revisions\/10529"}],"up":[{"embeddable":true,"href":"https:\/\/alfamedia.com\/fr\/wp-json\/wp\/v2\/pages\/2577"}],"wp:featuredmedia":[{"embeddable":true,"href":"https:\/\/alfamedia.com\/fr\/wp-json\/wp\/v2\/media\/10372"}],"wp:attachment":[{"href":"https:\/\/alfamedia.com\/fr\/wp-json\/wp\/v2\/media?parent=2579"}],"curies":[{"name":"wp","href":"https:\/\/api.w.org\/{rel}","templated":true}]}}