{"id":2577,"date":"2020-01-29T10:35:34","date_gmt":"2020-01-29T09:35:34","guid":{"rendered":"https:\/\/alfamedia.com\/?page_id=2577"},"modified":"2020-01-30T09:59:17","modified_gmt":"2020-01-30T08:59:17","slug":"support-informatique-et-service","status":"publish","type":"page","link":"https:\/\/alfamedia.com\/fr\/solutions\/support-informatique-et-service\/","title":{"rendered":"Support informatique et Service"},"content":{"rendered":"<p><strong>alfa ServiceLine<\/strong><\/p>\n<p>Non seulement nous vous fournissons le logiciel qui vous convient, mais nous vous aidons \u00e9galement \u00e0 choisir et \u00e0 mettre en place l&rsquo;environnement informatique optimal pour votre entreprise. Pour ce faire, nous proposons des infrastructures informatiques personnalis\u00e9es pour une exploitation dans le centre de donn\u00e9es du client ainsi que des solutions SaaS (Software as a Service) et cloud enti\u00e8rement manag\u00e9es.<\/p>\n","protected":false},"excerpt":{"rendered":"<p>Assistance dans la s\u00e9lection et la mise en place d&rsquo;un environnement informatique optimal, d&rsquo;infrastructures informatiques sur mesure, y compris des solutions SaaS et de cloud computing.<\/p>\n","protected":false},"author":2,"featured_media":2335,"parent":2510,"menu_order":94,"comment_status":"closed","ping_status":"closed","template":"","meta":{"_acf_changed":false,"inline_featured_image":false,"footnotes":""},"class_list":["post-2577","page","type-page","status-publish","has-post-thumbnail","hentry"],"acf":[],"yoast_head":"<title>Support informatique et Service &#8226; alfa Media Partner GmbH<\/title>\n<meta name=\"robots\" content=\"index, follow, max-snippet:-1, max-image-preview:large, max-video-preview:-1\" \/>\n<link rel=\"canonical\" href=\"https:\/\/alfamedia.com\/fr\/solutions\/support-informatique-et-service\/\" \/>\n<meta property=\"og:locale\" content=\"fr_FR\" \/>\n<meta property=\"og:type\" content=\"article\" \/>\n<meta property=\"og:title\" content=\"Support informatique et Service &#8226; alfa Media Partner GmbH\" \/>\n<meta property=\"og:description\" content=\"Assistance dans la s\u00e9lection et la mise en place d&#039;un environnement informatique optimal, d&#039;infrastructures informatiques sur mesure, y compris des solutions SaaS et de cloud computing.\" \/>\n<meta property=\"og:url\" content=\"https:\/\/alfamedia.com\/fr\/solutions\/support-informatique-et-service\/\" \/>\n<meta property=\"og:site_name\" content=\"alfa Media Partner GmbH\" \/>\n<meta property=\"article:modified_time\" content=\"2020-01-30T08:59:17+00:00\" \/>\n<meta property=\"og:image\" content=\"https:\/\/alfamedia.com\/wp-content\/uploads\/2019\/11\/glenn-carstens-peters-npxXWgQ33ZQ-unsplash-e1573137721412.jpg\" \/>\n\t<meta property=\"og:image:width\" content=\"4076\" \/>\n\t<meta property=\"og:image:height\" content=\"1956\" \/>\n\t<meta property=\"og:image:type\" content=\"image\/jpeg\" \/>\n<meta name=\"twitter:card\" content=\"summary_large_image\" \/>","yoast_head_json":{"title":"Support informatique et Service &#8226; alfa Media Partner GmbH","robots":{"index":"index","follow":"follow","max-snippet":"max-snippet:-1","max-image-preview":"max-image-preview:large","max-video-preview":"max-video-preview:-1"},"canonical":"https:\/\/alfamedia.com\/fr\/solutions\/support-informatique-et-service\/","og_locale":"fr_FR","og_type":"article","og_title":"Support informatique et Service &#8226; alfa Media Partner GmbH","og_description":"Assistance dans la s\u00e9lection et la mise en place d'un environnement informatique optimal, d'infrastructures informatiques sur mesure, y compris des solutions SaaS et de cloud computing.","og_url":"https:\/\/alfamedia.com\/fr\/solutions\/support-informatique-et-service\/","og_site_name":"alfa Media Partner GmbH","article_modified_time":"2020-01-30T08:59:17+00:00","og_image":[{"width":4076,"height":1956,"url":"https:\/\/alfamedia.com\/wp-content\/uploads\/2019\/11\/glenn-carstens-peters-npxXWgQ33ZQ-unsplash-e1573137721412.jpg","type":"image\/jpeg"}],"twitter_card":"summary_large_image","schema":{"@context":"https:\/\/schema.org","@graph":[{"@type":"WebPage","@id":"https:\/\/alfamedia.com\/fr\/solutions\/support-informatique-et-service\/","url":"https:\/\/alfamedia.com\/fr\/solutions\/support-informatique-et-service\/","name":"Support informatique et Service &#8226; alfa Media Partner GmbH","isPartOf":{"@id":"https:\/\/alfamedia.com\/fr\/#website"},"primaryImageOfPage":{"@id":"https:\/\/alfamedia.com\/fr\/solutions\/support-informatique-et-service\/#primaryimage"},"image":{"@id":"https:\/\/alfamedia.com\/fr\/solutions\/support-informatique-et-service\/#primaryimage"},"thumbnailUrl":"https:\/\/alfamedia.com\/wp-content\/uploads\/2019\/11\/glenn-carstens-peters-npxXWgQ33ZQ-unsplash-e1573137721412.jpg","datePublished":"2020-01-29T09:35:34+00:00","dateModified":"2020-01-30T08:59:17+00:00","breadcrumb":{"@id":"https:\/\/alfamedia.com\/fr\/solutions\/support-informatique-et-service\/#breadcrumb"},"inLanguage":"fr-FR","potentialAction":[{"@type":"ReadAction","target":["https:\/\/alfamedia.com\/fr\/solutions\/support-informatique-et-service\/"]}]},{"@type":"ImageObject","inLanguage":"fr-FR","@id":"https:\/\/alfamedia.com\/fr\/solutions\/support-informatique-et-service\/#primaryimage","url":"https:\/\/alfamedia.com\/wp-content\/uploads\/2019\/11\/glenn-carstens-peters-npxXWgQ33ZQ-unsplash-e1573137721412.jpg","contentUrl":"https:\/\/alfamedia.com\/wp-content\/uploads\/2019\/11\/glenn-carstens-peters-npxXWgQ33ZQ-unsplash-e1573137721412.jpg","width":4076,"height":1956},{"@type":"BreadcrumbList","@id":"https:\/\/alfamedia.com\/fr\/solutions\/support-informatique-et-service\/#breadcrumb","itemListElement":[{"@type":"ListItem","position":1,"name":"Start","item":"https:\/\/alfamedia.com\/fr\/"},{"@type":"ListItem","position":2,"name":"Solutions","item":"https:\/\/alfamedia.com\/fr\/solutions\/"},{"@type":"ListItem","position":3,"name":"Support informatique et Service"}]},{"@type":"WebSite","@id":"https:\/\/alfamedia.com\/fr\/#website","url":"https:\/\/alfamedia.com\/fr\/","name":"alfa Media Partner GmbH","description":"Software-L\u00f6sungen f\u00fcr Medienh\u00e4user und Verlage","potentialAction":[{"@type":"SearchAction","target":{"@type":"EntryPoint","urlTemplate":"https:\/\/alfamedia.com\/fr\/?s={search_term_string}"},"query-input":{"@type":"PropertyValueSpecification","valueRequired":true,"valueName":"search_term_string"}}],"inLanguage":"fr-FR"}]}},"_links":{"self":[{"href":"https:\/\/alfamedia.com\/fr\/wp-json\/wp\/v2\/pages\/2577","targetHints":{"allow":["GET"]}}],"collection":[{"href":"https:\/\/alfamedia.com\/fr\/wp-json\/wp\/v2\/pages"}],"about":[{"href":"https:\/\/alfamedia.com\/fr\/wp-json\/wp\/v2\/types\/page"}],"author":[{"embeddable":true,"href":"https:\/\/alfamedia.com\/fr\/wp-json\/wp\/v2\/users\/2"}],"replies":[{"embeddable":true,"href":"https:\/\/alfamedia.com\/fr\/wp-json\/wp\/v2\/comments?post=2577"}],"version-history":[{"count":0,"href":"https:\/\/alfamedia.com\/fr\/wp-json\/wp\/v2\/pages\/2577\/revisions"}],"up":[{"embeddable":true,"href":"https:\/\/alfamedia.com\/fr\/wp-json\/wp\/v2\/pages\/2510"}],"wp:featuredmedia":[{"embeddable":true,"href":"https:\/\/alfamedia.com\/fr\/wp-json\/wp\/v2\/media\/2335"}],"wp:attachment":[{"href":"https:\/\/alfamedia.com\/fr\/wp-json\/wp\/v2\/media?parent=2577"}],"curies":[{"name":"wp","href":"https:\/\/api.w.org\/{rel}","templated":true}]}}