{"id":2575,"date":"2020-01-29T10:26:57","date_gmt":"2020-01-29T09:26:57","guid":{"rendered":"https:\/\/alfamedia.com\/?page_id=2575"},"modified":"2025-12-16T08:32:24","modified_gmt":"2025-12-16T07:32:24","slug":"webtracker","status":"publish","type":"page","link":"https:\/\/alfamedia.com\/fr\/solutions\/planning-et-controle-de-production\/webtracker\/","title":{"rendered":"WebTracker"},"content":{"rendered":"<p><strong><span style=\"color: #29a8c9;\">WebTracker vous offre un aper\u00e7u complet de l&rsquo;\u00e9tat actuel de la production de votre journal directement dans votre navigateur.<\/span><\/strong><\/p>\n<p>L&rsquo;interface utilisateur personnalisable vous permet d&rsquo;afficher \u00e0 la fois un aper\u00e7u de la date de publication et des informations d\u00e9taill\u00e9es sur les annonces ou les articles individuels. Les utilisateurs peuvent ouvrir des applications directement depuis l&rsquo;interface pour effectuer rapidement des corrections ou r\u00e9aliser des \u00e9tapes de production telles que des redirections de pages et des exportations manuelles. Gr\u00e2ce \u00e0 ces fonctions, WebTracker prend en charge une planification et une ex\u00e9cution efficaces et flexibles de la production, qui s&rsquo;adaptent aux besoins individuels des utilisateurs.<\/p>\n<p><img loading=\"lazy\" decoding=\"async\" class=\"size-full wp-image-10680 aligncenter\" src=\"https:\/\/alfamedia.com\/wp-content\/uploads\/2025\/12\/WebTracker.jpg\" alt=\"\" width=\"800\" height=\"567\" srcset=\"https:\/\/alfamedia.com\/wp-content\/uploads\/2025\/12\/WebTracker.jpg 800w, https:\/\/alfamedia.com\/wp-content\/uploads\/2025\/12\/WebTracker-300x213.jpg 300w, https:\/\/alfamedia.com\/wp-content\/uploads\/2025\/12\/WebTracker-660x468.jpg 660w\" sizes=\"auto, (max-width: 800px) 100vw, 800px\" \/><\/p>\n<p><a href=\"https:\/\/alfamedia.com\/wp-content\/uploads\/2025\/09\/arrow-right-long-to-line-duotone-solid-full.svg\"><img loading=\"lazy\" decoding=\"async\" class=\"wp-image-10335 alignleft\" src=\"https:\/\/alfamedia.com\/wp-content\/uploads\/2025\/09\/arrow-right-long-to-line-duotone-solid-full.svg\" alt=\"\" width=\"61\" height=\"61\" \/><\/a>WebTracker vous offre une plateforme centrale qui vous donne un aper\u00e7u transparent de l&rsquo;\u00e9tat actuel de la production de votre journal, tant pour la version imprim\u00e9e que pour la version \u00e9lectronique. Chaque groupe d&rsquo;utilisateurs, qu&rsquo;il s&rsquo;agisse de la r\u00e9daction ou de la direction, peut configurer l&rsquo;outil en fonction de ses besoins sp\u00e9cifiques. En production, il suffit d&rsquo;afficher l&rsquo;\u00e9tat des pages, tandis qu&rsquo;\u00e0 la r\u00e9daction, les pages doivent \u00eatre affich\u00e9es avec des aper\u00e7us d\u00e9taill\u00e9s jusqu&rsquo;aux articles.<\/p>\n<p>WebTracker permet non seulement de surveiller la production, mais aussi d&rsquo;intervenir de mani\u00e8re cibl\u00e9e, par exemple en redirigeant ou en r\u00e9p\u00e9tant des num\u00e9ros. Les informations fournies par les donn\u00e9es statistiques peuvent \u00eatre utilis\u00e9es pour \u00e9valuer et am\u00e9liorer en permanence les processus de production.<\/p>\n<h3>Highlights<\/h3>\n<table style=\"margin-left: 0px;\">\n<tbody>\n<tr>\n<td style=\"padding-right: 10px; vertical-align: middle;\"><img loading=\"lazy\" decoding=\"async\" style=\"vertical-align: middle;\" src=\"https:\/\/alfamedia.com\/wp-content\/uploads\/2025\/09\/dot-duotone-light-full.png\" alt=\"\" width=\"30\" height=\"30\" \/><\/td>\n<td style=\"padding-bottom: 10px;\"><strong>Int\u00e9gration approfondie avec OpenMedia et ContentLine : <\/strong>WebTracker s&rsquo;int\u00e8gre parfaitement \u00e0 OpenMedia et <a href=\"https:\/\/alfamedia.com\/fr\/solutions\/redaction-et-contenu-editorial\/\">ContentLine<\/a>, garantissant ainsi une transition fluide dans le flux de travail.<\/td>\n<\/tr>\n<tr>\n<td style=\"padding-right: 10px; vertical-align: middle;\"><img loading=\"lazy\" decoding=\"async\" style=\"vertical-align: middle;\" src=\"https:\/\/alfamedia.com\/wp-content\/uploads\/2025\/09\/dot-duotone-light-full.png\" alt=\"\" width=\"30\" height=\"30\" \/><\/td>\n<td style=\"padding-bottom: 10px;\"><strong>Suivi et contr\u00f4le du flux de travail, de la planification \u00e0 la production : <\/strong>du d\u00e9but de la planification \u00e0 la production finale, vous pouvez suivre toutes les \u00e9tapes de production et contr\u00f4ler activement le flux de travail.<\/td>\n<\/tr>\n<tr>\n<td style=\"padding-right: 10px; vertical-align: middle;\"><img loading=\"lazy\" decoding=\"async\" style=\"vertical-align: middle;\" src=\"https:\/\/alfamedia.com\/wp-content\/uploads\/2025\/09\/dot-duotone-light-full.png\" alt=\"\" width=\"30\" height=\"30\" \/><\/td>\n<td style=\"padding-bottom: 10px;\"><strong>Acc\u00e8s direct aux outils de mise en page : <\/strong>d&rsquo;un simple clic, les sous-pages peuvent \u00eatre ouvertes et modifi\u00e9es directement depuis WebTracker dans les outils de mise en page appropri\u00e9s tels que <a href=\"https:\/\/alfamedia.com\/fr\/solutions\/redaction-et-contenu-editorial\/editorialorganiser\/\">EditorialOrganiser<\/a>, <a href=\"https:\/\/alfamedia.com\/fr\/solutions\/redaction-et-contenu-editorial\/printlayout\/\">PrintLayout<\/a>, NewsSuite ou <a href=\"https:\/\/alfamedia.com\/fr\/solutions\/planning-et-controle-de-production\/adpagination\/\">AdPagination<\/a>.<\/td>\n<\/tr>\n<tr>\n<td style=\"padding-right: 10px; vertical-align: middle;\"><img loading=\"lazy\" decoding=\"async\" style=\"vertical-align: middle;\" src=\"https:\/\/alfamedia.com\/wp-content\/uploads\/2025\/09\/dot-duotone-light-full.png\" alt=\"\" width=\"30\" height=\"30\" \/><\/td>\n<td style=\"padding-bottom: 10px;\"><strong>Configuration personnalisable : <\/strong>Chaque groupe d&rsquo;utilisateurs a la possibilit\u00e9 de configurer le niveau de d\u00e9tail afin que les informations qui les concernent soient mises en avant, que ce soit pour la production, l&rsquo;\u00e9dition ou la gestion.<\/td>\n<\/tr>\n<\/tbody>\n<\/table>\n","protected":false},"excerpt":{"rendered":"<p>WebTracker offre un contr\u00f4le complet et une vue d&rsquo;ensemble en temps r\u00e9el de la production de votre journal \u2013 int\u00e9gr\u00e9, flexible, efficace.<\/p>\n","protected":false},"author":2,"featured_media":10372,"parent":2568,"menu_order":73,"comment_status":"closed","ping_status":"closed","template":"","meta":{"_acf_changed":false,"inline_featured_image":false,"footnotes":""},"class_list":["post-2575","page","type-page","status-publish","has-post-thumbnail","hentry"],"acf":[],"yoast_head":"<title>WebTracker &#8226; alfa Media Partner GmbH<\/title>\n<meta name=\"description\" content=\"WebTracker offre un contr\u00f4le complet et une vue d&#039;ensemble en temps r\u00e9el de la production de votre journal \u2013 int\u00e9gr\u00e9, flexible, efficace.\" \/>\n<meta name=\"robots\" content=\"index, follow, max-snippet:-1, max-image-preview:large, max-video-preview:-1\" \/>\n<link rel=\"canonical\" href=\"https:\/\/alfamedia.com\/fr\/solutions\/planning-et-controle-de-production\/webtracker\/\" \/>\n<meta property=\"og:locale\" content=\"fr_FR\" \/>\n<meta property=\"og:type\" content=\"article\" \/>\n<meta property=\"og:title\" content=\"WebTracker &#8226; alfa Media Partner GmbH\" \/>\n<meta property=\"og:description\" content=\"WebTracker offre un contr\u00f4le complet et une vue d&#039;ensemble en temps r\u00e9el de la production de votre journal \u2013 int\u00e9gr\u00e9, flexible, efficace.\" \/>\n<meta property=\"og:url\" content=\"https:\/\/alfamedia.com\/fr\/solutions\/planning-et-controle-de-production\/webtracker\/\" \/>\n<meta property=\"og:site_name\" content=\"alfa Media Partner GmbH\" \/>\n<meta property=\"article:modified_time\" content=\"2025-12-16T07:32:24+00:00\" \/>\n<meta property=\"og:image\" content=\"https:\/\/alfamedia.com\/wp-content\/uploads\/2025\/09\/header-blau-01-wave.png\" \/>\n\t<meta property=\"og:image:width\" content=\"1920\" \/>\n\t<meta property=\"og:image:height\" content=\"600\" \/>\n\t<meta property=\"og:image:type\" content=\"image\/png\" \/>\n<meta name=\"twitter:card\" content=\"summary_large_image\" \/>\n<meta name=\"twitter:label1\" content=\"Dur\u00e9e de lecture estim\u00e9e\" \/>\n\t<meta name=\"twitter:data1\" content=\"4 minutes\" \/>","yoast_head_json":{"title":"WebTracker &#8226; alfa Media Partner GmbH","description":"WebTracker offre un contr\u00f4le complet et une vue d'ensemble en temps r\u00e9el de la production de votre journal \u2013 int\u00e9gr\u00e9, flexible, efficace.","robots":{"index":"index","follow":"follow","max-snippet":"max-snippet:-1","max-image-preview":"max-image-preview:large","max-video-preview":"max-video-preview:-1"},"canonical":"https:\/\/alfamedia.com\/fr\/solutions\/planning-et-controle-de-production\/webtracker\/","og_locale":"fr_FR","og_type":"article","og_title":"WebTracker &#8226; alfa Media Partner GmbH","og_description":"WebTracker offre un contr\u00f4le complet et une vue d'ensemble en temps r\u00e9el de la production de votre journal \u2013 int\u00e9gr\u00e9, flexible, efficace.","og_url":"https:\/\/alfamedia.com\/fr\/solutions\/planning-et-controle-de-production\/webtracker\/","og_site_name":"alfa Media Partner GmbH","article_modified_time":"2025-12-16T07:32:24+00:00","og_image":[{"width":1920,"height":600,"url":"https:\/\/alfamedia.com\/wp-content\/uploads\/2025\/09\/header-blau-01-wave.png","type":"image\/png"}],"twitter_card":"summary_large_image","twitter_misc":{"Dur\u00e9e de lecture estim\u00e9e":"4 minutes"},"schema":{"@context":"https:\/\/schema.org","@graph":[{"@type":"WebPage","@id":"https:\/\/alfamedia.com\/fr\/solutions\/planning-et-controle-de-production\/webtracker\/","url":"https:\/\/alfamedia.com\/fr\/solutions\/planning-et-controle-de-production\/webtracker\/","name":"WebTracker &#8226; alfa Media Partner GmbH","isPartOf":{"@id":"https:\/\/alfamedia.com\/fr\/#website"},"primaryImageOfPage":{"@id":"https:\/\/alfamedia.com\/fr\/solutions\/planning-et-controle-de-production\/webtracker\/#primaryimage"},"image":{"@id":"https:\/\/alfamedia.com\/fr\/solutions\/planning-et-controle-de-production\/webtracker\/#primaryimage"},"thumbnailUrl":"https:\/\/alfamedia.com\/wp-content\/uploads\/2025\/09\/header-blau-01-wave.png","datePublished":"2020-01-29T09:26:57+00:00","dateModified":"2025-12-16T07:32:24+00:00","description":"WebTracker offre un contr\u00f4le complet et une vue d'ensemble en temps r\u00e9el de la production de votre journal \u2013 int\u00e9gr\u00e9, flexible, efficace.","breadcrumb":{"@id":"https:\/\/alfamedia.com\/fr\/solutions\/planning-et-controle-de-production\/webtracker\/#breadcrumb"},"inLanguage":"fr-FR","potentialAction":[{"@type":"ReadAction","target":["https:\/\/alfamedia.com\/fr\/solutions\/planning-et-controle-de-production\/webtracker\/"]}]},{"@type":"ImageObject","inLanguage":"fr-FR","@id":"https:\/\/alfamedia.com\/fr\/solutions\/planning-et-controle-de-production\/webtracker\/#primaryimage","url":"https:\/\/alfamedia.com\/wp-content\/uploads\/2025\/09\/header-blau-01-wave.png","contentUrl":"https:\/\/alfamedia.com\/wp-content\/uploads\/2025\/09\/header-blau-01-wave.png","width":1920,"height":600},{"@type":"BreadcrumbList","@id":"https:\/\/alfamedia.com\/fr\/solutions\/planning-et-controle-de-production\/webtracker\/#breadcrumb","itemListElement":[{"@type":"ListItem","position":1,"name":"Start","item":"https:\/\/alfamedia.com\/fr\/"},{"@type":"ListItem","position":2,"name":"Solutions","item":"https:\/\/alfamedia.com\/fr\/solutions\/"},{"@type":"ListItem","position":3,"name":"Planning et Contr\u00f4le de production","item":"https:\/\/alfamedia.com\/fr\/solutions\/planning-et-controle-de-production\/"},{"@type":"ListItem","position":4,"name":"WebTracker"}]},{"@type":"WebSite","@id":"https:\/\/alfamedia.com\/fr\/#website","url":"https:\/\/alfamedia.com\/fr\/","name":"alfa Media Partner GmbH","description":"Software-L\u00f6sungen f\u00fcr Medienh\u00e4user und Verlage","potentialAction":[{"@type":"SearchAction","target":{"@type":"EntryPoint","urlTemplate":"https:\/\/alfamedia.com\/fr\/?s={search_term_string}"},"query-input":{"@type":"PropertyValueSpecification","valueRequired":true,"valueName":"search_term_string"}}],"inLanguage":"fr-FR"}]}},"_links":{"self":[{"href":"https:\/\/alfamedia.com\/fr\/wp-json\/wp\/v2\/pages\/2575","targetHints":{"allow":["GET"]}}],"collection":[{"href":"https:\/\/alfamedia.com\/fr\/wp-json\/wp\/v2\/pages"}],"about":[{"href":"https:\/\/alfamedia.com\/fr\/wp-json\/wp\/v2\/types\/page"}],"author":[{"embeddable":true,"href":"https:\/\/alfamedia.com\/fr\/wp-json\/wp\/v2\/users\/2"}],"replies":[{"embeddable":true,"href":"https:\/\/alfamedia.com\/fr\/wp-json\/wp\/v2\/comments?post=2575"}],"version-history":[{"count":3,"href":"https:\/\/alfamedia.com\/fr\/wp-json\/wp\/v2\/pages\/2575\/revisions"}],"predecessor-version":[{"id":10685,"href":"https:\/\/alfamedia.com\/fr\/wp-json\/wp\/v2\/pages\/2575\/revisions\/10685"}],"up":[{"embeddable":true,"href":"https:\/\/alfamedia.com\/fr\/wp-json\/wp\/v2\/pages\/2568"}],"wp:featuredmedia":[{"embeddable":true,"href":"https:\/\/alfamedia.com\/fr\/wp-json\/wp\/v2\/media\/10372"}],"wp:attachment":[{"href":"https:\/\/alfamedia.com\/fr\/wp-json\/wp\/v2\/media?parent=2575"}],"curies":[{"name":"wp","href":"https:\/\/api.w.org\/{rel}","templated":true}]}}