{"id":2573,"date":"2020-01-29T10:24:56","date_gmt":"2020-01-29T09:24:56","guid":{"rendered":"https:\/\/alfamedia.com\/?page_id=2573"},"modified":"2025-12-16T08:35:57","modified_gmt":"2025-12-16T07:35:57","slug":"productplanner","status":"publish","type":"page","link":"https:\/\/alfamedia.com\/fr\/solutions\/planning-et-controle-de-production\/productplanner\/","title":{"rendered":"ProductPlanner"},"content":{"rendered":"<p><strong><span style=\"color: #29a8c9;\">ProductPlanner sert de module central pour la planification et la production efficaces des \u00e9ditions imprim\u00e9es et \u00e9lectroniques.<\/span><\/strong><\/p>\n<p>Cela fournit au service de planification toutes les informations dont il a besoin pour son travail quotidien, telles que des informations compl\u00e8tes sur les annonces r\u00e9serv\u00e9es d\u00e9terminant le nombre de pages avec des demandes de placement, l&rsquo;\u00e9tendue des annonces pour la mise en page, les collectifs et les variantes d&rsquo;impression possibles. Les utilisateurs peuvent acc\u00e9der \u00e0 une vaste biblioth\u00e8que d&rsquo;\u00e9chantillons de produits pour cr\u00e9er rapidement et pr\u00e9cis\u00e9ment des mod\u00e8les de planification, tout en conservant la flexibilit\u00e9 n\u00e9cessaire pour ajuster la port\u00e9e et la r\u00e9partition entre les services selon les besoins. La planification peut \u00eatre effectu\u00e9e aussi loin dans le futur que souhait\u00e9.<\/p>\n<p>L&rsquo;int\u00e9gration directe avec les syst\u00e8mes \u00e9ditoriaux NewsSuite, <a href=\"https:\/\/alfamedia.com\/fr\/solutions\/redaction-et-contenu-editorial\/printlayout\/\">PrintLayout<\/a> et <a href=\"https:\/\/alfamedia.com\/fr\/solutions\/automatisation-de-limpression\/\">Aptoma<\/a>, ainsi que la pr\u00e9paration et la transmission automatiques \u00e0 la pr\u00e9presse et \u00e0 l&rsquo;ePaper, garantissent une cha\u00eene de production sans faille. Gr\u00e2ce \u00e0 des interfaces standard, les produits planifi\u00e9s peuvent \u00e9galement \u00eatre facilement transmis aux stations de contr\u00f4le d&rsquo;EAE, MAN et ABB, et le format PRIME est \u00e9galement pris en charge.<\/p>\n<p><strong><img loading=\"lazy\" decoding=\"async\" class=\"size-full wp-image-10686 aligncenter\" src=\"https:\/\/alfamedia.com\/wp-content\/uploads\/2025\/12\/ProductPlanner.jpg\" alt=\"\" width=\"800\" height=\"558\" srcset=\"https:\/\/alfamedia.com\/wp-content\/uploads\/2025\/12\/ProductPlanner.jpg 800w, https:\/\/alfamedia.com\/wp-content\/uploads\/2025\/12\/ProductPlanner-300x209.jpg 300w, https:\/\/alfamedia.com\/wp-content\/uploads\/2025\/12\/ProductPlanner-660x460.jpg 660w\" sizes=\"auto, (max-width: 800px) 100vw, 800px\" \/><\/strong><\/p>\n<p><a href=\"https:\/\/alfamedia.com\/wp-content\/uploads\/2025\/09\/arrow-right-long-to-line-duotone-solid-full.svg\"><img loading=\"lazy\" decoding=\"async\" class=\"wp-image-10335 alignleft\" src=\"https:\/\/alfamedia.com\/wp-content\/uploads\/2025\/09\/arrow-right-long-to-line-duotone-solid-full.svg\" alt=\"\" width=\"61\" height=\"61\" \/><\/a>Gr\u00e2ce \u00e0 une planification centralis\u00e9e, ProductPlanner offre une vue d&rsquo;ensemble optimale de tous les aspects de la production quotidienne d&rsquo;un journal.<\/p>\n<p>Les planificateurs b\u00e9n\u00e9ficient d&rsquo;un acc\u00e8s direct aux sp\u00e9cifications requises pour les publicit\u00e9s, les \u00e9l\u00e9ments collectifs et les souhaits de la r\u00e9daction concernant le contenu des sections. Comme les planificateurs connaissent parfaitement les capacit\u00e9s de la presse \u00e0 imprimer, ils peuvent rapidement cr\u00e9er un plan adapt\u00e9 \u00e0 la fois \u00e0 l&rsquo;impression et au journal \u00e9lectronique \u00e0 partir d&rsquo;une biblioth\u00e8que d&rsquo;\u00e9chantillons de produits. Cela garantit que la production du journal peut toujours \u00eatre effectu\u00e9e de mani\u00e8re fiable et rapide.<\/p>\n<p>&nbsp;<\/p>\n<h3>Highlights<\/h3>\n<table style=\"margin-left: 0px;\">\n<tbody>\n<tr>\n<td style=\"padding-right: 10px; vertical-align: middle;\"><img loading=\"lazy\" decoding=\"async\" style=\"vertical-align: middle;\" src=\"https:\/\/alfamedia.com\/wp-content\/uploads\/2025\/09\/dot-duotone-light-full.png\" alt=\"\" width=\"30\" height=\"30\" \/><\/td>\n<td style=\"padding-bottom: 10px;\"><strong>Options de planification compl\u00e8tes : <\/strong>ProductPlanner prend en compte toutes les exigences, telles que les formulaires pr\u00e9imprim\u00e9s, les structures de livres, les d\u00e9partements et les sections lors de la planification des produits imprim\u00e9s et des journaux \u00e9lectroniques.<\/td>\n<\/tr>\n<tr>\n<td style=\"padding-right: 10px; vertical-align: middle;\"><img loading=\"lazy\" decoding=\"async\" style=\"vertical-align: middle;\" src=\"https:\/\/alfamedia.com\/wp-content\/uploads\/2025\/09\/dot-duotone-light-full.png\" alt=\"\" width=\"30\" height=\"30\" \/><\/td>\n<td style=\"padding-bottom: 10px;\"><strong>Contr\u00f4le des annonces d\u00e9terminant la mise en page : <\/strong>Contr\u00f4le des annonces d\u00e9terminant la mise en page : ProductPlanner veille \u00e0 ce que toutes les annonces d\u00e9terminant la mise en page soient plac\u00e9es int\u00e9gralement et uniquement dans les \u00e9ditions attribu\u00e9es, aux emplacements attribu\u00e9s.<\/td>\n<\/tr>\n<tr>\n<td style=\"padding-right: 10px; vertical-align: middle;\"><img loading=\"lazy\" decoding=\"async\" style=\"vertical-align: middle;\" src=\"https:\/\/alfamedia.com\/wp-content\/uploads\/2025\/09\/dot-duotone-light-full.png\" alt=\"\" width=\"30\" height=\"30\" \/><\/td>\n<td style=\"padding-bottom: 10px;\"><strong>Machines d&rsquo;impression : <\/strong>Le ProductPlanner peut lire les configurations disponibles aupr\u00e8s de diff\u00e9rents fabricants de postes de contr\u00f4le, ce qui permet d&rsquo;effectuer la planification directement sur la machine d&rsquo;impression. Les plans mis \u00e0 jour quotidiennement peuvent \u00eatre transf\u00e9r\u00e9s num\u00e9riquement vers le poste de contr\u00f4le.<\/td>\n<\/tr>\n<tr>\n<td style=\"padding-right: 10px; vertical-align: middle;\"><img loading=\"lazy\" decoding=\"async\" style=\"vertical-align: middle;\" src=\"https:\/\/alfamedia.com\/wp-content\/uploads\/2025\/09\/dot-duotone-light-full.png\" alt=\"\" width=\"30\" height=\"30\" \/><\/td>\n<td style=\"padding-bottom: 10px;\"><strong>Planification publicitaire \u00e0 long terme : <\/strong>ProductPlanner constitue la colonne vert\u00e9brale de la planification publicitaire \u00e0 long terme. Sur cette base, alfa AdSuite peut planifier les publicit\u00e9s d\u00e9terminant les pages en termes de temps et d&rsquo;espace.<\/td>\n<\/tr>\n<tr>\n<td style=\"padding-right: 10px; vertical-align: middle;\"><img loading=\"lazy\" decoding=\"async\" style=\"vertical-align: middle;\" src=\"https:\/\/alfamedia.com\/wp-content\/uploads\/2025\/09\/dot-duotone-light-full.png\" alt=\"\" width=\"30\" height=\"30\" \/><\/td>\n<td style=\"padding-bottom: 10px;\"><strong>Int\u00e9gration avec la production \u00e9ditoriale et la production de pages : <\/strong>Gr\u00e2ce \u00e0 une int\u00e9gration pouss\u00e9e avec les syst\u00e8mes \u00e9ditoriaux et publicitaires alfa, les modifications peuvent \u00eatre apport\u00e9es rapidement et des interfaces suppl\u00e9mentaires peuvent \u00e9galement \u00eatre mises en \u0153uvre.<\/td>\n<\/tr>\n<\/tbody>\n<\/table>\n","protected":false},"excerpt":{"rendered":"<p>ProductPlanner est le module central pour une planification et une production efficaces des journaux, tant au format papier qu&rsquo;au format ePaper.<\/p>\n","protected":false},"author":2,"featured_media":10372,"parent":2568,"menu_order":46,"comment_status":"closed","ping_status":"closed","template":"","meta":{"_acf_changed":false,"inline_featured_image":false,"footnotes":""},"class_list":["post-2573","page","type-page","status-publish","has-post-thumbnail","hentry"],"acf":[],"yoast_head":"<title>ProductPlanner &#8226; alfa Media Partner GmbH<\/title>\n<meta name=\"description\" content=\"ProductPlanner est le module central pour une planification et une production efficaces des journaux, tant au format papier qu&#039;au format ePaper.\" \/>\n<meta name=\"robots\" content=\"index, follow, max-snippet:-1, max-image-preview:large, max-video-preview:-1\" \/>\n<link rel=\"canonical\" href=\"https:\/\/alfamedia.com\/fr\/solutions\/planning-et-controle-de-production\/productplanner\/\" \/>\n<meta property=\"og:locale\" content=\"fr_FR\" \/>\n<meta property=\"og:type\" content=\"article\" \/>\n<meta property=\"og:title\" content=\"ProductPlanner &#8226; alfa Media Partner GmbH\" \/>\n<meta property=\"og:description\" content=\"ProductPlanner est le module central pour une planification et une production efficaces des journaux, tant au format papier qu&#039;au format ePaper.\" \/>\n<meta property=\"og:url\" content=\"https:\/\/alfamedia.com\/fr\/solutions\/planning-et-controle-de-production\/productplanner\/\" \/>\n<meta property=\"og:site_name\" content=\"alfa Media Partner GmbH\" \/>\n<meta property=\"article:modified_time\" content=\"2025-12-16T07:35:57+00:00\" \/>\n<meta property=\"og:image\" content=\"https:\/\/alfamedia.com\/wp-content\/uploads\/2025\/09\/header-blau-01-wave.png\" \/>\n\t<meta property=\"og:image:width\" content=\"1920\" \/>\n\t<meta property=\"og:image:height\" content=\"600\" \/>\n\t<meta property=\"og:image:type\" content=\"image\/png\" \/>\n<meta name=\"twitter:card\" content=\"summary_large_image\" \/>\n<meta name=\"twitter:label1\" content=\"Dur\u00e9e de lecture estim\u00e9e\" \/>\n\t<meta name=\"twitter:data1\" content=\"5 minutes\" \/>","yoast_head_json":{"title":"ProductPlanner &#8226; alfa Media Partner GmbH","description":"ProductPlanner est le module central pour une planification et une production efficaces des journaux, tant au format papier qu'au format ePaper.","robots":{"index":"index","follow":"follow","max-snippet":"max-snippet:-1","max-image-preview":"max-image-preview:large","max-video-preview":"max-video-preview:-1"},"canonical":"https:\/\/alfamedia.com\/fr\/solutions\/planning-et-controle-de-production\/productplanner\/","og_locale":"fr_FR","og_type":"article","og_title":"ProductPlanner &#8226; alfa Media Partner GmbH","og_description":"ProductPlanner est le module central pour une planification et une production efficaces des journaux, tant au format papier qu'au format ePaper.","og_url":"https:\/\/alfamedia.com\/fr\/solutions\/planning-et-controle-de-production\/productplanner\/","og_site_name":"alfa Media Partner GmbH","article_modified_time":"2025-12-16T07:35:57+00:00","og_image":[{"width":1920,"height":600,"url":"https:\/\/alfamedia.com\/wp-content\/uploads\/2025\/09\/header-blau-01-wave.png","type":"image\/png"}],"twitter_card":"summary_large_image","twitter_misc":{"Dur\u00e9e de lecture estim\u00e9e":"5 minutes"},"schema":{"@context":"https:\/\/schema.org","@graph":[{"@type":"WebPage","@id":"https:\/\/alfamedia.com\/fr\/solutions\/planning-et-controle-de-production\/productplanner\/","url":"https:\/\/alfamedia.com\/fr\/solutions\/planning-et-controle-de-production\/productplanner\/","name":"ProductPlanner &#8226; alfa Media Partner GmbH","isPartOf":{"@id":"https:\/\/alfamedia.com\/fr\/#website"},"primaryImageOfPage":{"@id":"https:\/\/alfamedia.com\/fr\/solutions\/planning-et-controle-de-production\/productplanner\/#primaryimage"},"image":{"@id":"https:\/\/alfamedia.com\/fr\/solutions\/planning-et-controle-de-production\/productplanner\/#primaryimage"},"thumbnailUrl":"https:\/\/alfamedia.com\/wp-content\/uploads\/2025\/09\/header-blau-01-wave.png","datePublished":"2020-01-29T09:24:56+00:00","dateModified":"2025-12-16T07:35:57+00:00","description":"ProductPlanner est le module central pour une planification et une production efficaces des journaux, tant au format papier qu'au format ePaper.","breadcrumb":{"@id":"https:\/\/alfamedia.com\/fr\/solutions\/planning-et-controle-de-production\/productplanner\/#breadcrumb"},"inLanguage":"fr-FR","potentialAction":[{"@type":"ReadAction","target":["https:\/\/alfamedia.com\/fr\/solutions\/planning-et-controle-de-production\/productplanner\/"]}]},{"@type":"ImageObject","inLanguage":"fr-FR","@id":"https:\/\/alfamedia.com\/fr\/solutions\/planning-et-controle-de-production\/productplanner\/#primaryimage","url":"https:\/\/alfamedia.com\/wp-content\/uploads\/2025\/09\/header-blau-01-wave.png","contentUrl":"https:\/\/alfamedia.com\/wp-content\/uploads\/2025\/09\/header-blau-01-wave.png","width":1920,"height":600},{"@type":"BreadcrumbList","@id":"https:\/\/alfamedia.com\/fr\/solutions\/planning-et-controle-de-production\/productplanner\/#breadcrumb","itemListElement":[{"@type":"ListItem","position":1,"name":"Start","item":"https:\/\/alfamedia.com\/fr\/"},{"@type":"ListItem","position":2,"name":"Solutions","item":"https:\/\/alfamedia.com\/fr\/solutions\/"},{"@type":"ListItem","position":3,"name":"Planning et Contr\u00f4le de production","item":"https:\/\/alfamedia.com\/fr\/solutions\/planning-et-controle-de-production\/"},{"@type":"ListItem","position":4,"name":"ProductPlanner"}]},{"@type":"WebSite","@id":"https:\/\/alfamedia.com\/fr\/#website","url":"https:\/\/alfamedia.com\/fr\/","name":"alfa Media Partner GmbH","description":"Software-L\u00f6sungen f\u00fcr Medienh\u00e4user und Verlage","potentialAction":[{"@type":"SearchAction","target":{"@type":"EntryPoint","urlTemplate":"https:\/\/alfamedia.com\/fr\/?s={search_term_string}"},"query-input":{"@type":"PropertyValueSpecification","valueRequired":true,"valueName":"search_term_string"}}],"inLanguage":"fr-FR"}]}},"_links":{"self":[{"href":"https:\/\/alfamedia.com\/fr\/wp-json\/wp\/v2\/pages\/2573","targetHints":{"allow":["GET"]}}],"collection":[{"href":"https:\/\/alfamedia.com\/fr\/wp-json\/wp\/v2\/pages"}],"about":[{"href":"https:\/\/alfamedia.com\/fr\/wp-json\/wp\/v2\/types\/page"}],"author":[{"embeddable":true,"href":"https:\/\/alfamedia.com\/fr\/wp-json\/wp\/v2\/users\/2"}],"replies":[{"embeddable":true,"href":"https:\/\/alfamedia.com\/fr\/wp-json\/wp\/v2\/comments?post=2573"}],"version-history":[{"count":3,"href":"https:\/\/alfamedia.com\/fr\/wp-json\/wp\/v2\/pages\/2573\/revisions"}],"predecessor-version":[{"id":10691,"href":"https:\/\/alfamedia.com\/fr\/wp-json\/wp\/v2\/pages\/2573\/revisions\/10691"}],"up":[{"embeddable":true,"href":"https:\/\/alfamedia.com\/fr\/wp-json\/wp\/v2\/pages\/2568"}],"wp:featuredmedia":[{"embeddable":true,"href":"https:\/\/alfamedia.com\/fr\/wp-json\/wp\/v2\/media\/10372"}],"wp:attachment":[{"href":"https:\/\/alfamedia.com\/fr\/wp-json\/wp\/v2\/media?parent=2573"}],"curies":[{"name":"wp","href":"https:\/\/api.w.org\/{rel}","templated":true}]}}