{"id":2570,"date":"2020-01-29T10:22:47","date_gmt":"2020-01-29T09:22:47","guid":{"rendered":"https:\/\/alfamedia.com\/?page_id=2570"},"modified":"2025-12-16T08:29:48","modified_gmt":"2025-12-16T07:29:48","slug":"adpagination","status":"publish","type":"page","link":"https:\/\/alfamedia.com\/fr\/solutions\/planning-et-controle-de-production\/adpagination\/","title":{"rendered":"AdPagination"},"content":{"rendered":"<p><strong><span style=\"color: #29a8c9;\">AdPagination permet aux utilisateurs d&rsquo;acc\u00e9der directement au calendrier actuel des publications et au mat\u00e9riel publicitaire disponible.<\/span><\/strong><\/p>\n<p>Dans le contexte actuel de baisse des volumes publicitaires, il est essentiel de traiter rapidement et de mani\u00e8re fiable les mises en page publicitaires et de pr\u00e9senter clairement toutes les informations n\u00e9cessaires \u00e0 l&rsquo;utilisateur. L&rsquo;int\u00e9gration avec la planification des produits, la gestion des publicit\u00e9s et la production des pages vous permet de remplir efficacement vos pages.<\/p>\n<p><img loading=\"lazy\" decoding=\"async\" class=\"size-full wp-image-10674 aligncenter\" src=\"https:\/\/alfamedia.com\/wp-content\/uploads\/2025\/12\/AdPagination.jpg\" alt=\"\" width=\"800\" height=\"573\" srcset=\"https:\/\/alfamedia.com\/wp-content\/uploads\/2025\/12\/AdPagination.jpg 800w, https:\/\/alfamedia.com\/wp-content\/uploads\/2025\/12\/AdPagination-300x215.jpg 300w, https:\/\/alfamedia.com\/wp-content\/uploads\/2025\/12\/AdPagination-660x473.jpg 660w\" sizes=\"auto, (max-width: 800px) 100vw, 800px\" \/><\/p>\n<p><a href=\"https:\/\/alfamedia.com\/wp-content\/uploads\/2025\/09\/arrow-right-long-to-line-duotone-solid-full.svg\"><img loading=\"lazy\" decoding=\"async\" class=\"wp-image-10335 alignleft\" src=\"https:\/\/alfamedia.com\/wp-content\/uploads\/2025\/09\/arrow-right-long-to-line-duotone-solid-full.svg\" alt=\"\" width=\"61\" height=\"61\" \/><\/a>La production des pages doit toujours \u00eatre fiable et rapide. AdPagination garantit que le mat\u00e9riel publicitaire est r\u00e9parti sur l&rsquo;espace disponible dans le cadre d&rsquo;un processus largement automatis\u00e9, conform\u00e9ment aux r\u00e8gles et r\u00e9glementations sp\u00e9cifiques \u00e0 l&rsquo;\u00e9diteur. Cela garantit que les publicit\u00e9s sont plac\u00e9es de mani\u00e8re compl\u00e8te et \u00e0 jour. L&rsquo;int\u00e9gration avec la planification et la production garantit que les pages sont automatiquement int\u00e9gr\u00e9es dans le flux de travail d&rsquo;impression.<\/p>\n<p>&nbsp;<\/p>\n<h3>Highlights<\/h3>\n<table style=\"margin-left: 0px;\">\n<tbody>\n<tr>\n<td style=\"padding-right: 10px; vertical-align: middle;\"><img loading=\"lazy\" decoding=\"async\" style=\"vertical-align: middle;\" src=\"https:\/\/alfamedia.com\/wp-content\/uploads\/2025\/09\/dot-duotone-light-full.png\" alt=\"\" width=\"30\" height=\"30\" \/><\/td>\n<td style=\"padding-bottom: 10px;\"><strong>Int\u00e9gration parfaite : <\/strong>AdPagination s&rsquo;int\u00e8gre parfaitement dans la cha\u00eene de production OpenMedia, car il fonctionne sur la m\u00eame base de donn\u00e9es que la planification des produits, la gestion des annonces et la r\u00e9daction.<\/td>\n<\/tr>\n<tr>\n<td style=\"padding-right: 10px; vertical-align: middle;\"><img loading=\"lazy\" decoding=\"async\" style=\"vertical-align: middle;\" src=\"https:\/\/alfamedia.com\/wp-content\/uploads\/2025\/09\/dot-duotone-light-full.png\" alt=\"\" width=\"30\" height=\"30\" \/><\/td>\n<td style=\"padding-bottom: 10px;\"><strong>Pagination automatis\u00e9e : <\/strong>Id\u00e9alement, un simple clic de souris suffit pour paginer n&rsquo;importe quel nombre d&rsquo;annonces sur n&rsquo;importe quel nombre de pages. AdPagination s&rsquo;occupe automatiquement de l&rsquo;espacement, des lignes de s\u00e9paration et des en-t\u00eates de section.<\/td>\n<\/tr>\n<tr>\n<td style=\"padding-right: 10px; vertical-align: middle;\"><img loading=\"lazy\" decoding=\"async\" style=\"vertical-align: middle;\" src=\"https:\/\/alfamedia.com\/wp-content\/uploads\/2025\/09\/dot-duotone-light-full.png\" alt=\"\" width=\"30\" height=\"30\" \/><\/td>\n<td style=\"padding-bottom: 10px;\"><strong>Proc\u00e9dure automatique ou manuelle : <\/strong>les r\u00e8gles d&rsquo;AdPagination automatisent la pagination, mais permettent \u00e9galement une intervention manuelle dans la pagination \u00e0 n&rsquo;importe quel niveau.<\/td>\n<\/tr>\n<tr>\n<td style=\"padding-right: 10px; vertical-align: middle;\"><img loading=\"lazy\" decoding=\"async\" style=\"vertical-align: middle;\" src=\"https:\/\/alfamedia.com\/wp-content\/uploads\/2025\/09\/dot-duotone-light-full.png\" alt=\"\" width=\"30\" height=\"30\" \/><\/td>\n<td style=\"padding-bottom: 10px;\"><strong>Contr\u00f4le du mat\u00e9riel publicitaire : <\/strong>les utilisateurs d&rsquo;AdPagination savent toujours exactement quelle quantit\u00e9 de mat\u00e9riel publicitaire a d\u00e9j\u00e0 \u00e9t\u00e9 utilis\u00e9e.<\/td>\n<\/tr>\n<\/tbody>\n<\/table>\n","protected":false},"excerpt":{"rendered":"<p>AdPagination facilite la production des journaux : une planification publicitaire efficace pour des \u00e9ditions parfaites.<\/p>\n","protected":false},"author":2,"featured_media":10372,"parent":2568,"menu_order":20,"comment_status":"closed","ping_status":"closed","template":"","meta":{"_acf_changed":false,"inline_featured_image":false,"footnotes":""},"class_list":["post-2570","page","type-page","status-publish","has-post-thumbnail","hentry"],"acf":[],"yoast_head":"<title>AdPagination &#8226; alfa Media Partner GmbH<\/title>\n<meta name=\"description\" content=\"AdPagination facilite la production des journaux : une planification publicitaire efficace pour des \u00e9ditions parfaites.\" \/>\n<meta name=\"robots\" content=\"index, follow, max-snippet:-1, max-image-preview:large, max-video-preview:-1\" \/>\n<link rel=\"canonical\" href=\"https:\/\/alfamedia.com\/fr\/solutions\/planning-et-controle-de-production\/adpagination\/\" \/>\n<meta property=\"og:locale\" content=\"fr_FR\" \/>\n<meta property=\"og:type\" content=\"article\" \/>\n<meta property=\"og:title\" content=\"AdPagination &#8226; alfa Media Partner GmbH\" \/>\n<meta property=\"og:description\" content=\"AdPagination facilite la production des journaux : une planification publicitaire efficace pour des \u00e9ditions parfaites.\" \/>\n<meta property=\"og:url\" content=\"https:\/\/alfamedia.com\/fr\/solutions\/planning-et-controle-de-production\/adpagination\/\" \/>\n<meta property=\"og:site_name\" content=\"alfa Media Partner GmbH\" \/>\n<meta property=\"article:modified_time\" content=\"2025-12-16T07:29:48+00:00\" \/>\n<meta property=\"og:image\" content=\"https:\/\/alfamedia.com\/wp-content\/uploads\/2025\/09\/header-blau-01-wave.png\" \/>\n\t<meta property=\"og:image:width\" content=\"1920\" \/>\n\t<meta property=\"og:image:height\" content=\"600\" \/>\n\t<meta property=\"og:image:type\" content=\"image\/png\" \/>\n<meta name=\"twitter:card\" content=\"summary_large_image\" \/>\n<meta name=\"twitter:label1\" content=\"Dur\u00e9e de lecture estim\u00e9e\" \/>\n\t<meta name=\"twitter:data1\" content=\"3 minutes\" \/>","yoast_head_json":{"title":"AdPagination &#8226; alfa Media Partner GmbH","description":"AdPagination facilite la production des journaux : une planification publicitaire efficace pour des \u00e9ditions parfaites.","robots":{"index":"index","follow":"follow","max-snippet":"max-snippet:-1","max-image-preview":"max-image-preview:large","max-video-preview":"max-video-preview:-1"},"canonical":"https:\/\/alfamedia.com\/fr\/solutions\/planning-et-controle-de-production\/adpagination\/","og_locale":"fr_FR","og_type":"article","og_title":"AdPagination &#8226; alfa Media Partner GmbH","og_description":"AdPagination facilite la production des journaux : une planification publicitaire efficace pour des \u00e9ditions parfaites.","og_url":"https:\/\/alfamedia.com\/fr\/solutions\/planning-et-controle-de-production\/adpagination\/","og_site_name":"alfa Media Partner GmbH","article_modified_time":"2025-12-16T07:29:48+00:00","og_image":[{"width":1920,"height":600,"url":"https:\/\/alfamedia.com\/wp-content\/uploads\/2025\/09\/header-blau-01-wave.png","type":"image\/png"}],"twitter_card":"summary_large_image","twitter_misc":{"Dur\u00e9e de lecture estim\u00e9e":"3 minutes"},"schema":{"@context":"https:\/\/schema.org","@graph":[{"@type":"WebPage","@id":"https:\/\/alfamedia.com\/fr\/solutions\/planning-et-controle-de-production\/adpagination\/","url":"https:\/\/alfamedia.com\/fr\/solutions\/planning-et-controle-de-production\/adpagination\/","name":"AdPagination &#8226; alfa Media Partner GmbH","isPartOf":{"@id":"https:\/\/alfamedia.com\/fr\/#website"},"primaryImageOfPage":{"@id":"https:\/\/alfamedia.com\/fr\/solutions\/planning-et-controle-de-production\/adpagination\/#primaryimage"},"image":{"@id":"https:\/\/alfamedia.com\/fr\/solutions\/planning-et-controle-de-production\/adpagination\/#primaryimage"},"thumbnailUrl":"https:\/\/alfamedia.com\/wp-content\/uploads\/2025\/09\/header-blau-01-wave.png","datePublished":"2020-01-29T09:22:47+00:00","dateModified":"2025-12-16T07:29:48+00:00","description":"AdPagination facilite la production des journaux : une planification publicitaire efficace pour des \u00e9ditions parfaites.","breadcrumb":{"@id":"https:\/\/alfamedia.com\/fr\/solutions\/planning-et-controle-de-production\/adpagination\/#breadcrumb"},"inLanguage":"fr-FR","potentialAction":[{"@type":"ReadAction","target":["https:\/\/alfamedia.com\/fr\/solutions\/planning-et-controle-de-production\/adpagination\/"]}]},{"@type":"ImageObject","inLanguage":"fr-FR","@id":"https:\/\/alfamedia.com\/fr\/solutions\/planning-et-controle-de-production\/adpagination\/#primaryimage","url":"https:\/\/alfamedia.com\/wp-content\/uploads\/2025\/09\/header-blau-01-wave.png","contentUrl":"https:\/\/alfamedia.com\/wp-content\/uploads\/2025\/09\/header-blau-01-wave.png","width":1920,"height":600},{"@type":"BreadcrumbList","@id":"https:\/\/alfamedia.com\/fr\/solutions\/planning-et-controle-de-production\/adpagination\/#breadcrumb","itemListElement":[{"@type":"ListItem","position":1,"name":"Start","item":"https:\/\/alfamedia.com\/fr\/"},{"@type":"ListItem","position":2,"name":"Solutions","item":"https:\/\/alfamedia.com\/fr\/solutions\/"},{"@type":"ListItem","position":3,"name":"Planning et Contr\u00f4le de production","item":"https:\/\/alfamedia.com\/fr\/solutions\/planning-et-controle-de-production\/"},{"@type":"ListItem","position":4,"name":"AdPagination"}]},{"@type":"WebSite","@id":"https:\/\/alfamedia.com\/fr\/#website","url":"https:\/\/alfamedia.com\/fr\/","name":"alfa Media Partner GmbH","description":"Software-L\u00f6sungen f\u00fcr Medienh\u00e4user und Verlage","potentialAction":[{"@type":"SearchAction","target":{"@type":"EntryPoint","urlTemplate":"https:\/\/alfamedia.com\/fr\/?s={search_term_string}"},"query-input":{"@type":"PropertyValueSpecification","valueRequired":true,"valueName":"search_term_string"}}],"inLanguage":"fr-FR"}]}},"_links":{"self":[{"href":"https:\/\/alfamedia.com\/fr\/wp-json\/wp\/v2\/pages\/2570","targetHints":{"allow":["GET"]}}],"collection":[{"href":"https:\/\/alfamedia.com\/fr\/wp-json\/wp\/v2\/pages"}],"about":[{"href":"https:\/\/alfamedia.com\/fr\/wp-json\/wp\/v2\/types\/page"}],"author":[{"embeddable":true,"href":"https:\/\/alfamedia.com\/fr\/wp-json\/wp\/v2\/users\/2"}],"replies":[{"embeddable":true,"href":"https:\/\/alfamedia.com\/fr\/wp-json\/wp\/v2\/comments?post=2570"}],"version-history":[{"count":3,"href":"https:\/\/alfamedia.com\/fr\/wp-json\/wp\/v2\/pages\/2570\/revisions"}],"predecessor-version":[{"id":10679,"href":"https:\/\/alfamedia.com\/fr\/wp-json\/wp\/v2\/pages\/2570\/revisions\/10679"}],"up":[{"embeddable":true,"href":"https:\/\/alfamedia.com\/fr\/wp-json\/wp\/v2\/pages\/2568"}],"wp:featuredmedia":[{"embeddable":true,"href":"https:\/\/alfamedia.com\/fr\/wp-json\/wp\/v2\/media\/10372"}],"wp:attachment":[{"href":"https:\/\/alfamedia.com\/fr\/wp-json\/wp\/v2\/media?parent=2570"}],"curies":[{"name":"wp","href":"https:\/\/api.w.org\/{rel}","templated":true}]}}