{"id":2568,"date":"2020-01-29T10:20:07","date_gmt":"2020-01-29T09:20:07","guid":{"rendered":"https:\/\/alfamedia.com\/?page_id=2568"},"modified":"2026-01-12T15:47:52","modified_gmt":"2026-01-12T14:47:52","slug":"planning-et-controle-de-production","status":"publish","type":"page","link":"https:\/\/alfamedia.com\/fr\/solutions\/planning-et-controle-de-production\/","title":{"rendered":"Planning et Contr\u00f4le de production"},"content":{"rendered":"<p>Avec <strong>alfa ProductionLine<\/strong>, vous avez toujours votre production en vue : nous vous proposons des outils modernes pour la planification des pages, le suivi de production et le contr\u00f4le des sorties, qui r\u00e9pondent \u00e0 vos exigences et garantissent en m\u00eame temps la s\u00e9curit\u00e9 de votre production.<\/p>\n","protected":false},"excerpt":{"rendered":"<p>Planification claire de structures de produits complexes et automatisation quasi compl\u00e8te du flux de travail.<\/p>\n","protected":false},"author":2,"featured_media":2289,"parent":2510,"menu_order":61,"comment_status":"closed","ping_status":"closed","template":"","meta":{"_acf_changed":false,"inline_featured_image":false,"footnotes":""},"class_list":["post-2568","page","type-page","status-publish","has-post-thumbnail","hentry"],"acf":[],"yoast_head":"<title>Planning et Contr\u00f4le de production &#8226; alfa Media Partner GmbH<\/title>\n<meta name=\"robots\" content=\"index, follow, max-snippet:-1, max-image-preview:large, max-video-preview:-1\" \/>\n<link rel=\"canonical\" href=\"https:\/\/alfamedia.com\/fr\/solutions\/planning-et-controle-de-production\/\" \/>\n<meta property=\"og:locale\" content=\"fr_FR\" \/>\n<meta property=\"og:type\" content=\"article\" \/>\n<meta property=\"og:title\" content=\"Planning et Contr\u00f4le de production &#8226; alfa Media Partner GmbH\" \/>\n<meta property=\"og:description\" content=\"Planification claire de structures de produits complexes et automatisation quasi compl\u00e8te du flux de travail.\" \/>\n<meta property=\"og:url\" content=\"https:\/\/alfamedia.com\/fr\/solutions\/planning-et-controle-de-production\/\" \/>\n<meta property=\"og:site_name\" content=\"alfa Media Partner GmbH\" \/>\n<meta property=\"article:modified_time\" content=\"2026-01-12T14:47:52+00:00\" \/>\n<meta property=\"og:image\" content=\"https:\/\/alfamedia.com\/wp-content\/uploads\/2019\/11\/hal-gatewood-tZc3vjPCk-Q-unsplash-1024x683.jpg\" \/>\n\t<meta property=\"og:image:width\" content=\"1024\" \/>\n\t<meta property=\"og:image:height\" content=\"683\" \/>\n\t<meta property=\"og:image:type\" content=\"image\/jpeg\" \/>\n<meta name=\"twitter:card\" content=\"summary_large_image\" \/>\n<meta name=\"twitter:label1\" content=\"Dur\u00e9e de lecture estim\u00e9e\" \/>\n\t<meta name=\"twitter:data1\" content=\"1 minute\" \/>","yoast_head_json":{"title":"Planning et Contr\u00f4le de production &#8226; alfa Media Partner GmbH","robots":{"index":"index","follow":"follow","max-snippet":"max-snippet:-1","max-image-preview":"max-image-preview:large","max-video-preview":"max-video-preview:-1"},"canonical":"https:\/\/alfamedia.com\/fr\/solutions\/planning-et-controle-de-production\/","og_locale":"fr_FR","og_type":"article","og_title":"Planning et Contr\u00f4le de production &#8226; alfa Media Partner GmbH","og_description":"Planification claire de structures de produits complexes et automatisation quasi compl\u00e8te du flux de travail.","og_url":"https:\/\/alfamedia.com\/fr\/solutions\/planning-et-controle-de-production\/","og_site_name":"alfa Media Partner GmbH","article_modified_time":"2026-01-12T14:47:52+00:00","og_image":[{"width":1024,"height":683,"url":"https:\/\/alfamedia.com\/wp-content\/uploads\/2019\/11\/hal-gatewood-tZc3vjPCk-Q-unsplash-1024x683.jpg","type":"image\/jpeg"}],"twitter_card":"summary_large_image","twitter_misc":{"Dur\u00e9e de lecture estim\u00e9e":"1 minute"},"schema":{"@context":"https:\/\/schema.org","@graph":[{"@type":"WebPage","@id":"https:\/\/alfamedia.com\/fr\/solutions\/planning-et-controle-de-production\/","url":"https:\/\/alfamedia.com\/fr\/solutions\/planning-et-controle-de-production\/","name":"Planning et Contr\u00f4le de production &#8226; alfa Media Partner GmbH","isPartOf":{"@id":"https:\/\/alfamedia.com\/fr\/#website"},"primaryImageOfPage":{"@id":"https:\/\/alfamedia.com\/fr\/solutions\/planning-et-controle-de-production\/#primaryimage"},"image":{"@id":"https:\/\/alfamedia.com\/fr\/solutions\/planning-et-controle-de-production\/#primaryimage"},"thumbnailUrl":"https:\/\/alfamedia.com\/wp-content\/uploads\/2019\/11\/hal-gatewood-tZc3vjPCk-Q-unsplash.jpg","datePublished":"2020-01-29T09:20:07+00:00","dateModified":"2026-01-12T14:47:52+00:00","breadcrumb":{"@id":"https:\/\/alfamedia.com\/fr\/solutions\/planning-et-controle-de-production\/#breadcrumb"},"inLanguage":"fr-FR","potentialAction":[{"@type":"ReadAction","target":["https:\/\/alfamedia.com\/fr\/solutions\/planning-et-controle-de-production\/"]}]},{"@type":"ImageObject","inLanguage":"fr-FR","@id":"https:\/\/alfamedia.com\/fr\/solutions\/planning-et-controle-de-production\/#primaryimage","url":"https:\/\/alfamedia.com\/wp-content\/uploads\/2019\/11\/hal-gatewood-tZc3vjPCk-Q-unsplash.jpg","contentUrl":"https:\/\/alfamedia.com\/wp-content\/uploads\/2019\/11\/hal-gatewood-tZc3vjPCk-Q-unsplash.jpg","width":5184,"height":3456},{"@type":"BreadcrumbList","@id":"https:\/\/alfamedia.com\/fr\/solutions\/planning-et-controle-de-production\/#breadcrumb","itemListElement":[{"@type":"ListItem","position":1,"name":"Start","item":"https:\/\/alfamedia.com\/fr\/"},{"@type":"ListItem","position":2,"name":"Solutions","item":"https:\/\/alfamedia.com\/fr\/solutions\/"},{"@type":"ListItem","position":3,"name":"Planning et Contr\u00f4le de production"}]},{"@type":"WebSite","@id":"https:\/\/alfamedia.com\/fr\/#website","url":"https:\/\/alfamedia.com\/fr\/","name":"alfa Media Partner GmbH","description":"Software-L\u00f6sungen f\u00fcr Medienh\u00e4user und Verlage","potentialAction":[{"@type":"SearchAction","target":{"@type":"EntryPoint","urlTemplate":"https:\/\/alfamedia.com\/fr\/?s={search_term_string}"},"query-input":{"@type":"PropertyValueSpecification","valueRequired":true,"valueName":"search_term_string"}}],"inLanguage":"fr-FR"}]}},"_links":{"self":[{"href":"https:\/\/alfamedia.com\/fr\/wp-json\/wp\/v2\/pages\/2568","targetHints":{"allow":["GET"]}}],"collection":[{"href":"https:\/\/alfamedia.com\/fr\/wp-json\/wp\/v2\/pages"}],"about":[{"href":"https:\/\/alfamedia.com\/fr\/wp-json\/wp\/v2\/types\/page"}],"author":[{"embeddable":true,"href":"https:\/\/alfamedia.com\/fr\/wp-json\/wp\/v2\/users\/2"}],"replies":[{"embeddable":true,"href":"https:\/\/alfamedia.com\/fr\/wp-json\/wp\/v2\/comments?post=2568"}],"version-history":[{"count":1,"href":"https:\/\/alfamedia.com\/fr\/wp-json\/wp\/v2\/pages\/2568\/revisions"}],"predecessor-version":[{"id":10705,"href":"https:\/\/alfamedia.com\/fr\/wp-json\/wp\/v2\/pages\/2568\/revisions\/10705"}],"up":[{"embeddable":true,"href":"https:\/\/alfamedia.com\/fr\/wp-json\/wp\/v2\/pages\/2510"}],"wp:featuredmedia":[{"embeddable":true,"href":"https:\/\/alfamedia.com\/fr\/wp-json\/wp\/v2\/media\/2289"}],"wp:attachment":[{"href":"https:\/\/alfamedia.com\/fr\/wp-json\/wp\/v2\/media?parent=2568"}],"curies":[{"name":"wp","href":"https:\/\/api.w.org\/{rel}","templated":true}]}}