{"id":2559,"date":"2020-01-29T10:13:23","date_gmt":"2020-01-29T09:13:23","guid":{"rendered":"https:\/\/alfamedia.com\/?page_id=2559"},"modified":"2025-09-24T13:01:09","modified_gmt":"2025-09-24T11:01:09","slug":"createx","status":"publish","type":"page","link":"https:\/\/alfamedia.com\/fr\/solutions\/commerce-et-publicite\/createx\/","title":{"rendered":"CreateX"},"content":{"rendered":"<p><strong><span style=\"color: #29a8c9;\">Dans le monde de l&rsquo;\u00e9dition, l&rsquo;efficacit\u00e9 est plus cruciale que jamais. De nombreux \u00e9diteurs et entreprises m\u00e9diatiques font donc appel \u00e0 des prestataires externes pour la composition. Gr\u00e2ce \u00e0 notre solution innovante CreateX, nous proposons un lien centralis\u00e9 qui s&rsquo;int\u00e8gre parfaitement \u00e0 votre structure \u00e9ditoriale existante.<\/span><\/strong><\/p>\n<p>D\u00e9velopp\u00e9 en mettant l&rsquo;accent sur nos modules alfa \u00e9prouv\u00e9s, CreateX optimise la communication et la collaboration entre vous et vos prestataires de services de composition. Que vous souhaitiez optimiser la gestion des t\u00e2ches de composition ou l&rsquo;\u00e9change de donn\u00e9es, CreateX est l&rsquo;outil id\u00e9al pour augmenter votre productivit\u00e9 et simplifier votre flux de travail.<\/p>\n<p><img loading=\"lazy\" decoding=\"async\" class=\"alignnone wp-image-10437 size-full\" src=\"https:\/\/alfamedia.com\/wp-content\/uploads\/2025\/09\/CreateX.jpg\" alt=\"\" width=\"800\" height=\"585\" srcset=\"https:\/\/alfamedia.com\/wp-content\/uploads\/2025\/09\/CreateX.jpg 800w, https:\/\/alfamedia.com\/wp-content\/uploads\/2025\/09\/CreateX-300x219.jpg 300w, https:\/\/alfamedia.com\/wp-content\/uploads\/2025\/09\/CreateX-660x483.jpg 660w\" sizes=\"auto, (max-width: 800px) 100vw, 800px\" \/><\/p>\n<p><a href=\"https:\/\/alfamedia.com\/wp-content\/uploads\/2025\/09\/arrow-right-long-to-line-duotone-solid-full.svg\"><img loading=\"lazy\" decoding=\"async\" class=\"wp-image-10335 alignleft\" src=\"https:\/\/alfamedia.com\/wp-content\/uploads\/2025\/09\/arrow-right-long-to-line-duotone-solid-full.svg\" alt=\"\" width=\"61\" height=\"61\" \/><\/a><\/p>\n<p>Vous en avez assez de perdre de vue les t\u00e2ches de composition urgentes ? Vous manquez d&rsquo;outils fiables pour g\u00e9rer la souverainet\u00e9 de vos donn\u00e9es ? CreateX d&rsquo;alfamedia vous offre la transparence et la flexibilit\u00e9 dont vous avez besoin pour g\u00e9rer efficacement vos projets de composition. Notre solution permet \u00e0 votre \u00e9quipe et \u00e0 vos prestataires de services de composition de gagner un temps pr\u00e9cieux et de travailler ensemble en toute harmonie. Gr\u00e2ce \u00e0 la gestion centralis\u00e9e et \u00e0 l&rsquo;\u00e9change facile des donn\u00e9es de conception, vous gardez toujours le contr\u00f4le : du d\u00e9lai de livraison aux boucles de correction sp\u00e9cifiques, tout reste entre vos mains.<\/p>\n<p>&nbsp;<\/p>\n<h3>Points forts<\/h3>\n<table style=\"margin-left: 0px;\">\n<tbody>\n<tr>\n<td style=\"padding-right: 10px; vertical-align: middle;\"><img loading=\"lazy\" decoding=\"async\" style=\"vertical-align: middle;\" src=\"https:\/\/alfamedia.com\/wp-content\/uploads\/2025\/09\/dot-duotone-light-full.png\" alt=\"\" width=\"30\" height=\"30\" \/><\/td>\n<td style=\"padding-bottom: 10px;\"><strong>Int\u00e9gration transparente : <\/strong>adaptation des prestataires de services de composition \u00e0 votre structure \u00e9ditoriale, y compris la visibilit\u00e9 de vos d\u00e9lais de livraison.<\/td>\n<\/tr>\n<tr>\n<td style=\"padding-right: 10px; vertical-align: middle;\"><img loading=\"lazy\" decoding=\"async\" style=\"vertical-align: middle;\" src=\"https:\/\/alfamedia.com\/wp-content\/uploads\/2025\/09\/dot-duotone-light-full.png\" alt=\"\" width=\"30\" height=\"30\" \/><\/td>\n<td style=\"padding-bottom: 10px;\"><strong>Contr\u00f4le total des donn\u00e9es : <\/strong>vous d\u00e9cidez qui a acc\u00e8s \u00e0 vos pr\u00e9cieuses donn\u00e9es. Toutes les donn\u00e9es de conception restent stock\u00e9es en toute s\u00e9curit\u00e9 dans AdSuite.<\/td>\n<\/tr>\n<tr>\n<td style=\"padding-right: 10px; vertical-align: middle;\"><img loading=\"lazy\" decoding=\"async\" style=\"vertical-align: middle;\" src=\"https:\/\/alfamedia.com\/wp-content\/uploads\/2025\/09\/dot-duotone-light-full.png\" alt=\"\" width=\"30\" height=\"30\" \/><\/td>\n<td style=\"padding-bottom: 10px;\"><strong>Acc\u00e8s depuis n&rsquo;importe o\u00f9 : <\/strong>utilisez CreateX comme une application de navigateur sans installation locale pour une flexibilit\u00e9 et une accessibilit\u00e9 maximales.<\/td>\n<\/tr>\n<tr>\n<td style=\"padding-right: 10px; vertical-align: middle;\"><img loading=\"lazy\" decoding=\"async\" style=\"vertical-align: middle;\" src=\"https:\/\/alfamedia.com\/wp-content\/uploads\/2025\/09\/dot-duotone-light-full.png\" alt=\"\" width=\"30\" height=\"30\" \/><\/td>\n<td style=\"padding-bottom: 10px;\"><strong>Conception flexible : <\/strong>\u00e0 l&rsquo;aide d&rsquo;InDesign comme outil standard et d&rsquo;un plug-in sp\u00e9cial, CreateX con\u00e7oit vos processus de composition de mani\u00e8re efficace et ind\u00e9pendante du format.<\/td>\n<\/tr>\n<tr>\n<td style=\"padding-right: 10px; vertical-align: middle;\"><img loading=\"lazy\" decoding=\"async\" style=\"vertical-align: middle;\" src=\"https:\/\/alfamedia.com\/wp-content\/uploads\/2025\/09\/dot-duotone-light-full.png\" alt=\"\" width=\"30\" height=\"30\" \/><\/td>\n<td style=\"padding-bottom: 10px;\"><strong>R\u00e9partition facile des t\u00e2ches : <\/strong>les t\u00e2ches de composition peuvent \u00eatre facilement transf\u00e9r\u00e9es \u00e0 d&rsquo;autres studios de composition selon les besoins afin d&rsquo;\u00e9viter les goulots d&rsquo;\u00e9tranglement.<\/td>\n<\/tr>\n<tr>\n<td style=\"padding-right: 10px; vertical-align: middle;\"><img loading=\"lazy\" decoding=\"async\" style=\"vertical-align: middle;\" src=\"https:\/\/alfamedia.com\/wp-content\/uploads\/2025\/09\/dot-duotone-light-full.png\" alt=\"\" width=\"30\" height=\"30\" \/><\/td>\n<td style=\"padding-bottom: 10px;\"><strong>Rapports d\u00e9taill\u00e9s : <\/strong><a href=\"https:\/\/alfamedia.com\/fr\/solutions\/commerce-et-publicite\/adsuite-market\/\">AdSuite<\/a> vous fournit des rapports complets sur les services de composition r\u00e9alis\u00e9s, ce qui permet une facturation pr\u00e9cise.<\/td>\n<\/tr>\n<tr>\n<td style=\"padding-right: 10px; vertical-align: middle;\"><img loading=\"lazy\" decoding=\"async\" style=\"vertical-align: middle;\" src=\"https:\/\/alfamedia.com\/wp-content\/uploads\/2025\/09\/dot-duotone-light-full.png\" alt=\"\" width=\"30\" height=\"30\" \/><\/td>\n<td style=\"padding-bottom: 10px;\"><strong>Automatisation dans AdSuite : <\/strong>De la cr\u00e9ation au traitement ult\u00e9rieur, les processus du serveur de commandes prennent en charge vos t\u00e2ches routini\u00e8res afin que vous puissiez vous concentrer sur des aspects plus importants.<\/td>\n<\/tr>\n<\/tbody>\n<\/table>\n","protected":false},"excerpt":{"rendered":"<p>CreateX \u2013 Votre solution compl\u00e8te pour une collaboration fluide entre les \u00e9diteurs et les prestataires de services de composition. Gagnez en efficacit\u00e9 gr\u00e2ce \u00e0 une utilisation flexible du navigateur, un contr\u00f4le total des donn\u00e9es et des processus de composition automatis\u00e9s.<\/p>\n","protected":false},"author":2,"featured_media":10372,"parent":2544,"menu_order":109,"comment_status":"closed","ping_status":"closed","template":"","meta":{"_acf_changed":false,"inline_featured_image":false,"footnotes":""},"class_list":["post-2559","page","type-page","status-publish","has-post-thumbnail","hentry"],"acf":[],"yoast_head":"<title>CreateX &#8226; alfa Media Partner GmbH<\/title>\n<meta name=\"description\" content=\"Collaboration fluide entre les \u00e9diteurs et les prestataires de services de composition : gagnez en efficacit\u00e9 gr\u00e2ce \u00e0 une utilisation flexible du navigateur, un contr\u00f4le total des donn\u00e9es et des processus de composition automatis\u00e9s.\" \/>\n<meta name=\"robots\" content=\"index, follow, max-snippet:-1, max-image-preview:large, max-video-preview:-1\" \/>\n<link rel=\"canonical\" href=\"https:\/\/alfamedia.com\/fr\/solutions\/commerce-et-publicite\/createx\/\" \/>\n<meta property=\"og:locale\" content=\"fr_FR\" \/>\n<meta property=\"og:type\" content=\"article\" \/>\n<meta property=\"og:title\" content=\"CreateX &#8226; alfa Media Partner GmbH\" \/>\n<meta property=\"og:description\" content=\"Collaboration fluide entre les \u00e9diteurs et les prestataires de services de composition : gagnez en efficacit\u00e9 gr\u00e2ce \u00e0 une utilisation flexible du navigateur, un contr\u00f4le total des donn\u00e9es et des processus de composition automatis\u00e9s.\" \/>\n<meta property=\"og:url\" content=\"https:\/\/alfamedia.com\/fr\/solutions\/commerce-et-publicite\/createx\/\" \/>\n<meta property=\"og:site_name\" content=\"alfa Media Partner GmbH\" \/>\n<meta property=\"article:modified_time\" content=\"2025-09-24T11:01:09+00:00\" \/>\n<meta property=\"og:image\" content=\"https:\/\/alfamedia.com\/wp-content\/uploads\/2025\/09\/header-blau-01-wave.png\" \/>\n\t<meta property=\"og:image:width\" content=\"1920\" \/>\n\t<meta property=\"og:image:height\" content=\"600\" \/>\n\t<meta property=\"og:image:type\" content=\"image\/png\" \/>\n<meta name=\"twitter:card\" content=\"summary_large_image\" \/>\n<meta name=\"twitter:label1\" content=\"Dur\u00e9e de lecture estim\u00e9e\" \/>\n\t<meta name=\"twitter:data1\" content=\"5 minutes\" \/>","yoast_head_json":{"title":"CreateX &#8226; alfa Media Partner GmbH","description":"Collaboration fluide entre les \u00e9diteurs et les prestataires de services de composition : gagnez en efficacit\u00e9 gr\u00e2ce \u00e0 une utilisation flexible du navigateur, un contr\u00f4le total des donn\u00e9es et des processus de composition automatis\u00e9s.","robots":{"index":"index","follow":"follow","max-snippet":"max-snippet:-1","max-image-preview":"max-image-preview:large","max-video-preview":"max-video-preview:-1"},"canonical":"https:\/\/alfamedia.com\/fr\/solutions\/commerce-et-publicite\/createx\/","og_locale":"fr_FR","og_type":"article","og_title":"CreateX &#8226; alfa Media Partner GmbH","og_description":"Collaboration fluide entre les \u00e9diteurs et les prestataires de services de composition : gagnez en efficacit\u00e9 gr\u00e2ce \u00e0 une utilisation flexible du navigateur, un contr\u00f4le total des donn\u00e9es et des processus de composition automatis\u00e9s.","og_url":"https:\/\/alfamedia.com\/fr\/solutions\/commerce-et-publicite\/createx\/","og_site_name":"alfa Media Partner GmbH","article_modified_time":"2025-09-24T11:01:09+00:00","og_image":[{"width":1920,"height":600,"url":"https:\/\/alfamedia.com\/wp-content\/uploads\/2025\/09\/header-blau-01-wave.png","type":"image\/png"}],"twitter_card":"summary_large_image","twitter_misc":{"Dur\u00e9e de lecture estim\u00e9e":"5 minutes"},"schema":{"@context":"https:\/\/schema.org","@graph":[{"@type":"WebPage","@id":"https:\/\/alfamedia.com\/fr\/solutions\/commerce-et-publicite\/createx\/","url":"https:\/\/alfamedia.com\/fr\/solutions\/commerce-et-publicite\/createx\/","name":"CreateX &#8226; alfa Media Partner GmbH","isPartOf":{"@id":"https:\/\/alfamedia.com\/fr\/#website"},"primaryImageOfPage":{"@id":"https:\/\/alfamedia.com\/fr\/solutions\/commerce-et-publicite\/createx\/#primaryimage"},"image":{"@id":"https:\/\/alfamedia.com\/fr\/solutions\/commerce-et-publicite\/createx\/#primaryimage"},"thumbnailUrl":"https:\/\/alfamedia.com\/wp-content\/uploads\/2025\/09\/header-blau-01-wave.png","datePublished":"2020-01-29T09:13:23+00:00","dateModified":"2025-09-24T11:01:09+00:00","description":"Collaboration fluide entre les \u00e9diteurs et les prestataires de services de composition : gagnez en efficacit\u00e9 gr\u00e2ce \u00e0 une utilisation flexible du navigateur, un contr\u00f4le total des donn\u00e9es et des processus de composition automatis\u00e9s.","breadcrumb":{"@id":"https:\/\/alfamedia.com\/fr\/solutions\/commerce-et-publicite\/createx\/#breadcrumb"},"inLanguage":"fr-FR","potentialAction":[{"@type":"ReadAction","target":["https:\/\/alfamedia.com\/fr\/solutions\/commerce-et-publicite\/createx\/"]}]},{"@type":"ImageObject","inLanguage":"fr-FR","@id":"https:\/\/alfamedia.com\/fr\/solutions\/commerce-et-publicite\/createx\/#primaryimage","url":"https:\/\/alfamedia.com\/wp-content\/uploads\/2025\/09\/header-blau-01-wave.png","contentUrl":"https:\/\/alfamedia.com\/wp-content\/uploads\/2025\/09\/header-blau-01-wave.png","width":1920,"height":600},{"@type":"BreadcrumbList","@id":"https:\/\/alfamedia.com\/fr\/solutions\/commerce-et-publicite\/createx\/#breadcrumb","itemListElement":[{"@type":"ListItem","position":1,"name":"Start","item":"https:\/\/alfamedia.com\/fr\/"},{"@type":"ListItem","position":2,"name":"Solutions","item":"https:\/\/alfamedia.com\/fr\/solutions\/"},{"@type":"ListItem","position":3,"name":"Commerce et Publicit\u00e9","item":"https:\/\/alfamedia.com\/fr\/solutions\/commerce-et-publicite\/"},{"@type":"ListItem","position":4,"name":"CreateX"}]},{"@type":"WebSite","@id":"https:\/\/alfamedia.com\/fr\/#website","url":"https:\/\/alfamedia.com\/fr\/","name":"alfa Media Partner GmbH","description":"Software-L\u00f6sungen f\u00fcr Medienh\u00e4user und Verlage","potentialAction":[{"@type":"SearchAction","target":{"@type":"EntryPoint","urlTemplate":"https:\/\/alfamedia.com\/fr\/?s={search_term_string}"},"query-input":{"@type":"PropertyValueSpecification","valueRequired":true,"valueName":"search_term_string"}}],"inLanguage":"fr-FR"}]}},"_links":{"self":[{"href":"https:\/\/alfamedia.com\/fr\/wp-json\/wp\/v2\/pages\/2559","targetHints":{"allow":["GET"]}}],"collection":[{"href":"https:\/\/alfamedia.com\/fr\/wp-json\/wp\/v2\/pages"}],"about":[{"href":"https:\/\/alfamedia.com\/fr\/wp-json\/wp\/v2\/types\/page"}],"author":[{"embeddable":true,"href":"https:\/\/alfamedia.com\/fr\/wp-json\/wp\/v2\/users\/2"}],"replies":[{"embeddable":true,"href":"https:\/\/alfamedia.com\/fr\/wp-json\/wp\/v2\/comments?post=2559"}],"version-history":[{"count":3,"href":"https:\/\/alfamedia.com\/fr\/wp-json\/wp\/v2\/pages\/2559\/revisions"}],"predecessor-version":[{"id":10448,"href":"https:\/\/alfamedia.com\/fr\/wp-json\/wp\/v2\/pages\/2559\/revisions\/10448"}],"up":[{"embeddable":true,"href":"https:\/\/alfamedia.com\/fr\/wp-json\/wp\/v2\/pages\/2544"}],"wp:featuredmedia":[{"embeddable":true,"href":"https:\/\/alfamedia.com\/fr\/wp-json\/wp\/v2\/media\/10372"}],"wp:attachment":[{"href":"https:\/\/alfamedia.com\/fr\/wp-json\/wp\/v2\/media?parent=2559"}],"curies":[{"name":"wp","href":"https:\/\/api.w.org\/{rel}","templated":true}]}}