{"id":2555,"date":"2020-01-29T09:51:10","date_gmt":"2020-01-29T08:51:10","guid":{"rendered":"https:\/\/alfamedia.com\/?page_id=2555"},"modified":"2025-09-24T12:26:08","modified_gmt":"2025-09-24T10:26:08","slug":"stylo-und-styloplus","status":"publish","type":"page","link":"https:\/\/alfamedia.com\/fr\/solutions\/commerce-et-publicite\/stylo-und-styloplus\/","title":{"rendered":"Stylo und StyloPlus"},"content":{"rendered":"<p><strong><span style=\"color: #29a8c9;\">D\u00e9couvrez l&rsquo;avenir de la cr\u00e9ation publicitaire avec alfa Stylo, votre \u00e9diteur en ligne polyvalent pour l&rsquo;\u00e9dition professionnelle de publicit\u00e9s. Con\u00e7u \u00e0 la fois pour le centre de libre-service client et pour une utilisation interne par des professionnels, alfa Stylo offre une interface moderne et intuitive qui ravira aussi bien les novices que les utilisateurs exp\u00e9riment\u00e9s. Cr\u00e9ez facilement des publicit\u00e9s graphiques complexes ou des publicit\u00e9s textuelles simples directement dans votre navigateur ; notre \u00e9diteur vous accompagne \u00e0 chaque \u00e9tape du processus de conception.<\/span><\/strong><\/p>\n<p>Gr\u00e2ce \u00e0 son composant serveur flexible et puissant, les publicit\u00e9s sont cr\u00e9\u00e9es automatiquement, ce qui facilite consid\u00e9rablement le travail et garantit une qualit\u00e9 constante. De plus, l&rsquo;\u00e9diteur WYSIWYG propose des flux de travail guid\u00e9s avec des espaces r\u00e9serv\u00e9s pour le texte et les images, permettant m\u00eame aux utilisateurs inexp\u00e9riment\u00e9s d&rsquo;obtenir des r\u00e9sultats impressionnants. De plus, alfa Stylo int\u00e8gre des <a href=\"https:\/\/alfamedia.com\/fr\/solutions\/intelligence-artificielle\/\">fonctions assist\u00e9es par l&rsquo;IA<\/a> qui am\u00e9liorent non seulement le traitement du texte, mais sugg\u00e8rent \u00e9galement des solutions d&rsquo;image. Cela vous aide \u00e0 concevoir des publicit\u00e9s exceptionnelles et efficaces qui laissent une impression durable sur votre public cible et transmettent efficacement les messages de votre marque.<\/p>\n<p>alfa Stylo prend non seulement en charge le fonctionnement guid\u00e9 pour les utilisateurs inexp\u00e9riment\u00e9s, mais offre \u00e9galement aux professionnels des outils avanc\u00e9s tels que des palettes et des calques pour garantir une libert\u00e9 cr\u00e9ative et une pr\u00e9cision maximales. Ces outils vous permettent de repousser les limites de la cr\u00e9ativit\u00e9, de d\u00e9velopper des styles individuels et de concevoir des publicit\u00e9s exactement selon vos propres id\u00e9es, en mettant toujours la pr\u00e9cision au premier plan. Que vous d\u00e9butiez dans la conception publicitaire ou que vous souhaitiez mettre en \u0153uvre des projets ambitieux, alfa Stylo vous offre la flexibilit\u00e9 et le soutien dont vous avez besoin pour relever tous les d\u00e9fis cr\u00e9atifs.<\/p>\n<p><img loading=\"lazy\" decoding=\"async\" class=\"alignnone wp-image-10429 size-full\" src=\"https:\/\/alfamedia.com\/wp-content\/uploads\/2025\/09\/Stylo-StyloPlus.jpg\" alt=\"\" width=\"800\" height=\"585\" srcset=\"https:\/\/alfamedia.com\/wp-content\/uploads\/2025\/09\/Stylo-StyloPlus.jpg 800w, https:\/\/alfamedia.com\/wp-content\/uploads\/2025\/09\/Stylo-StyloPlus-300x219.jpg 300w, https:\/\/alfamedia.com\/wp-content\/uploads\/2025\/09\/Stylo-StyloPlus-660x483.jpg 660w\" sizes=\"auto, (max-width: 800px) 100vw, 800px\" \/><\/p>\n<p>Un autre point fort est la flexibilit\u00e9 de Stylo : vous pouvez int\u00e9grer l&rsquo;\u00e9diteur de mani\u00e8re \u00e0 ce qu&rsquo;il s&rsquo;adapte parfaitement \u00e0 votre environnement. Des interfaces ouvertes et bien document\u00e9es permettent l&rsquo;int\u00e9gration dans d&rsquo;autres solutions logicielles, ce qui permet d&rsquo;adapter de mani\u00e8re flexible l&rsquo;\u00e9ventail des fonctions \u00e0 l&rsquo;application respective.<\/p>\n<p><a href=\"https:\/\/alfamedia.com\/wp-content\/uploads\/2025\/09\/arrow-right-long-to-line-duotone-solid-full.svg\"><img loading=\"lazy\" decoding=\"async\" class=\"wp-image-10335 alignleft\" src=\"https:\/\/alfamedia.com\/wp-content\/uploads\/2025\/09\/arrow-right-long-to-line-duotone-solid-full.svg\" alt=\"\" width=\"61\" height=\"61\" \/><\/a><\/p>\n<p>Quels sont les d\u00e9fis auxquels sont confront\u00e9es de nombreuses personnes lors de la cr\u00e9ation de publicit\u00e9s ? Souvent, il manque des outils \u00e0 la fois conviviaux et puissants. C&rsquo;est l\u00e0 que Stylo entre en jeu. Alors que d&rsquo;autres solutions semblent souvent lourdes et compliqu\u00e9es, Stylo offre une alternative \u00e9l\u00e9gante et efficace. Il simplifie la cr\u00e9ation de publicit\u00e9s tout en ouvrant de nombreuses possibilit\u00e9s de vente incitative et d&rsquo;alternatives. Le syst\u00e8me int\u00e8gre des fonctionnalit\u00e9s bas\u00e9es sur l&rsquo;IA pour am\u00e9liorer le texte et g\u00e9n\u00e9rer des images, garantissant ainsi que les publicit\u00e9s cr\u00e9\u00e9es sont non seulement esth\u00e9tiques, mais aussi extr\u00eamement performantes.<\/p>\n<p>&nbsp;<\/p>\n<h3>Points forts<\/h3>\n<table style=\"margin-left: 0px;\">\n<tbody>\n<tr>\n<td style=\"padding-right: 10px; vertical-align: middle;\"><img loading=\"lazy\" decoding=\"async\" style=\"vertical-align: middle;\" src=\"https:\/\/alfamedia.com\/wp-content\/uploads\/2025\/09\/dot-duotone-light-full.png\" alt=\"\" width=\"30\" height=\"30\" \/><\/td>\n<td style=\"padding-bottom: 10px;\"><strong>Mod\u00e8les pr\u00eats \u00e0 l&#8217;emploi et conception gratuite : <\/strong>d\u00e9marrez rapidement avec des mod\u00e8les professionnels ou concevez des publicit\u00e9s enti\u00e8rement selon vos propres id\u00e9es.<\/td>\n<\/tr>\n<tr>\n<td style=\"padding-right: 10px; vertical-align: middle;\"><img loading=\"lazy\" decoding=\"async\" style=\"vertical-align: middle;\" src=\"https:\/\/alfamedia.com\/wp-content\/uploads\/2025\/09\/dot-duotone-light-full.png\" alt=\"\" width=\"30\" height=\"30\" \/><\/td>\n<td style=\"padding-bottom: 10px;\"><strong>Workflows guid\u00e9s : <\/strong>utilisez des espaces r\u00e9serv\u00e9s pour le texte et les images afin de cr\u00e9er des publicit\u00e9s de mani\u00e8re fluide et intuitive, m\u00eame sans connaissances pr\u00e9alables.<\/td>\n<\/tr>\n<tr>\n<td style=\"padding-right: 10px; vertical-align: middle;\"><img loading=\"lazy\" decoding=\"async\" style=\"vertical-align: middle;\" src=\"https:\/\/alfamedia.com\/wp-content\/uploads\/2025\/09\/dot-duotone-light-full.png\" alt=\"\" width=\"30\" height=\"30\" \/><\/td>\n<td style=\"padding-bottom: 10px;\"><strong>Fonctionnalit\u00e9s professionnelles : <\/strong>B\u00e9n\u00e9ficiez de fonctionnalit\u00e9s avanc\u00e9es telles que les niveaux et l&rsquo;alignement vertical pour r\u00e9partir automatiquement le texte de mani\u00e8re optimale.<\/td>\n<\/tr>\n<tr>\n<td style=\"padding-right: 10px; vertical-align: middle;\"><img loading=\"lazy\" decoding=\"async\" style=\"vertical-align: middle;\" src=\"https:\/\/alfamedia.com\/wp-content\/uploads\/2025\/09\/dot-duotone-light-full.png\" alt=\"\" width=\"30\" height=\"30\" \/><\/td>\n<td style=\"padding-bottom: 10px;\"><strong>Assistance IA : <\/strong>Laissez la technologie intelligente vous aider dans votre travail de conception, de l&rsquo;\u00e9dition de texte \u00e0 la cr\u00e9ation d&rsquo;images.<\/td>\n<\/tr>\n<tr>\n<td style=\"padding-right: 10px; vertical-align: middle;\"><img loading=\"lazy\" decoding=\"async\" style=\"vertical-align: middle;\" src=\"https:\/\/alfamedia.com\/wp-content\/uploads\/2025\/09\/dot-duotone-light-full.png\" alt=\"\" width=\"30\" height=\"30\" \/><\/td>\n<td style=\"padding-bottom: 10px;\"><strong>Interface personnalisable : <\/strong>Adaptez l&rsquo;interface utilisateur de mani\u00e8re flexible aux besoins de votre groupe d&rsquo;utilisateurs afin de garantir la meilleure exp\u00e9rience utilisateur possible.<\/td>\n<\/tr>\n<tr>\n<td style=\"padding-right: 10px; vertical-align: middle;\"><img loading=\"lazy\" decoding=\"async\" style=\"vertical-align: middle;\" src=\"https:\/\/alfamedia.com\/wp-content\/uploads\/2025\/09\/dot-duotone-light-full.png\" alt=\"\" width=\"30\" height=\"30\" \/><\/td>\n<td style=\"padding-bottom: 10px;\"><strong>Flexibilit\u00e9 et int\u00e9gration : <\/strong>des interfaces ouvertes permettent l&rsquo;int\u00e9gration dans les environnements existants. L&rsquo;\u00e9ventail des fonctions peut \u00eatre personnalis\u00e9 selon les besoins.<\/td>\n<\/tr>\n<\/tbody>\n<\/table>\n","protected":false},"excerpt":{"rendered":"<p>alfa Stylo \u00e9tablit facilement de nouvelles normes en mati\u00e8re de conception publicitaire en combinant simplicit\u00e9, flexibilit\u00e9 et fonctionnalit\u00e9s avanc\u00e9es dans une seule et m\u00eame plateforme. D\u00e9couvrez comment la cr\u00e9ation d&rsquo;annonces publicitaires peut devenir un v\u00e9ritable plaisir et obtenez des r\u00e9sultats convaincants !<\/p>\n","protected":false},"author":2,"featured_media":10372,"parent":2544,"menu_order":73,"comment_status":"closed","ping_status":"closed","template":"","meta":{"_acf_changed":false,"inline_featured_image":false,"footnotes":""},"class_list":["post-2555","page","type-page","status-publish","has-post-thumbnail","hentry"],"acf":[],"yoast_head":"<title>Stylo und StyloPlus &#8226; alfa Media Partner GmbH<\/title>\n<meta name=\"description\" content=\"Stylo \u00e9tablit de nouvelles normes en mati\u00e8re de conception publicitaire en combinant simplicit\u00e9, flexibilit\u00e9 et fonctionnalit\u00e9s avanc\u00e9es au sein d&#039;une seule et m\u00eame plateforme.\" \/>\n<meta name=\"robots\" content=\"index, follow, max-snippet:-1, max-image-preview:large, max-video-preview:-1\" \/>\n<link rel=\"canonical\" href=\"https:\/\/alfamedia.com\/fr\/solutions\/commerce-et-publicite\/stylo-und-styloplus\/\" \/>\n<meta property=\"og:locale\" content=\"fr_FR\" \/>\n<meta property=\"og:type\" content=\"article\" \/>\n<meta property=\"og:title\" content=\"Stylo und StyloPlus &#8226; alfa Media Partner GmbH\" \/>\n<meta property=\"og:description\" content=\"Stylo \u00e9tablit de nouvelles normes en mati\u00e8re de conception publicitaire en combinant simplicit\u00e9, flexibilit\u00e9 et fonctionnalit\u00e9s avanc\u00e9es au sein d&#039;une seule et m\u00eame plateforme.\" \/>\n<meta property=\"og:url\" content=\"https:\/\/alfamedia.com\/fr\/solutions\/commerce-et-publicite\/stylo-und-styloplus\/\" \/>\n<meta property=\"og:site_name\" content=\"alfa Media Partner GmbH\" \/>\n<meta property=\"article:modified_time\" content=\"2025-09-24T10:26:08+00:00\" \/>\n<meta property=\"og:image\" content=\"https:\/\/alfamedia.com\/wp-content\/uploads\/2025\/09\/header-blau-01-wave.png\" \/>\n\t<meta property=\"og:image:width\" content=\"1920\" \/>\n\t<meta property=\"og:image:height\" content=\"600\" \/>\n\t<meta property=\"og:image:type\" content=\"image\/png\" \/>\n<meta name=\"twitter:card\" content=\"summary_large_image\" \/>\n<meta name=\"twitter:label1\" content=\"Dur\u00e9e de lecture estim\u00e9e\" \/>\n\t<meta name=\"twitter:data1\" content=\"6 minutes\" \/>","yoast_head_json":{"title":"Stylo und StyloPlus &#8226; alfa Media Partner GmbH","description":"Stylo \u00e9tablit de nouvelles normes en mati\u00e8re de conception publicitaire en combinant simplicit\u00e9, flexibilit\u00e9 et fonctionnalit\u00e9s avanc\u00e9es au sein d'une seule et m\u00eame plateforme.","robots":{"index":"index","follow":"follow","max-snippet":"max-snippet:-1","max-image-preview":"max-image-preview:large","max-video-preview":"max-video-preview:-1"},"canonical":"https:\/\/alfamedia.com\/fr\/solutions\/commerce-et-publicite\/stylo-und-styloplus\/","og_locale":"fr_FR","og_type":"article","og_title":"Stylo und StyloPlus &#8226; alfa Media Partner GmbH","og_description":"Stylo \u00e9tablit de nouvelles normes en mati\u00e8re de conception publicitaire en combinant simplicit\u00e9, flexibilit\u00e9 et fonctionnalit\u00e9s avanc\u00e9es au sein d'une seule et m\u00eame plateforme.","og_url":"https:\/\/alfamedia.com\/fr\/solutions\/commerce-et-publicite\/stylo-und-styloplus\/","og_site_name":"alfa Media Partner GmbH","article_modified_time":"2025-09-24T10:26:08+00:00","og_image":[{"width":1920,"height":600,"url":"https:\/\/alfamedia.com\/wp-content\/uploads\/2025\/09\/header-blau-01-wave.png","type":"image\/png"}],"twitter_card":"summary_large_image","twitter_misc":{"Dur\u00e9e de lecture estim\u00e9e":"6 minutes"},"schema":{"@context":"https:\/\/schema.org","@graph":[{"@type":"WebPage","@id":"https:\/\/alfamedia.com\/fr\/solutions\/commerce-et-publicite\/stylo-und-styloplus\/","url":"https:\/\/alfamedia.com\/fr\/solutions\/commerce-et-publicite\/stylo-und-styloplus\/","name":"Stylo und StyloPlus &#8226; alfa Media Partner GmbH","isPartOf":{"@id":"https:\/\/alfamedia.com\/fr\/#website"},"primaryImageOfPage":{"@id":"https:\/\/alfamedia.com\/fr\/solutions\/commerce-et-publicite\/stylo-und-styloplus\/#primaryimage"},"image":{"@id":"https:\/\/alfamedia.com\/fr\/solutions\/commerce-et-publicite\/stylo-und-styloplus\/#primaryimage"},"thumbnailUrl":"https:\/\/alfamedia.com\/wp-content\/uploads\/2025\/09\/header-blau-01-wave.png","datePublished":"2020-01-29T08:51:10+00:00","dateModified":"2025-09-24T10:26:08+00:00","description":"Stylo \u00e9tablit de nouvelles normes en mati\u00e8re de conception publicitaire en combinant simplicit\u00e9, flexibilit\u00e9 et fonctionnalit\u00e9s avanc\u00e9es au sein d'une seule et m\u00eame plateforme.","breadcrumb":{"@id":"https:\/\/alfamedia.com\/fr\/solutions\/commerce-et-publicite\/stylo-und-styloplus\/#breadcrumb"},"inLanguage":"fr-FR","potentialAction":[{"@type":"ReadAction","target":["https:\/\/alfamedia.com\/fr\/solutions\/commerce-et-publicite\/stylo-und-styloplus\/"]}]},{"@type":"ImageObject","inLanguage":"fr-FR","@id":"https:\/\/alfamedia.com\/fr\/solutions\/commerce-et-publicite\/stylo-und-styloplus\/#primaryimage","url":"https:\/\/alfamedia.com\/wp-content\/uploads\/2025\/09\/header-blau-01-wave.png","contentUrl":"https:\/\/alfamedia.com\/wp-content\/uploads\/2025\/09\/header-blau-01-wave.png","width":1920,"height":600},{"@type":"BreadcrumbList","@id":"https:\/\/alfamedia.com\/fr\/solutions\/commerce-et-publicite\/stylo-und-styloplus\/#breadcrumb","itemListElement":[{"@type":"ListItem","position":1,"name":"Start","item":"https:\/\/alfamedia.com\/fr\/"},{"@type":"ListItem","position":2,"name":"Solutions","item":"https:\/\/alfamedia.com\/fr\/solutions\/"},{"@type":"ListItem","position":3,"name":"Commerce et Publicit\u00e9","item":"https:\/\/alfamedia.com\/fr\/solutions\/commerce-et-publicite\/"},{"@type":"ListItem","position":4,"name":"Stylo und StyloPlus"}]},{"@type":"WebSite","@id":"https:\/\/alfamedia.com\/fr\/#website","url":"https:\/\/alfamedia.com\/fr\/","name":"alfa Media Partner GmbH","description":"Software-L\u00f6sungen f\u00fcr Medienh\u00e4user und Verlage","potentialAction":[{"@type":"SearchAction","target":{"@type":"EntryPoint","urlTemplate":"https:\/\/alfamedia.com\/fr\/?s={search_term_string}"},"query-input":{"@type":"PropertyValueSpecification","valueRequired":true,"valueName":"search_term_string"}}],"inLanguage":"fr-FR"}]}},"_links":{"self":[{"href":"https:\/\/alfamedia.com\/fr\/wp-json\/wp\/v2\/pages\/2555","targetHints":{"allow":["GET"]}}],"collection":[{"href":"https:\/\/alfamedia.com\/fr\/wp-json\/wp\/v2\/pages"}],"about":[{"href":"https:\/\/alfamedia.com\/fr\/wp-json\/wp\/v2\/types\/page"}],"author":[{"embeddable":true,"href":"https:\/\/alfamedia.com\/fr\/wp-json\/wp\/v2\/users\/2"}],"replies":[{"embeddable":true,"href":"https:\/\/alfamedia.com\/fr\/wp-json\/wp\/v2\/comments?post=2555"}],"version-history":[{"count":0,"href":"https:\/\/alfamedia.com\/fr\/wp-json\/wp\/v2\/pages\/2555\/revisions"}],"up":[{"embeddable":true,"href":"https:\/\/alfamedia.com\/fr\/wp-json\/wp\/v2\/pages\/2544"}],"wp:featuredmedia":[{"embeddable":true,"href":"https:\/\/alfamedia.com\/fr\/wp-json\/wp\/v2\/media\/10372"}],"wp:attachment":[{"href":"https:\/\/alfamedia.com\/fr\/wp-json\/wp\/v2\/media?parent=2555"}],"curies":[{"name":"wp","href":"https:\/\/api.w.org\/{rel}","templated":true}]}}