{"id":2553,"date":"2020-01-29T09:49:25","date_gmt":"2020-01-29T08:49:25","guid":{"rendered":"https:\/\/alfamedia.com\/?page_id=2553"},"modified":"2025-09-24T11:40:16","modified_gmt":"2025-09-24T09:40:16","slug":"webstore","status":"publish","type":"page","link":"https:\/\/alfamedia.com\/fr\/solutions\/commerce-et-publicite\/webstore\/","title":{"rendered":"WebStore"},"content":{"rendered":"<p><strong><span style=\"color: #29a8c9;\">\u00c0 l&rsquo;\u00e8re num\u00e9rique, o\u00f9 la flexibilit\u00e9 et l&rsquo;efficacit\u00e9 sont primordiales, la boutique en ligne d&rsquo;alfamedia offre une solution compl\u00e8te pour tous les besoins publicitaires modernes. Cette plateforme est sp\u00e9cialement con\u00e7ue pour guider les clients tout au long du processus de commande, tout en mettant l&rsquo;accent sur la conception d&rsquo;annonces attrayantes.<\/span><\/strong><\/p>\n<p>La boutique en ligne est accessible 24 heures sur 24, 7 jours sur 7, et sa conception r\u00e9active facilite la publication d&rsquo;annonces sur tous les appareils mobiles. Que ce soit sur un smartphone, une tablette ou un ordinateur portable, quelques clics suffisent pour publier une annonce. Bien entendu, la boutique en ligne dispose d&rsquo;une interface qui permet un acc\u00e8s et une utilisation sans obstacle.<\/p>\n<p>La boutique en ligne s\u00e9duit par son fonctionnement intuitif et son design web moderne et r\u00e9actif, sp\u00e9cialement optimis\u00e9 pour offrir des performances \u00e9lev\u00e9es et des opportunit\u00e9s de vente incitative efficaces. Gr\u00e2ce \u00e0 l&rsquo;outil de conception <a href=\"https:\/\/alfamedia.com\/fr\/solutions\/commerce-et-publicite\/stylo-und-styloplus\/\">Stylo<\/a> int\u00e9gr\u00e9 et aux <a href=\"https:\/\/alfamedia.com\/fr\/solutions\/intelligence-artificielle\/\">fonctions d&rsquo;IA<\/a> utiles pour la conception de textes, la cr\u00e9ation de publicit\u00e9s impressionnantes est un jeu d&rsquo;enfant. L&rsquo;int\u00e9gration transparente avec d&rsquo;autres modules alfamedia ou SAP garantit une efficacit\u00e9 et une convivialit\u00e9 encore plus grandes. En outre, la boutique en ligne permet aux utilisateurs de consulter d&rsquo;anciennes factures et offre des flux de travail \u00e9tendus pour les utilisateurs professionnels.<\/p>\n<p><img loading=\"lazy\" decoding=\"async\" class=\"alignnone wp-image-10414 size-full\" src=\"https:\/\/alfamedia.com\/wp-content\/uploads\/2025\/09\/WebStore.jpg\" alt=\"\" width=\"800\" height=\"585\" srcset=\"https:\/\/alfamedia.com\/wp-content\/uploads\/2025\/09\/WebStore.jpg 800w, https:\/\/alfamedia.com\/wp-content\/uploads\/2025\/09\/WebStore-300x219.jpg 300w, https:\/\/alfamedia.com\/wp-content\/uploads\/2025\/09\/WebStore-660x483.jpg 660w\" sizes=\"auto, (max-width: 800px) 100vw, 800px\" \/><\/p>\n<p>De plus, l&rsquo;\u00e9diteur de formulaires FormX, int\u00e9gr\u00e9 \u00e0 la boutique en ligne, permet une saisie de texte puissante et flexible ainsi que la capture de donn\u00e9es suppl\u00e9mentaires. L&rsquo;utilisation de types de champs de formulaire sp\u00e9ciaux et de calculs bas\u00e9s sur Java Script permet des v\u00e9rifications et des ajustements polyvalents.<\/p>\n<p>Un atout particulier pour les entrepreneurs de pompes fun\u00e8bres : le WebStore vous permet d&rsquo;imprimer des annonces publicitaires con\u00e7ues pour \u00eatre pr\u00e9sent\u00e9es \u00e0 un client sur place ou en son absence. Les annonces peuvent \u00eatre enregistr\u00e9es sous forme de brouillons et modifi\u00e9es ou approuv\u00e9es ult\u00e9rieurement. Il est \u00e9galement possible d&rsquo;utiliser votre propre outil de conception pour traiter les annonces finies au format PDF.<\/p>\n<p><a href=\"https:\/\/alfamedia.com\/wp-content\/uploads\/2025\/09\/arrow-right-long-to-line-duotone-solid-full.svg\"><img loading=\"lazy\" decoding=\"async\" class=\"wp-image-10335 alignleft\" src=\"https:\/\/alfamedia.com\/wp-content\/uploads\/2025\/09\/arrow-right-long-to-line-duotone-solid-full.svg\" alt=\"\" width=\"61\" height=\"61\" \/><\/a><\/p>\n<p>Avec son interface conviviale et ses fonctionnalit\u00e9s compl\u00e8tes, WebStore permet de cr\u00e9er des publicit\u00e9s plus rapidement et plus facilement, sans compromettre la qualit\u00e9. Gr\u00e2ce \u00e0 de puissantes opportunit\u00e9s de vente incitative et \u00e0 l&rsquo;optimisation des textes aliment\u00e9e par l&rsquo;IA, les entreprises peuvent rendre leur strat\u00e9gie publicitaire non seulement plus efficace, mais aussi plus cr\u00e9ative. Cette plateforme offre \u00e9galement la possibilit\u00e9 de consulter facilement les anciennes factures, ce qui facilite grandement la gestion et le suivi de vos activit\u00e9s publicitaires.<\/p>\n<p>&nbsp;<\/p>\n<h3>Points forts<\/h3>\n<table style=\"margin-left: 0px;\">\n<tbody>\n<tr>\n<td style=\"padding-right: 10px; vertical-align: middle;\"><img loading=\"lazy\" decoding=\"async\" style=\"vertical-align: middle;\" src=\"https:\/\/alfamedia.com\/wp-content\/uploads\/2025\/09\/dot-duotone-light-full.png\" alt=\"\" width=\"30\" height=\"30\" \/><\/td>\n<td style=\"padding-bottom: 10px;\"><strong>Guidage utilisateur moderne et intuitif : <\/strong>une conception r\u00e9active et performante garantit une exp\u00e9rience utilisateur fluide sur tous les appareils.<\/td>\n<\/tr>\n<tr>\n<td style=\"padding-right: 10px; vertical-align: middle;\"><img loading=\"lazy\" decoding=\"async\" style=\"vertical-align: middle;\" src=\"https:\/\/alfamedia.com\/wp-content\/uploads\/2025\/09\/dot-duotone-light-full.png\" alt=\"\" width=\"30\" height=\"30\" \/><\/td>\n<td style=\"padding-bottom: 10px;\"><strong>Outil de conception Stylo : <\/strong>un outil puissant pour concevoir des publicit\u00e9s, int\u00e9gr\u00e9 directement dans la boutique en ligne.<\/td>\n<\/tr>\n<tr>\n<td style=\"padding-right: 10px; vertical-align: middle;\"><img loading=\"lazy\" decoding=\"async\" style=\"vertical-align: middle;\" src=\"https:\/\/alfamedia.com\/wp-content\/uploads\/2025\/09\/dot-duotone-light-full.png\" alt=\"\" width=\"30\" height=\"30\" \/><\/td>\n<td style=\"padding-bottom: 10px;\"><strong>Optimisation de texte bas\u00e9e sur l&rsquo;IA : <\/strong>fonctionnalit\u00e9s innovantes de conception de texte bas\u00e9es sur l&rsquo;intelligence artificielle qui allient cr\u00e9ativit\u00e9 et efficacit\u00e9.<\/td>\n<\/tr>\n<tr>\n<td style=\"padding-right: 10px; vertical-align: middle;\"><img loading=\"lazy\" decoding=\"async\" style=\"vertical-align: middle;\" src=\"https:\/\/alfamedia.com\/wp-content\/uploads\/2025\/09\/dot-duotone-light-full.png\" alt=\"\" width=\"30\" height=\"30\" \/><\/td>\n<td style=\"padding-bottom: 10px;\"><strong>Int\u00e9gration transparente du syst\u00e8me : <\/strong>l&rsquo;\u00e9change de donn\u00e9es et la gestion des flux de travail sans effort gr\u00e2ce \u00e0 l&rsquo;int\u00e9gration avec les modules alfamedia ou SAP permettent une efficacit\u00e9 maximale.<\/td>\n<\/tr>\n<tr>\n<td style=\"padding-right: 10px; vertical-align: middle;\"><img loading=\"lazy\" decoding=\"async\" style=\"vertical-align: middle;\" src=\"https:\/\/alfamedia.com\/wp-content\/uploads\/2025\/09\/dot-duotone-light-full.png\" alt=\"\" width=\"30\" height=\"30\" \/><\/td>\n<td style=\"padding-bottom: 10px;\"><strong>Fonctionnalit\u00e9s avanc\u00e9es : <\/strong>Pour les utilisateurs professionnels, il existe des fonctionnalit\u00e9s suppl\u00e9mentaires telles que la possibilit\u00e9 d&rsquo;enregistrer des publicit\u00e9s et de les modifier ult\u00e9rieurement, ainsi qu&rsquo;un puissant \u00e9diteur de formulaires pour la personnalisation.<\/td>\n<\/tr>\n<\/tbody>\n<\/table>\n","protected":false},"excerpt":{"rendered":"<p>Gestion simplifi\u00e9e des publicit\u00e9s : conception intuitive, fonctionnalit\u00e9s d&rsquo;IA et options de vente incitative efficaces pour votre solution publicitaire de pointe.<\/p>\n","protected":false},"author":2,"featured_media":10372,"parent":2544,"menu_order":43,"comment_status":"closed","ping_status":"closed","template":"","meta":{"_acf_changed":false,"inline_featured_image":false,"footnotes":""},"class_list":["post-2553","page","type-page","status-publish","has-post-thumbnail","hentry"],"acf":[],"yoast_head":"<title>WebStore &#8226; alfa Media Partner GmbH<\/title>\n<meta name=\"description\" content=\"Gestion simplifi\u00e9e des publicit\u00e9s : conception intuitive, fonctionnalit\u00e9s d&#039;IA et options de vente incitative efficaces pour votre solution publicitaire de pointe.\" \/>\n<meta name=\"robots\" content=\"index, follow, max-snippet:-1, max-image-preview:large, max-video-preview:-1\" \/>\n<link rel=\"canonical\" href=\"https:\/\/alfamedia.com\/fr\/solutions\/commerce-et-publicite\/webstore\/\" \/>\n<meta property=\"og:locale\" content=\"fr_FR\" \/>\n<meta property=\"og:type\" content=\"article\" \/>\n<meta property=\"og:title\" content=\"WebStore &#8226; alfa Media Partner GmbH\" \/>\n<meta property=\"og:description\" content=\"Gestion simplifi\u00e9e des publicit\u00e9s : conception intuitive, fonctionnalit\u00e9s d&#039;IA et options de vente incitative efficaces pour votre solution publicitaire de pointe.\" \/>\n<meta property=\"og:url\" content=\"https:\/\/alfamedia.com\/fr\/solutions\/commerce-et-publicite\/webstore\/\" \/>\n<meta property=\"og:site_name\" content=\"alfa Media Partner GmbH\" \/>\n<meta property=\"article:modified_time\" content=\"2025-09-24T09:40:16+00:00\" \/>\n<meta property=\"og:image\" content=\"https:\/\/alfamedia.com\/wp-content\/uploads\/2025\/09\/header-blau-01-wave.png\" \/>\n\t<meta property=\"og:image:width\" content=\"1920\" \/>\n\t<meta property=\"og:image:height\" content=\"600\" \/>\n\t<meta property=\"og:image:type\" content=\"image\/png\" \/>\n<meta name=\"twitter:card\" content=\"summary_large_image\" \/>\n<meta name=\"twitter:label1\" content=\"Dur\u00e9e de lecture estim\u00e9e\" \/>\n\t<meta name=\"twitter:data1\" content=\"5 minutes\" \/>","yoast_head_json":{"title":"WebStore &#8226; alfa Media Partner GmbH","description":"Gestion simplifi\u00e9e des publicit\u00e9s : conception intuitive, fonctionnalit\u00e9s d'IA et options de vente incitative efficaces pour votre solution publicitaire de pointe.","robots":{"index":"index","follow":"follow","max-snippet":"max-snippet:-1","max-image-preview":"max-image-preview:large","max-video-preview":"max-video-preview:-1"},"canonical":"https:\/\/alfamedia.com\/fr\/solutions\/commerce-et-publicite\/webstore\/","og_locale":"fr_FR","og_type":"article","og_title":"WebStore &#8226; alfa Media Partner GmbH","og_description":"Gestion simplifi\u00e9e des publicit\u00e9s : conception intuitive, fonctionnalit\u00e9s d'IA et options de vente incitative efficaces pour votre solution publicitaire de pointe.","og_url":"https:\/\/alfamedia.com\/fr\/solutions\/commerce-et-publicite\/webstore\/","og_site_name":"alfa Media Partner GmbH","article_modified_time":"2025-09-24T09:40:16+00:00","og_image":[{"width":1920,"height":600,"url":"https:\/\/alfamedia.com\/wp-content\/uploads\/2025\/09\/header-blau-01-wave.png","type":"image\/png"}],"twitter_card":"summary_large_image","twitter_misc":{"Dur\u00e9e de lecture estim\u00e9e":"5 minutes"},"schema":{"@context":"https:\/\/schema.org","@graph":[{"@type":"WebPage","@id":"https:\/\/alfamedia.com\/fr\/solutions\/commerce-et-publicite\/webstore\/","url":"https:\/\/alfamedia.com\/fr\/solutions\/commerce-et-publicite\/webstore\/","name":"WebStore &#8226; alfa Media Partner GmbH","isPartOf":{"@id":"https:\/\/alfamedia.com\/fr\/#website"},"primaryImageOfPage":{"@id":"https:\/\/alfamedia.com\/fr\/solutions\/commerce-et-publicite\/webstore\/#primaryimage"},"image":{"@id":"https:\/\/alfamedia.com\/fr\/solutions\/commerce-et-publicite\/webstore\/#primaryimage"},"thumbnailUrl":"https:\/\/alfamedia.com\/wp-content\/uploads\/2025\/09\/header-blau-01-wave.png","datePublished":"2020-01-29T08:49:25+00:00","dateModified":"2025-09-24T09:40:16+00:00","description":"Gestion simplifi\u00e9e des publicit\u00e9s : conception intuitive, fonctionnalit\u00e9s d'IA et options de vente incitative efficaces pour votre solution publicitaire de pointe.","breadcrumb":{"@id":"https:\/\/alfamedia.com\/fr\/solutions\/commerce-et-publicite\/webstore\/#breadcrumb"},"inLanguage":"fr-FR","potentialAction":[{"@type":"ReadAction","target":["https:\/\/alfamedia.com\/fr\/solutions\/commerce-et-publicite\/webstore\/"]}]},{"@type":"ImageObject","inLanguage":"fr-FR","@id":"https:\/\/alfamedia.com\/fr\/solutions\/commerce-et-publicite\/webstore\/#primaryimage","url":"https:\/\/alfamedia.com\/wp-content\/uploads\/2025\/09\/header-blau-01-wave.png","contentUrl":"https:\/\/alfamedia.com\/wp-content\/uploads\/2025\/09\/header-blau-01-wave.png","width":1920,"height":600},{"@type":"BreadcrumbList","@id":"https:\/\/alfamedia.com\/fr\/solutions\/commerce-et-publicite\/webstore\/#breadcrumb","itemListElement":[{"@type":"ListItem","position":1,"name":"Start","item":"https:\/\/alfamedia.com\/fr\/"},{"@type":"ListItem","position":2,"name":"Solutions","item":"https:\/\/alfamedia.com\/fr\/solutions\/"},{"@type":"ListItem","position":3,"name":"Commerce et Publicit\u00e9","item":"https:\/\/alfamedia.com\/fr\/solutions\/commerce-et-publicite\/"},{"@type":"ListItem","position":4,"name":"WebStore"}]},{"@type":"WebSite","@id":"https:\/\/alfamedia.com\/fr\/#website","url":"https:\/\/alfamedia.com\/fr\/","name":"alfa Media Partner GmbH","description":"Software-L\u00f6sungen f\u00fcr Medienh\u00e4user und Verlage","potentialAction":[{"@type":"SearchAction","target":{"@type":"EntryPoint","urlTemplate":"https:\/\/alfamedia.com\/fr\/?s={search_term_string}"},"query-input":{"@type":"PropertyValueSpecification","valueRequired":true,"valueName":"search_term_string"}}],"inLanguage":"fr-FR"}]}},"_links":{"self":[{"href":"https:\/\/alfamedia.com\/fr\/wp-json\/wp\/v2\/pages\/2553","targetHints":{"allow":["GET"]}}],"collection":[{"href":"https:\/\/alfamedia.com\/fr\/wp-json\/wp\/v2\/pages"}],"about":[{"href":"https:\/\/alfamedia.com\/fr\/wp-json\/wp\/v2\/types\/page"}],"author":[{"embeddable":true,"href":"https:\/\/alfamedia.com\/fr\/wp-json\/wp\/v2\/users\/2"}],"replies":[{"embeddable":true,"href":"https:\/\/alfamedia.com\/fr\/wp-json\/wp\/v2\/comments?post=2553"}],"version-history":[{"count":2,"href":"https:\/\/alfamedia.com\/fr\/wp-json\/wp\/v2\/pages\/2553\/revisions"}],"predecessor-version":[{"id":10423,"href":"https:\/\/alfamedia.com\/fr\/wp-json\/wp\/v2\/pages\/2553\/revisions\/10423"}],"up":[{"embeddable":true,"href":"https:\/\/alfamedia.com\/fr\/wp-json\/wp\/v2\/pages\/2544"}],"wp:featuredmedia":[{"embeddable":true,"href":"https:\/\/alfamedia.com\/fr\/wp-json\/wp\/v2\/media\/10372"}],"wp:attachment":[{"href":"https:\/\/alfamedia.com\/fr\/wp-json\/wp\/v2\/media?parent=2553"}],"curies":[{"name":"wp","href":"https:\/\/api.w.org\/{rel}","templated":true}]}}