{"id":2546,"date":"2020-01-29T09:35:38","date_gmt":"2020-01-29T08:35:38","guid":{"rendered":"https:\/\/alfamedia.com\/?page_id=2546"},"modified":"2025-09-24T13:04:02","modified_gmt":"2025-09-24T11:04:02","slug":"adsuite-market","status":"publish","type":"page","link":"https:\/\/alfamedia.com\/fr\/solutions\/commerce-et-publicite\/adsuite-market\/","title":{"rendered":"AdSuite Market"},"content":{"rendered":"<p><strong><span style=\"color: #29a8c9;\"> Bienvenue dans le monde de la gestion automatis\u00e9e de la publicit\u00e9 avec AdSuite Market, la solution qui r\u00e9volutionne vos processus de fond en comble. Dans un monde de plus en plus ax\u00e9 sur les donn\u00e9es, o\u00f9 la rapidit\u00e9 et l&rsquo;efficacit\u00e9 font toute la diff\u00e9rence, AdSuite Market offre exactement ce dont les entreprises modernes ont besoin. <\/span><\/strong><\/p>\n<p>Notre syst\u00e8me commence par l&rsquo;enregistrement des clients en r\u00e9cup\u00e9rant automatiquement les donn\u00e9es pertinentes \u00e0 partir de sources publiques en ligne. Cela permet non seulement de gagner du temps, mais aussi d&rsquo;\u00e9conomiser des ressources, car la collecte d&rsquo;informations \u00e9tait auparavant souvent effectu\u00e9e manuellement et prenait beaucoup de temps.<\/p>\n<p>AdSuite Market excelle \u00e9galement dans le traitement intelligent d&rsquo;informations non structur\u00e9es : gr\u00e2ce \u00e0 la <a href=\"https:\/\/alfamedia.com\/fr\/solutions\/intelligence-artificielle\/\">technologie IA<\/a>, les e-mails des clients sont automatiquement convertis en mod\u00e8les pertinents pour l&rsquo;entreprise, tels que des devis, des commandes ou des r\u00e9clamations. Cela \u00e9limine en grande partie le travail manuel, ce qui permet \u00e0 vos \u00e9quipes d&rsquo;utiliser le temps ainsi lib\u00e9r\u00e9 pour des t\u00e2ches \u00e0 plus forte valeur ajout\u00e9e et r\u00e9duit consid\u00e9rablement le taux d&rsquo;erreur.<\/p>\n<p>Une autre caract\u00e9ristique remarquable est l&rsquo;int\u00e9gration num\u00e9rique directe de votre client final dans la cha\u00eene de processus. Acceptation des devis, obtention de documents imprim\u00e9s ou correction de brouillons : tout se passe de mani\u00e8re transparente et efficace au sein de notre plateforme. \u00c0 cela s&rsquo;ajoutent des normes de facturation \u00e9lectronique de pointe et un traitement pratique des paiements via des liens de paiement.<\/p>\n<p><img loading=\"lazy\" decoding=\"async\" class=\"wp-image-10321 size-full alignnone\" src=\"https:\/\/alfamedia.com\/wp-content\/uploads\/2025\/09\/AdSuite-Market.jpg\" alt=\"\" width=\"800\" height=\"585\" srcset=\"https:\/\/alfamedia.com\/wp-content\/uploads\/2025\/09\/AdSuite-Market.jpg 800w, https:\/\/alfamedia.com\/wp-content\/uploads\/2025\/09\/AdSuite-Market-300x219.jpg 300w, https:\/\/alfamedia.com\/wp-content\/uploads\/2025\/09\/AdSuite-Market-660x483.jpg 660w\" sizes=\"auto, (max-width: 800px) 100vw, 800px\" \/><\/p>\n<p>AdSuite Market g\u00e8re \u00e9galement les t\u00e2ches quotidiennes de gestion publicitaire avec une efficacit\u00e9 maximale : nos r\u00e8gles puissantes et intuitives automatisent la tarification, les calculs de cl\u00f4ture et les commissions de vente. Dans le m\u00eame temps, vous pouvez planifier plus facilement que jamais des offres cross-m\u00e9dia et des publications sp\u00e9ciales. Le calendrier de publication int\u00e9gr\u00e9 permet une gestion cibl\u00e9e des ventes en affichant de mani\u00e8re int\u00e9gr\u00e9e les publications sp\u00e9ciales \u00e0 venir et le taux d&rsquo;utilisation des produits imprim\u00e9s et en ligne. Le cadre de reporting et le tableau de bord flexible avec une comparaison des valeurs cibles et r\u00e9elles vous permettent de ne jamais perdre de vue la situation dans son ensemble.<\/p>\n<p>Notre puissant moteur de workflow garantit que les t\u00e2ches sont automatiquement attribu\u00e9es aux bonnes personnes ou aux bons services, tant en interne qu&rsquo;en externe. Gr\u00e2ce au syst\u00e8me ouvert d&rsquo;ASM, vous pouvez l&rsquo;int\u00e9grer de mani\u00e8re optimale dans votre environnement informatique existant gr\u00e2ce \u00e0 des interfaces \u00e9tendues pour l&rsquo;\u00e9change de donn\u00e9es. Ces interfaces permettent \u00e9galement de connecter AdSuite Market \u00e0 n&rsquo;importe quel syst\u00e8me CRM. Nous avons r\u00e9alis\u00e9 une int\u00e9gration particuli\u00e8rement \u00e9l\u00e9gante avec <a href=\"https:\/\/alfamedia.com\/fr\/solutions\/hubspot\/\" rel=\"noopener\">HubSpot<\/a>, o\u00f9 AdSuite Market est int\u00e9gr\u00e9 dans l&rsquo;interface HubSpot en tant que composant commercial pour la soumission de devis, avec une synchronisation parfaite des donn\u00e9es entre les syst\u00e8mes.<\/p>\n<p><a href=\"https:\/\/alfamedia.com\/wp-content\/uploads\/2025\/09\/arrow-right-long-to-line-duotone-solid-full.svg\"><img loading=\"lazy\" decoding=\"async\" class=\"wp-image-10335 alignleft\" src=\"https:\/\/alfamedia.com\/wp-content\/uploads\/2025\/09\/arrow-right-long-to-line-duotone-solid-full.svg\" alt=\"\" width=\"61\" height=\"61\" \/><\/a>Avec AdSuite Market, les d\u00e9fis classiques li\u00e9s \u00e0 la gestion publicitaire, tels que la collecte fastidieuse de donn\u00e9es, les processus manuels ou les flux de travail opaques, appartiennent d\u00e9sormais au pass\u00e9. Notre plateforme int\u00e8gre efficacement toutes les parties impliqu\u00e9es dans la cha\u00eene de processus et garantit des flux de travail fluides, de la cr\u00e9ation des devis au traitement des commandes. R\u00e9sultat : votre pr\u00e9cieux contenu d\u00e9ploie tout son effet, vous augmentez votre port\u00e9e et utilisez vos ressources plus efficacement.<\/p>\n<p>&nbsp;<\/p>\n<h3>Points forts<\/h3>\n<table style=\"margin-left: 0px;\">\n<tbody>\n<tr>\n<td style=\"padding-right: 10px; vertical-align: middle;\"><img loading=\"lazy\" decoding=\"async\" style=\"vertical-align: middle;\" src=\"https:\/\/alfamedia.com\/wp-content\/uploads\/2025\/09\/dot-duotone-light-full.png\" alt=\"\" width=\"30\" height=\"30\" \/><\/td>\n<td style=\"padding-bottom: 10px;\"><strong>Int\u00e9gration num\u00e9rique des clients : <\/strong>Int\u00e9grez vos clients directement dans votre processus : de l&rsquo;acceptation rapide des devis \u00e0 la correction fluide des brouillons, en passant par des processus de facturation \u00e9lectronique modernes.<\/td>\n<\/tr>\n<tr>\n<td style=\"padding-right: 10px; vertical-align: middle;\"><img loading=\"lazy\" decoding=\"async\" style=\"vertical-align: middle;\" src=\"https:\/\/alfamedia.com\/wp-content\/uploads\/2025\/09\/dot-duotone-light-full.png\" alt=\"\" width=\"30\" height=\"30\" \/><\/td>\n<td style=\"padding-bottom: 10px;\"><strong>Tarification et calcul automatis\u00e9s : <\/strong>nos r\u00e8gles robustes g\u00e8rent automatiquement la tarification et les calculs finaux, vous laissant ainsi plus de temps pour prendre des d\u00e9cisions strat\u00e9giques.<\/td>\n<\/tr>\n<tr>\n<td style=\"padding-right: 10px; vertical-align: middle;\"><img loading=\"lazy\" decoding=\"async\" style=\"vertical-align: middle;\" src=\"https:\/\/alfamedia.com\/wp-content\/uploads\/2025\/09\/dot-duotone-light-full.png\" alt=\"\" width=\"30\" height=\"30\" \/><\/td>\n<td style=\"padding-bottom: 10px;\"><strong>Syst\u00e8me ouvert avec une grande vari\u00e9t\u00e9 d&rsquo;interfaces : <\/strong>Gr\u00e2ce \u00e0 notre architecture ouverte, vous pouvez facilement connecter ASM \u00e0 des syst\u00e8mes existants, tels que HubSpot, et b\u00e9n\u00e9ficier d&rsquo;une synchronisation transparente de vos donn\u00e9es.<\/td>\n<\/tr>\n<tr>\n<td style=\"padding-right: 10px; vertical-align: middle;\"><img loading=\"lazy\" decoding=\"async\" style=\"vertical-align: middle;\" src=\"https:\/\/alfamedia.com\/wp-content\/uploads\/2025\/09\/dot-duotone-light-full.png\" alt=\"\" width=\"30\" height=\"30\" \/><\/td>\n<td style=\"padding-bottom: 10px;\"><strong>Moteur de workflow puissant : <\/strong>ASM garantit que les bonnes t\u00e2ches parviennent aux bons endroits au bon moment, tant \u00e0 l&rsquo;int\u00e9rieur qu&rsquo;\u00e0 l&rsquo;ext\u00e9rieur de votre entreprise, ce qui permet des gains d&rsquo;efficacit\u00e9 in\u00e9gal\u00e9s.<\/td>\n<\/tr>\n<tr>\n<td style=\"padding-right: 10px; vertical-align: middle;\"><img loading=\"lazy\" decoding=\"async\" style=\"vertical-align: middle;\" src=\"https:\/\/alfamedia.com\/wp-content\/uploads\/2025\/09\/dot-duotone-light-full.png\" alt=\"\" width=\"30\" height=\"30\" \/><\/td>\n<td style=\"padding-bottom: 10px;\"><strong>Tableau de bord et rapports flexibles : <\/strong>suivez toutes les activit\u00e9s gr\u00e2ce \u00e0 notre tableau de bord flexible et \u00e0 notre puissant syst\u00e8me de rapports, qui compare directement les valeurs cibles et les valeurs r\u00e9elles.<\/td>\n<\/tr>\n<\/tbody>\n<\/table>\n","protected":false},"excerpt":{"rendered":"<p>Avec AdSuite Market, vous entrez dans une nouvelle \u00e8re d&rsquo;automatisation et d&rsquo;efficacit\u00e9 dans la gestion de vos publicit\u00e9s, pour de meilleures d\u00e9cisions, des processus plus rapides et des campagnes plus fructueuses. Plongez dans l&rsquo;avenir de la gestion publicitaire !<\/p>\n","protected":false},"author":2,"featured_media":10372,"parent":2544,"menu_order":17,"comment_status":"closed","ping_status":"closed","template":"","meta":{"_acf_changed":false,"inline_featured_image":false,"footnotes":""},"class_list":["post-2546","page","type-page","status-publish","has-post-thumbnail","hentry"],"acf":[],"yoast_head":"<title>AdSuite Market &#8226; alfa Media Partner GmbH<\/title>\n<meta name=\"description\" content=\"Une nouvelle \u00e8re d&#039;automatisation et d&#039;efficacit\u00e9 dans la gestion de vos publicit\u00e9s, pour de meilleures d\u00e9cisions, des processus plus rapides et des campagnes plus fructueuses.\" \/>\n<meta name=\"robots\" content=\"index, follow, max-snippet:-1, max-image-preview:large, max-video-preview:-1\" \/>\n<link rel=\"canonical\" href=\"https:\/\/alfamedia.com\/fr\/solutions\/commerce-et-publicite\/adsuite-market\/\" \/>\n<meta property=\"og:locale\" content=\"fr_FR\" \/>\n<meta property=\"og:type\" content=\"article\" \/>\n<meta property=\"og:title\" content=\"AdSuite Market &#8226; alfa Media Partner GmbH\" \/>\n<meta property=\"og:description\" content=\"Une nouvelle \u00e8re d&#039;automatisation et d&#039;efficacit\u00e9 dans la gestion de vos publicit\u00e9s, pour de meilleures d\u00e9cisions, des processus plus rapides et des campagnes plus fructueuses.\" \/>\n<meta property=\"og:url\" content=\"https:\/\/alfamedia.com\/fr\/solutions\/commerce-et-publicite\/adsuite-market\/\" \/>\n<meta property=\"og:site_name\" content=\"alfa Media Partner GmbH\" \/>\n<meta property=\"article:modified_time\" content=\"2025-09-24T11:04:02+00:00\" \/>\n<meta property=\"og:image\" content=\"https:\/\/alfamedia.com\/wp-content\/uploads\/2025\/09\/header-blau-01-wave.png\" \/>\n\t<meta property=\"og:image:width\" content=\"1920\" \/>\n\t<meta property=\"og:image:height\" content=\"600\" \/>\n\t<meta property=\"og:image:type\" content=\"image\/png\" \/>\n<meta name=\"twitter:card\" content=\"summary_large_image\" \/>\n<meta name=\"twitter:label1\" content=\"Dur\u00e9e de lecture estim\u00e9e\" \/>\n\t<meta name=\"twitter:data1\" content=\"6 minutes\" \/>","yoast_head_json":{"title":"AdSuite Market &#8226; alfa Media Partner GmbH","description":"Une nouvelle \u00e8re d'automatisation et d'efficacit\u00e9 dans la gestion de vos publicit\u00e9s, pour de meilleures d\u00e9cisions, des processus plus rapides et des campagnes plus fructueuses.","robots":{"index":"index","follow":"follow","max-snippet":"max-snippet:-1","max-image-preview":"max-image-preview:large","max-video-preview":"max-video-preview:-1"},"canonical":"https:\/\/alfamedia.com\/fr\/solutions\/commerce-et-publicite\/adsuite-market\/","og_locale":"fr_FR","og_type":"article","og_title":"AdSuite Market &#8226; alfa Media Partner GmbH","og_description":"Une nouvelle \u00e8re d'automatisation et d'efficacit\u00e9 dans la gestion de vos publicit\u00e9s, pour de meilleures d\u00e9cisions, des processus plus rapides et des campagnes plus fructueuses.","og_url":"https:\/\/alfamedia.com\/fr\/solutions\/commerce-et-publicite\/adsuite-market\/","og_site_name":"alfa Media Partner GmbH","article_modified_time":"2025-09-24T11:04:02+00:00","og_image":[{"width":1920,"height":600,"url":"https:\/\/alfamedia.com\/wp-content\/uploads\/2025\/09\/header-blau-01-wave.png","type":"image\/png"}],"twitter_card":"summary_large_image","twitter_misc":{"Dur\u00e9e de lecture estim\u00e9e":"6 minutes"},"schema":{"@context":"https:\/\/schema.org","@graph":[{"@type":"WebPage","@id":"https:\/\/alfamedia.com\/fr\/solutions\/commerce-et-publicite\/adsuite-market\/","url":"https:\/\/alfamedia.com\/fr\/solutions\/commerce-et-publicite\/adsuite-market\/","name":"AdSuite Market &#8226; alfa Media Partner GmbH","isPartOf":{"@id":"https:\/\/alfamedia.com\/fr\/#website"},"primaryImageOfPage":{"@id":"https:\/\/alfamedia.com\/fr\/solutions\/commerce-et-publicite\/adsuite-market\/#primaryimage"},"image":{"@id":"https:\/\/alfamedia.com\/fr\/solutions\/commerce-et-publicite\/adsuite-market\/#primaryimage"},"thumbnailUrl":"https:\/\/alfamedia.com\/wp-content\/uploads\/2025\/09\/header-blau-01-wave.png","datePublished":"2020-01-29T08:35:38+00:00","dateModified":"2025-09-24T11:04:02+00:00","description":"Une nouvelle \u00e8re d'automatisation et d'efficacit\u00e9 dans la gestion de vos publicit\u00e9s, pour de meilleures d\u00e9cisions, des processus plus rapides et des campagnes plus fructueuses.","breadcrumb":{"@id":"https:\/\/alfamedia.com\/fr\/solutions\/commerce-et-publicite\/adsuite-market\/#breadcrumb"},"inLanguage":"fr-FR","potentialAction":[{"@type":"ReadAction","target":["https:\/\/alfamedia.com\/fr\/solutions\/commerce-et-publicite\/adsuite-market\/"]}]},{"@type":"ImageObject","inLanguage":"fr-FR","@id":"https:\/\/alfamedia.com\/fr\/solutions\/commerce-et-publicite\/adsuite-market\/#primaryimage","url":"https:\/\/alfamedia.com\/wp-content\/uploads\/2025\/09\/header-blau-01-wave.png","contentUrl":"https:\/\/alfamedia.com\/wp-content\/uploads\/2025\/09\/header-blau-01-wave.png","width":1920,"height":600},{"@type":"BreadcrumbList","@id":"https:\/\/alfamedia.com\/fr\/solutions\/commerce-et-publicite\/adsuite-market\/#breadcrumb","itemListElement":[{"@type":"ListItem","position":1,"name":"Start","item":"https:\/\/alfamedia.com\/fr\/"},{"@type":"ListItem","position":2,"name":"Solutions","item":"https:\/\/alfamedia.com\/fr\/solutions\/"},{"@type":"ListItem","position":3,"name":"Commerce et Publicit\u00e9","item":"https:\/\/alfamedia.com\/fr\/solutions\/commerce-et-publicite\/"},{"@type":"ListItem","position":4,"name":"AdSuite Market"}]},{"@type":"WebSite","@id":"https:\/\/alfamedia.com\/fr\/#website","url":"https:\/\/alfamedia.com\/fr\/","name":"alfa Media Partner GmbH","description":"Software-L\u00f6sungen f\u00fcr Medienh\u00e4user und Verlage","potentialAction":[{"@type":"SearchAction","target":{"@type":"EntryPoint","urlTemplate":"https:\/\/alfamedia.com\/fr\/?s={search_term_string}"},"query-input":{"@type":"PropertyValueSpecification","valueRequired":true,"valueName":"search_term_string"}}],"inLanguage":"fr-FR"}]}},"_links":{"self":[{"href":"https:\/\/alfamedia.com\/fr\/wp-json\/wp\/v2\/pages\/2546","targetHints":{"allow":["GET"]}}],"collection":[{"href":"https:\/\/alfamedia.com\/fr\/wp-json\/wp\/v2\/pages"}],"about":[{"href":"https:\/\/alfamedia.com\/fr\/wp-json\/wp\/v2\/types\/page"}],"author":[{"embeddable":true,"href":"https:\/\/alfamedia.com\/fr\/wp-json\/wp\/v2\/users\/2"}],"replies":[{"embeddable":true,"href":"https:\/\/alfamedia.com\/fr\/wp-json\/wp\/v2\/comments?post=2546"}],"version-history":[{"count":6,"href":"https:\/\/alfamedia.com\/fr\/wp-json\/wp\/v2\/pages\/2546\/revisions"}],"predecessor-version":[{"id":10451,"href":"https:\/\/alfamedia.com\/fr\/wp-json\/wp\/v2\/pages\/2546\/revisions\/10451"}],"up":[{"embeddable":true,"href":"https:\/\/alfamedia.com\/fr\/wp-json\/wp\/v2\/pages\/2544"}],"wp:featuredmedia":[{"embeddable":true,"href":"https:\/\/alfamedia.com\/fr\/wp-json\/wp\/v2\/media\/10372"}],"wp:attachment":[{"href":"https:\/\/alfamedia.com\/fr\/wp-json\/wp\/v2\/media?parent=2546"}],"curies":[{"name":"wp","href":"https:\/\/api.w.org\/{rel}","templated":true}]}}