{"id":2544,"date":"2020-01-29T09:33:28","date_gmt":"2020-01-29T08:33:28","guid":{"rendered":"https:\/\/alfamedia.com\/?page_id=2544"},"modified":"2022-02-15T12:47:51","modified_gmt":"2022-02-15T11:47:51","slug":"commerce-et-publicite","status":"publish","type":"page","link":"https:\/\/alfamedia.com\/fr\/solutions\/commerce-et-publicite\/","title":{"rendered":"Commerce et Publicit\u00e9"},"content":{"rendered":"<p><strong>alfa BusinessLine<\/strong><\/p>\n<p>Des flux de travail num\u00e9riques simplifi\u00e9s sont n\u00e9cessaires en raison de la diversit\u00e9 croissante des diff\u00e9rentes formes de publicit\u00e9 et de canaux de communication que ce soit pour les publications imprim\u00e9es comme en ligne. Dans le m\u00eame temps, un environnement de travail moderne et \u00e9volutif exige un maximum de flexibilit\u00e9 et de mobilit\u00e9 afin que les consultants m\u00e9dias puissent concentrer toute leur attention sur la vente d&rsquo;annonces publicitaires alors que les processus commerciaux et techniques sont totalement int\u00e9gr\u00e9s en arri\u00e8re-plan. Avec notre BusinessLine, nous vous offrons la possibilit\u00e9 d&rsquo;un traitement des commandes orient\u00e9 client et sans effort.<\/p>\n","protected":false},"excerpt":{"rendered":"<p>Des flux de travail num\u00e9riques simplifi\u00e9s et un environnement de travail moderne et \u00e9volutif qui offre un maximum de flexibilit\u00e9 et de mobilit\u00e9.<\/p>\n","protected":false},"author":2,"featured_media":5339,"parent":2510,"menu_order":53,"comment_status":"closed","ping_status":"closed","template":"","meta":{"_acf_changed":false,"inline_featured_image":false,"footnotes":""},"class_list":["post-2544","page","type-page","status-publish","has-post-thumbnail","hentry"],"acf":[],"yoast_head":"<title>Commerce et Publicit\u00e9 &#8226; alfa Media Partner GmbH<\/title>\n<meta name=\"robots\" content=\"index, follow, max-snippet:-1, max-image-preview:large, max-video-preview:-1\" \/>\n<link rel=\"canonical\" href=\"https:\/\/alfamedia.com\/fr\/solutions\/commerce-et-publicite\/\" \/>\n<meta property=\"og:locale\" content=\"fr_FR\" \/>\n<meta property=\"og:type\" content=\"article\" \/>\n<meta property=\"og:title\" content=\"Commerce et Publicit\u00e9 &#8226; alfa Media Partner GmbH\" \/>\n<meta property=\"og:description\" content=\"Des flux de travail num\u00e9riques simplifi\u00e9s et un environnement de travail moderne et \u00e9volutif qui offre un maximum de flexibilit\u00e9 et de mobilit\u00e9.\" \/>\n<meta property=\"og:url\" content=\"https:\/\/alfamedia.com\/fr\/solutions\/commerce-et-publicite\/\" \/>\n<meta property=\"og:site_name\" content=\"alfa Media Partner GmbH\" \/>\n<meta property=\"article:modified_time\" content=\"2022-02-15T11:47:51+00:00\" \/>\n<meta property=\"og:image\" content=\"https:\/\/alfamedia.com\/wp-content\/uploads\/2022\/02\/loui-kiaer-Cielz-unsplash.png\" \/>\n\t<meta property=\"og:image:width\" content=\"1920\" \/>\n\t<meta property=\"og:image:height\" content=\"600\" \/>\n\t<meta property=\"og:image:type\" content=\"image\/png\" \/>\n<meta name=\"twitter:card\" content=\"summary_large_image\" \/>\n<meta name=\"twitter:label1\" content=\"Dur\u00e9e de lecture estim\u00e9e\" \/>\n\t<meta name=\"twitter:data1\" content=\"1 minute\" \/>","yoast_head_json":{"title":"Commerce et Publicit\u00e9 &#8226; alfa Media Partner GmbH","robots":{"index":"index","follow":"follow","max-snippet":"max-snippet:-1","max-image-preview":"max-image-preview:large","max-video-preview":"max-video-preview:-1"},"canonical":"https:\/\/alfamedia.com\/fr\/solutions\/commerce-et-publicite\/","og_locale":"fr_FR","og_type":"article","og_title":"Commerce et Publicit\u00e9 &#8226; alfa Media Partner GmbH","og_description":"Des flux de travail num\u00e9riques simplifi\u00e9s et un environnement de travail moderne et \u00e9volutif qui offre un maximum de flexibilit\u00e9 et de mobilit\u00e9.","og_url":"https:\/\/alfamedia.com\/fr\/solutions\/commerce-et-publicite\/","og_site_name":"alfa Media Partner GmbH","article_modified_time":"2022-02-15T11:47:51+00:00","og_image":[{"width":1920,"height":600,"url":"https:\/\/alfamedia.com\/wp-content\/uploads\/2022\/02\/loui-kiaer-Cielz-unsplash.png","type":"image\/png"}],"twitter_card":"summary_large_image","twitter_misc":{"Dur\u00e9e de lecture estim\u00e9e":"1 minute"},"schema":{"@context":"https:\/\/schema.org","@graph":[{"@type":"WebPage","@id":"https:\/\/alfamedia.com\/fr\/solutions\/commerce-et-publicite\/","url":"https:\/\/alfamedia.com\/fr\/solutions\/commerce-et-publicite\/","name":"Commerce et Publicit\u00e9 &#8226; alfa Media Partner GmbH","isPartOf":{"@id":"https:\/\/alfamedia.com\/fr\/#website"},"primaryImageOfPage":{"@id":"https:\/\/alfamedia.com\/fr\/solutions\/commerce-et-publicite\/#primaryimage"},"image":{"@id":"https:\/\/alfamedia.com\/fr\/solutions\/commerce-et-publicite\/#primaryimage"},"thumbnailUrl":"https:\/\/alfamedia.com\/wp-content\/uploads\/2022\/02\/loui-kiaer-Cielz-unsplash.png","datePublished":"2020-01-29T08:33:28+00:00","dateModified":"2022-02-15T11:47:51+00:00","breadcrumb":{"@id":"https:\/\/alfamedia.com\/fr\/solutions\/commerce-et-publicite\/#breadcrumb"},"inLanguage":"fr-FR","potentialAction":[{"@type":"ReadAction","target":["https:\/\/alfamedia.com\/fr\/solutions\/commerce-et-publicite\/"]}]},{"@type":"ImageObject","inLanguage":"fr-FR","@id":"https:\/\/alfamedia.com\/fr\/solutions\/commerce-et-publicite\/#primaryimage","url":"https:\/\/alfamedia.com\/wp-content\/uploads\/2022\/02\/loui-kiaer-Cielz-unsplash.png","contentUrl":"https:\/\/alfamedia.com\/wp-content\/uploads\/2022\/02\/loui-kiaer-Cielz-unsplash.png","width":1920,"height":600},{"@type":"BreadcrumbList","@id":"https:\/\/alfamedia.com\/fr\/solutions\/commerce-et-publicite\/#breadcrumb","itemListElement":[{"@type":"ListItem","position":1,"name":"Start","item":"https:\/\/alfamedia.com\/fr\/"},{"@type":"ListItem","position":2,"name":"Solutions","item":"https:\/\/alfamedia.com\/fr\/solutions\/"},{"@type":"ListItem","position":3,"name":"Commerce et Publicit\u00e9"}]},{"@type":"WebSite","@id":"https:\/\/alfamedia.com\/fr\/#website","url":"https:\/\/alfamedia.com\/fr\/","name":"alfa Media Partner GmbH","description":"Software-L\u00f6sungen f\u00fcr Medienh\u00e4user und Verlage","potentialAction":[{"@type":"SearchAction","target":{"@type":"EntryPoint","urlTemplate":"https:\/\/alfamedia.com\/fr\/?s={search_term_string}"},"query-input":{"@type":"PropertyValueSpecification","valueRequired":true,"valueName":"search_term_string"}}],"inLanguage":"fr-FR"}]}},"_links":{"self":[{"href":"https:\/\/alfamedia.com\/fr\/wp-json\/wp\/v2\/pages\/2544","targetHints":{"allow":["GET"]}}],"collection":[{"href":"https:\/\/alfamedia.com\/fr\/wp-json\/wp\/v2\/pages"}],"about":[{"href":"https:\/\/alfamedia.com\/fr\/wp-json\/wp\/v2\/types\/page"}],"author":[{"embeddable":true,"href":"https:\/\/alfamedia.com\/fr\/wp-json\/wp\/v2\/users\/2"}],"replies":[{"embeddable":true,"href":"https:\/\/alfamedia.com\/fr\/wp-json\/wp\/v2\/comments?post=2544"}],"version-history":[{"count":0,"href":"https:\/\/alfamedia.com\/fr\/wp-json\/wp\/v2\/pages\/2544\/revisions"}],"up":[{"embeddable":true,"href":"https:\/\/alfamedia.com\/fr\/wp-json\/wp\/v2\/pages\/2510"}],"wp:featuredmedia":[{"embeddable":true,"href":"https:\/\/alfamedia.com\/fr\/wp-json\/wp\/v2\/media\/5339"}],"wp:attachment":[{"href":"https:\/\/alfamedia.com\/fr\/wp-json\/wp\/v2\/media?parent=2544"}],"curies":[{"name":"wp","href":"https:\/\/api.w.org\/{rel}","templated":true}]}}