{"id":2536,"date":"2020-01-29T09:23:25","date_gmt":"2020-01-29T08:23:25","guid":{"rendered":"https:\/\/alfamedia.com\/?page_id=2536"},"modified":"2025-09-25T11:45:18","modified_gmt":"2025-09-25T09:45:18","slug":"feecon","status":"publish","type":"page","link":"https:\/\/alfamedia.com\/fr\/solutions\/redaction-et-contenu-editorial\/feecon\/","title":{"rendered":"FeeCon"},"content":{"rendered":"<p><strong><span style=\"color: #29a8c9;\">FeeCon est la solution id\u00e9ale pour toutes les entreprises qui accordent de l&rsquo;importance \u00e0 un calcul pr\u00e9cis et efficace des honoraires. En tant que programme de calcul des honoraires leader sur le march\u00e9, FeeCon offre \u00e0 la fois la flexibilit\u00e9 d&rsquo;un syst\u00e8me autonome et les avantages d&rsquo;une int\u00e9gration transparente dans les flux de travail existants. L&rsquo;interface XML ouverte garantit une communication fluide avec les syst\u00e8mes \u00e9ditoriaux, publicitaires, comptables et de ressources humaines.<\/span><\/strong><\/p>\n<p>Au c\u0153ur du programme se trouve sa capacit\u00e9 \u00e0 calculer automatiquement les tarifs d&rsquo;une large gamme de services, allant des textes et photos aux articles de relations publiques. Gr\u00e2ce \u00e0 son syst\u00e8me de tarification sophistiqu\u00e9 qui prend en compte les contrats individuels, il r\u00e9duit consid\u00e9rablement l&rsquo;effort n\u00e9cessaire \u00e0 la gestion de structures tarifaires complexes. Les \u00e9quipes \u00e9ditoriales et les services de contr\u00f4le b\u00e9n\u00e9ficient de fonctions statistiques compl\u00e8tes qui offrent une gestion budg\u00e9taire int\u00e9gr\u00e9e et un large \u00e9ventail d&rsquo;options d&rsquo;exportation. Conform\u00e9ment au RGPD, FeeCon garantit le respect de toutes les r\u00e9glementations applicables en mati\u00e8re de protection des donn\u00e9es et r\u00e9pond aux exigences du paragraphe 32d du droit d&rsquo;auteur en mati\u00e8re de r\u00e9mun\u00e9ration \u00e9quitable.<\/p>\n<p>Le module bas\u00e9 sur un navigateur, qui fonctionne c\u00f4t\u00e9 serveur dans Docker et utilise une base de donn\u00e9es PostgreSQL, garantit que FeeCon \u00e9tablit \u00e9galement de nouvelles normes en termes de co\u00fbts d&rsquo;exploitation. Il convient de noter en particulier le syst\u00e8me innovant de gestion des documents et la mise en \u0153uvre num\u00e9rique pr\u00e9vue en 2026 de la g\u00e9n\u00e9ration des notes de cr\u00e9dit et des factures. Le concept de \u00ab r\u00e9mun\u00e9ration bas\u00e9e sur les commandes \u00bb optimise \u00e9galement efficacement les flux de travail modernes.<\/p>\n<p><img loading=\"lazy\" decoding=\"async\" class=\"alignnone wp-image-10510 size-full\" src=\"https:\/\/alfamedia.com\/wp-content\/uploads\/2025\/09\/FeeCon.jpg\" alt=\"\" width=\"800\" height=\"585\" srcset=\"https:\/\/alfamedia.com\/wp-content\/uploads\/2025\/09\/FeeCon.jpg 800w, https:\/\/alfamedia.com\/wp-content\/uploads\/2025\/09\/FeeCon-300x219.jpg 300w, https:\/\/alfamedia.com\/wp-content\/uploads\/2025\/09\/FeeCon-660x483.jpg 660w\" sizes=\"auto, (max-width: 800px) 100vw, 800px\" \/><\/p>\n<p>Il s&rsquo;int\u00e8gre parfaitement \u00e0 des syst\u00e8mes tels que SAP, eGecko, easySD, DATEV, SFirm, Sage et diverses solutions de comptabilit\u00e9 financi\u00e8re. Il peut \u00e9galement \u00eatre connect\u00e9 \u00e0 des syst\u00e8mes en amont tels que nos solutions <a href=\"https:\/\/alfamedia.com\/fr\/solutions\/redaction-et-contenu-editorial\/editorialorganiser\/\">EditorialOrganiser<\/a>, <a href=\"https:\/\/alfamedia.com\/fr\/solutions\/commerce-et-publicite\/adsuite-market\/\">AdSuite Market<\/a>, <a href=\"https:\/\/alfamedia.com\/fr\/solutions\/redaction-et-contenu-editorial\/printlayout\/\">PrintLayout<\/a>, NewsSuite, MediaSuite et Agenda. L&rsquo;int\u00e9gration du flux de travail avec Stibo CUE et Funkinform DIALOG compl\u00e8te le portefeuille et garantit que FeeCon est \u00e9quip\u00e9 pour r\u00e9pondre aux exigences commerciales modernes.<\/p>\n<p><a href=\"https:\/\/alfamedia.com\/wp-content\/uploads\/2025\/09\/arrow-right-long-to-line-duotone-solid-full.svg\"><img loading=\"lazy\" decoding=\"async\" class=\"wp-image-10335 alignleft\" src=\"https:\/\/alfamedia.com\/wp-content\/uploads\/2025\/09\/arrow-right-long-to-line-duotone-solid-full.svg\" alt=\"\" width=\"61\" height=\"61\" \/><\/a><\/p>\n<p>Vous en avez assez des calculs complexes de frais qui prennent beaucoup de temps et sont sujets \u00e0 des erreurs ? Avec FeeCon, ces difficult\u00e9s appartiennent d\u00e9sormais au pass\u00e9. La plateforme simplifie consid\u00e9rablement la gestion des frais, mais r\u00e9duit \u00e9galement les t\u00e2ches administratives gr\u00e2ce \u00e0 des calculs automatiques et des fonctions de synth\u00e8se d\u00e9taill\u00e9es. Son int\u00e9gration transparente dans les syst\u00e8mes existants garantit un \u00e9change de donn\u00e9es efficace, augmentant ainsi la transparence et la tra\u00e7abilit\u00e9 de tous les processus li\u00e9s aux frais. Utilisez FeeCon pour optimiser vos processus et obtenir une vision claire de votre structure de co\u00fbts.<\/p>\n<p>&nbsp;<\/p>\n<h3>Points forts<\/h3>\n<table style=\"margin-left: 0px;\">\n<tbody>\n<tr>\n<td style=\"padding-right: 10px; vertical-align: middle;\"><img loading=\"lazy\" decoding=\"async\" style=\"vertical-align: middle;\" src=\"https:\/\/alfamedia.com\/wp-content\/uploads\/2025\/09\/dot-duotone-light-full.png\" alt=\"\" width=\"30\" height=\"30\" \/><\/td>\n<td style=\"padding-bottom: 10px;\"><strong>Calcul enti\u00e8rement automatis\u00e9 des frais : <\/strong>fournit un aper\u00e7u clair des services rendus et permet une analyse rapide des co\u00fbts.<\/td>\n<\/tr>\n<tr>\n<td style=\"padding-right: 10px; vertical-align: middle;\"><img loading=\"lazy\" decoding=\"async\" style=\"vertical-align: middle;\" src=\"https:\/\/alfamedia.com\/wp-content\/uploads\/2025\/09\/dot-duotone-light-full.png\" alt=\"\" width=\"30\" height=\"30\" \/><\/td>\n<td style=\"padding-bottom: 10px;\"><strong>Gestion des documents : <\/strong>Permet la gestion manuelle et automatis\u00e9e de tous les documents pertinents directement dans les locaux du b\u00e9n\u00e9ficiaire des frais.<\/td>\n<\/tr>\n<tr>\n<td style=\"padding-right: 10px; vertical-align: middle;\"><img loading=\"lazy\" decoding=\"async\" style=\"vertical-align: middle;\" src=\"https:\/\/alfamedia.com\/wp-content\/uploads\/2025\/09\/dot-duotone-light-full.png\" alt=\"\" width=\"30\" height=\"30\" \/><\/td>\n<td style=\"padding-bottom: 10px;\"><strong>D\u00e9clarations de frais transparentes : <\/strong>un processus d&rsquo;approbation en trois \u00e9tapes garantit une transparence maximale.<\/td>\n<\/tr>\n<tr>\n<td style=\"padding-right: 10px; vertical-align: middle;\"><img loading=\"lazy\" decoding=\"async\" style=\"vertical-align: middle;\" src=\"https:\/\/alfamedia.com\/wp-content\/uploads\/2025\/09\/dot-duotone-light-full.png\" alt=\"\" width=\"30\" height=\"30\" \/><\/td>\n<td style=\"padding-bottom: 10px;\"><strong>Gestion avanc\u00e9e du budget et pr\u00e9visions : <\/strong>Bas\u00e9 sur une gestion sophistiqu\u00e9e des droits pour une planification financi\u00e8re strat\u00e9gique.<\/td>\n<\/tr>\n<\/tbody>\n<\/table>\n","protected":false},"excerpt":{"rendered":"<p>D\u00e9couvrez FeeCon, notre programme de calcul des honoraires. B\u00e9n\u00e9ficiez de calculs automatis\u00e9s, d&rsquo;une int\u00e9gration syst\u00e8me transparente et d&rsquo;une gestion budg\u00e9taire compl\u00e8te pour des flux de travail efficaces.<\/p>\n","protected":false},"author":2,"featured_media":10372,"parent":2512,"menu_order":163,"comment_status":"closed","ping_status":"closed","template":"","meta":{"_acf_changed":false,"inline_featured_image":false,"footnotes":""},"class_list":["post-2536","page","type-page","status-publish","has-post-thumbnail","hentry"],"acf":[],"yoast_head":"<title>FeeCon &#8226; alfa Media Partner GmbH<\/title>\n<meta name=\"description\" content=\"B\u00e9n\u00e9ficiez de calculs automatis\u00e9s, d&#039;une int\u00e9gration syst\u00e8me transparente et d&#039;une gestion budg\u00e9taire compl\u00e8te pour des flux de travail efficaces.\" \/>\n<meta name=\"robots\" content=\"index, follow, max-snippet:-1, max-image-preview:large, max-video-preview:-1\" \/>\n<link rel=\"canonical\" href=\"https:\/\/alfamedia.com\/fr\/solutions\/redaction-et-contenu-editorial\/feecon\/\" \/>\n<meta property=\"og:locale\" content=\"fr_FR\" \/>\n<meta property=\"og:type\" content=\"article\" \/>\n<meta property=\"og:title\" content=\"FeeCon &#8226; alfa Media Partner GmbH\" \/>\n<meta property=\"og:description\" content=\"B\u00e9n\u00e9ficiez de calculs automatis\u00e9s, d&#039;une int\u00e9gration syst\u00e8me transparente et d&#039;une gestion budg\u00e9taire compl\u00e8te pour des flux de travail efficaces.\" \/>\n<meta property=\"og:url\" content=\"https:\/\/alfamedia.com\/fr\/solutions\/redaction-et-contenu-editorial\/feecon\/\" \/>\n<meta property=\"og:site_name\" content=\"alfa Media Partner GmbH\" \/>\n<meta property=\"article:modified_time\" content=\"2025-09-25T09:45:18+00:00\" \/>\n<meta property=\"og:image\" content=\"https:\/\/alfamedia.com\/wp-content\/uploads\/2025\/09\/header-blau-01-wave.png\" \/>\n\t<meta property=\"og:image:width\" content=\"1920\" \/>\n\t<meta property=\"og:image:height\" content=\"600\" \/>\n\t<meta property=\"og:image:type\" content=\"image\/png\" \/>\n<meta name=\"twitter:card\" content=\"summary_large_image\" \/>\n<meta name=\"twitter:label1\" content=\"Dur\u00e9e de lecture estim\u00e9e\" \/>\n\t<meta name=\"twitter:data1\" content=\"5 minutes\" \/>","yoast_head_json":{"title":"FeeCon &#8226; alfa Media Partner GmbH","description":"B\u00e9n\u00e9ficiez de calculs automatis\u00e9s, d'une int\u00e9gration syst\u00e8me transparente et d'une gestion budg\u00e9taire compl\u00e8te pour des flux de travail efficaces.","robots":{"index":"index","follow":"follow","max-snippet":"max-snippet:-1","max-image-preview":"max-image-preview:large","max-video-preview":"max-video-preview:-1"},"canonical":"https:\/\/alfamedia.com\/fr\/solutions\/redaction-et-contenu-editorial\/feecon\/","og_locale":"fr_FR","og_type":"article","og_title":"FeeCon &#8226; alfa Media Partner GmbH","og_description":"B\u00e9n\u00e9ficiez de calculs automatis\u00e9s, d'une int\u00e9gration syst\u00e8me transparente et d'une gestion budg\u00e9taire compl\u00e8te pour des flux de travail efficaces.","og_url":"https:\/\/alfamedia.com\/fr\/solutions\/redaction-et-contenu-editorial\/feecon\/","og_site_name":"alfa Media Partner GmbH","article_modified_time":"2025-09-25T09:45:18+00:00","og_image":[{"width":1920,"height":600,"url":"https:\/\/alfamedia.com\/wp-content\/uploads\/2025\/09\/header-blau-01-wave.png","type":"image\/png"}],"twitter_card":"summary_large_image","twitter_misc":{"Dur\u00e9e de lecture estim\u00e9e":"5 minutes"},"schema":{"@context":"https:\/\/schema.org","@graph":[{"@type":"WebPage","@id":"https:\/\/alfamedia.com\/fr\/solutions\/redaction-et-contenu-editorial\/feecon\/","url":"https:\/\/alfamedia.com\/fr\/solutions\/redaction-et-contenu-editorial\/feecon\/","name":"FeeCon &#8226; alfa Media Partner GmbH","isPartOf":{"@id":"https:\/\/alfamedia.com\/fr\/#website"},"primaryImageOfPage":{"@id":"https:\/\/alfamedia.com\/fr\/solutions\/redaction-et-contenu-editorial\/feecon\/#primaryimage"},"image":{"@id":"https:\/\/alfamedia.com\/fr\/solutions\/redaction-et-contenu-editorial\/feecon\/#primaryimage"},"thumbnailUrl":"https:\/\/alfamedia.com\/wp-content\/uploads\/2025\/09\/header-blau-01-wave.png","datePublished":"2020-01-29T08:23:25+00:00","dateModified":"2025-09-25T09:45:18+00:00","description":"B\u00e9n\u00e9ficiez de calculs automatis\u00e9s, d'une int\u00e9gration syst\u00e8me transparente et d'une gestion budg\u00e9taire compl\u00e8te pour des flux de travail efficaces.","breadcrumb":{"@id":"https:\/\/alfamedia.com\/fr\/solutions\/redaction-et-contenu-editorial\/feecon\/#breadcrumb"},"inLanguage":"fr-FR","potentialAction":[{"@type":"ReadAction","target":["https:\/\/alfamedia.com\/fr\/solutions\/redaction-et-contenu-editorial\/feecon\/"]}]},{"@type":"ImageObject","inLanguage":"fr-FR","@id":"https:\/\/alfamedia.com\/fr\/solutions\/redaction-et-contenu-editorial\/feecon\/#primaryimage","url":"https:\/\/alfamedia.com\/wp-content\/uploads\/2025\/09\/header-blau-01-wave.png","contentUrl":"https:\/\/alfamedia.com\/wp-content\/uploads\/2025\/09\/header-blau-01-wave.png","width":1920,"height":600},{"@type":"BreadcrumbList","@id":"https:\/\/alfamedia.com\/fr\/solutions\/redaction-et-contenu-editorial\/feecon\/#breadcrumb","itemListElement":[{"@type":"ListItem","position":1,"name":"Start","item":"https:\/\/alfamedia.com\/fr\/"},{"@type":"ListItem","position":2,"name":"Solutions","item":"https:\/\/alfamedia.com\/fr\/solutions\/"},{"@type":"ListItem","position":3,"name":"R\u00e9daction et Contenu \u00e9ditorial","item":"https:\/\/alfamedia.com\/fr\/solutions\/redaction-et-contenu-editorial\/"},{"@type":"ListItem","position":4,"name":"FeeCon"}]},{"@type":"WebSite","@id":"https:\/\/alfamedia.com\/fr\/#website","url":"https:\/\/alfamedia.com\/fr\/","name":"alfa Media Partner GmbH","description":"Software-L\u00f6sungen f\u00fcr Medienh\u00e4user und Verlage","potentialAction":[{"@type":"SearchAction","target":{"@type":"EntryPoint","urlTemplate":"https:\/\/alfamedia.com\/fr\/?s={search_term_string}"},"query-input":{"@type":"PropertyValueSpecification","valueRequired":true,"valueName":"search_term_string"}}],"inLanguage":"fr-FR"}]}},"_links":{"self":[{"href":"https:\/\/alfamedia.com\/fr\/wp-json\/wp\/v2\/pages\/2536","targetHints":{"allow":["GET"]}}],"collection":[{"href":"https:\/\/alfamedia.com\/fr\/wp-json\/wp\/v2\/pages"}],"about":[{"href":"https:\/\/alfamedia.com\/fr\/wp-json\/wp\/v2\/types\/page"}],"author":[{"embeddable":true,"href":"https:\/\/alfamedia.com\/fr\/wp-json\/wp\/v2\/users\/2"}],"replies":[{"embeddable":true,"href":"https:\/\/alfamedia.com\/fr\/wp-json\/wp\/v2\/comments?post=2536"}],"version-history":[{"count":3,"href":"https:\/\/alfamedia.com\/fr\/wp-json\/wp\/v2\/pages\/2536\/revisions"}],"predecessor-version":[{"id":10521,"href":"https:\/\/alfamedia.com\/fr\/wp-json\/wp\/v2\/pages\/2536\/revisions\/10521"}],"up":[{"embeddable":true,"href":"https:\/\/alfamedia.com\/fr\/wp-json\/wp\/v2\/pages\/2512"}],"wp:featuredmedia":[{"embeddable":true,"href":"https:\/\/alfamedia.com\/fr\/wp-json\/wp\/v2\/media\/10372"}],"wp:attachment":[{"href":"https:\/\/alfamedia.com\/fr\/wp-json\/wp\/v2\/media?parent=2536"}],"curies":[{"name":"wp","href":"https:\/\/api.w.org\/{rel}","templated":true}]}}