{"id":2528,"date":"2020-01-29T09:15:40","date_gmt":"2020-01-29T08:15:40","guid":{"rendered":"https:\/\/alfamedia.com\/?page_id=2528"},"modified":"2025-09-25T09:44:36","modified_gmt":"2025-09-25T07:44:36","slug":"newsapp-newsapp-s","status":"publish","type":"page","link":"https:\/\/alfamedia.com\/fr\/solutions\/redaction-et-contenu-editorial\/newsapp-newsapp-s\/","title":{"rendered":"SmartNews App"},"content":{"rendered":"<p><strong><span style=\"color: #29a8c9;\">L&rsquo;application SmartNews rend la transition entre les m\u00e9dias imprim\u00e9s traditionnels et le monde num\u00e9rique fluide et agr\u00e9able. Notre objectif est d&rsquo;inciter les anciens lecteurs fid\u00e8les des m\u00e9dias imprim\u00e9s \u00e0 adopter l&rsquo;ePaper bas\u00e9 sur une application gr\u00e2ce \u00e0 une interface conviviale et attrayante.<\/span><\/strong><\/p>\n<p>L&rsquo;application offre des options de configuration compl\u00e8tes pour les \u00e9diteurs, notamment la personnalisation des couleurs, des polices et des mises en page. De la configuration simple avec des param\u00e8tres de base aux mises en page sp\u00e9cifiques \u00e0 chaque appareil, l&rsquo;application SmartNews est con\u00e7ue pour combiner tous les avantages du monde de la lecture num\u00e9rique et les rendre accessibles.<\/p>\n<p>En plus de ces fonctionnalit\u00e9s, l&rsquo;application SmartNews s&rsquo;attache \u00e0 offrir une exp\u00e9rience m\u00e9diatique diversifi\u00e9e et dynamique. La possibilit\u00e9 d&rsquo;afficher le contenu en mode clair ou sombre garantit un confort de lecture optimal \u00e0 tout moment de la journ\u00e9e. La synchronisation des signets sur tous les appareils utilis\u00e9s permet aux lecteurs de reprendre leur lecture l\u00e0 o\u00f9 ils l&rsquo;avaient laiss\u00e9e \u00e0 tout moment. Gr\u00e2ce \u00e0 sa conception intuitive, les lecteurs trouvent non seulement plus facile de naviguer parmi leurs contenus pr\u00e9f\u00e9r\u00e9s, mais aussi d&rsquo;acc\u00e9der \u00e0 de nouveaux formats num\u00e9riques. L&rsquo;int\u00e9gration de fonctionnalit\u00e9s d&rsquo;accessibilit\u00e9, telles que la fonction de lecture \u00e0 voix haute, am\u00e9liore l&rsquo;exp\u00e9rience utilisateur pour tous les lecteurs, quels que soient leurs besoins individuels. L&rsquo;int\u00e9gration de podcasts \u00e9largit la gamme de formats multim\u00e9dias disponibles et permet aux utilisateurs de s&rsquo;immerger dans leurs sujets pr\u00e9f\u00e9r\u00e9s de mani\u00e8re auditive, faisant de l&rsquo;application un compagnon indispensable dans l&rsquo;utilisation moderne des m\u00e9dias.<\/p>\n<p><img loading=\"lazy\" decoding=\"async\" class=\"alignnone wp-image-10502 size-full\" src=\"https:\/\/alfamedia.com\/wp-content\/uploads\/2025\/09\/SmartNews.jpg\" alt=\"\" width=\"800\" height=\"585\" srcset=\"https:\/\/alfamedia.com\/wp-content\/uploads\/2025\/09\/SmartNews.jpg 800w, https:\/\/alfamedia.com\/wp-content\/uploads\/2025\/09\/SmartNews-300x219.jpg 300w, https:\/\/alfamedia.com\/wp-content\/uploads\/2025\/09\/SmartNews-660x483.jpg 660w\" sizes=\"auto, (max-width: 800px) 100vw, 800px\" \/><\/p>\n<p><a href=\"https:\/\/alfamedia.com\/wp-content\/uploads\/2025\/09\/arrow-right-long-to-line-duotone-solid-full.svg\"><img loading=\"lazy\" decoding=\"async\" class=\"wp-image-10335 alignleft\" src=\"https:\/\/alfamedia.com\/wp-content\/uploads\/2025\/09\/arrow-right-long-to-line-duotone-solid-full.svg\" alt=\"\" width=\"61\" height=\"61\" \/><\/a><\/p>\n<p>Vous ou vos lecteurs avez du mal \u00e0 vous d\u00e9faire de la sensation famili\u00e8re de tenir un journal entre vos mains ? L&rsquo;application SmartNews offre une solution brillante qui non seulement procure une exp\u00e9rience de lecture famili\u00e8re, mais exploite \u00e9galement les avantages du monde actuel des m\u00e9dias num\u00e9riques. Gr\u00e2ce \u00e0 des fonctionnalit\u00e9s telles que les t\u00e9l\u00e9chargements automatiques NewsStand, votre contenu est toujours \u00e0 jour, tandis que la fonction de lecture \u00e0 voix haute int\u00e9gr\u00e9e permet de profiter d&rsquo;une lecture sans obstacle. L&rsquo;application prend en charge la synchronisation continue des signets sur tous les appareils, ce qui facilite le passage d&rsquo;un m\u00e9dia \u00e0 l&rsquo;autre. Gr\u00e2ce \u00e0 une gestion compl\u00e8te \u00e0 360 degr\u00e9s, votre contenu peut g\u00e9n\u00e9rer plus que de simples clics : il peut susciter des conversations, des interactions et de l&rsquo;engagement.<\/p>\n<p>&nbsp;<\/p>\n<h3>Points forts<\/h3>\n<table style=\"margin-left: 0px;\">\n<tbody>\n<tr>\n<td style=\"padding-right: 10px; vertical-align: middle;\"><img loading=\"lazy\" decoding=\"async\" style=\"vertical-align: middle;\" src=\"https:\/\/alfamedia.com\/wp-content\/uploads\/2025\/09\/dot-duotone-light-full.png\" alt=\"\" width=\"30\" height=\"30\" \/><\/td>\n<td style=\"padding-bottom: 10px;\"><strong>Enti\u00e8rement configurable : <\/strong>personnalisez les mises en page et les widgets, qu&rsquo;il s&rsquo;agisse des couleurs, des images d&rsquo;arri\u00e8re-plan ou des polices. Tout est possible pour obtenir le r\u00e9sultat souhait\u00e9.<\/td>\n<\/tr>\n<tr>\n<td style=\"padding-right: 10px; vertical-align: middle;\"><img loading=\"lazy\" decoding=\"async\" style=\"vertical-align: middle;\" src=\"https:\/\/alfamedia.com\/wp-content\/uploads\/2025\/09\/dot-duotone-light-full.png\" alt=\"\" width=\"30\" height=\"30\" \/><\/td>\n<td style=\"padding-bottom: 10px;\"><strong>Int\u00e9gration simple : <\/strong>Commencez rapidement et efficacement avec une configuration de base, tandis que les utilisateurs avanc\u00e9s peuvent d\u00e9finir des mises en page distinctes pour diff\u00e9rents types d&rsquo;appareils.<\/td>\n<\/tr>\n<tr>\n<td style=\"padding-right: 10px; vertical-align: middle;\"><img loading=\"lazy\" decoding=\"async\" style=\"vertical-align: middle;\" src=\"https:\/\/alfamedia.com\/wp-content\/uploads\/2025\/09\/dot-duotone-light-full.png\" alt=\"\" width=\"30\" height=\"30\" \/><\/td>\n<td style=\"padding-bottom: 10px;\"><strong>Design moderne avec mode sombre : <\/strong>Passez facilement du mode clair au mode sombre pour une exp\u00e9rience de lecture confortable \u00e0 tout moment de la journ\u00e9e.<\/td>\n<\/tr>\n<tr>\n<td style=\"padding-right: 10px; vertical-align: middle;\"><img loading=\"lazy\" decoding=\"async\" style=\"vertical-align: middle;\" src=\"https:\/\/alfamedia.com\/wp-content\/uploads\/2025\/09\/dot-duotone-light-full.png\" alt=\"\" width=\"30\" height=\"30\" \/><\/td>\n<td style=\"padding-bottom: 10px;\"><strong>Accessibilit\u00e9 et plus encore : <\/strong>utilisez la fonction de lecture \u00e0 voix haute pour un acc\u00e8s sans obstacle au contenu et int\u00e9grez des podcasts directement dans vos \u00e9ditions ePaper.<\/td>\n<\/tr>\n<tr>\n<td style=\"padding-right: 10px; vertical-align: middle;\"><img loading=\"lazy\" decoding=\"async\" style=\"vertical-align: middle;\" src=\"https:\/\/alfamedia.com\/wp-content\/uploads\/2025\/09\/dot-duotone-light-full.png\" alt=\"\" width=\"30\" height=\"30\" \/><\/td>\n<td style=\"padding-bottom: 10px;\"><strong>Suivi avanc\u00e9 : <\/strong>Suivez l&rsquo;activit\u00e9 des utilisateurs \u00e0 l&rsquo;aide d&rsquo;outils de suivi tels que Upscore, Snowplow, Matomo ou Google Analytics.<\/td>\n<\/tr>\n<tr>\n<td style=\"padding-right: 10px; vertical-align: middle;\"><img loading=\"lazy\" decoding=\"async\" style=\"vertical-align: middle;\" src=\"https:\/\/alfamedia.com\/wp-content\/uploads\/2025\/09\/dot-duotone-light-full.png\" alt=\"\" width=\"30\" height=\"30\" \/><\/td>\n<td style=\"padding-bottom: 10px;\"><strong>Contenu \u00e9tendu : <\/strong>proposez des \u00e9l\u00e9ments interactifs avec des interstitiels\/inlays et permettez l&rsquo;acc\u00e8s direct aux pages de puzzles populaires.<\/td>\n<\/tr>\n<\/tbody>\n<\/table>\n","protected":false},"excerpt":{"rendered":"<p>Application SmartNews : votre journal num\u00e9rique avec des mises en page personnalisables, des signets synchronis\u00e9s, des podcasts et des fonctionnalit\u00e9s accessibles pour une lecture fluide.<\/p>\n","protected":false},"author":2,"featured_media":10372,"parent":2512,"menu_order":115,"comment_status":"closed","ping_status":"closed","template":"","meta":{"_acf_changed":false,"inline_featured_image":false,"footnotes":""},"class_list":["post-2528","page","type-page","status-publish","has-post-thumbnail","hentry"],"acf":[],"yoast_head":"<title>SmartNews App &#8226; alfa Media Partner GmbH<\/title>\n<meta name=\"description\" content=\"Votre journal num\u00e9rique avec des mises en page personnalisables, des signets synchronis\u00e9s, des podcasts et des fonctionnalit\u00e9s accessibles pour une lecture fluide.\" \/>\n<meta name=\"robots\" content=\"index, follow, max-snippet:-1, max-image-preview:large, max-video-preview:-1\" \/>\n<link rel=\"canonical\" href=\"https:\/\/alfamedia.com\/fr\/solutions\/redaction-et-contenu-editorial\/newsapp-newsapp-s\/\" \/>\n<meta property=\"og:locale\" content=\"fr_FR\" \/>\n<meta property=\"og:type\" content=\"article\" \/>\n<meta property=\"og:title\" content=\"SmartNews App &#8226; alfa Media Partner GmbH\" \/>\n<meta property=\"og:description\" content=\"Votre journal num\u00e9rique avec des mises en page personnalisables, des signets synchronis\u00e9s, des podcasts et des fonctionnalit\u00e9s accessibles pour une lecture fluide.\" \/>\n<meta property=\"og:url\" content=\"https:\/\/alfamedia.com\/fr\/solutions\/redaction-et-contenu-editorial\/newsapp-newsapp-s\/\" \/>\n<meta property=\"og:site_name\" content=\"alfa Media Partner GmbH\" \/>\n<meta property=\"article:modified_time\" content=\"2025-09-25T07:44:36+00:00\" \/>\n<meta property=\"og:image\" content=\"https:\/\/alfamedia.com\/wp-content\/uploads\/2025\/09\/header-blau-01-wave.png\" \/>\n\t<meta property=\"og:image:width\" content=\"1920\" \/>\n\t<meta property=\"og:image:height\" content=\"600\" \/>\n\t<meta property=\"og:image:type\" content=\"image\/png\" \/>\n<meta name=\"twitter:card\" content=\"summary_large_image\" \/>\n<meta name=\"twitter:label1\" content=\"Dur\u00e9e de lecture estim\u00e9e\" \/>\n\t<meta name=\"twitter:data1\" content=\"5 minutes\" \/>","yoast_head_json":{"title":"SmartNews App &#8226; alfa Media Partner GmbH","description":"Votre journal num\u00e9rique avec des mises en page personnalisables, des signets synchronis\u00e9s, des podcasts et des fonctionnalit\u00e9s accessibles pour une lecture fluide.","robots":{"index":"index","follow":"follow","max-snippet":"max-snippet:-1","max-image-preview":"max-image-preview:large","max-video-preview":"max-video-preview:-1"},"canonical":"https:\/\/alfamedia.com\/fr\/solutions\/redaction-et-contenu-editorial\/newsapp-newsapp-s\/","og_locale":"fr_FR","og_type":"article","og_title":"SmartNews App &#8226; alfa Media Partner GmbH","og_description":"Votre journal num\u00e9rique avec des mises en page personnalisables, des signets synchronis\u00e9s, des podcasts et des fonctionnalit\u00e9s accessibles pour une lecture fluide.","og_url":"https:\/\/alfamedia.com\/fr\/solutions\/redaction-et-contenu-editorial\/newsapp-newsapp-s\/","og_site_name":"alfa Media Partner GmbH","article_modified_time":"2025-09-25T07:44:36+00:00","og_image":[{"width":1920,"height":600,"url":"https:\/\/alfamedia.com\/wp-content\/uploads\/2025\/09\/header-blau-01-wave.png","type":"image\/png"}],"twitter_card":"summary_large_image","twitter_misc":{"Dur\u00e9e de lecture estim\u00e9e":"5 minutes"},"schema":{"@context":"https:\/\/schema.org","@graph":[{"@type":"WebPage","@id":"https:\/\/alfamedia.com\/fr\/solutions\/redaction-et-contenu-editorial\/newsapp-newsapp-s\/","url":"https:\/\/alfamedia.com\/fr\/solutions\/redaction-et-contenu-editorial\/newsapp-newsapp-s\/","name":"SmartNews App &#8226; alfa Media Partner GmbH","isPartOf":{"@id":"https:\/\/alfamedia.com\/fr\/#website"},"primaryImageOfPage":{"@id":"https:\/\/alfamedia.com\/fr\/solutions\/redaction-et-contenu-editorial\/newsapp-newsapp-s\/#primaryimage"},"image":{"@id":"https:\/\/alfamedia.com\/fr\/solutions\/redaction-et-contenu-editorial\/newsapp-newsapp-s\/#primaryimage"},"thumbnailUrl":"https:\/\/alfamedia.com\/wp-content\/uploads\/2025\/09\/header-blau-01-wave.png","datePublished":"2020-01-29T08:15:40+00:00","dateModified":"2025-09-25T07:44:36+00:00","description":"Votre journal num\u00e9rique avec des mises en page personnalisables, des signets synchronis\u00e9s, des podcasts et des fonctionnalit\u00e9s accessibles pour une lecture fluide.","breadcrumb":{"@id":"https:\/\/alfamedia.com\/fr\/solutions\/redaction-et-contenu-editorial\/newsapp-newsapp-s\/#breadcrumb"},"inLanguage":"fr-FR","potentialAction":[{"@type":"ReadAction","target":["https:\/\/alfamedia.com\/fr\/solutions\/redaction-et-contenu-editorial\/newsapp-newsapp-s\/"]}]},{"@type":"ImageObject","inLanguage":"fr-FR","@id":"https:\/\/alfamedia.com\/fr\/solutions\/redaction-et-contenu-editorial\/newsapp-newsapp-s\/#primaryimage","url":"https:\/\/alfamedia.com\/wp-content\/uploads\/2025\/09\/header-blau-01-wave.png","contentUrl":"https:\/\/alfamedia.com\/wp-content\/uploads\/2025\/09\/header-blau-01-wave.png","width":1920,"height":600},{"@type":"BreadcrumbList","@id":"https:\/\/alfamedia.com\/fr\/solutions\/redaction-et-contenu-editorial\/newsapp-newsapp-s\/#breadcrumb","itemListElement":[{"@type":"ListItem","position":1,"name":"Start","item":"https:\/\/alfamedia.com\/fr\/"},{"@type":"ListItem","position":2,"name":"Solutions","item":"https:\/\/alfamedia.com\/fr\/solutions\/"},{"@type":"ListItem","position":3,"name":"R\u00e9daction et Contenu \u00e9ditorial","item":"https:\/\/alfamedia.com\/fr\/solutions\/redaction-et-contenu-editorial\/"},{"@type":"ListItem","position":4,"name":"SmartNews App"}]},{"@type":"WebSite","@id":"https:\/\/alfamedia.com\/fr\/#website","url":"https:\/\/alfamedia.com\/fr\/","name":"alfa Media Partner GmbH","description":"Software-L\u00f6sungen f\u00fcr Medienh\u00e4user und Verlage","potentialAction":[{"@type":"SearchAction","target":{"@type":"EntryPoint","urlTemplate":"https:\/\/alfamedia.com\/fr\/?s={search_term_string}"},"query-input":{"@type":"PropertyValueSpecification","valueRequired":true,"valueName":"search_term_string"}}],"inLanguage":"fr-FR"}]}},"_links":{"self":[{"href":"https:\/\/alfamedia.com\/fr\/wp-json\/wp\/v2\/pages\/2528","targetHints":{"allow":["GET"]}}],"collection":[{"href":"https:\/\/alfamedia.com\/fr\/wp-json\/wp\/v2\/pages"}],"about":[{"href":"https:\/\/alfamedia.com\/fr\/wp-json\/wp\/v2\/types\/page"}],"author":[{"embeddable":true,"href":"https:\/\/alfamedia.com\/fr\/wp-json\/wp\/v2\/users\/2"}],"replies":[{"embeddable":true,"href":"https:\/\/alfamedia.com\/fr\/wp-json\/wp\/v2\/comments?post=2528"}],"version-history":[{"count":2,"href":"https:\/\/alfamedia.com\/fr\/wp-json\/wp\/v2\/pages\/2528\/revisions"}],"predecessor-version":[{"id":10509,"href":"https:\/\/alfamedia.com\/fr\/wp-json\/wp\/v2\/pages\/2528\/revisions\/10509"}],"up":[{"embeddable":true,"href":"https:\/\/alfamedia.com\/fr\/wp-json\/wp\/v2\/pages\/2512"}],"wp:featuredmedia":[{"embeddable":true,"href":"https:\/\/alfamedia.com\/fr\/wp-json\/wp\/v2\/media\/10372"}],"wp:attachment":[{"href":"https:\/\/alfamedia.com\/fr\/wp-json\/wp\/v2\/media?parent=2528"}],"curies":[{"name":"wp","href":"https:\/\/api.w.org\/{rel}","templated":true}]}}