{"id":2520,"date":"2020-01-29T09:07:20","date_gmt":"2020-01-29T08:07:20","guid":{"rendered":"https:\/\/alfamedia.com\/?page_id=2520"},"modified":"2025-11-20T09:24:17","modified_gmt":"2025-11-20T08:24:17","slug":"dam-digital-asset-manager","status":"publish","type":"page","link":"https:\/\/alfamedia.com\/fr\/solutions\/redaction-et-contenu-editorial\/dam-digital-asset-manager\/","title":{"rendered":"DAM (Digital Asset Manager)"},"content":{"rendered":"<p><strong><span style=\"color: #29a8c9;\">alfa Digital Asset Manager (aDAM) est votre compagnon indispensable pour une gestion et une recherche efficaces de tous vos contenus num\u00e9riques.<\/span><\/strong><\/p>\n<p>Dans un monde submerg\u00e9 d&rsquo;informations, aDAM offre un point de contact central pour organiser vos m\u00e9dias, qu&rsquo;il s&rsquo;agisse de contenus de production actuels ou d&rsquo;archives historiques. Gr\u00e2ce \u00e0 sa fonction de recherche intelligente, son accessibilit\u00e9 ind\u00e9pendante de la plateforme et ses options de gestion compl\u00e8tes, aDAM garantit le bon fonctionnement de votre gestion quotidienne des ressources num\u00e9riques. Cela vous permet de garder une vue d&rsquo;ensemble et de vous concentrer sur l&rsquo;essentiel : le processus cr\u00e9atif.<\/p>\n<p><a href=\"https:\/\/alfamedia.com\/wp-content\/uploads\/2025\/09\/arrow-right-long-to-line-duotone-solid-full.svg\"><img loading=\"lazy\" decoding=\"async\" class=\"wp-image-10335 alignleft\" src=\"https:\/\/alfamedia.com\/wp-content\/uploads\/2025\/09\/arrow-right-long-to-line-duotone-solid-full.svg\" alt=\"\" width=\"61\" height=\"61\" \/><\/a><\/p>\n<p>Avez-vous d\u00e9j\u00e0 pass\u00e9 un temps pr\u00e9cieux \u00e0 rechercher un fichier sp\u00e9cifique parmi une multitude de contenus multim\u00e9dias, ou vous sentez-vous submerg\u00e9 par l&rsquo;accumulation de donn\u00e9es non structur\u00e9es ? Avec aDAM, cette frustration appartient d\u00e9sormais au pass\u00e9. aDAM offre une plateforme intuitive qui allie transparence et efficacit\u00e9. Qu&rsquo;il s&rsquo;agisse de rechercher rapidement un fichier ou de structurer des milliers de ressources num\u00e9riques, aDAM permet \u00e0 votre \u00e9quipe de collaborer facilement et d&rsquo;exploiter pleinement des ressources pr\u00e9cieuses. Vous avez non seulement acc\u00e8s au contenu de production actuel, mais aussi aux donn\u00e9es d&rsquo;archives des 50 derni\u00e8res ann\u00e9es ou plus. Pour des recherches sp\u00e9cifiques ou la collecte d&rsquo;\u00e9v\u00e9nements historiques, vous pouvez cr\u00e9er des dossiers afin de regrouper clairement le contenu. Cela transforme votre collection num\u00e9rique en un outil puissant qui non seulement am\u00e9liore la collaboration interne, mais augmente \u00e9galement efficacement la pr\u00e9sence de votre marque.<\/p>\n<p>&nbsp;<\/p>\n<h3>Highlights<\/h3>\n<table style=\"margin-left: 0px;\">\n<tbody>\n<tr>\n<td style=\"padding-right: 10px; vertical-align: middle;\"><img loading=\"lazy\" decoding=\"async\" style=\"vertical-align: middle;\" src=\"https:\/\/alfamedia.com\/wp-content\/uploads\/2025\/09\/dot-duotone-light-full.png\" alt=\"\" width=\"30\" height=\"30\" \/><\/td>\n<td style=\"padding-bottom: 10px;\"><strong>onction de recherche intelligente : <\/strong>Trouvez des articles, des pages, des images, des vid\u00e9os ou des fichiers audio en un clin d&rsquo;\u0153il gr\u00e2ce \u00e0 la saisie semi-automatique et aux options de filtrage pr\u00e9cises. Vous avez acc\u00e8s au contenu actuel et archiv\u00e9, y compris aux ensembles de donn\u00e9es historiques.<\/td>\n<\/tr>\n<tr>\n<td style=\"padding-right: 10px; vertical-align: middle;\"><img loading=\"lazy\" decoding=\"async\" style=\"vertical-align: middle;\" src=\"https:\/\/alfamedia.com\/wp-content\/uploads\/2025\/09\/dot-duotone-light-full.png\" alt=\"\" width=\"30\" height=\"30\" \/><\/td>\n<td style=\"padding-bottom: 10px;\"><strong>Ind\u00e9pendance vis-\u00e0-vis des plateformes : <\/strong>aDAM fonctionne directement dans votre navigateur et ne n\u00e9cessite aucune installation. Profitez de toutes ses fonctionnalit\u00e9s sur Windows, Mac ou tablette : vos m\u00e9dias sont toujours \u00e0 port\u00e9e de main.<\/td>\n<\/tr>\n<tr>\n<td style=\"padding-right: 10px; vertical-align: middle;\"><img loading=\"lazy\" decoding=\"async\" style=\"vertical-align: middle;\" src=\"https:\/\/alfamedia.com\/wp-content\/uploads\/2025\/09\/dot-duotone-light-full.png\" alt=\"\" width=\"30\" height=\"30\" \/><\/td>\n<td style=\"padding-bottom: 10px;\"><strong>Balisage efficace : <\/strong>t\u00e9l\u00e9chargez facilement tout type de contenu et optimisez sa visibilit\u00e9 gr\u00e2ce \u00e0 des attributs obligatoires structur\u00e9s et des mod\u00e8les qui favorisent un balisage coh\u00e9rent.<\/td>\n<\/tr>\n<tr>\n<td style=\"padding-right: 10px; vertical-align: middle;\"><img loading=\"lazy\" decoding=\"async\" style=\"vertical-align: middle;\" src=\"https:\/\/alfamedia.com\/wp-content\/uploads\/2025\/09\/dot-duotone-light-full.png\" alt=\"\" width=\"30\" height=\"30\" \/><\/td>\n<td style=\"padding-bottom: 10px;\"><strong>Gestion compl\u00e8te du contenu : <\/strong>Gardez un contr\u00f4le total. Supprimez, archivez ou modifiez le contenu et les m\u00e9tadonn\u00e9es selon vos besoins. Modifiez simultan\u00e9ment plusieurs \u00e9l\u00e9ments pour une gestion fluide des ensembles de donn\u00e9es volumineux.<\/td>\n<\/tr>\n<\/tbody>\n<\/table>\n","protected":false},"excerpt":{"rendered":"<p>Gestion efficace des m\u00e9dias gr\u00e2ce \u00e0 une recherche intelligente et une utilisation ind\u00e9pendante de la plateforme. Optimisez vos contenus num\u00e9riques de mani\u00e8re simple et efficace.<\/p>\n","protected":false},"author":2,"featured_media":10372,"parent":2512,"menu_order":67,"comment_status":"closed","ping_status":"closed","template":"","meta":{"_acf_changed":false,"inline_featured_image":false,"footnotes":""},"class_list":["post-2520","page","type-page","status-publish","has-post-thumbnail","hentry"],"acf":[],"yoast_head":"<title>DAM (Digital Asset Manager) &#8226; alfa Media Partner GmbH<\/title>\n<meta name=\"description\" content=\"Gestion efficace des m\u00e9dias gr\u00e2ce \u00e0 une recherche intelligente et une utilisation ind\u00e9pendante de la plateforme. Optimisez vos contenus num\u00e9riques de mani\u00e8re simple et efficace.\" \/>\n<meta name=\"robots\" content=\"index, follow, max-snippet:-1, max-image-preview:large, max-video-preview:-1\" \/>\n<link rel=\"canonical\" href=\"https:\/\/alfamedia.com\/fr\/solutions\/redaction-et-contenu-editorial\/dam-digital-asset-manager\/\" \/>\n<meta property=\"og:locale\" content=\"fr_FR\" \/>\n<meta property=\"og:type\" content=\"article\" \/>\n<meta property=\"og:title\" content=\"DAM (Digital Asset Manager) &#8226; alfa Media Partner GmbH\" \/>\n<meta property=\"og:description\" content=\"Gestion efficace des m\u00e9dias gr\u00e2ce \u00e0 une recherche intelligente et une utilisation ind\u00e9pendante de la plateforme. Optimisez vos contenus num\u00e9riques de mani\u00e8re simple et efficace.\" \/>\n<meta property=\"og:url\" content=\"https:\/\/alfamedia.com\/fr\/solutions\/redaction-et-contenu-editorial\/dam-digital-asset-manager\/\" \/>\n<meta property=\"og:site_name\" content=\"alfa Media Partner GmbH\" \/>\n<meta property=\"article:modified_time\" content=\"2025-11-20T08:24:17+00:00\" \/>\n<meta property=\"og:image\" content=\"https:\/\/alfamedia.com\/wp-content\/uploads\/2025\/09\/header-blau-01-wave.png\" \/>\n\t<meta property=\"og:image:width\" content=\"1920\" \/>\n\t<meta property=\"og:image:height\" content=\"600\" \/>\n\t<meta property=\"og:image:type\" content=\"image\/png\" \/>\n<meta name=\"twitter:card\" content=\"summary_large_image\" \/>\n<meta name=\"twitter:label1\" content=\"Dur\u00e9e de lecture estim\u00e9e\" \/>\n\t<meta name=\"twitter:data1\" content=\"1 minute\" \/>","yoast_head_json":{"title":"DAM (Digital Asset Manager) &#8226; alfa Media Partner GmbH","description":"Gestion efficace des m\u00e9dias gr\u00e2ce \u00e0 une recherche intelligente et une utilisation ind\u00e9pendante de la plateforme. Optimisez vos contenus num\u00e9riques de mani\u00e8re simple et efficace.","robots":{"index":"index","follow":"follow","max-snippet":"max-snippet:-1","max-image-preview":"max-image-preview:large","max-video-preview":"max-video-preview:-1"},"canonical":"https:\/\/alfamedia.com\/fr\/solutions\/redaction-et-contenu-editorial\/dam-digital-asset-manager\/","og_locale":"fr_FR","og_type":"article","og_title":"DAM (Digital Asset Manager) &#8226; alfa Media Partner GmbH","og_description":"Gestion efficace des m\u00e9dias gr\u00e2ce \u00e0 une recherche intelligente et une utilisation ind\u00e9pendante de la plateforme. Optimisez vos contenus num\u00e9riques de mani\u00e8re simple et efficace.","og_url":"https:\/\/alfamedia.com\/fr\/solutions\/redaction-et-contenu-editorial\/dam-digital-asset-manager\/","og_site_name":"alfa Media Partner GmbH","article_modified_time":"2025-11-20T08:24:17+00:00","og_image":[{"width":1920,"height":600,"url":"https:\/\/alfamedia.com\/wp-content\/uploads\/2025\/09\/header-blau-01-wave.png","type":"image\/png"}],"twitter_card":"summary_large_image","twitter_misc":{"Dur\u00e9e de lecture estim\u00e9e":"1 minute"},"schema":{"@context":"https:\/\/schema.org","@graph":[{"@type":"WebPage","@id":"https:\/\/alfamedia.com\/fr\/solutions\/redaction-et-contenu-editorial\/dam-digital-asset-manager\/","url":"https:\/\/alfamedia.com\/fr\/solutions\/redaction-et-contenu-editorial\/dam-digital-asset-manager\/","name":"DAM (Digital Asset Manager) &#8226; alfa Media Partner GmbH","isPartOf":{"@id":"https:\/\/alfamedia.com\/fr\/#website"},"primaryImageOfPage":{"@id":"https:\/\/alfamedia.com\/fr\/solutions\/redaction-et-contenu-editorial\/dam-digital-asset-manager\/#primaryimage"},"image":{"@id":"https:\/\/alfamedia.com\/fr\/solutions\/redaction-et-contenu-editorial\/dam-digital-asset-manager\/#primaryimage"},"thumbnailUrl":"https:\/\/alfamedia.com\/wp-content\/uploads\/2025\/09\/header-blau-01-wave.png","datePublished":"2020-01-29T08:07:20+00:00","dateModified":"2025-11-20T08:24:17+00:00","description":"Gestion efficace des m\u00e9dias gr\u00e2ce \u00e0 une recherche intelligente et une utilisation ind\u00e9pendante de la plateforme. Optimisez vos contenus num\u00e9riques de mani\u00e8re simple et efficace.","breadcrumb":{"@id":"https:\/\/alfamedia.com\/fr\/solutions\/redaction-et-contenu-editorial\/dam-digital-asset-manager\/#breadcrumb"},"inLanguage":"fr-FR","potentialAction":[{"@type":"ReadAction","target":["https:\/\/alfamedia.com\/fr\/solutions\/redaction-et-contenu-editorial\/dam-digital-asset-manager\/"]}]},{"@type":"ImageObject","inLanguage":"fr-FR","@id":"https:\/\/alfamedia.com\/fr\/solutions\/redaction-et-contenu-editorial\/dam-digital-asset-manager\/#primaryimage","url":"https:\/\/alfamedia.com\/wp-content\/uploads\/2025\/09\/header-blau-01-wave.png","contentUrl":"https:\/\/alfamedia.com\/wp-content\/uploads\/2025\/09\/header-blau-01-wave.png","width":1920,"height":600},{"@type":"BreadcrumbList","@id":"https:\/\/alfamedia.com\/fr\/solutions\/redaction-et-contenu-editorial\/dam-digital-asset-manager\/#breadcrumb","itemListElement":[{"@type":"ListItem","position":1,"name":"Start","item":"https:\/\/alfamedia.com\/fr\/"},{"@type":"ListItem","position":2,"name":"Solutions","item":"https:\/\/alfamedia.com\/fr\/solutions\/"},{"@type":"ListItem","position":3,"name":"R\u00e9daction et Contenu \u00e9ditorial","item":"https:\/\/alfamedia.com\/fr\/solutions\/redaction-et-contenu-editorial\/"},{"@type":"ListItem","position":4,"name":"DAM (Digital Asset Manager)"}]},{"@type":"WebSite","@id":"https:\/\/alfamedia.com\/fr\/#website","url":"https:\/\/alfamedia.com\/fr\/","name":"alfa Media Partner GmbH","description":"Software-L\u00f6sungen f\u00fcr Medienh\u00e4user und Verlage","potentialAction":[{"@type":"SearchAction","target":{"@type":"EntryPoint","urlTemplate":"https:\/\/alfamedia.com\/fr\/?s={search_term_string}"},"query-input":{"@type":"PropertyValueSpecification","valueRequired":true,"valueName":"search_term_string"}}],"inLanguage":"fr-FR"}]}},"_links":{"self":[{"href":"https:\/\/alfamedia.com\/fr\/wp-json\/wp\/v2\/pages\/2520","targetHints":{"allow":["GET"]}}],"collection":[{"href":"https:\/\/alfamedia.com\/fr\/wp-json\/wp\/v2\/pages"}],"about":[{"href":"https:\/\/alfamedia.com\/fr\/wp-json\/wp\/v2\/types\/page"}],"author":[{"embeddable":true,"href":"https:\/\/alfamedia.com\/fr\/wp-json\/wp\/v2\/users\/2"}],"replies":[{"embeddable":true,"href":"https:\/\/alfamedia.com\/fr\/wp-json\/wp\/v2\/comments?post=2520"}],"version-history":[{"count":2,"href":"https:\/\/alfamedia.com\/fr\/wp-json\/wp\/v2\/pages\/2520\/revisions"}],"predecessor-version":[{"id":10575,"href":"https:\/\/alfamedia.com\/fr\/wp-json\/wp\/v2\/pages\/2520\/revisions\/10575"}],"up":[{"embeddable":true,"href":"https:\/\/alfamedia.com\/fr\/wp-json\/wp\/v2\/pages\/2512"}],"wp:featuredmedia":[{"embeddable":true,"href":"https:\/\/alfamedia.com\/fr\/wp-json\/wp\/v2\/media\/10372"}],"wp:attachment":[{"href":"https:\/\/alfamedia.com\/fr\/wp-json\/wp\/v2\/media?parent=2520"}],"curies":[{"name":"wp","href":"https:\/\/api.w.org\/{rel}","templated":true}]}}