{"id":2518,"date":"2020-01-29T09:05:04","date_gmt":"2020-01-29T08:05:04","guid":{"rendered":"https:\/\/alfamedia.com\/?page_id=2518"},"modified":"2025-11-20T09:35:09","modified_gmt":"2025-11-20T08:35:09","slug":"printlayout","status":"publish","type":"page","link":"https:\/\/alfamedia.com\/fr\/solutions\/redaction-et-contenu-editorial\/printlayout\/","title":{"rendered":"PrintLayout"},"content":{"rendered":"<p><strong><span style=\"color: #29a8c9;\">Dans le paysage m\u00e9diatique dynamique d&rsquo;aujourd&rsquo;hui, il est essentiel de pouvoir concevoir des pages et des articles de journaux de mani\u00e8re efficace et flexible. C&rsquo;est l\u00e0 qu&rsquo;intervient PrintLayout, votre solution performante pour la conception professionnelle de pages. Gr\u00e2ce \u00e0 son interface WYSIWYG (What You See Is What You Get) conviviale, PrintLayout offre une conception intuitive et pr\u00e9cise, vous permettant de voir exactement ce que vous obtiendrez comme produit final. Que vous travailliez seul ou en \u00e9quipe, PrintLayout s&rsquo;adapte \u00e0 vos flux de travail et garantit une productivit\u00e9 maximale.<\/span><\/strong><\/p>\n<p>PrintLayout se distingue par son utilisation ind\u00e9pendante de la plateforme. Que ce soit sous Windows ou Mac, vous avez toujours acc\u00e8s \u00e0 l&rsquo;ensemble des fonctions, ce qui vous offre une flexibilit\u00e9 in\u00e9gal\u00e9e. Gr\u00e2ce \u00e0 l&rsquo;affichage des images en temps r\u00e9el, vous pouvez voir exactement \u00e0 quoi ressemblera le produit final pendant que vous travaillez. L&rsquo;\u00e9dition et la refonte simples et intuitives des pages vous permettent de r\u00e9agir rapidement et avec souplesse aux changements. Que vous personnalisiez une seule mise en page ou que vous refondiez des pages enti\u00e8res, PrintLayout propose \u00e9galement des mod\u00e8les efficaces et faciles \u00e0 mettre en \u0153uvre. Cette libert\u00e9 r\u00e9volutionnera votre travail cr\u00e9atif.<\/p>\n<p><a href=\"https:\/\/alfamedia.com\/wp-content\/uploads\/2025\/09\/arrow-right-long-to-line-duotone-solid-full.svg\"><img loading=\"lazy\" decoding=\"async\" class=\"wp-image-10335 alignleft\" src=\"https:\/\/alfamedia.com\/wp-content\/uploads\/2025\/09\/arrow-right-long-to-line-duotone-solid-full.svg\" alt=\"\" width=\"61\" height=\"61\" \/><\/a><\/p>\n<p>Imaginez pouvoir r\u00e9viser et ajuster vos cr\u00e9ations en temps r\u00e9el tout en partageant tout avec l&rsquo;ensemble de l&rsquo;\u00e9quipe. PrintLayout rend cela possible. L&rsquo;ind\u00e9pendance vis-\u00e0-vis des plateformes vous permet de contourner les probl\u00e8mes li\u00e9s aux syst\u00e8mes d&rsquo;exploitation et vous offre la libert\u00e9 de choisir votre environnement de travail. PrintLayout met fin aux processus de travail isol\u00e9s : ses fonctionnalit\u00e9s collaboratives permettent \u00e0 plusieurs utilisateurs de travailler simultan\u00e9ment sur une m\u00eame page. Cela am\u00e9liore non seulement la transparence des projets, mais renforce \u00e9galement le travail d&rsquo;\u00e9quipe, ce qui se traduit par une plus grande efficacit\u00e9.<\/p>\n<p>Dans un monde du travail de plus en plus rapide, PrintLayout vous donne les outils n\u00e9cessaires pour relever les d\u00e9fis avec flexibilit\u00e9 et cr\u00e9ativit\u00e9. L&rsquo;efficacit\u00e9 de vos pages et de vos articles est consid\u00e9rablement accrue, car tous les membres de l&rsquo;\u00e9quipe peuvent consulter l&rsquo;\u00e9tat actuel \u00e0 tout moment. Cela permet non seulement de faire circuler les informations, mais aussi de garantir la fluidit\u00e9 de votre flux de travail.<\/p>\n<p>&nbsp;<\/p>\n<h3>Highlights<\/h3>\n<table style=\"margin-left: 0px;\">\n<tbody>\n<tr>\n<td style=\"padding-right: 10px; vertical-align: middle;\"><img loading=\"lazy\" decoding=\"async\" style=\"vertical-align: middle;\" src=\"https:\/\/alfamedia.com\/wp-content\/uploads\/2025\/09\/dot-duotone-light-full.png\" alt=\"\" width=\"30\" height=\"30\" \/><\/td>\n<td style=\"padding-bottom: 10px;\"><strong>Ind\u00e9pendance vis-\u00e0-vis de la plateforme : <\/strong>Travaillez avec une flexibilit\u00e9 maximale sur Windows et Mac sans compromettre les fonctionnalit\u00e9s.<\/td>\n<\/tr>\n<tr>\n<td style=\"padding-right: 10px; vertical-align: middle;\"><img loading=\"lazy\" decoding=\"async\" style=\"vertical-align: middle;\" src=\"https:\/\/alfamedia.com\/wp-content\/uploads\/2025\/09\/dot-duotone-light-full.png\" alt=\"\" width=\"30\" height=\"30\" \/><\/td>\n<td style=\"padding-bottom: 10px;\"><strong>Affichage WYSIWYG en temps r\u00e9el : <\/strong>visualisez le r\u00e9sultat exact de votre produit final pendant le processus de conception et r\u00e9agissez rapidement pour apporter les ajustements n\u00e9cessaires.<\/td>\n<\/tr>\n<tr>\n<td style=\"padding-right: 10px; vertical-align: middle;\"><img loading=\"lazy\" decoding=\"async\" style=\"vertical-align: middle;\" src=\"https:\/\/alfamedia.com\/wp-content\/uploads\/2025\/09\/dot-duotone-light-full.png\" alt=\"\" width=\"30\" height=\"30\" \/><\/td>\n<td style=\"padding-bottom: 10px;\"><strong>Fonctions collaboratives : <\/strong>b\u00e9n\u00e9ficiez d&rsquo;un travail d&rsquo;\u00e9quipe efficace en modifiant et en r\u00e9visant simultan\u00e9ment des pages, avec un statut de progression toujours \u00e0 jour.<\/td>\n<\/tr>\n<tr>\n<td style=\"padding-right: 10px; vertical-align: middle;\"><img loading=\"lazy\" decoding=\"async\" style=\"vertical-align: middle;\" src=\"https:\/\/alfamedia.com\/wp-content\/uploads\/2025\/09\/dot-duotone-light-full.png\" alt=\"\" width=\"30\" height=\"30\" \/><\/td>\n<td style=\"padding-bottom: 10px;\"><strong>Mod\u00e8les adaptables : <\/strong>utilisez des mises en page pr\u00eates \u00e0 l&#8217;emploi pour apporter rapidement des modifications \u00e0 des articles individuels ou \u00e0 des pages enti\u00e8res.<\/td>\n<\/tr>\n<\/tbody>\n<\/table>\n","protected":false},"excerpt":{"rendered":"<p>PrintLayout est votre partenaire fiable pour cr\u00e9er des mises en page cr\u00e9atives pour les journaux dans un environnement professionnel et flexible.<\/p>\n","protected":false},"author":2,"featured_media":10372,"parent":2512,"menu_order":40,"comment_status":"closed","ping_status":"closed","template":"","meta":{"_acf_changed":false,"inline_featured_image":false,"footnotes":""},"class_list":["post-2518","page","type-page","status-publish","has-post-thumbnail","hentry"],"acf":[],"yoast_head":"<title>PrintLayout &#8226; alfa Media Partner GmbH<\/title>\n<meta name=\"description\" content=\"PrintLayout est votre partenaire fiable pour cr\u00e9er des mises en page cr\u00e9atives pour les journaux dans un environnement professionnel et flexible.\" \/>\n<meta name=\"robots\" content=\"index, follow, max-snippet:-1, max-image-preview:large, max-video-preview:-1\" \/>\n<link rel=\"canonical\" href=\"https:\/\/alfamedia.com\/fr\/solutions\/redaction-et-contenu-editorial\/printlayout\/\" \/>\n<meta property=\"og:locale\" content=\"fr_FR\" \/>\n<meta property=\"og:type\" content=\"article\" \/>\n<meta property=\"og:title\" content=\"PrintLayout &#8226; alfa Media Partner GmbH\" \/>\n<meta property=\"og:description\" content=\"PrintLayout est votre partenaire fiable pour cr\u00e9er des mises en page cr\u00e9atives pour les journaux dans un environnement professionnel et flexible.\" \/>\n<meta property=\"og:url\" content=\"https:\/\/alfamedia.com\/fr\/solutions\/redaction-et-contenu-editorial\/printlayout\/\" \/>\n<meta property=\"og:site_name\" content=\"alfa Media Partner GmbH\" \/>\n<meta property=\"article:modified_time\" content=\"2025-11-20T08:35:09+00:00\" \/>\n<meta property=\"og:image\" content=\"https:\/\/alfamedia.com\/wp-content\/uploads\/2025\/09\/header-blau-01-wave.png\" \/>\n\t<meta property=\"og:image:width\" content=\"1920\" \/>\n\t<meta property=\"og:image:height\" content=\"600\" \/>\n\t<meta property=\"og:image:type\" content=\"image\/png\" \/>\n<meta name=\"twitter:card\" content=\"summary_large_image\" \/>\n<meta name=\"twitter:label1\" content=\"Dur\u00e9e de lecture estim\u00e9e\" \/>\n\t<meta name=\"twitter:data1\" content=\"1 minute\" \/>","yoast_head_json":{"title":"PrintLayout &#8226; alfa Media Partner GmbH","description":"PrintLayout est votre partenaire fiable pour cr\u00e9er des mises en page cr\u00e9atives pour les journaux dans un environnement professionnel et flexible.","robots":{"index":"index","follow":"follow","max-snippet":"max-snippet:-1","max-image-preview":"max-image-preview:large","max-video-preview":"max-video-preview:-1"},"canonical":"https:\/\/alfamedia.com\/fr\/solutions\/redaction-et-contenu-editorial\/printlayout\/","og_locale":"fr_FR","og_type":"article","og_title":"PrintLayout &#8226; alfa Media Partner GmbH","og_description":"PrintLayout est votre partenaire fiable pour cr\u00e9er des mises en page cr\u00e9atives pour les journaux dans un environnement professionnel et flexible.","og_url":"https:\/\/alfamedia.com\/fr\/solutions\/redaction-et-contenu-editorial\/printlayout\/","og_site_name":"alfa Media Partner GmbH","article_modified_time":"2025-11-20T08:35:09+00:00","og_image":[{"width":1920,"height":600,"url":"https:\/\/alfamedia.com\/wp-content\/uploads\/2025\/09\/header-blau-01-wave.png","type":"image\/png"}],"twitter_card":"summary_large_image","twitter_misc":{"Dur\u00e9e de lecture estim\u00e9e":"1 minute"},"schema":{"@context":"https:\/\/schema.org","@graph":[{"@type":"WebPage","@id":"https:\/\/alfamedia.com\/fr\/solutions\/redaction-et-contenu-editorial\/printlayout\/","url":"https:\/\/alfamedia.com\/fr\/solutions\/redaction-et-contenu-editorial\/printlayout\/","name":"PrintLayout &#8226; alfa Media Partner GmbH","isPartOf":{"@id":"https:\/\/alfamedia.com\/fr\/#website"},"primaryImageOfPage":{"@id":"https:\/\/alfamedia.com\/fr\/solutions\/redaction-et-contenu-editorial\/printlayout\/#primaryimage"},"image":{"@id":"https:\/\/alfamedia.com\/fr\/solutions\/redaction-et-contenu-editorial\/printlayout\/#primaryimage"},"thumbnailUrl":"https:\/\/alfamedia.com\/wp-content\/uploads\/2025\/09\/header-blau-01-wave.png","datePublished":"2020-01-29T08:05:04+00:00","dateModified":"2025-11-20T08:35:09+00:00","description":"PrintLayout est votre partenaire fiable pour cr\u00e9er des mises en page cr\u00e9atives pour les journaux dans un environnement professionnel et flexible.","breadcrumb":{"@id":"https:\/\/alfamedia.com\/fr\/solutions\/redaction-et-contenu-editorial\/printlayout\/#breadcrumb"},"inLanguage":"fr-FR","potentialAction":[{"@type":"ReadAction","target":["https:\/\/alfamedia.com\/fr\/solutions\/redaction-et-contenu-editorial\/printlayout\/"]}]},{"@type":"ImageObject","inLanguage":"fr-FR","@id":"https:\/\/alfamedia.com\/fr\/solutions\/redaction-et-contenu-editorial\/printlayout\/#primaryimage","url":"https:\/\/alfamedia.com\/wp-content\/uploads\/2025\/09\/header-blau-01-wave.png","contentUrl":"https:\/\/alfamedia.com\/wp-content\/uploads\/2025\/09\/header-blau-01-wave.png","width":1920,"height":600},{"@type":"BreadcrumbList","@id":"https:\/\/alfamedia.com\/fr\/solutions\/redaction-et-contenu-editorial\/printlayout\/#breadcrumb","itemListElement":[{"@type":"ListItem","position":1,"name":"Start","item":"https:\/\/alfamedia.com\/fr\/"},{"@type":"ListItem","position":2,"name":"Solutions","item":"https:\/\/alfamedia.com\/fr\/solutions\/"},{"@type":"ListItem","position":3,"name":"R\u00e9daction et Contenu \u00e9ditorial","item":"https:\/\/alfamedia.com\/fr\/solutions\/redaction-et-contenu-editorial\/"},{"@type":"ListItem","position":4,"name":"PrintLayout"}]},{"@type":"WebSite","@id":"https:\/\/alfamedia.com\/fr\/#website","url":"https:\/\/alfamedia.com\/fr\/","name":"alfa Media Partner GmbH","description":"Software-L\u00f6sungen f\u00fcr Medienh\u00e4user und Verlage","potentialAction":[{"@type":"SearchAction","target":{"@type":"EntryPoint","urlTemplate":"https:\/\/alfamedia.com\/fr\/?s={search_term_string}"},"query-input":{"@type":"PropertyValueSpecification","valueRequired":true,"valueName":"search_term_string"}}],"inLanguage":"fr-FR"}]}},"_links":{"self":[{"href":"https:\/\/alfamedia.com\/fr\/wp-json\/wp\/v2\/pages\/2518","targetHints":{"allow":["GET"]}}],"collection":[{"href":"https:\/\/alfamedia.com\/fr\/wp-json\/wp\/v2\/pages"}],"about":[{"href":"https:\/\/alfamedia.com\/fr\/wp-json\/wp\/v2\/types\/page"}],"author":[{"embeddable":true,"href":"https:\/\/alfamedia.com\/fr\/wp-json\/wp\/v2\/users\/2"}],"replies":[{"embeddable":true,"href":"https:\/\/alfamedia.com\/fr\/wp-json\/wp\/v2\/comments?post=2518"}],"version-history":[{"count":2,"href":"https:\/\/alfamedia.com\/fr\/wp-json\/wp\/v2\/pages\/2518\/revisions"}],"predecessor-version":[{"id":10581,"href":"https:\/\/alfamedia.com\/fr\/wp-json\/wp\/v2\/pages\/2518\/revisions\/10581"}],"up":[{"embeddable":true,"href":"https:\/\/alfamedia.com\/fr\/wp-json\/wp\/v2\/pages\/2512"}],"wp:featuredmedia":[{"embeddable":true,"href":"https:\/\/alfamedia.com\/fr\/wp-json\/wp\/v2\/media\/10372"}],"wp:attachment":[{"href":"https:\/\/alfamedia.com\/fr\/wp-json\/wp\/v2\/media?parent=2518"}],"curies":[{"name":"wp","href":"https:\/\/api.w.org\/{rel}","templated":true}]}}