{"id":2516,"date":"2020-01-29T09:01:41","date_gmt":"2020-01-29T08:01:41","guid":{"rendered":"https:\/\/alfamedia.com\/?page_id=2516"},"modified":"2025-11-20T09:37:10","modified_gmt":"2025-11-20T08:37:10","slug":"editorialorganiser","status":"publish","type":"page","link":"https:\/\/alfamedia.com\/fr\/solutions\/redaction-et-contenu-editorial\/editorialorganiser\/","title":{"rendered":"EditorialOrganiser"},"content":{"rendered":"<p><strong><span style=\"color: #29a8c9;\">EditorialOrganiser est la solution d&rsquo;avenir pour la gestion \u00e9ditoriale moderne, qui rend la cr\u00e9ation et la gestion de vos contenus efficaces et centralis\u00e9es. Cette solution ind\u00e9pendante de toute plateforme vous permet de planifier, cr\u00e9er et publier des contenus sans effort et de mani\u00e8re neutre sur le plan m\u00e9diatique. Que ce soit sur Windows, Mac ou des appareils mobiles, tout se passe directement dans le navigateur.<\/span><\/strong><\/p>\n<p>Avec EditorialOrganiser, la planification et la cr\u00e9ation de contenu deviennent un processus fluide qui \u00e9limine le besoin de passer d&rsquo;un outil \u00e0 l&rsquo;autre. Diff\u00e9rentes vues sp\u00e9cialis\u00e9es, telles que celles pour le web, l&rsquo;impression ou le sport, offrent une assistance sur mesure, tandis que les grands th\u00e8mes peuvent \u00eatre planifi\u00e9s aussi facilement que les ajustements spontan\u00e9s. L&rsquo;\u00e9diteur central vous permet de publier de mani\u00e8re flexible sur n&rsquo;importe quel canal tout en effectuant des ajustements sp\u00e9cifiques \u00e0 chaque canal.<\/p>\n<p>La gestion int\u00e9gr\u00e9e des t\u00e2ches, qui offre une vue d&rsquo;ensemble claire de toutes les t\u00e2ches en cours et termin\u00e9es, est un \u00e9l\u00e9ment essentiel. Que ce soit au niveau des th\u00e8mes ou des flux de travail, le syst\u00e8me prend en charge de mani\u00e8re efficace la d\u00e9l\u00e9gation des t\u00e2ches aux employ\u00e9s internes et externes. Les freelances peuvent \u00eatre facilement int\u00e9gr\u00e9s gr\u00e2ce \u00e0 des masques de saisie conviviaux, sans qu&rsquo;aucune formation ne soit n\u00e9cessaire.<\/p>\n<p>EditorialOrganiser offre \u00e9galement une gestion compl\u00e8te des tableaux de service. Outre la gestion des heures de travail et des horaires de travail, il est possible de calculer les cong\u00e9s et les heures suppl\u00e9mentaires, avec un concept de droits d\u00e9taill\u00e9 garantissant une planification transparente \u00e0 tout moment. Importez directement les rapports des agences et utilisez-les pr\u00eats \u00e0 \u00eatre publi\u00e9s dans la vue de planification int\u00e9gr\u00e9e pour planifier efficacement les articles par glisser-d\u00e9poser.<\/p>\n<p>Un autre point fort est la possibilit\u00e9 d&rsquo;int\u00e9grer directement dans le syst\u00e8me les e-mails provenant des bo\u00eetes aux lettres r\u00e9dactionnelles. Cela permet la cr\u00e9ation automatique d&rsquo;articles \u00e0 partir d&rsquo;e-mails et leur publication rapide dans tous les canaux souhait\u00e9s.<\/p>\n<p><a href=\"https:\/\/alfamedia.com\/wp-content\/uploads\/2025\/09\/arrow-right-long-to-line-duotone-solid-full.svg\"><img loading=\"lazy\" decoding=\"async\" class=\"wp-image-10335 alignleft\" src=\"https:\/\/alfamedia.com\/wp-content\/uploads\/2025\/09\/arrow-right-long-to-line-duotone-solid-full.svg\" alt=\"\" width=\"61\" height=\"61\" \/><\/a><\/p>\n<p>Le d\u00e9fi que repr\u00e9sentent la cr\u00e9ation et la gestion efficaces de contenus est facilement relev\u00e9 gr\u00e2ce \u00e0 EditorialOrganiser. Le syst\u00e8me offre des flux de travail ind\u00e9pendants des m\u00e9dias et multicanaux qui \u00e9liminent les \u00e9tapes interm\u00e9diaires fastidieuses. Gr\u00e2ce \u00e0 son utilisation ind\u00e9pendante de la plateforme et \u00e0 l&rsquo;int\u00e9gration transparente de divers canaux de communication, EditorialOrganiser augmente la productivit\u00e9 et simplifie les processus parall\u00e8les. Qu&rsquo;il s&rsquo;agisse d&rsquo;une planification \u00e0 long terme ou d&rsquo;ajustements rapides, les contenus peuvent \u00eatre cr\u00e9\u00e9s et g\u00e9r\u00e9s avec pr\u00e9cision, flexibilit\u00e9 et efficacit\u00e9.<\/p>\n<p>&nbsp;<\/p>\n<h3>Highlights<\/h3>\n<table style=\"margin-left: 0px;\">\n<tbody>\n<tr>\n<td style=\"padding-right: 10px; vertical-align: middle;\"><img loading=\"lazy\" decoding=\"async\" style=\"vertical-align: middle;\" src=\"https:\/\/alfamedia.com\/wp-content\/uploads\/2025\/09\/dot-duotone-light-full.png\" alt=\"\" width=\"30\" height=\"30\" \/><\/td>\n<td style=\"padding-bottom: 10px;\"><strong>Acc\u00e8s ind\u00e9pendant de la plateforme : <\/strong>Travaillez \u00e0 tout moment, o\u00f9 que vous soyez, directement dans votre navigateur, sans avoir besoin d&rsquo;installer quoi que ce soit.<\/td>\n<\/tr>\n<tr>\n<td style=\"padding-right: 10px; vertical-align: middle;\"><img loading=\"lazy\" decoding=\"async\" style=\"vertical-align: middle;\" src=\"https:\/\/alfamedia.com\/wp-content\/uploads\/2025\/09\/dot-duotone-light-full.png\" alt=\"\" width=\"30\" height=\"30\" \/><\/td>\n<td style=\"padding-bottom: 10px;\"><strong>Gestion int\u00e9gr\u00e9e des t\u00e2ches : <\/strong>suivez toutes les t\u00e2ches gr\u00e2ce \u00e0 un outil de gestion centralis\u00e9 pour les \u00e9quipes internes et externes.<\/td>\n<\/tr>\n<tr>\n<td style=\"padding-right: 10px; vertical-align: middle;\"><img loading=\"lazy\" decoding=\"async\" style=\"vertical-align: middle;\" src=\"https:\/\/alfamedia.com\/wp-content\/uploads\/2025\/09\/dot-duotone-light-full.png\" alt=\"\" width=\"30\" height=\"30\" \/><\/td>\n<td style=\"padding-bottom: 10px;\"><strong>Gestion compl\u00e8te des tableaux de service : <\/strong>G\u00e9rez efficacement et avec pr\u00e9cision les heures de travail, les horaires de travail post\u00e9 et le calcul des heures suppl\u00e9mentaires.<\/td>\n<\/tr>\n<tr>\n<td style=\"padding-right: 10px; vertical-align: middle;\"><img loading=\"lazy\" decoding=\"async\" style=\"vertical-align: middle;\" src=\"https:\/\/alfamedia.com\/wp-content\/uploads\/2025\/09\/dot-duotone-light-full.png\" alt=\"\" width=\"30\" height=\"30\" \/><\/td>\n<td style=\"padding-bottom: 10px;\"><strong>Int\u00e9gration transparente des flux des agences : <\/strong>importez directement les rapports des agences dans le syst\u00e8me et utilisez-les pour vos publications sur tous les canaux.<\/td>\n<\/tr>\n<tr>\n<td style=\"padding-right: 10px; vertical-align: middle;\"><img loading=\"lazy\" decoding=\"async\" style=\"vertical-align: middle;\" src=\"https:\/\/alfamedia.com\/wp-content\/uploads\/2025\/09\/dot-duotone-light-full.png\" alt=\"\" width=\"30\" height=\"30\" \/><\/td>\n<td style=\"padding-bottom: 10px;\"><strong>Acc\u00e8s flexible \u00e0 la bo\u00eete mail \u00e9ditoriale : <\/strong>Permet de convertir directement les e-mails en articles pr\u00eats \u00e0 \u00eatre publi\u00e9s.<\/td>\n<\/tr>\n<\/tbody>\n<\/table>\n","protected":false},"excerpt":{"rendered":"<p>Avec EditorialOrganiser, vous pouvez cr\u00e9er et g\u00e9rer du contenu ind\u00e9pendamment des plateformes et des types de m\u00e9dias. Planifiez, concevez et publiez en toute flexibilit\u00e9 sur n&rsquo;importe quel appareil tout en b\u00e9n\u00e9ficiant d&rsquo;une gestion int\u00e9gr\u00e9e des t\u00e2ches et des plannings.<\/p>\n","protected":false},"author":2,"featured_media":10372,"parent":2512,"menu_order":14,"comment_status":"closed","ping_status":"closed","template":"","meta":{"_acf_changed":false,"inline_featured_image":false,"footnotes":""},"class_list":["post-2516","page","type-page","status-publish","has-post-thumbnail","hentry"],"acf":[],"yoast_head":"<title>EditorialOrganiser &#8226; alfa Media Partner GmbH<\/title>\n<meta name=\"description\" content=\"Cr\u00e9ez et g\u00e9rez du contenu ind\u00e9pendamment des plateformes et des types de m\u00e9dias. Planifiez, concevez et publiez en toute flexibilit\u00e9 tout en b\u00e9n\u00e9ficiant d&#039;une gestion int\u00e9gr\u00e9e des t\u00e2ches et des tableaux de service.\" \/>\n<meta name=\"robots\" content=\"index, follow, max-snippet:-1, max-image-preview:large, max-video-preview:-1\" \/>\n<link rel=\"canonical\" href=\"https:\/\/alfamedia.com\/fr\/solutions\/redaction-et-contenu-editorial\/editorialorganiser\/\" \/>\n<meta property=\"og:locale\" content=\"fr_FR\" \/>\n<meta property=\"og:type\" content=\"article\" \/>\n<meta property=\"og:title\" content=\"EditorialOrganiser &#8226; alfa Media Partner GmbH\" \/>\n<meta property=\"og:description\" content=\"Cr\u00e9ez et g\u00e9rez du contenu ind\u00e9pendamment des plateformes et des types de m\u00e9dias. Planifiez, concevez et publiez en toute flexibilit\u00e9 tout en b\u00e9n\u00e9ficiant d&#039;une gestion int\u00e9gr\u00e9e des t\u00e2ches et des tableaux de service.\" \/>\n<meta property=\"og:url\" content=\"https:\/\/alfamedia.com\/fr\/solutions\/redaction-et-contenu-editorial\/editorialorganiser\/\" \/>\n<meta property=\"og:site_name\" content=\"alfa Media Partner GmbH\" \/>\n<meta property=\"article:modified_time\" content=\"2025-11-20T08:37:10+00:00\" \/>\n<meta property=\"og:image\" content=\"https:\/\/alfamedia.com\/wp-content\/uploads\/2025\/09\/header-blau-01-wave.png\" \/>\n\t<meta property=\"og:image:width\" content=\"1920\" \/>\n\t<meta property=\"og:image:height\" content=\"600\" \/>\n\t<meta property=\"og:image:type\" content=\"image\/png\" \/>\n<meta name=\"twitter:card\" content=\"summary_large_image\" \/>\n<meta name=\"twitter:label1\" content=\"Dur\u00e9e de lecture estim\u00e9e\" \/>\n\t<meta name=\"twitter:data1\" content=\"5 minutes\" \/>","yoast_head_json":{"title":"EditorialOrganiser &#8226; alfa Media Partner GmbH","description":"Cr\u00e9ez et g\u00e9rez du contenu ind\u00e9pendamment des plateformes et des types de m\u00e9dias. Planifiez, concevez et publiez en toute flexibilit\u00e9 tout en b\u00e9n\u00e9ficiant d'une gestion int\u00e9gr\u00e9e des t\u00e2ches et des tableaux de service.","robots":{"index":"index","follow":"follow","max-snippet":"max-snippet:-1","max-image-preview":"max-image-preview:large","max-video-preview":"max-video-preview:-1"},"canonical":"https:\/\/alfamedia.com\/fr\/solutions\/redaction-et-contenu-editorial\/editorialorganiser\/","og_locale":"fr_FR","og_type":"article","og_title":"EditorialOrganiser &#8226; alfa Media Partner GmbH","og_description":"Cr\u00e9ez et g\u00e9rez du contenu ind\u00e9pendamment des plateformes et des types de m\u00e9dias. Planifiez, concevez et publiez en toute flexibilit\u00e9 tout en b\u00e9n\u00e9ficiant d'une gestion int\u00e9gr\u00e9e des t\u00e2ches et des tableaux de service.","og_url":"https:\/\/alfamedia.com\/fr\/solutions\/redaction-et-contenu-editorial\/editorialorganiser\/","og_site_name":"alfa Media Partner GmbH","article_modified_time":"2025-11-20T08:37:10+00:00","og_image":[{"width":1920,"height":600,"url":"https:\/\/alfamedia.com\/wp-content\/uploads\/2025\/09\/header-blau-01-wave.png","type":"image\/png"}],"twitter_card":"summary_large_image","twitter_misc":{"Dur\u00e9e de lecture estim\u00e9e":"5 minutes"},"schema":{"@context":"https:\/\/schema.org","@graph":[{"@type":"WebPage","@id":"https:\/\/alfamedia.com\/fr\/solutions\/redaction-et-contenu-editorial\/editorialorganiser\/","url":"https:\/\/alfamedia.com\/fr\/solutions\/redaction-et-contenu-editorial\/editorialorganiser\/","name":"EditorialOrganiser &#8226; alfa Media Partner GmbH","isPartOf":{"@id":"https:\/\/alfamedia.com\/fr\/#website"},"primaryImageOfPage":{"@id":"https:\/\/alfamedia.com\/fr\/solutions\/redaction-et-contenu-editorial\/editorialorganiser\/#primaryimage"},"image":{"@id":"https:\/\/alfamedia.com\/fr\/solutions\/redaction-et-contenu-editorial\/editorialorganiser\/#primaryimage"},"thumbnailUrl":"https:\/\/alfamedia.com\/wp-content\/uploads\/2025\/09\/header-blau-01-wave.png","datePublished":"2020-01-29T08:01:41+00:00","dateModified":"2025-11-20T08:37:10+00:00","description":"Cr\u00e9ez et g\u00e9rez du contenu ind\u00e9pendamment des plateformes et des types de m\u00e9dias. Planifiez, concevez et publiez en toute flexibilit\u00e9 tout en b\u00e9n\u00e9ficiant d'une gestion int\u00e9gr\u00e9e des t\u00e2ches et des tableaux de service.","breadcrumb":{"@id":"https:\/\/alfamedia.com\/fr\/solutions\/redaction-et-contenu-editorial\/editorialorganiser\/#breadcrumb"},"inLanguage":"fr-FR","potentialAction":[{"@type":"ReadAction","target":["https:\/\/alfamedia.com\/fr\/solutions\/redaction-et-contenu-editorial\/editorialorganiser\/"]}]},{"@type":"ImageObject","inLanguage":"fr-FR","@id":"https:\/\/alfamedia.com\/fr\/solutions\/redaction-et-contenu-editorial\/editorialorganiser\/#primaryimage","url":"https:\/\/alfamedia.com\/wp-content\/uploads\/2025\/09\/header-blau-01-wave.png","contentUrl":"https:\/\/alfamedia.com\/wp-content\/uploads\/2025\/09\/header-blau-01-wave.png","width":1920,"height":600},{"@type":"BreadcrumbList","@id":"https:\/\/alfamedia.com\/fr\/solutions\/redaction-et-contenu-editorial\/editorialorganiser\/#breadcrumb","itemListElement":[{"@type":"ListItem","position":1,"name":"Start","item":"https:\/\/alfamedia.com\/fr\/"},{"@type":"ListItem","position":2,"name":"Solutions","item":"https:\/\/alfamedia.com\/fr\/solutions\/"},{"@type":"ListItem","position":3,"name":"R\u00e9daction et Contenu \u00e9ditorial","item":"https:\/\/alfamedia.com\/fr\/solutions\/redaction-et-contenu-editorial\/"},{"@type":"ListItem","position":4,"name":"EditorialOrganiser"}]},{"@type":"WebSite","@id":"https:\/\/alfamedia.com\/fr\/#website","url":"https:\/\/alfamedia.com\/fr\/","name":"alfa Media Partner GmbH","description":"Software-L\u00f6sungen f\u00fcr Medienh\u00e4user und Verlage","potentialAction":[{"@type":"SearchAction","target":{"@type":"EntryPoint","urlTemplate":"https:\/\/alfamedia.com\/fr\/?s={search_term_string}"},"query-input":{"@type":"PropertyValueSpecification","valueRequired":true,"valueName":"search_term_string"}}],"inLanguage":"fr-FR"}]}},"_links":{"self":[{"href":"https:\/\/alfamedia.com\/fr\/wp-json\/wp\/v2\/pages\/2516","targetHints":{"allow":["GET"]}}],"collection":[{"href":"https:\/\/alfamedia.com\/fr\/wp-json\/wp\/v2\/pages"}],"about":[{"href":"https:\/\/alfamedia.com\/fr\/wp-json\/wp\/v2\/types\/page"}],"author":[{"embeddable":true,"href":"https:\/\/alfamedia.com\/fr\/wp-json\/wp\/v2\/users\/2"}],"replies":[{"embeddable":true,"href":"https:\/\/alfamedia.com\/fr\/wp-json\/wp\/v2\/comments?post=2516"}],"version-history":[{"count":3,"href":"https:\/\/alfamedia.com\/fr\/wp-json\/wp\/v2\/pages\/2516\/revisions"}],"predecessor-version":[{"id":10584,"href":"https:\/\/alfamedia.com\/fr\/wp-json\/wp\/v2\/pages\/2516\/revisions\/10584"}],"up":[{"embeddable":true,"href":"https:\/\/alfamedia.com\/fr\/wp-json\/wp\/v2\/pages\/2512"}],"wp:featuredmedia":[{"embeddable":true,"href":"https:\/\/alfamedia.com\/fr\/wp-json\/wp\/v2\/media\/10372"}],"wp:attachment":[{"href":"https:\/\/alfamedia.com\/fr\/wp-json\/wp\/v2\/media?parent=2516"}],"curies":[{"name":"wp","href":"https:\/\/api.w.org\/{rel}","templated":true}]}}