{"id":2512,"date":"2020-01-28T15:15:03","date_gmt":"2020-01-28T14:15:03","guid":{"rendered":"https:\/\/alfamedia.com\/?page_id=2512"},"modified":"2024-03-25T14:55:08","modified_gmt":"2024-03-25T13:55:08","slug":"redaction-et-contenu-editorial","status":"publish","type":"page","link":"https:\/\/alfamedia.com\/fr\/solutions\/redaction-et-contenu-editorial\/","title":{"rendered":"R\u00e9daction et Contenu \u00e9ditorial"},"content":{"rendered":"<p><strong>alfa ContentLine<\/strong><\/p>\n<p>Impression, publication en ligne, applications, services mobiles, m\u00e9dias sociaux et plus encore : les derni\u00e8res nouvelles, les articles de fond, l&rsquo;information, le divertissement et le service se doivent d&rsquo;\u00eatre publi\u00e9s sur le plus grand nombre de canaux possibles et \u00eatre habilement reli\u00e9s entre eux.<\/p>\n<p>Cela ne fonctionne qu&rsquo;avec un syst\u00e8me de publication moderne et efficace qui est clair, rapide \u00e0 appr\u00e9hender et logique \u00e0 utiliser. Cela repr\u00e9sente un grand d\u00e9fi pour l&rsquo;interaction des diff\u00e9rentes forces en pr\u00e9sence.<\/p>\n<p>alfamedia combine exactement ces exigences. Avec ses modules de gestion de la r\u00e9daction et du contenu \u00e9ditorial, ContentLine est la plate-forme id\u00e9ale pour une organisation et une publication optimales des m\u00e9dias. En effet, nous sommes convaincus que le contenu \u00e9ditorial doit aussi \u00eatre visuellement convaincant.<\/p>\n<p>La technologie bas\u00e9e sur Internet du logiciel garantit la totalit\u00e9 des fonctions \u00e0 tout moment et en tout lieu. Tous les modules de ContentLine sont tr\u00e8s flexibles et sont continuellement am\u00e9lior\u00e9s dans le cadre d&rsquo;un dialogue permanent avec nos clients. Une interaction parfaite des diff\u00e9rents composants nous est tout aussi \u00e9vidente que l&rsquo;int\u00e9gration de syst\u00e8mes externes.<\/p>\n","protected":false},"excerpt":{"rendered":"<p>La plateforme id\u00e9ale pour une organisation et une publication optimales des m\u00e9dias incluant la planification des ressources et des sujets.<\/p>\n","protected":false},"author":2,"featured_media":2317,"parent":2510,"menu_order":9,"comment_status":"closed","ping_status":"closed","template":"","meta":{"_acf_changed":false,"inline_featured_image":false,"footnotes":""},"class_list":["post-2512","page","type-page","status-publish","has-post-thumbnail","hentry"],"acf":[],"yoast_head":"<title>R\u00e9daction et Contenu \u00e9ditorial &#8226; alfa Media Partner GmbH<\/title>\n<meta name=\"robots\" content=\"index, follow, max-snippet:-1, max-image-preview:large, max-video-preview:-1\" \/>\n<link rel=\"canonical\" href=\"https:\/\/alfamedia.com\/fr\/solutions\/redaction-et-contenu-editorial\/\" \/>\n<meta property=\"og:locale\" content=\"fr_FR\" \/>\n<meta property=\"og:type\" content=\"article\" \/>\n<meta property=\"og:title\" content=\"R\u00e9daction et Contenu \u00e9ditorial &#8226; alfa Media Partner GmbH\" \/>\n<meta property=\"og:description\" content=\"La plateforme id\u00e9ale pour une organisation et une publication optimales des m\u00e9dias incluant la planification des ressources et des sujets.\" \/>\n<meta property=\"og:url\" content=\"https:\/\/alfamedia.com\/fr\/solutions\/redaction-et-contenu-editorial\/\" \/>\n<meta property=\"og:site_name\" content=\"alfa Media Partner GmbH\" \/>\n<meta property=\"article:modified_time\" content=\"2024-03-25T13:55:08+00:00\" \/>\n<meta property=\"og:image\" content=\"https:\/\/alfamedia.com\/wp-content\/uploads\/2019\/11\/marvin-meyer-SYTO3xs06fU-unsplash-1024x683.jpg\" \/>\n\t<meta property=\"og:image:width\" content=\"1024\" \/>\n\t<meta property=\"og:image:height\" content=\"683\" \/>\n\t<meta property=\"og:image:type\" content=\"image\/jpeg\" \/>\n<meta name=\"twitter:card\" content=\"summary_large_image\" \/>\n<meta name=\"twitter:label1\" content=\"Dur\u00e9e de lecture estim\u00e9e\" \/>\n\t<meta name=\"twitter:data1\" content=\"2 minutes\" \/>","yoast_head_json":{"title":"R\u00e9daction et Contenu \u00e9ditorial &#8226; alfa Media Partner GmbH","robots":{"index":"index","follow":"follow","max-snippet":"max-snippet:-1","max-image-preview":"max-image-preview:large","max-video-preview":"max-video-preview:-1"},"canonical":"https:\/\/alfamedia.com\/fr\/solutions\/redaction-et-contenu-editorial\/","og_locale":"fr_FR","og_type":"article","og_title":"R\u00e9daction et Contenu \u00e9ditorial &#8226; alfa Media Partner GmbH","og_description":"La plateforme id\u00e9ale pour une organisation et une publication optimales des m\u00e9dias incluant la planification des ressources et des sujets.","og_url":"https:\/\/alfamedia.com\/fr\/solutions\/redaction-et-contenu-editorial\/","og_site_name":"alfa Media Partner GmbH","article_modified_time":"2024-03-25T13:55:08+00:00","og_image":[{"width":1024,"height":683,"url":"https:\/\/alfamedia.com\/wp-content\/uploads\/2019\/11\/marvin-meyer-SYTO3xs06fU-unsplash-1024x683.jpg","type":"image\/jpeg"}],"twitter_card":"summary_large_image","twitter_misc":{"Dur\u00e9e de lecture estim\u00e9e":"2 minutes"},"schema":{"@context":"https:\/\/schema.org","@graph":[{"@type":"WebPage","@id":"https:\/\/alfamedia.com\/fr\/solutions\/redaction-et-contenu-editorial\/","url":"https:\/\/alfamedia.com\/fr\/solutions\/redaction-et-contenu-editorial\/","name":"R\u00e9daction et Contenu \u00e9ditorial &#8226; alfa Media Partner GmbH","isPartOf":{"@id":"https:\/\/alfamedia.com\/fr\/#website"},"primaryImageOfPage":{"@id":"https:\/\/alfamedia.com\/fr\/solutions\/redaction-et-contenu-editorial\/#primaryimage"},"image":{"@id":"https:\/\/alfamedia.com\/fr\/solutions\/redaction-et-contenu-editorial\/#primaryimage"},"thumbnailUrl":"https:\/\/alfamedia.com\/wp-content\/uploads\/2019\/11\/marvin-meyer-SYTO3xs06fU-unsplash.jpg","datePublished":"2020-01-28T14:15:03+00:00","dateModified":"2024-03-25T13:55:08+00:00","breadcrumb":{"@id":"https:\/\/alfamedia.com\/fr\/solutions\/redaction-et-contenu-editorial\/#breadcrumb"},"inLanguage":"fr-FR","potentialAction":[{"@type":"ReadAction","target":["https:\/\/alfamedia.com\/fr\/solutions\/redaction-et-contenu-editorial\/"]}]},{"@type":"ImageObject","inLanguage":"fr-FR","@id":"https:\/\/alfamedia.com\/fr\/solutions\/redaction-et-contenu-editorial\/#primaryimage","url":"https:\/\/alfamedia.com\/wp-content\/uploads\/2019\/11\/marvin-meyer-SYTO3xs06fU-unsplash.jpg","contentUrl":"https:\/\/alfamedia.com\/wp-content\/uploads\/2019\/11\/marvin-meyer-SYTO3xs06fU-unsplash.jpg","width":6000,"height":4000},{"@type":"BreadcrumbList","@id":"https:\/\/alfamedia.com\/fr\/solutions\/redaction-et-contenu-editorial\/#breadcrumb","itemListElement":[{"@type":"ListItem","position":1,"name":"Start","item":"https:\/\/alfamedia.com\/fr\/"},{"@type":"ListItem","position":2,"name":"Solutions","item":"https:\/\/alfamedia.com\/fr\/solutions\/"},{"@type":"ListItem","position":3,"name":"R\u00e9daction et Contenu \u00e9ditorial"}]},{"@type":"WebSite","@id":"https:\/\/alfamedia.com\/fr\/#website","url":"https:\/\/alfamedia.com\/fr\/","name":"alfa Media Partner GmbH","description":"Software-L\u00f6sungen f\u00fcr Medienh\u00e4user und Verlage","potentialAction":[{"@type":"SearchAction","target":{"@type":"EntryPoint","urlTemplate":"https:\/\/alfamedia.com\/fr\/?s={search_term_string}"},"query-input":{"@type":"PropertyValueSpecification","valueRequired":true,"valueName":"search_term_string"}}],"inLanguage":"fr-FR"}]}},"_links":{"self":[{"href":"https:\/\/alfamedia.com\/fr\/wp-json\/wp\/v2\/pages\/2512","targetHints":{"allow":["GET"]}}],"collection":[{"href":"https:\/\/alfamedia.com\/fr\/wp-json\/wp\/v2\/pages"}],"about":[{"href":"https:\/\/alfamedia.com\/fr\/wp-json\/wp\/v2\/types\/page"}],"author":[{"embeddable":true,"href":"https:\/\/alfamedia.com\/fr\/wp-json\/wp\/v2\/users\/2"}],"replies":[{"embeddable":true,"href":"https:\/\/alfamedia.com\/fr\/wp-json\/wp\/v2\/comments?post=2512"}],"version-history":[{"count":0,"href":"https:\/\/alfamedia.com\/fr\/wp-json\/wp\/v2\/pages\/2512\/revisions"}],"up":[{"embeddable":true,"href":"https:\/\/alfamedia.com\/fr\/wp-json\/wp\/v2\/pages\/2510"}],"wp:featuredmedia":[{"embeddable":true,"href":"https:\/\/alfamedia.com\/fr\/wp-json\/wp\/v2\/media\/2317"}],"wp:attachment":[{"href":"https:\/\/alfamedia.com\/fr\/wp-json\/wp\/v2\/media?parent=2512"}],"curies":[{"name":"wp","href":"https:\/\/api.w.org\/{rel}","templated":true}]}}