{"id":2510,"date":"2020-01-28T15:02:05","date_gmt":"2020-01-28T14:02:05","guid":{"rendered":"https:\/\/alfamedia.com\/?page_id=2510"},"modified":"2024-03-25T14:57:39","modified_gmt":"2024-03-25T13:57:39","slug":"solutions","status":"publish","type":"page","link":"https:\/\/alfamedia.com\/fr\/solutions\/","title":{"rendered":"Solutions"},"content":{"rendered":"<p>alfamedia propose des logiciels de professionnels des m\u00e9dias pour les professionnels des m\u00e9dias et toute autre personne qui peut b\u00e9n\u00e9ficier de cette expertise. Nous sommes un partenaire solide et fiable pour les entreprises de m\u00e9dias depuis pr\u00e8s de 40 ans, avec une orientation claire vers l&rsquo;avenir. La recherche constante de nouvelles id\u00e9es et de nouveaux d\u00e9fis, tels que la transformation num\u00e9rique de l&rsquo;industrie des m\u00e9dias, se refl\u00e8te donc dans nos produits. Outre les nouveaux d\u00e9veloppements, nos solutions \u00e9prouv\u00e9es sont constamment am\u00e9lior\u00e9es et compl\u00e9t\u00e9es par des composants orient\u00e9s vers l&rsquo;avenir et bas\u00e9s sur les technologies les plus r\u00e9centes. En bref : des solutions intelligentes qui ont de l&rsquo;avenir.<\/p>\n<p>Notre concept alfamedia offre des solutions pour l&rsquo;industrie de la presse et des m\u00e9dias et une large gamme de produits couvrant tous les processus de publication pertinents dans quatre lignes de produits pour augmenter l&rsquo;efficacit\u00e9 et g\u00e9n\u00e9rer plus de ventes.<\/p>\n","protected":false},"excerpt":{"rendered":"<p>alfamedia propose des logiciels de professionnels des m\u00e9dias pour les professionnels des m\u00e9dias et toute autre personne qui peut b\u00e9n\u00e9ficier de cette expertise. Nous sommes un partenaire solide et fiable pour les entreprises de m\u00e9dias depuis pr\u00e8s de 40 ans, avec une orientation claire vers l&rsquo;avenir. La recherche constante de nouvelles id\u00e9es et de nouveaux [&hellip;]<\/p>\n","protected":false},"author":2,"featured_media":2217,"parent":0,"menu_order":180,"comment_status":"closed","ping_status":"closed","template":"","meta":{"_acf_changed":false,"inline_featured_image":false,"footnotes":""},"class_list":["post-2510","page","type-page","status-publish","has-post-thumbnail","hentry"],"acf":[],"yoast_head":"<title>Solutions &#8226; alfa Media Partner GmbH<\/title>\n<meta name=\"robots\" content=\"index, follow, max-snippet:-1, max-image-preview:large, max-video-preview:-1\" \/>\n<link rel=\"canonical\" href=\"https:\/\/alfamedia.com\/fr\/solutions\/\" \/>\n<meta property=\"og:locale\" content=\"fr_FR\" \/>\n<meta property=\"og:type\" content=\"article\" \/>\n<meta property=\"og:title\" content=\"Solutions &#8226; alfa Media Partner GmbH\" \/>\n<meta property=\"og:description\" content=\"alfamedia propose des logiciels de professionnels des m\u00e9dias pour les professionnels des m\u00e9dias et toute autre personne qui peut b\u00e9n\u00e9ficier de cette expertise. Nous sommes un partenaire solide et fiable pour les entreprises de m\u00e9dias depuis pr\u00e8s de 40 ans, avec une orientation claire vers l&rsquo;avenir. La recherche constante de nouvelles id\u00e9es et de nouveaux [&hellip;]\" \/>\n<meta property=\"og:url\" content=\"https:\/\/alfamedia.com\/fr\/solutions\/\" \/>\n<meta property=\"og:site_name\" content=\"alfa Media Partner GmbH\" \/>\n<meta property=\"article:modified_time\" content=\"2024-03-25T13:57:39+00:00\" \/>\n<meta property=\"og:image\" content=\"https:\/\/alfamedia.com\/wp-content\/uploads\/2019\/10\/photo-1527113305089-e8b97ecc676b.jpg\" \/>\n\t<meta property=\"og:image:width\" content=\"2072\" \/>\n\t<meta property=\"og:image:height\" content=\"1189\" \/>\n\t<meta property=\"og:image:type\" content=\"image\/jpeg\" \/>\n<meta name=\"twitter:card\" content=\"summary_large_image\" \/>\n<meta name=\"twitter:label1\" content=\"Dur\u00e9e de lecture estim\u00e9e\" \/>\n\t<meta name=\"twitter:data1\" content=\"2 minutes\" \/>","yoast_head_json":{"title":"Solutions &#8226; alfa Media Partner GmbH","robots":{"index":"index","follow":"follow","max-snippet":"max-snippet:-1","max-image-preview":"max-image-preview:large","max-video-preview":"max-video-preview:-1"},"canonical":"https:\/\/alfamedia.com\/fr\/solutions\/","og_locale":"fr_FR","og_type":"article","og_title":"Solutions &#8226; alfa Media Partner GmbH","og_description":"alfamedia propose des logiciels de professionnels des m\u00e9dias pour les professionnels des m\u00e9dias et toute autre personne qui peut b\u00e9n\u00e9ficier de cette expertise. Nous sommes un partenaire solide et fiable pour les entreprises de m\u00e9dias depuis pr\u00e8s de 40 ans, avec une orientation claire vers l&rsquo;avenir. La recherche constante de nouvelles id\u00e9es et de nouveaux [&hellip;]","og_url":"https:\/\/alfamedia.com\/fr\/solutions\/","og_site_name":"alfa Media Partner GmbH","article_modified_time":"2024-03-25T13:57:39+00:00","og_image":[{"width":2072,"height":1189,"url":"https:\/\/alfamedia.com\/wp-content\/uploads\/2019\/10\/photo-1527113305089-e8b97ecc676b.jpg","type":"image\/jpeg"}],"twitter_card":"summary_large_image","twitter_misc":{"Dur\u00e9e de lecture estim\u00e9e":"2 minutes"},"schema":{"@context":"https:\/\/schema.org","@graph":[{"@type":"WebPage","@id":"https:\/\/alfamedia.com\/fr\/solutions\/","url":"https:\/\/alfamedia.com\/fr\/solutions\/","name":"Solutions &#8226; alfa Media Partner GmbH","isPartOf":{"@id":"https:\/\/alfamedia.com\/fr\/#website"},"primaryImageOfPage":{"@id":"https:\/\/alfamedia.com\/fr\/solutions\/#primaryimage"},"image":{"@id":"https:\/\/alfamedia.com\/fr\/solutions\/#primaryimage"},"thumbnailUrl":"https:\/\/alfamedia.com\/wp-content\/uploads\/2019\/10\/photo-1527113305089-e8b97ecc676b.jpg","datePublished":"2020-01-28T14:02:05+00:00","dateModified":"2024-03-25T13:57:39+00:00","breadcrumb":{"@id":"https:\/\/alfamedia.com\/fr\/solutions\/#breadcrumb"},"inLanguage":"fr-FR","potentialAction":[{"@type":"ReadAction","target":["https:\/\/alfamedia.com\/fr\/solutions\/"]}]},{"@type":"ImageObject","inLanguage":"fr-FR","@id":"https:\/\/alfamedia.com\/fr\/solutions\/#primaryimage","url":"https:\/\/alfamedia.com\/wp-content\/uploads\/2019\/10\/photo-1527113305089-e8b97ecc676b.jpg","contentUrl":"https:\/\/alfamedia.com\/wp-content\/uploads\/2019\/10\/photo-1527113305089-e8b97ecc676b.jpg","width":2072,"height":1189},{"@type":"BreadcrumbList","@id":"https:\/\/alfamedia.com\/fr\/solutions\/#breadcrumb","itemListElement":[{"@type":"ListItem","position":1,"name":"Start","item":"https:\/\/alfamedia.com\/fr\/"},{"@type":"ListItem","position":2,"name":"Solutions"}]},{"@type":"WebSite","@id":"https:\/\/alfamedia.com\/fr\/#website","url":"https:\/\/alfamedia.com\/fr\/","name":"alfa Media Partner GmbH","description":"Software-L\u00f6sungen f\u00fcr Medienh\u00e4user und Verlage","potentialAction":[{"@type":"SearchAction","target":{"@type":"EntryPoint","urlTemplate":"https:\/\/alfamedia.com\/fr\/?s={search_term_string}"},"query-input":{"@type":"PropertyValueSpecification","valueRequired":true,"valueName":"search_term_string"}}],"inLanguage":"fr-FR"}]}},"_links":{"self":[{"href":"https:\/\/alfamedia.com\/fr\/wp-json\/wp\/v2\/pages\/2510","targetHints":{"allow":["GET"]}}],"collection":[{"href":"https:\/\/alfamedia.com\/fr\/wp-json\/wp\/v2\/pages"}],"about":[{"href":"https:\/\/alfamedia.com\/fr\/wp-json\/wp\/v2\/types\/page"}],"author":[{"embeddable":true,"href":"https:\/\/alfamedia.com\/fr\/wp-json\/wp\/v2\/users\/2"}],"replies":[{"embeddable":true,"href":"https:\/\/alfamedia.com\/fr\/wp-json\/wp\/v2\/comments?post=2510"}],"version-history":[{"count":0,"href":"https:\/\/alfamedia.com\/fr\/wp-json\/wp\/v2\/pages\/2510\/revisions"}],"wp:featuredmedia":[{"embeddable":true,"href":"https:\/\/alfamedia.com\/fr\/wp-json\/wp\/v2\/media\/2217"}],"wp:attachment":[{"href":"https:\/\/alfamedia.com\/fr\/wp-json\/wp\/v2\/media?parent=2510"}],"curies":[{"name":"wp","href":"https:\/\/api.w.org\/{rel}","templated":true}]}}