{"id":2505,"date":"2020-01-28T14:40:32","date_gmt":"2020-01-28T13:40:32","guid":{"rendered":"https:\/\/alfamedia.com\/?page_id=2505"},"modified":"2021-12-01T08:54:22","modified_gmt":"2021-12-01T07:54:22","slug":"impressum","status":"publish","type":"page","link":"https:\/\/alfamedia.com\/fr\/impressum\/","title":{"rendered":"Impressum"},"content":{"rendered":"<p>alfa Media Partner GmbH<br \/>\nCarl-Zeiss-Stra\u00dfe 27<br \/>\n63322 R\u00f6dermark<br \/>\nAllemagne<\/p>\n<p>T\u00e9l : +49 (0) 6074 &#8211; 3104-0<br \/>\nFax : +49 (0) 6074 &#8211; 3104-112<br \/>\nE-mail : <a href=\"javascript:secureDecryptAndNavigate('zhK1GN+xIh0SBn6ElVaBMCFdFLWX1Iyrr01yvuJfpx55Ob38HqdNWkfZNUsPtlI\/xV5+3Y35XcG5U\/B4uKFyyLOvCLa6wWnr2g==', '311a738dc694dabb87d5a6f1bf237e266f6c326dd99509e53bef3d9bcb909c94')\">&#105;nfo&#64;&#97;l&#102;a&#109;&#101;d&#105;&#97;&#46;co&#109;<\/a><\/p>\n<p>CEO: Michael Marcks<\/p>\n<p>Tribunal d&rsquo;enregistrement : Amtsgecht Offenbach\/Main<br \/>\nNum\u00e9ro de registre : HRB 21171<br \/>\nNum\u00e9ro d&rsquo;identification TVA selon \u00a727a de loi relative \u00e0 l&rsquo;imp\u00f4t sur le chiffre d&rsquo;affaires : DE 811140939<\/p>\n<p>Responsable du contenu selon \u00a7 10 alin\u00e9a 3 MDStV : Alis Simpson<\/p>\n<p>Clause de non-responsabilit\u00e9 : Malgr\u00e9 un contr\u00f4le minutieux du contenu, nous d\u00e9clinons toute responsabilit\u00e9 quant au contenu des liens externes. Les exploitants des pages li\u00e9es sont seuls responsables de leur contenu.<\/p>\n<h4>Analyse des utilisateurs du site Web<\/h4>\n<p>Ce site Web utilise Google Analytics pour l&rsquo;\u00e9valuation statistique de l&rsquo;acc\u00e8s des visiteurs. Google Analytics utilise des cookies, qui sont des fichiers texte plac\u00e9s sur votre ordinateur, pour aider le site Internet \u00e0 analyser l&rsquo;utilisation du site par ses utilisateurs. Les informations g\u00e9n\u00e9r\u00e9es par les cookies concernant votre utilisation de ce site Web sont stock\u00e9es exclusivement sur nos serveurs en Allemagne. Nous utilisons ces informations pour \u00e9valuer l&rsquo;utilisation d&rsquo;alfamedia.com et pour compiler des rapports sur l&rsquo;activit\u00e9 du site. Nous ne transmettrons pas ces informations \u00e0 des tiers. L&rsquo;adresse IP est rendue anonyme imm\u00e9diatement apr\u00e8s le traitement et avant d&rsquo;\u00eatre enregistr\u00e9e.<\/p>\n<p>Vous pouvez emp\u00eacher l&rsquo;installation de cookies en param\u00e9trant votre logiciel de navigation en cons\u00e9quence. Nous attirons toutefois votre attention sur le fait que, dans ce cas, il se peut que vous ne puissiez pas utiliser toutes les fonctions de ce site Internet dans toute leur \u00e9tendu.<\/p>\n","protected":false},"excerpt":{"rendered":"<p>alfa Media Partner GmbH Carl-Zeiss-Stra\u00dfe 27 63322 R\u00f6dermark Allemagne T\u00e9l : +49 (0) 6074 &#8211; 3104-0 Fax : +49 (0) 6074 &#8211; 3104-112 E-mail : &#105;&#110;f&#111;&#64;&#97;&#108;fame&#100;&#105;&#97;&#46;&#99;om CEO: Michael Marcks Tribunal d&rsquo;enregistrement : Amtsgecht Offenbach\/Main Num\u00e9ro de registre : HRB 21171 Num\u00e9ro d&rsquo;identification TVA selon \u00a727a de loi relative \u00e0 l&rsquo;imp\u00f4t sur le chiffre d&rsquo;affaires : [&hellip;]<\/p>\n","protected":false},"author":2,"featured_media":2218,"parent":0,"menu_order":202,"comment_status":"closed","ping_status":"closed","template":"","meta":{"_acf_changed":false,"inline_featured_image":false,"footnotes":""},"class_list":["post-2505","page","type-page","status-publish","has-post-thumbnail","hentry"],"acf":[],"yoast_head":"<title>Impressum &#8226; alfa Media Partner GmbH<\/title>\n<meta name=\"robots\" content=\"index, follow, max-snippet:-1, max-image-preview:large, max-video-preview:-1\" \/>\n<link rel=\"canonical\" href=\"https:\/\/alfamedia.com\/fr\/impressum\/\" \/>\n<meta property=\"og:locale\" content=\"fr_FR\" \/>\n<meta property=\"og:type\" content=\"article\" \/>\n<meta property=\"og:title\" content=\"Impressum &#8226; alfa Media Partner GmbH\" \/>\n<meta property=\"og:description\" content=\"alfa Media Partner GmbH Carl-Zeiss-Stra\u00dfe 27 63322 R\u00f6dermark Allemagne T\u00e9l : +49 (0) 6074 &#8211; 3104-0 Fax : +49 (0) 6074 &#8211; 3104-112 E-mail : &#105;n&#102;o&#064;&#097;l&#102;a&#109;e&#100;&#105;&#097;.co&#109; CEO: Michael Marcks Tribunal d&rsquo;enregistrement : Amtsgecht Offenbach\/Main Num\u00e9ro de registre : HRB 21171 Num\u00e9ro d&rsquo;identification TVA selon \u00a727a de loi relative \u00e0 l&rsquo;imp\u00f4t sur le chiffre d&rsquo;affaires : [&hellip;]\" \/>\n<meta property=\"og:url\" content=\"https:\/\/alfamedia.com\/fr\/impressum\/\" \/>\n<meta property=\"og:site_name\" content=\"alfa Media Partner GmbH\" \/>\n<meta property=\"article:modified_time\" content=\"2021-12-01T07:54:22+00:00\" \/>\n<meta property=\"og:image\" content=\"https:\/\/alfamedia.com\/wp-content\/uploads\/2019\/10\/photo-1530368671910-767566125dd2.jpg\" \/>\n\t<meta property=\"og:image:width\" content=\"1349\" \/>\n\t<meta property=\"og:image:height\" content=\"901\" \/>\n\t<meta property=\"og:image:type\" content=\"image\/jpeg\" \/>\n<meta name=\"twitter:card\" content=\"summary_large_image\" \/>\n<meta name=\"twitter:label1\" content=\"Dur\u00e9e de lecture estim\u00e9e\" \/>\n\t<meta name=\"twitter:data1\" content=\"1 minute\" \/>","yoast_head_json":{"title":"Impressum &#8226; alfa Media Partner GmbH","robots":{"index":"index","follow":"follow","max-snippet":"max-snippet:-1","max-image-preview":"max-image-preview:large","max-video-preview":"max-video-preview:-1"},"canonical":"https:\/\/alfamedia.com\/fr\/impressum\/","og_locale":"fr_FR","og_type":"article","og_title":"Impressum &#8226; alfa Media Partner GmbH","og_description":"alfa Media Partner GmbH Carl-Zeiss-Stra\u00dfe 27 63322 R\u00f6dermark Allemagne T\u00e9l : +49 (0) 6074 &#8211; 3104-0 Fax : +49 (0) 6074 &#8211; 3104-112 E-mail : &#105;n&#102;&#111;&#64;a&#108;&#102;&#97;me&#100;&#105;a.&#99;o&#109; CEO: Michael Marcks Tribunal d&rsquo;enregistrement : Amtsgecht Offenbach\/Main Num\u00e9ro de registre : HRB 21171 Num\u00e9ro d&rsquo;identification TVA selon \u00a727a de loi relative \u00e0 l&rsquo;imp\u00f4t sur le chiffre d&rsquo;affaires : [&hellip;]","og_url":"https:\/\/alfamedia.com\/fr\/impressum\/","og_site_name":"alfa Media Partner GmbH","article_modified_time":"2021-12-01T07:54:22+00:00","og_image":[{"width":1349,"height":901,"url":"https:\/\/alfamedia.com\/wp-content\/uploads\/2019\/10\/photo-1530368671910-767566125dd2.jpg","type":"image\/jpeg"}],"twitter_card":"summary_large_image","twitter_misc":{"Dur\u00e9e de lecture estim\u00e9e":"1 minute"},"schema":{"@context":"https:\/\/schema.org","@graph":[{"@type":"WebPage","@id":"https:\/\/alfamedia.com\/fr\/impressum\/","url":"https:\/\/alfamedia.com\/fr\/impressum\/","name":"Impressum &#8226; alfa Media Partner GmbH","isPartOf":{"@id":"https:\/\/alfamedia.com\/fr\/#website"},"primaryImageOfPage":{"@id":"https:\/\/alfamedia.com\/fr\/impressum\/#primaryimage"},"image":{"@id":"https:\/\/alfamedia.com\/fr\/impressum\/#primaryimage"},"thumbnailUrl":"https:\/\/alfamedia.com\/wp-content\/uploads\/2019\/10\/photo-1530368671910-767566125dd2.jpg","datePublished":"2020-01-28T13:40:32+00:00","dateModified":"2021-12-01T07:54:22+00:00","breadcrumb":{"@id":"https:\/\/alfamedia.com\/fr\/impressum\/#breadcrumb"},"inLanguage":"fr-FR","potentialAction":[{"@type":"ReadAction","target":["https:\/\/alfamedia.com\/fr\/impressum\/"]}]},{"@type":"ImageObject","inLanguage":"fr-FR","@id":"https:\/\/alfamedia.com\/fr\/impressum\/#primaryimage","url":"https:\/\/alfamedia.com\/wp-content\/uploads\/2019\/10\/photo-1530368671910-767566125dd2.jpg","contentUrl":"https:\/\/alfamedia.com\/wp-content\/uploads\/2019\/10\/photo-1530368671910-767566125dd2.jpg","width":1349,"height":901},{"@type":"BreadcrumbList","@id":"https:\/\/alfamedia.com\/fr\/impressum\/#breadcrumb","itemListElement":[{"@type":"ListItem","position":1,"name":"Start","item":"https:\/\/alfamedia.com\/fr\/"},{"@type":"ListItem","position":2,"name":"Impressum"}]},{"@type":"WebSite","@id":"https:\/\/alfamedia.com\/fr\/#website","url":"https:\/\/alfamedia.com\/fr\/","name":"alfa Media Partner GmbH","description":"Software-L\u00f6sungen f\u00fcr Medienh\u00e4user und Verlage","potentialAction":[{"@type":"SearchAction","target":{"@type":"EntryPoint","urlTemplate":"https:\/\/alfamedia.com\/fr\/?s={search_term_string}"},"query-input":{"@type":"PropertyValueSpecification","valueRequired":true,"valueName":"search_term_string"}}],"inLanguage":"fr-FR"}]}},"_links":{"self":[{"href":"https:\/\/alfamedia.com\/fr\/wp-json\/wp\/v2\/pages\/2505","targetHints":{"allow":["GET"]}}],"collection":[{"href":"https:\/\/alfamedia.com\/fr\/wp-json\/wp\/v2\/pages"}],"about":[{"href":"https:\/\/alfamedia.com\/fr\/wp-json\/wp\/v2\/types\/page"}],"author":[{"embeddable":true,"href":"https:\/\/alfamedia.com\/fr\/wp-json\/wp\/v2\/users\/2"}],"replies":[{"embeddable":true,"href":"https:\/\/alfamedia.com\/fr\/wp-json\/wp\/v2\/comments?post=2505"}],"version-history":[{"count":0,"href":"https:\/\/alfamedia.com\/fr\/wp-json\/wp\/v2\/pages\/2505\/revisions"}],"wp:featuredmedia":[{"embeddable":true,"href":"https:\/\/alfamedia.com\/fr\/wp-json\/wp\/v2\/media\/2218"}],"wp:attachment":[{"href":"https:\/\/alfamedia.com\/fr\/wp-json\/wp\/v2\/media?parent=2505"}],"curies":[{"name":"wp","href":"https:\/\/api.w.org\/{rel}","templated":true}]}}