{"id":2500,"date":"2020-01-28T14:26:36","date_gmt":"2020-01-28T13:26:36","guid":{"rendered":"https:\/\/alfamedia.com\/?page_id=2500"},"modified":"2024-02-13T16:16:24","modified_gmt":"2024-02-13T15:16:24","slug":"portail-service","status":"publish","type":"page","link":"https:\/\/alfamedia.com\/fr\/portail-service\/","title":{"rendered":"Portail Service"},"content":{"rendered":"<div class=\"article_story\">En tant que client, vous pouvez acc\u00e9der dans cette page directement au <a href=\"https:\/\/helpdesk.alfa.de\/hc\/fr\" target=\"_blank\" rel=\"noopener\">support en ligne<\/a>.<\/div>\n<div class=\"article_story\"><\/div>\n","protected":false},"excerpt":{"rendered":"<p>En tant que client, vous pouvez acc\u00e9der dans cette page directement au support en ligne.<\/p>\n","protected":false},"author":2,"featured_media":2320,"parent":0,"menu_order":202,"comment_status":"closed","ping_status":"closed","template":"","meta":{"_acf_changed":false,"inline_featured_image":false,"footnotes":""},"class_list":["post-2500","page","type-page","status-publish","has-post-thumbnail","hentry"],"acf":[],"yoast_head":"<title>Portail Service &#8226; alfa Media Partner GmbH<\/title>\n<meta name=\"robots\" content=\"index, follow, max-snippet:-1, max-image-preview:large, max-video-preview:-1\" \/>\n<link rel=\"canonical\" href=\"https:\/\/alfamedia.com\/fr\/portail-service\/\" \/>\n<meta property=\"og:locale\" content=\"fr_FR\" \/>\n<meta property=\"og:type\" content=\"article\" \/>\n<meta property=\"og:title\" content=\"Portail Service &#8226; alfa Media Partner GmbH\" \/>\n<meta property=\"og:description\" content=\"En tant que client, vous pouvez acc\u00e9der dans cette page directement au support en ligne.\" \/>\n<meta property=\"og:url\" content=\"https:\/\/alfamedia.com\/fr\/portail-service\/\" \/>\n<meta property=\"og:site_name\" content=\"alfa Media Partner GmbH\" \/>\n<meta property=\"article:modified_time\" content=\"2024-02-13T15:16:24+00:00\" \/>\n<meta property=\"og:image\" content=\"https:\/\/alfamedia.com\/wp-content\/uploads\/2019\/11\/josh-withers-JRZVunRqiIc-unsplash-pale-1024x767.jpg\" \/>\n\t<meta property=\"og:image:width\" content=\"1024\" \/>\n\t<meta property=\"og:image:height\" content=\"767\" \/>\n\t<meta property=\"og:image:type\" content=\"image\/jpeg\" \/>\n<meta name=\"twitter:card\" content=\"summary_large_image\" \/>\n<meta name=\"twitter:label1\" content=\"Dur\u00e9e de lecture estim\u00e9e\" \/>\n\t<meta name=\"twitter:data1\" content=\"1 minute\" \/>","yoast_head_json":{"title":"Portail Service &#8226; alfa Media Partner GmbH","robots":{"index":"index","follow":"follow","max-snippet":"max-snippet:-1","max-image-preview":"max-image-preview:large","max-video-preview":"max-video-preview:-1"},"canonical":"https:\/\/alfamedia.com\/fr\/portail-service\/","og_locale":"fr_FR","og_type":"article","og_title":"Portail Service &#8226; alfa Media Partner GmbH","og_description":"En tant que client, vous pouvez acc\u00e9der dans cette page directement au support en ligne.","og_url":"https:\/\/alfamedia.com\/fr\/portail-service\/","og_site_name":"alfa Media Partner GmbH","article_modified_time":"2024-02-13T15:16:24+00:00","og_image":[{"width":1024,"height":767,"url":"https:\/\/alfamedia.com\/wp-content\/uploads\/2019\/11\/josh-withers-JRZVunRqiIc-unsplash-pale-1024x767.jpg","type":"image\/jpeg"}],"twitter_card":"summary_large_image","twitter_misc":{"Dur\u00e9e de lecture estim\u00e9e":"1 minute"},"schema":{"@context":"https:\/\/schema.org","@graph":[{"@type":"WebPage","@id":"https:\/\/alfamedia.com\/fr\/portail-service\/","url":"https:\/\/alfamedia.com\/fr\/portail-service\/","name":"Portail Service &#8226; alfa Media Partner GmbH","isPartOf":{"@id":"https:\/\/alfamedia.com\/fr\/#website"},"primaryImageOfPage":{"@id":"https:\/\/alfamedia.com\/fr\/portail-service\/#primaryimage"},"image":{"@id":"https:\/\/alfamedia.com\/fr\/portail-service\/#primaryimage"},"thumbnailUrl":"https:\/\/alfamedia.com\/wp-content\/uploads\/2019\/11\/josh-withers-JRZVunRqiIc-unsplash-pale.jpg","datePublished":"2020-01-28T13:26:36+00:00","dateModified":"2024-02-13T15:16:24+00:00","breadcrumb":{"@id":"https:\/\/alfamedia.com\/fr\/portail-service\/#breadcrumb"},"inLanguage":"fr-FR","potentialAction":[{"@type":"ReadAction","target":["https:\/\/alfamedia.com\/fr\/portail-service\/"]}]},{"@type":"ImageObject","inLanguage":"fr-FR","@id":"https:\/\/alfamedia.com\/fr\/portail-service\/#primaryimage","url":"https:\/\/alfamedia.com\/wp-content\/uploads\/2019\/11\/josh-withers-JRZVunRqiIc-unsplash-pale.jpg","contentUrl":"https:\/\/alfamedia.com\/wp-content\/uploads\/2019\/11\/josh-withers-JRZVunRqiIc-unsplash-pale.jpg","width":3992,"height":2992},{"@type":"BreadcrumbList","@id":"https:\/\/alfamedia.com\/fr\/portail-service\/#breadcrumb","itemListElement":[{"@type":"ListItem","position":1,"name":"Start","item":"https:\/\/alfamedia.com\/fr\/"},{"@type":"ListItem","position":2,"name":"Portail Service"}]},{"@type":"WebSite","@id":"https:\/\/alfamedia.com\/fr\/#website","url":"https:\/\/alfamedia.com\/fr\/","name":"alfa Media Partner GmbH","description":"Software-L\u00f6sungen f\u00fcr Medienh\u00e4user und Verlage","potentialAction":[{"@type":"SearchAction","target":{"@type":"EntryPoint","urlTemplate":"https:\/\/alfamedia.com\/fr\/?s={search_term_string}"},"query-input":{"@type":"PropertyValueSpecification","valueRequired":true,"valueName":"search_term_string"}}],"inLanguage":"fr-FR"}]}},"_links":{"self":[{"href":"https:\/\/alfamedia.com\/fr\/wp-json\/wp\/v2\/pages\/2500","targetHints":{"allow":["GET"]}}],"collection":[{"href":"https:\/\/alfamedia.com\/fr\/wp-json\/wp\/v2\/pages"}],"about":[{"href":"https:\/\/alfamedia.com\/fr\/wp-json\/wp\/v2\/types\/page"}],"author":[{"embeddable":true,"href":"https:\/\/alfamedia.com\/fr\/wp-json\/wp\/v2\/users\/2"}],"replies":[{"embeddable":true,"href":"https:\/\/alfamedia.com\/fr\/wp-json\/wp\/v2\/comments?post=2500"}],"version-history":[{"count":0,"href":"https:\/\/alfamedia.com\/fr\/wp-json\/wp\/v2\/pages\/2500\/revisions"}],"wp:featuredmedia":[{"embeddable":true,"href":"https:\/\/alfamedia.com\/fr\/wp-json\/wp\/v2\/media\/2320"}],"wp:attachment":[{"href":"https:\/\/alfamedia.com\/fr\/wp-json\/wp\/v2\/media?parent=2500"}],"curies":[{"name":"wp","href":"https:\/\/api.w.org\/{rel}","templated":true}]}}