{"id":2493,"date":"2020-01-28T13:54:53","date_gmt":"2020-01-28T12:54:53","guid":{"rendered":"https:\/\/alfamedia.com\/?page_id=2493"},"modified":"2020-01-28T13:54:53","modified_gmt":"2020-01-28T12:54:53","slug":"acces","status":"publish","type":"page","link":"https:\/\/alfamedia.com\/fr\/contact\/acces\/","title":{"rendered":"Acc\u00e8s"},"content":{"rendered":"<p>Acc\u00e8s \u00e0 alfa Media Partner GmbH<br \/>\nCarl-Zeiss-Str. 27<br \/>\n63322 R\u00f6dermark<br \/>\nAllemagne<\/p>\n<div class=\"brlbs-cmpnt-container brlbs-cmpnt-content-blocker brlbs-cmpnt-with-individual-styles\" data-borlabs-cookie-content-blocker-id=\"google-maps\" data-borlabs-cookie-content=\"PGlmcmFtZSBzdHlsZT0iYm9yZGVyOiAwOyIgc3JjPSJodHRwczovL3d3dy5nb29nbGUuY29tL21hcHMvZW1iZWQ\/cGI9ITFtMTghMW0xMiExbTMhMWQyNTY2LjQyODI1MTE3OTA1NiEyZDguODE3MTM4ODE1NzEzODcxITNkNDkuOTY1ODI2ODc5NDExMzghMm0zITFmMCEyZjAhM2YwITNtMiExaTEwMjQhMmk3NjghNGYxMy4xITNtMyExbTIhMXMweDQ3YmQ2YzY0YmQzMjkxY2YlM0EweDdiYjM1ZjYxMmNjZWZmM2IhMnNDYXJsLVplaXNzLVN0cmElQzMlOUZlJTIwMjclMkMlMjA2MzMyMiUyMFIlQzMlQjZkZXJtYXJrITVlMCEzbTIhMXNkZSEyc2RlITR2MTU3MjQzNzA5NzkzNSE1bTIhMXNkZSEyc2RlIiB3aWR0aD0iMTAwJSIgaGVpZ2h0PSI0NTAiIGZyYW1lYm9yZGVyPSIwIiBhbGxvd2Z1bGxzY3JlZW49ImFsbG93ZnVsbHNjcmVlbiIgZGF0YS1tY2UtZnJhZ21lbnQ9IjEiPjxzcGFuIHN0eWxlPSJkaXNwbGF5OiBpbmxpbmUtYmxvY2s7IHdpZHRoOiAwcHg7IG92ZXJmbG93OiBoaWRkZW47IGxpbmUtaGVpZ2h0OiAwOyIgZGF0YS1tY2UtdHlwZT0iYm9va21hcmsiIGNsYXNzPSJtY2VfU0VMUkVTX3N0YXJ0Ij7vu788L3NwYW4+PHNwYW4gc3R5bGU9ImRpc3BsYXk6IGlubGluZS1ibG9jazsgd2lkdGg6IDBweDsgb3ZlcmZsb3c6IGhpZGRlbjsgbGluZS1oZWlnaHQ6IDA7IiBkYXRhLW1jZS10eXBlPSJib29rbWFyayIgY2xhc3M9Im1jZV9TRUxSRVNfc3RhcnQiPu+7vzwvc3Bhbj48L2lmcmFtZT4=\">\n<div class=\"brlbs-cmpnt-cb-preset-b brlbs-cmpnt-cb-google-maps\">\n<div class=\"brlbs-cmpnt-cb-thumbnail\" style=\"background-image: url('https:\/\/alfamedia.com\/wp-content\/uploads\/borlabs-cookie\/1\/brlbs-cb-google-maps-main.png')\"><\/div>\n<div class=\"brlbs-cmpnt-cb-main\">\n<div class=\"brlbs-cmpnt-cb-content\">\n<p class=\"brlbs-cmpnt-cb-description\">Vous \u00eates actuellement en train de consulter le contenu d&rsquo;un espace r\u00e9serv\u00e9 de <strong>Google Maps<\/strong>. Pour acc\u00e9der au contenu r\u00e9el, cliquez sur le bouton ci-dessous. Veuillez noter que ce faisant, des donn\u00e9es seront partag\u00e9es avec des providers tiers.<\/p>\n<p> <a class=\"brlbs-cmpnt-cb-provider-toggle\" href=\"#\" data-borlabs-cookie-show-provider-information role=\"button\">Plus d&rsquo;informations<\/a> <\/div>\n<div class=\"brlbs-cmpnt-cb-buttons\"> <a class=\"brlbs-cmpnt-cb-btn\" href=\"#\" data-borlabs-cookie-unblock role=\"button\">D\u00e9bloquer le contenu<\/a> <a class=\"brlbs-cmpnt-cb-btn\" href=\"#\" data-borlabs-cookie-accept-service role=\"button\" style=\"display: inherit\">Accepter le service requis et d\u00e9bloquer les contenus<\/a> <\/div>\n<\/p><\/div>\n<\/p><\/div>\n<\/div>\n","protected":false},"excerpt":{"rendered":"<p>Acc\u00e8s \u00e0 alfa Media Partner GmbH Carl-Zeiss-Str. 27 63322 R\u00f6dermark Allemagne Vous \u00eates actuellement en train de consulter le contenu d&rsquo;un espace r\u00e9serv\u00e9 de Google Maps. Pour acc\u00e9der au contenu r\u00e9el, cliquez sur le bouton ci-dessous. Veuillez noter que ce faisant, des donn\u00e9es seront partag\u00e9es avec des providers tiers. Plus d&rsquo;informations D\u00e9bloquer le contenu Accepter [&hellip;]<\/p>\n","protected":false},"author":2,"featured_media":2241,"parent":2476,"menu_order":52,"comment_status":"closed","ping_status":"closed","template":"","meta":{"_acf_changed":false,"inline_featured_image":false,"footnotes":""},"class_list":["post-2493","page","type-page","status-publish","has-post-thumbnail","hentry"],"acf":[],"yoast_head":"<title>Acc\u00e8s &#8226; alfa Media Partner GmbH<\/title>\n<meta name=\"robots\" content=\"index, follow, max-snippet:-1, max-image-preview:large, max-video-preview:-1\" \/>\n<link rel=\"canonical\" href=\"https:\/\/alfamedia.com\/fr\/contact\/acces\/\" \/>\n<meta property=\"og:locale\" content=\"fr_FR\" \/>\n<meta property=\"og:type\" content=\"article\" \/>\n<meta property=\"og:title\" content=\"Acc\u00e8s &#8226; alfa Media Partner GmbH\" \/>\n<meta property=\"og:description\" content=\"Acc\u00e8s \u00e0 alfa Media Partner GmbH Carl-Zeiss-Str. 27 63322 R\u00f6dermark Allemagne Vous \u00eates actuellement en train de consulter le contenu d&#039;un espace r\u00e9serv\u00e9 de Google Maps. Pour acc\u00e9der au contenu r\u00e9el, cliquez sur le bouton ci-dessous. Veuillez noter que ce faisant, des donn\u00e9es seront partag\u00e9es avec des providers tiers. Plus d&#039;informations D\u00e9bloquer le contenu Accepter [&hellip;]\" \/>\n<meta property=\"og:url\" content=\"https:\/\/alfamedia.com\/fr\/contact\/acces\/\" \/>\n<meta property=\"og:site_name\" content=\"alfa Media Partner GmbH\" \/>\n<meta property=\"og:image\" content=\"https:\/\/alfamedia.com\/wp-content\/uploads\/2019\/10\/mehdi-sepehri-cX0Yxw38cx8-unsplash.jpg\" \/>\n\t<meta property=\"og:image:width\" content=\"4278\" \/>\n\t<meta property=\"og:image:height\" content=\"2634\" \/>\n\t<meta property=\"og:image:type\" content=\"image\/jpeg\" \/>\n<meta name=\"twitter:card\" content=\"summary_large_image\" \/>","yoast_head_json":{"title":"Acc\u00e8s &#8226; alfa Media Partner GmbH","robots":{"index":"index","follow":"follow","max-snippet":"max-snippet:-1","max-image-preview":"max-image-preview:large","max-video-preview":"max-video-preview:-1"},"canonical":"https:\/\/alfamedia.com\/fr\/contact\/acces\/","og_locale":"fr_FR","og_type":"article","og_title":"Acc\u00e8s &#8226; alfa Media Partner GmbH","og_description":"Acc\u00e8s \u00e0 alfa Media Partner GmbH Carl-Zeiss-Str. 27 63322 R\u00f6dermark Allemagne Vous \u00eates actuellement en train de consulter le contenu d'un espace r\u00e9serv\u00e9 de Google Maps. Pour acc\u00e9der au contenu r\u00e9el, cliquez sur le bouton ci-dessous. Veuillez noter que ce faisant, des donn\u00e9es seront partag\u00e9es avec des providers tiers. Plus d'informations D\u00e9bloquer le contenu Accepter [&hellip;]","og_url":"https:\/\/alfamedia.com\/fr\/contact\/acces\/","og_site_name":"alfa Media Partner GmbH","og_image":[{"width":4278,"height":2634,"url":"https:\/\/alfamedia.com\/wp-content\/uploads\/2019\/10\/mehdi-sepehri-cX0Yxw38cx8-unsplash.jpg","type":"image\/jpeg"}],"twitter_card":"summary_large_image","schema":{"@context":"https:\/\/schema.org","@graph":[{"@type":"WebPage","@id":"https:\/\/alfamedia.com\/fr\/contact\/acces\/","url":"https:\/\/alfamedia.com\/fr\/contact\/acces\/","name":"Acc\u00e8s &#8226; alfa Media Partner GmbH","isPartOf":{"@id":"https:\/\/alfamedia.com\/fr\/#website"},"primaryImageOfPage":{"@id":"https:\/\/alfamedia.com\/fr\/contact\/acces\/#primaryimage"},"image":{"@id":"https:\/\/alfamedia.com\/fr\/contact\/acces\/#primaryimage"},"thumbnailUrl":"https:\/\/alfamedia.com\/wp-content\/uploads\/2019\/10\/mehdi-sepehri-cX0Yxw38cx8-unsplash.jpg","datePublished":"2020-01-28T12:54:53+00:00","breadcrumb":{"@id":"https:\/\/alfamedia.com\/fr\/contact\/acces\/#breadcrumb"},"inLanguage":"fr-FR","potentialAction":[{"@type":"ReadAction","target":["https:\/\/alfamedia.com\/fr\/contact\/acces\/"]}]},{"@type":"ImageObject","inLanguage":"fr-FR","@id":"https:\/\/alfamedia.com\/fr\/contact\/acces\/#primaryimage","url":"https:\/\/alfamedia.com\/wp-content\/uploads\/2019\/10\/mehdi-sepehri-cX0Yxw38cx8-unsplash.jpg","contentUrl":"https:\/\/alfamedia.com\/wp-content\/uploads\/2019\/10\/mehdi-sepehri-cX0Yxw38cx8-unsplash.jpg","width":4278,"height":2634},{"@type":"BreadcrumbList","@id":"https:\/\/alfamedia.com\/fr\/contact\/acces\/#breadcrumb","itemListElement":[{"@type":"ListItem","position":1,"name":"Start","item":"https:\/\/alfamedia.com\/fr\/"},{"@type":"ListItem","position":2,"name":"Contact","item":"https:\/\/alfamedia.com\/fr\/contact\/"},{"@type":"ListItem","position":3,"name":"Acc\u00e8s"}]},{"@type":"WebSite","@id":"https:\/\/alfamedia.com\/fr\/#website","url":"https:\/\/alfamedia.com\/fr\/","name":"alfa Media Partner GmbH","description":"Software-L\u00f6sungen f\u00fcr Medienh\u00e4user und Verlage","potentialAction":[{"@type":"SearchAction","target":{"@type":"EntryPoint","urlTemplate":"https:\/\/alfamedia.com\/fr\/?s={search_term_string}"},"query-input":{"@type":"PropertyValueSpecification","valueRequired":true,"valueName":"search_term_string"}}],"inLanguage":"fr-FR"}]}},"_links":{"self":[{"href":"https:\/\/alfamedia.com\/fr\/wp-json\/wp\/v2\/pages\/2493","targetHints":{"allow":["GET"]}}],"collection":[{"href":"https:\/\/alfamedia.com\/fr\/wp-json\/wp\/v2\/pages"}],"about":[{"href":"https:\/\/alfamedia.com\/fr\/wp-json\/wp\/v2\/types\/page"}],"author":[{"embeddable":true,"href":"https:\/\/alfamedia.com\/fr\/wp-json\/wp\/v2\/users\/2"}],"replies":[{"embeddable":true,"href":"https:\/\/alfamedia.com\/fr\/wp-json\/wp\/v2\/comments?post=2493"}],"version-history":[{"count":0,"href":"https:\/\/alfamedia.com\/fr\/wp-json\/wp\/v2\/pages\/2493\/revisions"}],"up":[{"embeddable":true,"href":"https:\/\/alfamedia.com\/fr\/wp-json\/wp\/v2\/pages\/2476"}],"wp:featuredmedia":[{"embeddable":true,"href":"https:\/\/alfamedia.com\/fr\/wp-json\/wp\/v2\/media\/2241"}],"wp:attachment":[{"href":"https:\/\/alfamedia.com\/fr\/wp-json\/wp\/v2\/media?parent=2493"}],"curies":[{"name":"wp","href":"https:\/\/api.w.org\/{rel}","templated":true}]}}