{"id":2488,"date":"2020-01-28T13:17:48","date_gmt":"2020-01-28T12:17:48","guid":{"rendered":"https:\/\/alfamedia.com\/?page_id=2488"},"modified":"2025-09-24T11:01:07","modified_gmt":"2025-09-24T09:01:07","slug":"newsletter","status":"publish","type":"page","link":"https:\/\/alfamedia.com\/fr\/contact\/newsletter\/","title":{"rendered":"Newsletter"},"content":{"rendered":"<h3>Abonnez-vous \u00e0 notre Newsletter!<\/h3>\n<p><strong>D\u00e9claration de consentement \u00e0 l&rsquo;utilisation de vos donn\u00e9es personnelles pour le syst\u00e8me CRM d&rsquo;alfa Media Partner GmbH<\/strong><\/p>\n<p>Mesdames et Messieurs,<\/p>\n<p>Nous aimerions vous tenir au courant de nos actualit\u00e9s, services et\/ou \u00e9v\u00e9nements vous concernant dans le monde d&rsquo;alfa Media. Pour le bon d\u00e9roulement de ce processus, nous vous prions de bien vouloir nous faire parvenir vos donn\u00e9es \u00e0 l&rsquo;aide du formulaire ci-dessous.<\/p>\n<p>En remplissant et en envoyant le formulaire ci-dessous, vous consentez \u00e0 ce que nous vous envoyions une newsletter ou une invitation et vous serez ajout\u00e9 \u00e0 notre liste d&rsquo;envoi. Nous utilisons votre nom et votre adresse e-mail pour ces envois.<\/p>\n<p>Votre consentement est volontaire. Vous n&rsquo;\u00eates pas oblig\u00e9 de donner votre consentement. Si vous ne le faites pas, cela n&rsquo;aura pas de cons\u00e9quences n\u00e9fastes, mais nous ne serons pas en mesure de vous envoyer notre newsletter ou des invitations \u00e0 des \u00e9v\u00e9nements pertinents par exemple.<\/p>\n<p>Si vous nous donnez votre consentement, vous pouvez le r\u00e9voquer \u00e0 tout moment en cliquant sur le lien de d\u00e9sabonnement qui se trouve dans chaque envoi. Vous pouvez \u00e9galement soumettre votre annulation par \u00e9crit ou par t\u00e9l\u00e9phone. Veuillez utiliser les coordonn\u00e9es suivantes :<\/p>\n<p>alfa Media Partner GmbH<br \/>\nCarl-Zeiss-Stra\u00dfe 27<br \/>\nDE-63322 R\u00f6dermark<\/p>\n<p>T\u00e9l\u00e9phone : +49 6074 3104-0<br \/>\nE-Mail : <a href=\"javascript:secureDecryptAndNavigate('hXsyTSvaah5YWO7xcOhSvDxpVbYRnMTMz3FKsmBI73WF9mG++BBEcSi4je+Ub6YkG15MfdW5TP2YS3p0Mu2K9iBj9WRsg3G+bZ7i4MeGjySZPw==', '311a738dc694dabb87d5a6f1bf237e266f6c326dd99509e53bef3d9bcb909c94')\">&#100;&#97;&#116;&#97;&#45;s&#101;&#99;u&#114;&#105;t&#121;&#64;&#97;l&#102;&#97;&#109;ed&#105;a.&#99;&#111;&#109;<\/a><\/p>\n<p>La l\u00e9galit\u00e9 du traitement des donn\u00e9es effectu\u00e9 ant\u00e9rieurement \u00e0 la r\u00e9vocation n&rsquo;est pas affect\u00e9e par celle-ci.<\/p>\n<p>La protection des donn\u00e9es et la transparence du traitement \u00e9tant importantes pour nous, nous vous renvoyons \u00e0 notre d\u00e9claration sur la protection des donn\u00e9es. Vous le trouverez dans la rubrique Entreprise\/D\u00e9claration de protection des donn\u00e9es.<\/p>\n<p><script charset=\"utf-8\" type=\"text\/javascript\" src=\"\/\/js-eu1.hsforms.net\/forms\/embed\/v2.js\"><\/script><br \/>\n<script>\n  hbspt.forms.create({\n    portalId: \"8131048\",\n    formId: \"637849ee-c7dc-45e6-9fdc-3dfe46949faa\",\n    region: \"eu1\"\n  });\n<\/script><\/p>\n","protected":false},"excerpt":{"rendered":"<p>Abonnez-vous \u00e0 notre Newsletter! D\u00e9claration de consentement \u00e0 l&rsquo;utilisation de vos donn\u00e9es personnelles pour le syst\u00e8me CRM d&rsquo;alfa Media Partner GmbH Mesdames et Messieurs, Nous aimerions vous tenir au courant de nos actualit\u00e9s, services et\/ou \u00e9v\u00e9nements vous concernant dans le monde d&rsquo;alfa Media. Pour le bon d\u00e9roulement de ce processus, nous vous prions de bien [&hellip;]<\/p>\n","protected":false},"author":2,"featured_media":2322,"parent":2476,"menu_order":26,"comment_status":"closed","ping_status":"closed","template":"","meta":{"_acf_changed":false,"inline_featured_image":false,"footnotes":""},"class_list":["post-2488","page","type-page","status-publish","has-post-thumbnail","hentry"],"acf":[],"yoast_head":"<title>Newsletter &#8226; alfa Media Partner GmbH<\/title>\n<meta name=\"robots\" content=\"index, follow, max-snippet:-1, max-image-preview:large, max-video-preview:-1\" \/>\n<link rel=\"canonical\" href=\"https:\/\/alfamedia.com\/fr\/contact\/newsletter\/\" \/>\n<meta property=\"og:locale\" content=\"fr_FR\" \/>\n<meta property=\"og:type\" content=\"article\" \/>\n<meta property=\"og:title\" content=\"Newsletter &#8226; alfa Media Partner GmbH\" \/>\n<meta property=\"og:description\" content=\"Abonnez-vous \u00e0 notre Newsletter! D\u00e9claration de consentement \u00e0 l&rsquo;utilisation de vos donn\u00e9es personnelles pour le syst\u00e8me CRM d&rsquo;alfa Media Partner GmbH Mesdames et Messieurs, Nous aimerions vous tenir au courant de nos actualit\u00e9s, services et\/ou \u00e9v\u00e9nements vous concernant dans le monde d&rsquo;alfa Media. Pour le bon d\u00e9roulement de ce processus, nous vous prions de bien [&hellip;]\" \/>\n<meta property=\"og:url\" content=\"https:\/\/alfamedia.com\/fr\/contact\/newsletter\/\" \/>\n<meta property=\"og:site_name\" content=\"alfa Media Partner GmbH\" \/>\n<meta property=\"article:modified_time\" content=\"2025-09-24T09:01:07+00:00\" \/>\n<meta property=\"og:image\" content=\"https:\/\/alfamedia.com\/wp-content\/uploads\/2019\/11\/pavan-trikutam-71CjSSB83Wo-unsplash-1024x683.jpg\" \/>\n\t<meta property=\"og:image:width\" content=\"1024\" \/>\n\t<meta property=\"og:image:height\" content=\"683\" \/>\n\t<meta property=\"og:image:type\" content=\"image\/jpeg\" \/>\n<meta name=\"twitter:card\" content=\"summary_large_image\" \/>\n<meta name=\"twitter:label1\" content=\"Dur\u00e9e de lecture estim\u00e9e\" \/>\n\t<meta name=\"twitter:data1\" content=\"2 minutes\" \/>","yoast_head_json":{"title":"Newsletter &#8226; alfa Media Partner GmbH","robots":{"index":"index","follow":"follow","max-snippet":"max-snippet:-1","max-image-preview":"max-image-preview:large","max-video-preview":"max-video-preview:-1"},"canonical":"https:\/\/alfamedia.com\/fr\/contact\/newsletter\/","og_locale":"fr_FR","og_type":"article","og_title":"Newsletter &#8226; alfa Media Partner GmbH","og_description":"Abonnez-vous \u00e0 notre Newsletter! D\u00e9claration de consentement \u00e0 l&rsquo;utilisation de vos donn\u00e9es personnelles pour le syst\u00e8me CRM d&rsquo;alfa Media Partner GmbH Mesdames et Messieurs, Nous aimerions vous tenir au courant de nos actualit\u00e9s, services et\/ou \u00e9v\u00e9nements vous concernant dans le monde d&rsquo;alfa Media. Pour le bon d\u00e9roulement de ce processus, nous vous prions de bien [&hellip;]","og_url":"https:\/\/alfamedia.com\/fr\/contact\/newsletter\/","og_site_name":"alfa Media Partner GmbH","article_modified_time":"2025-09-24T09:01:07+00:00","og_image":[{"width":1024,"height":683,"url":"https:\/\/alfamedia.com\/wp-content\/uploads\/2019\/11\/pavan-trikutam-71CjSSB83Wo-unsplash-1024x683.jpg","type":"image\/jpeg"}],"twitter_card":"summary_large_image","twitter_misc":{"Dur\u00e9e de lecture estim\u00e9e":"2 minutes"},"schema":{"@context":"https:\/\/schema.org","@graph":[{"@type":"WebPage","@id":"https:\/\/alfamedia.com\/fr\/contact\/newsletter\/","url":"https:\/\/alfamedia.com\/fr\/contact\/newsletter\/","name":"Newsletter &#8226; alfa Media Partner GmbH","isPartOf":{"@id":"https:\/\/alfamedia.com\/fr\/#website"},"primaryImageOfPage":{"@id":"https:\/\/alfamedia.com\/fr\/contact\/newsletter\/#primaryimage"},"image":{"@id":"https:\/\/alfamedia.com\/fr\/contact\/newsletter\/#primaryimage"},"thumbnailUrl":"https:\/\/alfamedia.com\/wp-content\/uploads\/2019\/11\/pavan-trikutam-71CjSSB83Wo-unsplash.jpg","datePublished":"2020-01-28T12:17:48+00:00","dateModified":"2025-09-24T09:01:07+00:00","breadcrumb":{"@id":"https:\/\/alfamedia.com\/fr\/contact\/newsletter\/#breadcrumb"},"inLanguage":"fr-FR","potentialAction":[{"@type":"ReadAction","target":["https:\/\/alfamedia.com\/fr\/contact\/newsletter\/"]}]},{"@type":"ImageObject","inLanguage":"fr-FR","@id":"https:\/\/alfamedia.com\/fr\/contact\/newsletter\/#primaryimage","url":"https:\/\/alfamedia.com\/wp-content\/uploads\/2019\/11\/pavan-trikutam-71CjSSB83Wo-unsplash.jpg","contentUrl":"https:\/\/alfamedia.com\/wp-content\/uploads\/2019\/11\/pavan-trikutam-71CjSSB83Wo-unsplash.jpg","width":4401,"height":2934},{"@type":"BreadcrumbList","@id":"https:\/\/alfamedia.com\/fr\/contact\/newsletter\/#breadcrumb","itemListElement":[{"@type":"ListItem","position":1,"name":"Start","item":"https:\/\/alfamedia.com\/fr\/"},{"@type":"ListItem","position":2,"name":"Contact","item":"https:\/\/alfamedia.com\/fr\/contact\/"},{"@type":"ListItem","position":3,"name":"Newsletter"}]},{"@type":"WebSite","@id":"https:\/\/alfamedia.com\/fr\/#website","url":"https:\/\/alfamedia.com\/fr\/","name":"alfa Media Partner GmbH","description":"Software-L\u00f6sungen f\u00fcr Medienh\u00e4user und Verlage","potentialAction":[{"@type":"SearchAction","target":{"@type":"EntryPoint","urlTemplate":"https:\/\/alfamedia.com\/fr\/?s={search_term_string}"},"query-input":{"@type":"PropertyValueSpecification","valueRequired":true,"valueName":"search_term_string"}}],"inLanguage":"fr-FR"}]}},"_links":{"self":[{"href":"https:\/\/alfamedia.com\/fr\/wp-json\/wp\/v2\/pages\/2488","targetHints":{"allow":["GET"]}}],"collection":[{"href":"https:\/\/alfamedia.com\/fr\/wp-json\/wp\/v2\/pages"}],"about":[{"href":"https:\/\/alfamedia.com\/fr\/wp-json\/wp\/v2\/types\/page"}],"author":[{"embeddable":true,"href":"https:\/\/alfamedia.com\/fr\/wp-json\/wp\/v2\/users\/2"}],"replies":[{"embeddable":true,"href":"https:\/\/alfamedia.com\/fr\/wp-json\/wp\/v2\/comments?post=2488"}],"version-history":[{"count":0,"href":"https:\/\/alfamedia.com\/fr\/wp-json\/wp\/v2\/pages\/2488\/revisions"}],"up":[{"embeddable":true,"href":"https:\/\/alfamedia.com\/fr\/wp-json\/wp\/v2\/pages\/2476"}],"wp:featuredmedia":[{"embeddable":true,"href":"https:\/\/alfamedia.com\/fr\/wp-json\/wp\/v2\/media\/2322"}],"wp:attachment":[{"href":"https:\/\/alfamedia.com\/fr\/wp-json\/wp\/v2\/media?parent=2488"}],"curies":[{"name":"wp","href":"https:\/\/api.w.org\/{rel}","templated":true}]}}