{"id":2482,"date":"2020-01-28T12:19:46","date_gmt":"2020-01-28T11:19:46","guid":{"rendered":"https:\/\/alfamedia.com\/?page_id=2482"},"modified":"2020-01-29T14:47:12","modified_gmt":"2020-01-29T13:47:12","slug":"societe","status":"publish","type":"page","link":"https:\/\/alfamedia.com\/fr\/societe\/","title":{"rendered":"Soci\u00e9t\u00e9"},"content":{"rendered":"<p>Une centaine d&#8217;employ\u00e9s r\u00e9partis sur quatre sites dans toute l&rsquo;Allemagne s&rsquo;engagent avec comp\u00e9tence et passion pour alfa Media &#8211; et pour le succ\u00e8s de nos clients dans un monde des affaires toujours plus exigeant !<\/p>\n<p>alfa Media est un partenaire fournisseur de syst\u00e8me stable et fiable dont l&rsquo;objectif est de fournir activement aux entreprises de m\u00e9dias internationales des des solutions d&rsquo;applications orient\u00e9es pratiques. Le succ\u00e8s de l&rsquo;entreprise, fond\u00e9e en 1981 et bas\u00e9e pr\u00e8s de Francfort-sur-le-Main, repose sur le d\u00e9veloppement constant des applications existantes ainsi que sur la recherche continuelle de nouvelles id\u00e9es et d\u00e9fis. En bref : des solutions intelligentes et d&rsquo;avenir.<\/p>\n<p>Que ce soit \u00e0 R\u00f6dermark, \u00e0 Kiel, \u00e0 Munich ou \u00e0 Coblence, nos collaborateurs allient la passion de la technologie et la volont\u00e9 de r\u00e9pondre aux exigences les plus diverses afin de proposer \u00e0 nos clients des solutions simples, efficaces et adapt\u00e9es \u00e0 l&rsquo;esprit du temps. Notre concept alfa Media offre des solutions pour l&rsquo;industrie de la presse et des m\u00e9dias et une large gamme de produits couvrant tous les processus de publication pertinents dans quatre lignes de produits afin d&rsquo;augmenter l&rsquo;efficacit\u00e9 et de g\u00e9n\u00e9rer plus de ventes. Jugez-en par vous-m\u00eame !<\/p>\n","protected":false},"excerpt":{"rendered":"<p>Une centaine d&#8217;employ\u00e9s r\u00e9partis sur quatre sites dans toute l&rsquo;Allemagne s&rsquo;engagent avec comp\u00e9tence et passion pour alfa Media &#8211; et pour le succ\u00e8s de nos clients dans un monde des affaires toujours plus exigeant ! alfa Media est un partenaire fournisseur de syst\u00e8me stable et fiable dont l&rsquo;objectif est de fournir activement aux entreprises de [&hellip;]<\/p>\n","protected":false},"author":2,"featured_media":2290,"parent":0,"menu_order":172,"comment_status":"closed","ping_status":"closed","template":"","meta":{"_acf_changed":false,"inline_featured_image":false,"footnotes":""},"class_list":["post-2482","page","type-page","status-publish","has-post-thumbnail","hentry"],"acf":[],"yoast_head":"<title>Soci\u00e9t\u00e9 &#8226; alfa Media Partner GmbH<\/title>\n<meta name=\"robots\" content=\"index, follow, max-snippet:-1, max-image-preview:large, max-video-preview:-1\" \/>\n<link rel=\"canonical\" href=\"https:\/\/alfamedia.com\/fr\/societe\/\" \/>\n<meta property=\"og:locale\" content=\"fr_FR\" \/>\n<meta property=\"og:type\" content=\"article\" \/>\n<meta property=\"og:title\" content=\"Soci\u00e9t\u00e9 &#8226; alfa Media Partner GmbH\" \/>\n<meta property=\"og:description\" content=\"Une centaine d&#8217;employ\u00e9s r\u00e9partis sur quatre sites dans toute l&rsquo;Allemagne s&rsquo;engagent avec comp\u00e9tence et passion pour alfa Media &#8211; et pour le succ\u00e8s de nos clients dans un monde des affaires toujours plus exigeant ! alfa Media est un partenaire fournisseur de syst\u00e8me stable et fiable dont l&rsquo;objectif est de fournir activement aux entreprises de [&hellip;]\" \/>\n<meta property=\"og:url\" content=\"https:\/\/alfamedia.com\/fr\/societe\/\" \/>\n<meta property=\"og:site_name\" content=\"alfa Media Partner GmbH\" \/>\n<meta property=\"article:modified_time\" content=\"2020-01-29T13:47:12+00:00\" \/>\n<meta property=\"og:image\" content=\"https:\/\/alfamedia.com\/wp-content\/uploads\/2019\/11\/ian-schneider-TamMbr4okv4-unsplash-1024x684.jpg\" \/>\n\t<meta property=\"og:image:width\" content=\"1024\" \/>\n\t<meta property=\"og:image:height\" content=\"684\" \/>\n\t<meta property=\"og:image:type\" content=\"image\/jpeg\" \/>\n<meta name=\"twitter:card\" content=\"summary_large_image\" \/>\n<meta name=\"twitter:label1\" content=\"Dur\u00e9e de lecture estim\u00e9e\" \/>\n\t<meta name=\"twitter:data1\" content=\"1 minute\" \/>","yoast_head_json":{"title":"Soci\u00e9t\u00e9 &#8226; alfa Media Partner GmbH","robots":{"index":"index","follow":"follow","max-snippet":"max-snippet:-1","max-image-preview":"max-image-preview:large","max-video-preview":"max-video-preview:-1"},"canonical":"https:\/\/alfamedia.com\/fr\/societe\/","og_locale":"fr_FR","og_type":"article","og_title":"Soci\u00e9t\u00e9 &#8226; alfa Media Partner GmbH","og_description":"Une centaine d&#8217;employ\u00e9s r\u00e9partis sur quatre sites dans toute l&rsquo;Allemagne s&rsquo;engagent avec comp\u00e9tence et passion pour alfa Media &#8211; et pour le succ\u00e8s de nos clients dans un monde des affaires toujours plus exigeant ! alfa Media est un partenaire fournisseur de syst\u00e8me stable et fiable dont l&rsquo;objectif est de fournir activement aux entreprises de [&hellip;]","og_url":"https:\/\/alfamedia.com\/fr\/societe\/","og_site_name":"alfa Media Partner GmbH","article_modified_time":"2020-01-29T13:47:12+00:00","og_image":[{"width":1024,"height":684,"url":"https:\/\/alfamedia.com\/wp-content\/uploads\/2019\/11\/ian-schneider-TamMbr4okv4-unsplash-1024x684.jpg","type":"image\/jpeg"}],"twitter_card":"summary_large_image","twitter_misc":{"Dur\u00e9e de lecture estim\u00e9e":"1 minute"},"schema":{"@context":"https:\/\/schema.org","@graph":[{"@type":"WebPage","@id":"https:\/\/alfamedia.com\/fr\/societe\/","url":"https:\/\/alfamedia.com\/fr\/societe\/","name":"Soci\u00e9t\u00e9 &#8226; alfa Media Partner GmbH","isPartOf":{"@id":"https:\/\/alfamedia.com\/fr\/#website"},"primaryImageOfPage":{"@id":"https:\/\/alfamedia.com\/fr\/societe\/#primaryimage"},"image":{"@id":"https:\/\/alfamedia.com\/fr\/societe\/#primaryimage"},"thumbnailUrl":"https:\/\/alfamedia.com\/wp-content\/uploads\/2019\/11\/ian-schneider-TamMbr4okv4-unsplash.jpg","datePublished":"2020-01-28T11:19:46+00:00","dateModified":"2020-01-29T13:47:12+00:00","breadcrumb":{"@id":"https:\/\/alfamedia.com\/fr\/societe\/#breadcrumb"},"inLanguage":"fr-FR","potentialAction":[{"@type":"ReadAction","target":["https:\/\/alfamedia.com\/fr\/societe\/"]}]},{"@type":"ImageObject","inLanguage":"fr-FR","@id":"https:\/\/alfamedia.com\/fr\/societe\/#primaryimage","url":"https:\/\/alfamedia.com\/wp-content\/uploads\/2019\/11\/ian-schneider-TamMbr4okv4-unsplash.jpg","contentUrl":"https:\/\/alfamedia.com\/wp-content\/uploads\/2019\/11\/ian-schneider-TamMbr4okv4-unsplash.jpg","width":6016,"height":4016},{"@type":"BreadcrumbList","@id":"https:\/\/alfamedia.com\/fr\/societe\/#breadcrumb","itemListElement":[{"@type":"ListItem","position":1,"name":"Start","item":"https:\/\/alfamedia.com\/fr\/"},{"@type":"ListItem","position":2,"name":"Soci\u00e9t\u00e9"}]},{"@type":"WebSite","@id":"https:\/\/alfamedia.com\/fr\/#website","url":"https:\/\/alfamedia.com\/fr\/","name":"alfa Media Partner GmbH","description":"Software-L\u00f6sungen f\u00fcr Medienh\u00e4user und Verlage","potentialAction":[{"@type":"SearchAction","target":{"@type":"EntryPoint","urlTemplate":"https:\/\/alfamedia.com\/fr\/?s={search_term_string}"},"query-input":{"@type":"PropertyValueSpecification","valueRequired":true,"valueName":"search_term_string"}}],"inLanguage":"fr-FR"}]}},"_links":{"self":[{"href":"https:\/\/alfamedia.com\/fr\/wp-json\/wp\/v2\/pages\/2482","targetHints":{"allow":["GET"]}}],"collection":[{"href":"https:\/\/alfamedia.com\/fr\/wp-json\/wp\/v2\/pages"}],"about":[{"href":"https:\/\/alfamedia.com\/fr\/wp-json\/wp\/v2\/types\/page"}],"author":[{"embeddable":true,"href":"https:\/\/alfamedia.com\/fr\/wp-json\/wp\/v2\/users\/2"}],"replies":[{"embeddable":true,"href":"https:\/\/alfamedia.com\/fr\/wp-json\/wp\/v2\/comments?post=2482"}],"version-history":[{"count":0,"href":"https:\/\/alfamedia.com\/fr\/wp-json\/wp\/v2\/pages\/2482\/revisions"}],"wp:featuredmedia":[{"embeddable":true,"href":"https:\/\/alfamedia.com\/fr\/wp-json\/wp\/v2\/media\/2290"}],"wp:attachment":[{"href":"https:\/\/alfamedia.com\/fr\/wp-json\/wp\/v2\/media?parent=2482"}],"curies":[{"name":"wp","href":"https:\/\/api.w.org\/{rel}","templated":true}]}}