{"id":2476,"date":"2020-01-28T12:06:40","date_gmt":"2020-01-28T11:06:40","guid":{"rendered":"https:\/\/alfamedia.com\/?page_id=2476"},"modified":"2025-07-14T09:53:50","modified_gmt":"2025-07-14T07:53:50","slug":"contact","status":"publish","type":"page","link":"https:\/\/alfamedia.com\/fr\/contact\/","title":{"rendered":"Contact"},"content":{"rendered":"<h3>Vous avez des questions, des suggestions ou vous souhaitez plus d&rsquo;informations sur nos solutions ? Ou souhaitez-vous simplement savoir comment alfa Media peut vous aider \u00e0 \u00eatre plus efficace et \u00e0 r\u00e9ussir ?<\/h3>\n<h3>Nous sommes \u00e0 votre disposition sous les coordonn\u00e9es suivantes :<\/h3>\n<div class=\"col_half\">\n<h3>Si\u00e8ge social<\/h3>\n<p>alfa Media Partner GmbH<br \/>\nCarl-Zeiss-Str. 27<br \/>\n63322 R\u00f6dermark<br \/>\nAllemagne<br \/>\nT\u00e9l : +49 (0) 6074 &#8211; 3104-0<br \/>\nFax : +49 (0) 6074 &#8211; 3104-112<br \/>\nE-mail : <a href=\"javascript:secureDecryptAndNavigate('IeOczmRDu+Zb+xNraA7KEfqex6mVqVr9vcU8nnhks\/eHOaHd\/B2fcrYvcSHYtKFc9lfqvVDmFKXjV9oC4zhGn\/Sk8lma2w6DxQ==', '311a738dc694dabb87d5a6f1bf237e266f6c326dd99509e53bef3d9bcb909c94')\">i&#110;&#102;o&#64;&#97;&#108;&#102;&#97;&#109;e&#100;&#105;&#97;.c&#111;m<\/a><\/p>\n<h3>alfa Media Contact presse<\/h3>\n<p>Alis Simpson<br \/>\nT\u00e9l : +49 (0) 6074 &#8211; 3104-123<br \/>\nE-mail : <a href=\"javascript:secureDecryptAndNavigate('4T\/\/ZzQPrnu6SaNfXJnSI\/ugIPaYXbitmEMJA5vr\/ZFLkdje0PwWg9shgMRQTOESVVwqXLMHS0L0qoZr7wIbIASFrcVrwNQDhIMcxJZT', '311a738dc694dabb87d5a6f1bf237e266f6c326dd99509e53bef3d9bcb909c94')\">m&#97;&#114;ke&#116;i&#110;&#103;&#64;alfam&#101;d&#105;&#97;&#46;c&#111;&#109;<\/a><\/p>\n<h3>alfa Media Branche de Kiel<\/h3>\n<p>Edisonstra\u00dfe 20<br \/>\n24145 Kiel<br \/>\nAllemagne<br \/>\nT\u00e9l : +49 (0) 431 &#8211; 60 04 78 26<\/p>\n<h3>alfa Media Branche de Coblence<\/h3>\n<p>Rizzastra\u00dfe 41<br \/>\n56068 Coblence<br \/>\nAllemagne<br \/>\nT\u00e9l : +49 (0) 6074 &#8211; 3104-0<\/p>\n<\/div>\n<div class=\"col_half\">\n<h3>Contact International<\/h3>\n<p>T\u00e9l : +49 (0) 6074 &#8211; 3104-0<br \/>\nE-mail : <a href=\"javascript:secureDecryptAndNavigate('gMpgJCgRXYbB3X0FSHpug7d4phX\/hywtGsn5xfJSR\/CzJD5zqShMriX78SNcr8QoMXesS7BscuyKHSxfLFrGtLURX+PcOYe7Ef5\/o1AWX6uxP+QJ', '311a738dc694dabb87d5a6f1bf237e266f6c326dd99509e53bef3d9bcb909c94')\">ro&#110;&#110;y&#46;s&#99;h&#114;&#111;&#101;&#100;&#101;&#114;&#64;alf&#97;media.&#99;&#111;m<\/a><\/p>\n<h3>Nos entreprises partenaires dans le monde entier :<\/h3>\n<p>alfa Media Partner Limited<br \/>\nOakfield Industrial Estate<br \/>\nStanton Harcourt Road<br \/>\nEynsham<br \/>\nOXON<br \/>\nOX29 4TJ<br \/>\nRoyaume-Uni<br \/>\nT\u00e9l : +44 (0)1242 573344<br \/>\nFax : +44 (0)1242 519364<br \/>\nE-mail : <a href=\"javascript:secureDecryptAndNavigate('3HedS+Tv0YLY91B13EJjuB15weyaztL+IHbjw3wjsYNGBgA939l8yNdoFqO4\/gb\/cOcIlvtBmPlhh8qrve+q\/Z8YU6hXsNJ5NIcPzKSMKaFwTaM=', '311a738dc694dabb87d5a6f1bf237e266f6c326dd99509e53bef3d9bcb909c94')\">&#115;a&#108;&#101;s&#64;&#97;l&#102;a&#109;edi&#97;p&#97;&#114;&#116;&#110;&#101;r.&#99;o&#46;uk<\/a><\/p>\n<\/div>\n","protected":false},"excerpt":{"rendered":"<p>Vous avez des questions, des suggestions ou vous souhaitez plus d&rsquo;informations sur nos solutions ? Ou souhaitez-vous simplement savoir comment alfa Media peut vous aider \u00e0 \u00eatre plus efficace et \u00e0 r\u00e9ussir ? Nous sommes \u00e0 votre disposition sous les coordonn\u00e9es suivantes : Si\u00e8ge social alfa Media Partner GmbH Carl-Zeiss-Str. 27 63322 R\u00f6dermark Allemagne T\u00e9l [&hellip;]<\/p>\n","protected":false},"author":2,"featured_media":2322,"parent":0,"menu_order":178,"comment_status":"closed","ping_status":"closed","template":"","meta":{"_acf_changed":false,"inline_featured_image":false,"footnotes":""},"class_list":["post-2476","page","type-page","status-publish","has-post-thumbnail","hentry"],"acf":[],"yoast_head":"<title>Contact &#8226; alfa Media Partner GmbH<\/title>\n<meta name=\"robots\" content=\"index, follow, max-snippet:-1, max-image-preview:large, max-video-preview:-1\" \/>\n<link rel=\"canonical\" href=\"https:\/\/alfamedia.com\/fr\/contact\/\" \/>\n<meta property=\"og:locale\" content=\"fr_FR\" \/>\n<meta property=\"og:type\" content=\"article\" \/>\n<meta property=\"og:title\" content=\"Contact &#8226; alfa Media Partner GmbH\" \/>\n<meta property=\"og:description\" content=\"Vous avez des questions, des suggestions ou vous souhaitez plus d&rsquo;informations sur nos solutions ? Ou souhaitez-vous simplement savoir comment alfa Media peut vous aider \u00e0 \u00eatre plus efficace et \u00e0 r\u00e9ussir ? Nous sommes \u00e0 votre disposition sous les coordonn\u00e9es suivantes : Si\u00e8ge social alfa Media Partner GmbH Carl-Zeiss-Str. 27 63322 R\u00f6dermark Allemagne T\u00e9l [&hellip;]\" \/>\n<meta property=\"og:url\" content=\"https:\/\/alfamedia.com\/fr\/contact\/\" \/>\n<meta property=\"og:site_name\" content=\"alfa Media Partner GmbH\" \/>\n<meta property=\"article:modified_time\" content=\"2025-07-14T07:53:50+00:00\" \/>\n<meta property=\"og:image\" content=\"https:\/\/alfamedia.com\/wp-content\/uploads\/2019\/11\/pavan-trikutam-71CjSSB83Wo-unsplash-1024x683.jpg\" \/>\n\t<meta property=\"og:image:width\" content=\"1024\" \/>\n\t<meta property=\"og:image:height\" content=\"683\" \/>\n\t<meta property=\"og:image:type\" content=\"image\/jpeg\" \/>\n<meta name=\"twitter:card\" content=\"summary_large_image\" \/>\n<meta name=\"twitter:label1\" content=\"Dur\u00e9e de lecture estim\u00e9e\" \/>\n\t<meta name=\"twitter:data1\" content=\"2 minutes\" \/>","yoast_head_json":{"title":"Contact &#8226; alfa Media Partner GmbH","robots":{"index":"index","follow":"follow","max-snippet":"max-snippet:-1","max-image-preview":"max-image-preview:large","max-video-preview":"max-video-preview:-1"},"canonical":"https:\/\/alfamedia.com\/fr\/contact\/","og_locale":"fr_FR","og_type":"article","og_title":"Contact &#8226; alfa Media Partner GmbH","og_description":"Vous avez des questions, des suggestions ou vous souhaitez plus d&rsquo;informations sur nos solutions ? Ou souhaitez-vous simplement savoir comment alfa Media peut vous aider \u00e0 \u00eatre plus efficace et \u00e0 r\u00e9ussir ? Nous sommes \u00e0 votre disposition sous les coordonn\u00e9es suivantes : Si\u00e8ge social alfa Media Partner GmbH Carl-Zeiss-Str. 27 63322 R\u00f6dermark Allemagne T\u00e9l [&hellip;]","og_url":"https:\/\/alfamedia.com\/fr\/contact\/","og_site_name":"alfa Media Partner GmbH","article_modified_time":"2025-07-14T07:53:50+00:00","og_image":[{"width":1024,"height":683,"url":"https:\/\/alfamedia.com\/wp-content\/uploads\/2019\/11\/pavan-trikutam-71CjSSB83Wo-unsplash-1024x683.jpg","type":"image\/jpeg"}],"twitter_card":"summary_large_image","twitter_misc":{"Dur\u00e9e de lecture estim\u00e9e":"2 minutes"},"schema":{"@context":"https:\/\/schema.org","@graph":[{"@type":"WebPage","@id":"https:\/\/alfamedia.com\/fr\/contact\/","url":"https:\/\/alfamedia.com\/fr\/contact\/","name":"Contact &#8226; alfa Media Partner GmbH","isPartOf":{"@id":"https:\/\/alfamedia.com\/fr\/#website"},"primaryImageOfPage":{"@id":"https:\/\/alfamedia.com\/fr\/contact\/#primaryimage"},"image":{"@id":"https:\/\/alfamedia.com\/fr\/contact\/#primaryimage"},"thumbnailUrl":"https:\/\/alfamedia.com\/wp-content\/uploads\/2019\/11\/pavan-trikutam-71CjSSB83Wo-unsplash.jpg","datePublished":"2020-01-28T11:06:40+00:00","dateModified":"2025-07-14T07:53:50+00:00","breadcrumb":{"@id":"https:\/\/alfamedia.com\/fr\/contact\/#breadcrumb"},"inLanguage":"fr-FR","potentialAction":[{"@type":"ReadAction","target":["https:\/\/alfamedia.com\/fr\/contact\/"]}]},{"@type":"ImageObject","inLanguage":"fr-FR","@id":"https:\/\/alfamedia.com\/fr\/contact\/#primaryimage","url":"https:\/\/alfamedia.com\/wp-content\/uploads\/2019\/11\/pavan-trikutam-71CjSSB83Wo-unsplash.jpg","contentUrl":"https:\/\/alfamedia.com\/wp-content\/uploads\/2019\/11\/pavan-trikutam-71CjSSB83Wo-unsplash.jpg","width":4401,"height":2934},{"@type":"BreadcrumbList","@id":"https:\/\/alfamedia.com\/fr\/contact\/#breadcrumb","itemListElement":[{"@type":"ListItem","position":1,"name":"Start","item":"https:\/\/alfamedia.com\/fr\/"},{"@type":"ListItem","position":2,"name":"Contact"}]},{"@type":"WebSite","@id":"https:\/\/alfamedia.com\/fr\/#website","url":"https:\/\/alfamedia.com\/fr\/","name":"alfa Media Partner GmbH","description":"Software-L\u00f6sungen f\u00fcr Medienh\u00e4user und Verlage","potentialAction":[{"@type":"SearchAction","target":{"@type":"EntryPoint","urlTemplate":"https:\/\/alfamedia.com\/fr\/?s={search_term_string}"},"query-input":{"@type":"PropertyValueSpecification","valueRequired":true,"valueName":"search_term_string"}}],"inLanguage":"fr-FR"}]}},"_links":{"self":[{"href":"https:\/\/alfamedia.com\/fr\/wp-json\/wp\/v2\/pages\/2476","targetHints":{"allow":["GET"]}}],"collection":[{"href":"https:\/\/alfamedia.com\/fr\/wp-json\/wp\/v2\/pages"}],"about":[{"href":"https:\/\/alfamedia.com\/fr\/wp-json\/wp\/v2\/types\/page"}],"author":[{"embeddable":true,"href":"https:\/\/alfamedia.com\/fr\/wp-json\/wp\/v2\/users\/2"}],"replies":[{"embeddable":true,"href":"https:\/\/alfamedia.com\/fr\/wp-json\/wp\/v2\/comments?post=2476"}],"version-history":[{"count":1,"href":"https:\/\/alfamedia.com\/fr\/wp-json\/wp\/v2\/pages\/2476\/revisions"}],"predecessor-version":[{"id":10230,"href":"https:\/\/alfamedia.com\/fr\/wp-json\/wp\/v2\/pages\/2476\/revisions\/10230"}],"wp:featuredmedia":[{"embeddable":true,"href":"https:\/\/alfamedia.com\/fr\/wp-json\/wp\/v2\/media\/2322"}],"wp:attachment":[{"href":"https:\/\/alfamedia.com\/fr\/wp-json\/wp\/v2\/media?parent=2476"}],"curies":[{"name":"wp","href":"https:\/\/api.w.org\/{rel}","templated":true}]}}