{"id":2456,"date":"2020-01-27T14:47:51","date_gmt":"2020-01-27T13:47:51","guid":{"rendered":"https:\/\/alfamedia.com\/?page_id=2456"},"modified":"2024-02-29T14:19:29","modified_gmt":"2024-02-29T13:19:29","slug":"equipe","status":"publish","type":"page","link":"https:\/\/alfamedia.com\/fr\/equipe\/","title":{"rendered":"\u00c9quipe"},"content":{"rendered":"<p>L&rsquo;exp\u00e9rience et la cr\u00e9ativit\u00e9 de nos collaborateurs sont les facteurs cl\u00e9s dans la r\u00e9ussite d&rsquo;alfamedia. Issus pour la plupart de l&rsquo;industrie de l&rsquo;\u00e9dition et du secteur des m\u00e9dias, nos employ\u00e9s sont pleinement engag\u00e9s envers nos clients. Qu&rsquo;il s&rsquo;agisse de d\u00e9veloppement, de vente, de gestion de projet ou de direction d&rsquo;entreprise, nous mettons toutes nos forces \u00e0 votre service !<\/p>\n","protected":false},"excerpt":{"rendered":"<h1>Rencontrez l&rsquo;\u00e9quipe<\/h1>\n<p>Pourvus d&rsquo;un savoir-faire reconnu dans l&rsquo;industrie de l&rsquo;\u00e9dition et des m\u00e9dias, nous nous engageons pour et aupr\u00e8s de nos clients et nous donnons toujours \u00e0 100% !<\/p>\n","protected":false},"author":2,"featured_media":909,"parent":0,"menu_order":160,"comment_status":"closed","ping_status":"closed","template":"","meta":{"_acf_changed":false,"inline_featured_image":false,"footnotes":""},"class_list":["post-2456","page","type-page","status-publish","has-post-thumbnail","hentry"],"acf":[],"yoast_head":"<title>\u00c9quipe &#8226; alfa Media Partner GmbH<\/title>\n<meta name=\"robots\" content=\"index, follow, max-snippet:-1, max-image-preview:large, max-video-preview:-1\" \/>\n<link rel=\"canonical\" href=\"https:\/\/alfamedia.com\/fr\/equipe\/\" \/>\n<meta property=\"og:locale\" content=\"fr_FR\" \/>\n<meta property=\"og:type\" content=\"article\" \/>\n<meta property=\"og:title\" content=\"\u00c9quipe &#8226; alfa Media Partner GmbH\" \/>\n<meta property=\"og:description\" content=\"Rencontrez l&#039;\u00e9quipe Pourvus d&#039;un savoir-faire reconnu dans l&#039;industrie de l&#039;\u00e9dition et des m\u00e9dias, nous nous engageons pour et aupr\u00e8s de nos clients et nous donnons toujours \u00e0 100% !\" \/>\n<meta property=\"og:url\" content=\"https:\/\/alfamedia.com\/fr\/equipe\/\" \/>\n<meta property=\"og:site_name\" content=\"alfa Media Partner GmbH\" \/>\n<meta property=\"article:modified_time\" content=\"2024-02-29T13:19:29+00:00\" \/>\n<meta property=\"og:image\" content=\"https:\/\/alfamedia.com\/wp-content\/uploads\/2019\/11\/ian-schneider-TamMbr4okv4-unsplash-1024x684.jpg\" \/>\n\t<meta property=\"og:image:width\" content=\"1024\" \/>\n\t<meta property=\"og:image:height\" content=\"684\" \/>\n\t<meta property=\"og:image:type\" content=\"image\/jpeg\" \/>\n<meta name=\"twitter:card\" content=\"summary_large_image\" \/>\n<meta name=\"twitter:label1\" content=\"Dur\u00e9e de lecture estim\u00e9e\" \/>\n\t<meta name=\"twitter:data1\" content=\"1 minute\" \/>","yoast_head_json":{"title":"\u00c9quipe &#8226; alfa Media Partner GmbH","robots":{"index":"index","follow":"follow","max-snippet":"max-snippet:-1","max-image-preview":"max-image-preview:large","max-video-preview":"max-video-preview:-1"},"canonical":"https:\/\/alfamedia.com\/fr\/equipe\/","og_locale":"fr_FR","og_type":"article","og_title":"\u00c9quipe &#8226; alfa Media Partner GmbH","og_description":"Rencontrez l'\u00e9quipe Pourvus d'un savoir-faire reconnu dans l'industrie de l'\u00e9dition et des m\u00e9dias, nous nous engageons pour et aupr\u00e8s de nos clients et nous donnons toujours \u00e0 100% !","og_url":"https:\/\/alfamedia.com\/fr\/equipe\/","og_site_name":"alfa Media Partner GmbH","article_modified_time":"2024-02-29T13:19:29+00:00","og_image":[{"width":1024,"height":684,"url":"https:\/\/alfamedia.com\/wp-content\/uploads\/2019\/11\/ian-schneider-TamMbr4okv4-unsplash-1024x684.jpg","type":"image\/jpeg"}],"twitter_card":"summary_large_image","twitter_misc":{"Dur\u00e9e de lecture estim\u00e9e":"1 minute"},"schema":{"@context":"https:\/\/schema.org","@graph":[{"@type":"WebPage","@id":"https:\/\/alfamedia.com\/fr\/equipe\/","url":"https:\/\/alfamedia.com\/fr\/equipe\/","name":"\u00c9quipe &#8226; alfa Media Partner GmbH","isPartOf":{"@id":"https:\/\/alfamedia.com\/fr\/#website"},"primaryImageOfPage":{"@id":"https:\/\/alfamedia.com\/fr\/equipe\/#primaryimage"},"image":{"@id":"https:\/\/alfamedia.com\/fr\/equipe\/#primaryimage"},"thumbnailUrl":"https:\/\/alfamedia.com\/wp-content\/uploads\/2019\/11\/ian-schneider-TamMbr4okv4-unsplash.jpg","datePublished":"2020-01-27T13:47:51+00:00","dateModified":"2024-02-29T13:19:29+00:00","breadcrumb":{"@id":"https:\/\/alfamedia.com\/fr\/equipe\/#breadcrumb"},"inLanguage":"fr-FR","potentialAction":[{"@type":"ReadAction","target":["https:\/\/alfamedia.com\/fr\/equipe\/"]}]},{"@type":"ImageObject","inLanguage":"fr-FR","@id":"https:\/\/alfamedia.com\/fr\/equipe\/#primaryimage","url":"https:\/\/alfamedia.com\/wp-content\/uploads\/2019\/11\/ian-schneider-TamMbr4okv4-unsplash.jpg","contentUrl":"https:\/\/alfamedia.com\/wp-content\/uploads\/2019\/11\/ian-schneider-TamMbr4okv4-unsplash.jpg","width":6016,"height":4016},{"@type":"BreadcrumbList","@id":"https:\/\/alfamedia.com\/fr\/equipe\/#breadcrumb","itemListElement":[{"@type":"ListItem","position":1,"name":"Start","item":"https:\/\/alfamedia.com\/fr\/"},{"@type":"ListItem","position":2,"name":"\u00c9quipe"}]},{"@type":"WebSite","@id":"https:\/\/alfamedia.com\/fr\/#website","url":"https:\/\/alfamedia.com\/fr\/","name":"alfa Media Partner GmbH","description":"Software-L\u00f6sungen f\u00fcr Medienh\u00e4user und Verlage","potentialAction":[{"@type":"SearchAction","target":{"@type":"EntryPoint","urlTemplate":"https:\/\/alfamedia.com\/fr\/?s={search_term_string}"},"query-input":{"@type":"PropertyValueSpecification","valueRequired":true,"valueName":"search_term_string"}}],"inLanguage":"fr-FR"}]}},"_links":{"self":[{"href":"https:\/\/alfamedia.com\/fr\/wp-json\/wp\/v2\/pages\/2456","targetHints":{"allow":["GET"]}}],"collection":[{"href":"https:\/\/alfamedia.com\/fr\/wp-json\/wp\/v2\/pages"}],"about":[{"href":"https:\/\/alfamedia.com\/fr\/wp-json\/wp\/v2\/types\/page"}],"author":[{"embeddable":true,"href":"https:\/\/alfamedia.com\/fr\/wp-json\/wp\/v2\/users\/2"}],"replies":[{"embeddable":true,"href":"https:\/\/alfamedia.com\/fr\/wp-json\/wp\/v2\/comments?post=2456"}],"version-history":[{"count":0,"href":"https:\/\/alfamedia.com\/fr\/wp-json\/wp\/v2\/pages\/2456\/revisions"}],"wp:featuredmedia":[{"embeddable":true,"href":"https:\/\/alfamedia.com\/fr\/wp-json\/wp\/v2\/media\/909"}],"wp:attachment":[{"href":"https:\/\/alfamedia.com\/fr\/wp-json\/wp\/v2\/media?parent=2456"}],"curies":[{"name":"wp","href":"https:\/\/api.w.org\/{rel}","templated":true}]}}