{"id":2452,"date":"2020-01-27T12:57:38","date_gmt":"2020-01-27T11:57:38","guid":{"rendered":"https:\/\/alfamedia.com\/?page_id=2452"},"modified":"2025-07-24T10:08:43","modified_gmt":"2025-07-24T08:08:43","slug":"jobs-carriere","status":"publish","type":"page","link":"https:\/\/alfamedia.com\/fr\/jobs-carriere\/","title":{"rendered":"Carri\u00e8re"},"content":{"rendered":"<p>De nouveaux d\u00e9fis, beaucoup d&rsquo;espace pour vos propres id\u00e9es et une atmosph\u00e8re o\u00f9 le travail est amusant !<\/p>\n<p>Chez alfa Media, nous savons que nos employ\u00e9s sont un \u00e9l\u00e9ment essentiel du succ\u00e8s de l&rsquo;entreprise. C&rsquo;est pourquoi nous sommes constamment \u00e0 la recherche de nouveaux collaborateurs qui peuvent apporter leur exp\u00e9rience et leur esprit d&rsquo;innovation et qui, comme nous, sont orient\u00e9s clients et solutions.<\/p>\n<p>Voulez-vous faire partie de notre \u00e9quipe ? Alors postulez d\u00e8s aujourd&rsquo;hui ! Envoyez votre dossier de candidature d\u00e9taill\u00e9 par courrier \u00e0 l&rsquo;attention d&rsquo;Andrea Zimmermann ou par courriel \u00e0 <a href=\"javascript:secureDecryptAndNavigate('wZU+syh3tZs4rWTxYG35Ozt6IMTnqKmKymz4RtklRohk0JQDTrpP8kLZIe+K1Qz6MXAT4Xyp0ZutwZtby5+ee\/7WQT3JhCsARQ==', '311a738dc694dabb87d5a6f1bf237e266f6c326dd99509e53bef3d9bcb909c94')\">jo&#98;&#115;&#64;&#97;&#108;fam&#101;dia.&#99;om<\/a> en pr\u00e9cisant vos comp\u00e9tences, pr\u00e9tentions salariales et la date \u00e0 partir de laquelle vous \u00eates disponible. Nous nous r\u00e9jouissons d&rsquo;avoir de vos nouvelles !<\/p>\n","protected":false},"excerpt":{"rendered":"<p>De nouveaux d\u00e9fis, beaucoup d&rsquo;espace pour vos propres id\u00e9es et une atmosph\u00e8re o\u00f9 le travail est amusant ! Chez alfa Media, nous savons que nos employ\u00e9s sont un \u00e9l\u00e9ment essentiel du succ\u00e8s de l&rsquo;entreprise. C&rsquo;est pourquoi nous sommes constamment \u00e0 la recherche de nouveaux collaborateurs qui peuvent apporter leur exp\u00e9rience et leur esprit d&rsquo;innovation et [&hellip;]<\/p>\n","protected":false},"author":2,"featured_media":2197,"parent":0,"menu_order":150,"comment_status":"closed","ping_status":"closed","template":"","meta":{"_acf_changed":false,"inline_featured_image":false,"footnotes":""},"class_list":["post-2452","page","type-page","status-publish","has-post-thumbnail","hentry"],"acf":[],"yoast_head":"<title>Carri\u00e8re &#8226; alfa Media Partner GmbH<\/title>\n<meta name=\"robots\" content=\"index, follow, max-snippet:-1, max-image-preview:large, max-video-preview:-1\" \/>\n<link rel=\"canonical\" href=\"https:\/\/alfamedia.com\/fr\/jobs-carriere\/\" \/>\n<meta property=\"og:locale\" content=\"fr_FR\" \/>\n<meta property=\"og:type\" content=\"article\" \/>\n<meta property=\"og:title\" content=\"Carri\u00e8re &#8226; alfa Media Partner GmbH\" \/>\n<meta property=\"og:description\" content=\"De nouveaux d\u00e9fis, beaucoup d&rsquo;espace pour vos propres id\u00e9es et une atmosph\u00e8re o\u00f9 le travail est amusant ! Chez alfa Media, nous savons que nos employ\u00e9s sont un \u00e9l\u00e9ment essentiel du succ\u00e8s de l&rsquo;entreprise. C&rsquo;est pourquoi nous sommes constamment \u00e0 la recherche de nouveaux collaborateurs qui peuvent apporter leur exp\u00e9rience et leur esprit d&rsquo;innovation et [&hellip;]\" \/>\n<meta property=\"og:url\" content=\"https:\/\/alfamedia.com\/fr\/jobs-carriere\/\" \/>\n<meta property=\"og:site_name\" content=\"alfa Media Partner GmbH\" \/>\n<meta property=\"article:modified_time\" content=\"2025-07-24T08:08:43+00:00\" \/>\n<meta property=\"og:image\" content=\"https:\/\/alfamedia.com\/wp-content\/uploads\/2019\/10\/photo-1569338757078-66f98692599e.jpg\" \/>\n\t<meta property=\"og:image:width\" content=\"1951\" \/>\n\t<meta property=\"og:image:height\" content=\"1300\" \/>\n\t<meta property=\"og:image:type\" content=\"image\/jpeg\" \/>\n<meta name=\"twitter:card\" content=\"summary_large_image\" \/>\n<meta name=\"twitter:label1\" content=\"Dur\u00e9e de lecture estim\u00e9e\" \/>\n\t<meta name=\"twitter:data1\" content=\"1 minute\" \/>","yoast_head_json":{"title":"Carri\u00e8re &#8226; alfa Media Partner GmbH","robots":{"index":"index","follow":"follow","max-snippet":"max-snippet:-1","max-image-preview":"max-image-preview:large","max-video-preview":"max-video-preview:-1"},"canonical":"https:\/\/alfamedia.com\/fr\/jobs-carriere\/","og_locale":"fr_FR","og_type":"article","og_title":"Carri\u00e8re &#8226; alfa Media Partner GmbH","og_description":"De nouveaux d\u00e9fis, beaucoup d&rsquo;espace pour vos propres id\u00e9es et une atmosph\u00e8re o\u00f9 le travail est amusant ! Chez alfa Media, nous savons que nos employ\u00e9s sont un \u00e9l\u00e9ment essentiel du succ\u00e8s de l&rsquo;entreprise. C&rsquo;est pourquoi nous sommes constamment \u00e0 la recherche de nouveaux collaborateurs qui peuvent apporter leur exp\u00e9rience et leur esprit d&rsquo;innovation et [&hellip;]","og_url":"https:\/\/alfamedia.com\/fr\/jobs-carriere\/","og_site_name":"alfa Media Partner GmbH","article_modified_time":"2025-07-24T08:08:43+00:00","og_image":[{"width":1951,"height":1300,"url":"https:\/\/alfamedia.com\/wp-content\/uploads\/2019\/10\/photo-1569338757078-66f98692599e.jpg","type":"image\/jpeg"}],"twitter_card":"summary_large_image","twitter_misc":{"Dur\u00e9e de lecture estim\u00e9e":"1 minute"},"schema":{"@context":"https:\/\/schema.org","@graph":[{"@type":"WebPage","@id":"https:\/\/alfamedia.com\/fr\/jobs-carriere\/","url":"https:\/\/alfamedia.com\/fr\/jobs-carriere\/","name":"Carri\u00e8re &#8226; alfa Media Partner GmbH","isPartOf":{"@id":"https:\/\/alfamedia.com\/fr\/#website"},"primaryImageOfPage":{"@id":"https:\/\/alfamedia.com\/fr\/jobs-carriere\/#primaryimage"},"image":{"@id":"https:\/\/alfamedia.com\/fr\/jobs-carriere\/#primaryimage"},"thumbnailUrl":"https:\/\/alfamedia.com\/wp-content\/uploads\/2019\/10\/photo-1569338757078-66f98692599e.jpg","datePublished":"2020-01-27T11:57:38+00:00","dateModified":"2025-07-24T08:08:43+00:00","breadcrumb":{"@id":"https:\/\/alfamedia.com\/fr\/jobs-carriere\/#breadcrumb"},"inLanguage":"fr-FR","potentialAction":[{"@type":"ReadAction","target":["https:\/\/alfamedia.com\/fr\/jobs-carriere\/"]}]},{"@type":"ImageObject","inLanguage":"fr-FR","@id":"https:\/\/alfamedia.com\/fr\/jobs-carriere\/#primaryimage","url":"https:\/\/alfamedia.com\/wp-content\/uploads\/2019\/10\/photo-1569338757078-66f98692599e.jpg","contentUrl":"https:\/\/alfamedia.com\/wp-content\/uploads\/2019\/10\/photo-1569338757078-66f98692599e.jpg","width":1951,"height":1300},{"@type":"BreadcrumbList","@id":"https:\/\/alfamedia.com\/fr\/jobs-carriere\/#breadcrumb","itemListElement":[{"@type":"ListItem","position":1,"name":"Start","item":"https:\/\/alfamedia.com\/fr\/"},{"@type":"ListItem","position":2,"name":"Carri\u00e8re"}]},{"@type":"WebSite","@id":"https:\/\/alfamedia.com\/fr\/#website","url":"https:\/\/alfamedia.com\/fr\/","name":"alfa Media Partner GmbH","description":"Software-L\u00f6sungen f\u00fcr Medienh\u00e4user und Verlage","potentialAction":[{"@type":"SearchAction","target":{"@type":"EntryPoint","urlTemplate":"https:\/\/alfamedia.com\/fr\/?s={search_term_string}"},"query-input":{"@type":"PropertyValueSpecification","valueRequired":true,"valueName":"search_term_string"}}],"inLanguage":"fr-FR"}]}},"_links":{"self":[{"href":"https:\/\/alfamedia.com\/fr\/wp-json\/wp\/v2\/pages\/2452","targetHints":{"allow":["GET"]}}],"collection":[{"href":"https:\/\/alfamedia.com\/fr\/wp-json\/wp\/v2\/pages"}],"about":[{"href":"https:\/\/alfamedia.com\/fr\/wp-json\/wp\/v2\/types\/page"}],"author":[{"embeddable":true,"href":"https:\/\/alfamedia.com\/fr\/wp-json\/wp\/v2\/users\/2"}],"replies":[{"embeddable":true,"href":"https:\/\/alfamedia.com\/fr\/wp-json\/wp\/v2\/comments?post=2452"}],"version-history":[{"count":2,"href":"https:\/\/alfamedia.com\/fr\/wp-json\/wp\/v2\/pages\/2452\/revisions"}],"predecessor-version":[{"id":10259,"href":"https:\/\/alfamedia.com\/fr\/wp-json\/wp\/v2\/pages\/2452\/revisions\/10259"}],"wp:featuredmedia":[{"embeddable":true,"href":"https:\/\/alfamedia.com\/fr\/wp-json\/wp\/v2\/media\/2197"}],"wp:attachment":[{"href":"https:\/\/alfamedia.com\/fr\/wp-json\/wp\/v2\/media?parent=2452"}],"curies":[{"name":"wp","href":"https:\/\/api.w.org\/{rel}","templated":true}]}}