{"id":2372,"date":"2019-10-09T12:08:20","date_gmt":"2019-10-09T10:08:20","guid":{"rendered":"https:\/\/alfamedia.com\/startseite\/"},"modified":"2026-01-13T11:44:02","modified_gmt":"2026-01-13T10:44:02","slug":"startseite","status":"publish","type":"page","link":"https:\/\/alfamedia.com\/fr\/","title":{"rendered":"Start"},"content":{"rendered":"<h2>Bienvenue chez alfamedia<\/h2>\n<h1>Solutions logicielles pour les entreprises de m\u00e9dias et les \u00e9diteurs<\/h1>\n<p>En tant que partenaire de nos clients, nous souhaitons ouvrir un monde de nouvelles voies et de nouvelles possibilit\u00e9s pour le secteur de l&rsquo;\u00e9dition. Nous vous aidons \u00e0 concr\u00e9tiser vos visions de mani\u00e8re efficace et simple.<\/p>\n<p><a class=\"button\" href=\"https:\/\/alfamedia.com\/fr\/solutions\/\">En savoir plus<\/a><\/p>\n<p>&nbsp;<\/p>\n","protected":false},"excerpt":{"rendered":"<p>Bienvenue chez alfamedia Solutions logicielles pour les entreprises de m\u00e9dias et les \u00e9diteurs En tant que partenaire de nos clients, nous souhaitons ouvrir un monde de nouvelles voies et de nouvelles possibilit\u00e9s pour le secteur de l&rsquo;\u00e9dition. Nous vous aidons \u00e0 concr\u00e9tiser vos visions de mani\u00e8re efficace et simple. En savoir plus &nbsp;<\/p>\n","protected":false},"author":1,"featured_media":10709,"parent":0,"menu_order":103,"comment_status":"closed","ping_status":"closed","template":"","meta":{"_acf_changed":false,"inline_featured_image":false,"footnotes":""},"class_list":["post-2372","page","type-page","status-publish","has-post-thumbnail","hentry"],"acf":[],"yoast_head":"<title>alfa Media Partner GmbH &#8226; Software-L\u00f6sungen f\u00fcr Medienh\u00e4user und Verlage<\/title>\n<meta name=\"robots\" content=\"index, follow, max-snippet:-1, max-image-preview:large, max-video-preview:-1\" \/>\n<link rel=\"canonical\" href=\"https:\/\/alfamedia.com\/fr\/\" \/>\n<meta property=\"og:locale\" content=\"fr_FR\" \/>\n<meta property=\"og:type\" content=\"article\" \/>\n<meta property=\"og:title\" content=\"alfa Media Partner GmbH &#8226; Software-L\u00f6sungen f\u00fcr Medienh\u00e4user und Verlage\" \/>\n<meta property=\"og:description\" content=\"Bienvenue chez alfamedia Solutions logicielles pour les entreprises de m\u00e9dias et les \u00e9diteurs En tant que partenaire de nos clients, nous souhaitons ouvrir un monde de nouvelles voies et de nouvelles possibilit\u00e9s pour le secteur de l&rsquo;\u00e9dition. Nous vous aidons \u00e0 concr\u00e9tiser vos visions de mani\u00e8re efficace et simple. En savoir plus &nbsp;\" \/>\n<meta property=\"og:url\" content=\"https:\/\/alfamedia.com\/fr\/\" \/>\n<meta property=\"og:site_name\" content=\"alfa Media Partner GmbH\" \/>\n<meta property=\"article:modified_time\" content=\"2026-01-13T10:44:02+00:00\" \/>\n<meta property=\"og:image\" content=\"https:\/\/alfamedia.com\/wp-content\/uploads\/2026\/01\/pexels-daniela-elena-tentis-118658-370799.jpg\" \/>\n\t<meta property=\"og:image:width\" content=\"1920\" \/>\n\t<meta property=\"og:image:height\" content=\"1200\" \/>\n\t<meta property=\"og:image:type\" content=\"image\/jpeg\" \/>\n<meta name=\"twitter:card\" content=\"summary_large_image\" \/>\n<meta name=\"twitter:label1\" content=\"Dur\u00e9e de lecture estim\u00e9e\" \/>\n\t<meta name=\"twitter:data1\" content=\"1 minute\" \/>","yoast_head_json":{"title":"alfa Media Partner GmbH &#8226; Software-L\u00f6sungen f\u00fcr Medienh\u00e4user und Verlage","robots":{"index":"index","follow":"follow","max-snippet":"max-snippet:-1","max-image-preview":"max-image-preview:large","max-video-preview":"max-video-preview:-1"},"canonical":"https:\/\/alfamedia.com\/fr\/","og_locale":"fr_FR","og_type":"article","og_title":"alfa Media Partner GmbH &#8226; Software-L\u00f6sungen f\u00fcr Medienh\u00e4user und Verlage","og_description":"Bienvenue chez alfamedia Solutions logicielles pour les entreprises de m\u00e9dias et les \u00e9diteurs En tant que partenaire de nos clients, nous souhaitons ouvrir un monde de nouvelles voies et de nouvelles possibilit\u00e9s pour le secteur de l&rsquo;\u00e9dition. Nous vous aidons \u00e0 concr\u00e9tiser vos visions de mani\u00e8re efficace et simple. En savoir plus &nbsp;","og_url":"https:\/\/alfamedia.com\/fr\/","og_site_name":"alfa Media Partner GmbH","article_modified_time":"2026-01-13T10:44:02+00:00","og_image":[{"width":1920,"height":1200,"url":"https:\/\/alfamedia.com\/wp-content\/uploads\/2026\/01\/pexels-daniela-elena-tentis-118658-370799.jpg","type":"image\/jpeg"}],"twitter_card":"summary_large_image","twitter_misc":{"Dur\u00e9e de lecture estim\u00e9e":"1 minute"},"schema":{"@context":"https:\/\/schema.org","@graph":[{"@type":"WebPage","@id":"https:\/\/alfamedia.com\/fr\/","url":"https:\/\/alfamedia.com\/fr\/","name":"alfa Media Partner GmbH &#8226; Software-L\u00f6sungen f\u00fcr Medienh\u00e4user und Verlage","isPartOf":{"@id":"https:\/\/alfamedia.com\/fr\/#website"},"primaryImageOfPage":{"@id":"https:\/\/alfamedia.com\/fr\/#primaryimage"},"image":{"@id":"https:\/\/alfamedia.com\/fr\/#primaryimage"},"thumbnailUrl":"https:\/\/alfamedia.com\/wp-content\/uploads\/2026\/01\/pexels-daniela-elena-tentis-118658-370799.jpg","datePublished":"2019-10-09T10:08:20+00:00","dateModified":"2026-01-13T10:44:02+00:00","breadcrumb":{"@id":"https:\/\/alfamedia.com\/fr\/#breadcrumb"},"inLanguage":"fr-FR","potentialAction":[{"@type":"ReadAction","target":["https:\/\/alfamedia.com\/fr\/"]}]},{"@type":"ImageObject","inLanguage":"fr-FR","@id":"https:\/\/alfamedia.com\/fr\/#primaryimage","url":"https:\/\/alfamedia.com\/wp-content\/uploads\/2026\/01\/pexels-daniela-elena-tentis-118658-370799.jpg","contentUrl":"https:\/\/alfamedia.com\/wp-content\/uploads\/2026\/01\/pexels-daniela-elena-tentis-118658-370799.jpg","width":1920,"height":1200},{"@type":"BreadcrumbList","@id":"https:\/\/alfamedia.com\/fr\/#breadcrumb","itemListElement":[{"@type":"ListItem","position":1,"name":"Start","item":"https:\/\/alfamedia.com\/fr\/"},{"@type":"ListItem","position":2,"name":"Start"}]},{"@type":"WebSite","@id":"https:\/\/alfamedia.com\/fr\/#website","url":"https:\/\/alfamedia.com\/fr\/","name":"alfa Media Partner GmbH","description":"Software-L\u00f6sungen f\u00fcr Medienh\u00e4user und Verlage","potentialAction":[{"@type":"SearchAction","target":{"@type":"EntryPoint","urlTemplate":"https:\/\/alfamedia.com\/fr\/?s={search_term_string}"},"query-input":{"@type":"PropertyValueSpecification","valueRequired":true,"valueName":"search_term_string"}}],"inLanguage":"fr-FR"}]}},"_links":{"self":[{"href":"https:\/\/alfamedia.com\/fr\/wp-json\/wp\/v2\/pages\/2372","targetHints":{"allow":["GET"]}}],"collection":[{"href":"https:\/\/alfamedia.com\/fr\/wp-json\/wp\/v2\/pages"}],"about":[{"href":"https:\/\/alfamedia.com\/fr\/wp-json\/wp\/v2\/types\/page"}],"author":[{"embeddable":true,"href":"https:\/\/alfamedia.com\/fr\/wp-json\/wp\/v2\/users\/1"}],"replies":[{"embeddable":true,"href":"https:\/\/alfamedia.com\/fr\/wp-json\/wp\/v2\/comments?post=2372"}],"version-history":[{"count":0,"href":"https:\/\/alfamedia.com\/fr\/wp-json\/wp\/v2\/pages\/2372\/revisions"}],"wp:featuredmedia":[{"embeddable":true,"href":"https:\/\/alfamedia.com\/fr\/wp-json\/wp\/v2\/media\/10709"}],"wp:attachment":[{"href":"https:\/\/alfamedia.com\/fr\/wp-json\/wp\/v2\/media?parent=2372"}],"curies":[{"name":"wp","href":"https:\/\/api.w.org\/{rel}","templated":true}]}}