{"id":10987,"date":"2026-04-15T10:53:50","date_gmt":"2026-04-15T08:53:50","guid":{"rendered":"https:\/\/alfamedia.com\/?page_id=10987"},"modified":"2026-04-15T11:12:46","modified_gmt":"2026-04-15T09:12:46","slug":"data-processing","status":"publish","type":"page","link":"https:\/\/alfamedia.com\/fr\/data-processing\/","title":{"rendered":"Data Processing"},"content":{"rendered":"<p>Derni\u00e8re mise \u00e0 jour : 25\/03\/2026<br \/>\nContact:<a href=\"javascript:secureDecryptAndNavigate('4L5GW28WoC3I+kQ\/asI\/CEPg+F5UQ8JiQ\/Bp5p0J4nQf3Bd1KaoteupMBpTM9D9bL2CNpIQn4UKHeE\/DiMHsTyNeuSDOF0N5Gckq1r+GcmcFcQ==', '311a738dc694dabb87d5a6f1bf237e266f6c326dd99509e53bef3d9bcb909c94')\"> <a href=\"javascript:secureDecryptAndNavigate('4L5GW28WoC3I+kQ\/asI\/CEPg+F5UQ8JiQ\/Bp5p0J4nQf3Bd1KaoteupMBpTM9D9bL2CNpIQn4UKHeE\/DiMHsTyNeuSDOF0N5Gckq1r+GcmcFcQ==', '311a738dc694dabb87d5a6f1bf237e266f6c326dd99509e53bef3d9bcb909c94')\">&#100;&#97;t&#97;-&#115;e&#99;u&#114;&#105;&#116;y&#64;alfa&#109;&#101;dia&#46;c&#111;m<\/a><\/a><\/p>\n<p><strong>Incidents de cybers\u00e9curit\u00e9 au cours des 12 derniers mois :<\/strong><br \/>\nAucun<\/p>\n<p><strong>Incidents significatifs au cours des 12 derniers mois :<br \/>\n<\/strong>Aucun<\/p>\n<p><strong>Modifications pr\u00e9vues :<\/strong><br \/>\nAucun<\/p>\n<h3>Sous-traitants externes utilis\u00e9s dans les logiciels alfa ou pour le d\u00e9veloppement des logiciels alfa :<\/h3>\n<table style=\"width: 95%; border-collapse: collapse;\">\n<colgroup>\n<col style=\"width: 10%;\" \/>\n<col style=\"width: 5%;\" \/>\n<col style=\"width: 40%;\" \/>\n<col style=\"width: 30%;\" \/>\n<col style=\"width: 15%;\" \/> <\/colgroup>\n<thead>\n<tr style=\"background-color: #c0c0c0;\">\n<th style=\"font-weight: 600; border: 1px solid #999; padding: 6px;\">D\u00e9signation<\/th>\n<th style=\"font-weight: 600; border: 1px solid #999; padding: 6px;\">Lieu de stockage<\/th>\n<th style=\"font-weight: 600; border: 1px solid #999; padding: 6px;\">Finalit\u00e9 du traitement<\/th>\n<th style=\"font-weight: 600; border: 1px solid #999; padding: 6px;\">Donn\u00e9es \u00e0 caract\u00e8re personnel<\/th>\n<th style=\"font-weight: 600; border: 1px solid #999; padding: 6px;\">Produits logiciels<\/th>\n<\/tr>\n<\/thead>\n<tbody>\n<tr>\n<td style=\"border: 1px solid #999; padding: 6px; vertical-align: top;\">Informatikb\u00fcro Plass<\/td>\n<td style=\"border: 1px solid #999; padding: 6px; vertical-align: top;\"><span title=\"Deutschland\">DE<\/span><\/td>\n<td style=\"border: 1px solid #999; padding: 6px; vertical-align: top;\">D\u00e9veloppement logiciel<\/td>\n<td style=\"border: 1px solid #999; padding: 6px; vertical-align: top;\">Coordonn\u00e9es des personnes de contact, t\u00e2ches<\/td>\n<td style=\"border: 1px solid #999; padding: 6px; vertical-align: top;\">Tous produits confondus<\/td>\n<\/tr>\n<tr>\n<td style=\"border: 1px solid #999; padding: 6px; vertical-align: top;\">kauf.cc Consulting<\/td>\n<td style=\"border: 1px solid #999; padding: 6px; vertical-align: top;\"><span title=\"Deutschland\">DE<\/span><\/td>\n<td style=\"border: 1px solid #999; padding: 6px; vertical-align: top;\">D\u00e9l\u00e9gu\u00e9 externe \u00e0 la protection des donn\u00e9es, comptabilit\u00e9, maintenance des syst\u00e8mes internes<\/td>\n<td style=\"border: 1px solid #999; padding: 6px; vertical-align: top;\">Coordonn\u00e9es des personnes de contact, t\u00e2ches, donn\u00e9es du personnel<\/td>\n<td style=\"border: 1px solid #999; padding: 6px; vertical-align: top;\">Sans lien avec les produits<\/td>\n<\/tr>\n<tr>\n<td style=\"border: 1px solid #999; padding: 6px; vertical-align: top;\">IMT-Systems GmbH<\/td>\n<td style=\"border: 1px solid #999; padding: 6px; vertical-align: top;\"><span title=\"Deutschland\">DE<\/span><\/td>\n<td style=\"border: 1px solid #999; padding: 6px; vertical-align: top;\">Fournisseur d&rsquo;h\u00e9bergement mettant \u00e0 disposition l&rsquo;infrastructure d&rsquo;h\u00e9bergement dans les centres de donn\u00e9es de Digital Realty pour alfa Media Partner GmbH<\/td>\n<td style=\"border: 1px solid #999; padding: 6px; vertical-align: top;\">Personnes de contact internes chez alfa et leurs visites dans les centres de donn\u00e9es<\/td>\n<td style=\"border: 1px solid #999; padding: 6px; vertical-align: top;\">Tous produits confondus<\/td>\n<\/tr>\n<tr>\n<td style=\"border: 1px solid #999; padding: 6px; vertical-align: top;\">Aptoma AS<\/td>\n<td style=\"border: 1px solid #999; padding: 6px; vertical-align: top;\"><span title=\"Norwegen\">NO<\/span><\/td>\n<td style=\"border: 1px solid #999; padding: 6px; vertical-align: top;\">Fournisseur du logiciel de mise en page pour la pr\u00e9paration \u00e9ditoriale des \u00e9ditions. Aptoma AS fait appel \u00e0 ses propres sous-traitants.<\/td>\n<td style=\"border: 1px solid #999; padding: 6px; vertical-align: top;\">Utilisateurs ainsi que les donn\u00e9es figurant dans les textes \u00e0 traiter<\/td>\n<td style=\"border: 1px solid #999; padding: 6px; vertical-align: top;\">DrEdition, DrPublish<\/td>\n<\/tr>\n<tr>\n<td style=\"border: 1px solid #999; padding: 6px; vertical-align: top;\">OpenAI Inc.<\/td>\n<td style=\"border: 1px solid #999; padding: 6px; vertical-align: top;\"><span title=\"Datenspeicherung in den Rechenzentren der gro\u00dfen Hostinganbieter\">Mondial<\/span><\/td>\n<td style=\"border: 1px solid #999; padding: 6px; vertical-align: top;\">Fournisseur d&rsquo;intelligence artificielle (grand mod\u00e8le de langage). Utilis\u00e9 lorsque les fonctionnalit\u00e9s d&rsquo;IA sont activ\u00e9es. OpenAI fait appel \u00e0 ses propres sous-traitants.<\/td>\n<td style=\"border: 1px solid #999; padding: 6px; vertical-align: top;\">Donn\u00e9es issues des textes\/articles \u00e0 analyser par l&rsquo;IA. Selon la d\u00e9claration Enterprise Privacy (<a href=\"https:\/\/openai.com\/enterprise-privacy\/\">https:\/\/openai.com\/enterprise-privacy\/<\/a>), OpenAI n&rsquo;utilise pas les donn\u00e9es de ses clients professionnels pour entra\u00eener ses mod\u00e8les d&rsquo;IA \u2014 ni les textes transmis \u00e0 OpenAI, ni les textes renvoy\u00e9s par OpenAI.<\/td>\n<td style=\"border: 1px solid #999; padding: 6px; vertical-align: top;\">AdSuite, ContentLine<\/td>\n<\/tr>\n<tr>\n<td style=\"border: 1px solid #999; padding: 6px; vertical-align: top;\">Mistral AI SAS<\/td>\n<td style=\"border: 1px solid #999; padding: 6px; vertical-align: top;\"><span title=\"Frankreich\">FR<\/span><\/td>\n<td style=\"border: 1px solid #999; padding: 6px; vertical-align: top;\">Fournisseur d&rsquo;intelligence artificielle (grand mod\u00e8le de langage). Utilis\u00e9 lorsque les fonctionnalit\u00e9s d&rsquo;IA sont activ\u00e9es. Mistral fait appel \u00e0 ses propres sous-traitants.<\/td>\n<td style=\"border: 1px solid #999; padding: 6px; vertical-align: top;\">Donn\u00e9es issues des textes\/articles \u00e0 analyser par l&rsquo;IA. Selon les conditions g\u00e9n\u00e9rales (Legal Terms and Conditions, <a href=\"https:\/\/mistral.ai\/terms\/\">https:\/\/mistral.ai\/terms\/<\/a>), Mistral AI n&rsquo;utilise pas les donn\u00e9es de ses clients professionnels pour entra\u00eener ses mod\u00e8les.<\/td>\n<td style=\"border: 1px solid #999; padding: 6px; vertical-align: top;\">ContentLine<\/td>\n<\/tr>\n<tr>\n<td style=\"border: 1px solid #999; padding: 6px; vertical-align: top;\">Anthropic PBC<\/td>\n<td style=\"border: 1px solid #999; padding: 6px; vertical-align: top;\"><span title=\"Datenspeicherung in den Rechenzentren der gro\u00dfen Hostinganbieter\">Mondial<\/span><\/td>\n<td style=\"border: 1px solid #999; padding: 6px; vertical-align: top;\">Fournisseur d&rsquo;intelligence artificielle (grand mod\u00e8le de langage). Utilis\u00e9 lorsque les fonctionnalit\u00e9s d&rsquo;IA sont activ\u00e9es. Anthropic fait appel \u00e0 ses propres sous-traitants.<\/td>\n<td style=\"border: 1px solid #999; padding: 6px; vertical-align: top;\">Donn\u00e9es issues des textes\/articles \u00e0 analyser par l&rsquo;IA. Selon la politique de confidentialit\u00e9 (Privacy Policy, <a href=\"https:\/\/www.anthropic.com\/legal\/privacy\">https:\/\/www.anthropic.com\/legal\/privacy<\/a>), Anthropic respecte les exigences du r\u00e8glement g\u00e9n\u00e9ral sur la protection des donn\u00e9es de l&rsquo;UE.<\/td>\n<td style=\"border: 1px solid #999; padding: 6px; vertical-align: top;\">ContentLine<\/td>\n<\/tr>\n<tr>\n<td style=\"border: 1px solid #999; padding: 6px; vertical-align: top;\">Leonardo Interactive Pty Ltd<\/td>\n<td style=\"border: 1px solid #999; padding: 6px; vertical-align: top;\"><span title=\"Datenspeicherung in den Rechenzentren der gro\u00dfen Hostinganbieter\">Mondial<\/span><\/td>\n<td style=\"border: 1px solid #999; padding: 6px; vertical-align: top;\">Fournisseur d&rsquo;intelligence artificielle (traitement d&rsquo;images statiques), d\u00e9sormais rattach\u00e9 \u00e0 Canva. Utilis\u00e9 lorsque les fonctionnalit\u00e9s d&rsquo;IA sont activ\u00e9es et utilis\u00e9es. Leonardo.Ai fait appel \u00e0 ses propres sous-traitants.<\/td>\n<td style=\"border: 1px solid #999; padding: 6px; vertical-align: top;\">Un ensemble minimal de donn\u00e9es est \u00e9chang\u00e9 avec Leonardo.Ai ; aucune donn\u00e9e \u00e0 caract\u00e8re personnel n&rsquo;est transmise. Une exception : si l&rsquo;utilisateur final fait modifier ses propres images lors de la conception d&rsquo;une image pour une annonce publicitaire, ces images sont t\u00e9l\u00e9charg\u00e9es sur les serveurs de Leonardo.Ai ou de ses sous-traitants et y sont trait\u00e9es.<\/td>\n<td style=\"border: 1px solid #999; padding: 6px; vertical-align: top;\">Stylo et autres produits utilisant l&rsquo;\u00e9diteur Stylo<\/td>\n<\/tr>\n<\/tbody>\n<\/table>\n<p>&nbsp;<\/p>\n<h3>Outils utilis\u00e9s pour les processus de travail :<\/h3>\n<table style=\"width: 95%; border-collapse: collapse;\">\n<colgroup>\n<col style=\"width: 10%;\" \/>\n<col style=\"width: 10%;\" \/>\n<col style=\"width: 45%;\" \/>\n<col style=\"width: 35%;\" \/><\/colgroup>\n<thead>\n<tr style=\"background-color: #c0c0c0;\">\n<th style=\"font-weight: 600; border: 1px solid #999; padding: 6px;\">D\u00e9signation<\/th>\n<th style=\"font-weight: 600; border: 1px solid #999; padding: 6px;\">Lieu de stockage<\/th>\n<th style=\"font-weight: 600; border: 1px solid #999; padding: 6px;\">Finalit\u00e9 du traitement<\/th>\n<th style=\"font-weight: 600; border: 1px solid #999; padding: 6px;\">Donn\u00e9es \u00e0 caract\u00e8re personnel<\/th>\n<\/tr>\n<\/thead>\n<tbody>\n<tr>\n<td style=\"border: 1px solid #999; padding: 6px; vertical-align: top;\">Microsoft 365<\/td>\n<td style=\"border: 1px solid #999; padding: 6px; vertical-align: top;\"><span title=\"Europ\u00e4ische Union\">UE<\/span><\/td>\n<td style=\"border: 1px solid #999; padding: 6px; vertical-align: top;\">Plateforme de collaboration : messagerie \u00e9lectronique, calendrier, contacts, visioconf\u00e9rences, applications portail, applications bureautiques<\/td>\n<td style=\"border: 1px solid #999; padding: 6px; vertical-align: top;\">Utilisateurs, personnes de contact, rendez-vous, t\u00e2ches<\/td>\n<\/tr>\n<tr>\n<td style=\"border: 1px solid #999; padding: 6px; vertical-align: top;\">HubSpot<\/td>\n<td style=\"border: 1px solid #999; padding: 6px; vertical-align: top;\"><span title=\"Europ\u00e4ische Union\">UE<\/span><\/td>\n<td style=\"border: 1px solid #999; padding: 6px; vertical-align: top;\">Plateforme de marketing, de vente et de gestion de la relation client<\/td>\n<td style=\"border: 1px solid #999; padding: 6px; vertical-align: top;\">Utilisateurs, personnes de contact, rendez-vous, t\u00e2ches, offres et leur suivi<\/td>\n<\/tr>\n<tr>\n<td style=\"border: 1px solid #999; padding: 6px; vertical-align: top;\">ZenDesk<\/td>\n<td style=\"border: 1px solid #999; padding: 6px; vertical-align: top;\"><span title=\"Europ\u00e4ische Union\">UE<\/span><\/td>\n<td style=\"border: 1px solid #999; padding: 6px; vertical-align: top;\">Plateforme d&rsquo;enregistrement et de suivi des demandes clients<\/td>\n<td style=\"border: 1px solid #999; padding: 6px; vertical-align: top;\">Utilisateurs, personnes de contact, tickets<\/td>\n<\/tr>\n<tr>\n<td style=\"border: 1px solid #999; padding: 6px; vertical-align: top;\">ClickUp<\/td>\n<td style=\"border: 1px solid #999; padding: 6px; vertical-align: top;\"><span title=\"Datenspeicherung in den Rechenzentren der gro\u00dfen Hostinganbieter\">Mondial<\/span><\/td>\n<td style=\"border: 1px solid #999; padding: 6px; vertical-align: top;\">Plateforme de gestion de projets interne<\/td>\n<td style=\"border: 1px solid #999; padding: 6px; vertical-align: top;\">Utilisateurs, personnes de contact, projets<\/td>\n<\/tr>\n<tr>\n<td style=\"border: 1px solid #999; padding: 6px; vertical-align: top;\">Syst\u00e8me ERP interne<\/td>\n<td style=\"border: 1px solid #999; padding: 6px; vertical-align: top;\"><span title=\"Deutschland, auf eigenen Servern\">DE<\/span><\/td>\n<td style=\"border: 1px solid #999; padding: 6px; vertical-align: top;\">Application de gestion des offres, de facturation et de comptabilit\u00e9<\/td>\n<td style=\"border: 1px solid #999; padding: 6px; vertical-align: top;\">Utilisateurs, clients et leurs mouvements de compte, fournisseurs et leurs mouvements de compte, projets<\/td>\n<\/tr>\n<tr>\n<td style=\"border: 1px solid #999; padding: 6px; vertical-align: top;\">Syst\u00e8me interne de paie<\/td>\n<td style=\"border: 1px solid #999; padding: 6px; vertical-align: top;\"><span title=\"Deutschland\">DE<\/span><\/td>\n<td style=\"border: 1px solid #999; padding: 6px; vertical-align: top;\">Application de gestion des comptes salariaux et de traitement des bulletins de paie<\/td>\n<td style=\"border: 1px solid #999; padding: 6px; vertical-align: top;\">Utilisateurs, employ\u00e9s et leurs mouvements de compte, organismes d&rsquo;assurance et autres donn\u00e9es relatives \u00e0 la paie des employ\u00e9s de l&rsquo;entreprise<\/td>\n<\/tr>\n<tr>\n<td style=\"border: 1px solid #999; padding: 6px; vertical-align: top;\">Sentry<\/td>\n<td style=\"border: 1px solid #999; padding: 6px; vertical-align: top;\"><span title=\"Datenspeicherung in den Rechenzentren der gro\u00dfen Hostinganbieter\">Mondial<\/span><\/td>\n<td style=\"border: 1px solid #999; padding: 6px; vertical-align: top;\">Suivi des erreurs et surveillance des performances applicatives en temps r\u00e9el<\/td>\n<td style=\"border: 1px solid #999; padding: 6px; vertical-align: top;\">Aucune donn\u00e9e \u00e0 caract\u00e8re personnel<\/td>\n<\/tr>\n<tr>\n<td style=\"border: 1px solid #999; padding: 6px; vertical-align: top;\">Divers fournisseurs d&rsquo;IA<\/td>\n<td style=\"border: 1px solid #999; padding: 6px; vertical-align: top;\"><span title=\"Datenspeicherung in den Rechenzentren der gro\u00dfen Hostinganbieter\">Mondial<\/span><\/td>\n<td style=\"border: 1px solid #999; padding: 6px; vertical-align: top;\">Assistance par IA<\/td>\n<td style=\"border: 1px solid #999; padding: 6px; vertical-align: top;\">Gestion interne des utilisateurs. Sinon, aucune donn\u00e9e \u00e0 caract\u00e8re personnel ou donn\u00e9es anonymis\u00e9es\/pseudonymis\u00e9es<\/td>\n<\/tr>\n<tr>\n<td style=\"border: 1px solid #999; padding: 6px; vertical-align: top;\">Deepl<\/td>\n<td style=\"border: 1px solid #999; padding: 6px; vertical-align: top;\"><span title=\"Deutschland\">DE<\/span><\/td>\n<td style=\"border: 1px solid #999; padding: 6px; vertical-align: top;\">Service de traduction en ligne<\/td>\n<td style=\"border: 1px solid #999; padding: 6px; vertical-align: top;\">Aucune donn\u00e9e \u00e0 caract\u00e8re personnel ou donn\u00e9es anonymis\u00e9es\/pseudonymis\u00e9es<\/td>\n<\/tr>\n<tr>\n<td style=\"border: 1px solid #999; padding: 6px; vertical-align: top;\">Figma<\/td>\n<td style=\"border: 1px solid #999; padding: 6px; vertical-align: top;\"><span title=\"Datenspeicherung in den Rechenzentren der gro\u00dfen Hostinganbieter\">Mondial<\/span><\/td>\n<td style=\"border: 1px solid #999; padding: 6px; vertical-align: top;\">Plateforme de prototypage d&rsquo;interfaces utilisateur<\/td>\n<td style=\"border: 1px solid #999; padding: 6px; vertical-align: top;\">Gestion interne des utilisateurs. Sinon, aucune donn\u00e9e \u00e0 caract\u00e8re personnel ou donn\u00e9es anonymis\u00e9es\/pseudonymis\u00e9es<\/td>\n<\/tr>\n<tr>\n<td style=\"border: 1px solid #999; padding: 6px; vertical-align: top;\">Adobe Creative Cloud<\/td>\n<td style=\"border: 1px solid #999; padding: 6px; vertical-align: top;\"><span title=\"Datenspeicherung in den Rechenzentren der gro\u00dfen Hostinganbieter\">Mondial<\/span><\/td>\n<td style=\"border: 1px solid #999; padding: 6px; vertical-align: top;\">D\u00e9veloppements sur la plateforme Adobe<\/td>\n<td style=\"border: 1px solid #999; padding: 6px; vertical-align: top;\">Gestion interne des utilisateurs. Sinon, aucune donn\u00e9e \u00e0 caract\u00e8re personnel ou donn\u00e9es anonymis\u00e9es\/pseudonymis\u00e9es<\/td>\n<\/tr>\n<tr>\n<td style=\"border: 1px solid #999; padding: 6px; vertical-align: top;\">Canva<\/td>\n<td style=\"border: 1px solid #999; padding: 6px; vertical-align: top;\"><span title=\"Datenspeicherung in den Rechenzentren der gro\u00dfen Hostinganbieter\">Mondial<\/span><\/td>\n<td style=\"border: 1px solid #999; padding: 6px; vertical-align: top;\">Plateforme pour les travaux de conception graphique<\/td>\n<td style=\"border: 1px solid #999; padding: 6px; vertical-align: top;\">Gestion interne des utilisateurs. Sinon, aucune donn\u00e9e \u00e0 caract\u00e8re personnel ou donn\u00e9es anonymis\u00e9es\/pseudonymis\u00e9es<\/td>\n<\/tr>\n<tr>\n<td style=\"border: 1px solid #999; padding: 6px; vertical-align: top;\">Docker<\/td>\n<td style=\"border: 1px solid #999; padding: 6px; vertical-align: top;\"><span title=\"Datenspeicherung in den Rechenzentren der gro\u00dfen Hostinganbieter\">Mondial<\/span><\/td>\n<td style=\"border: 1px solid #999; padding: 6px; vertical-align: top;\">Plateforme ouverte de conteneurisation des applications<\/td>\n<td style=\"border: 1px solid #999; padding: 6px; vertical-align: top;\">Gestion interne des utilisateurs. Sinon, aucune donn\u00e9e \u00e0 caract\u00e8re personnel ou donn\u00e9es anonymis\u00e9es\/pseudonymis\u00e9es<\/td>\n<\/tr>\n<\/tbody>\n<\/table>\n","protected":false},"excerpt":{"rendered":"<p>Derni\u00e8re mise \u00e0 jour : 25\/03\/2026 Contact: da&#116;a-se&#99;&#117;&#114;&#105;&#116;&#121;&#64;a&#108;f&#97;&#109;e&#100;&#105;a.&#99;o&#109; Incidents de cybers\u00e9curit\u00e9 au cours des 12 derniers mois : Aucun Incidents significatifs au cours des 12 derniers mois : Aucun Modifications pr\u00e9vues : Aucun Sous-traitants externes utilis\u00e9s dans les logiciels alfa ou pour le d\u00e9veloppement des logiciels alfa : D\u00e9signation Lieu de stockage Finalit\u00e9 du traitement [&hellip;]<\/p>\n","protected":false},"author":2,"featured_media":11004,"parent":0,"menu_order":4,"comment_status":"closed","ping_status":"closed","template":"","meta":{"_acf_changed":false,"inline_featured_image":false,"footnotes":""},"class_list":["post-10987","page","type-page","status-publish","has-post-thumbnail","hentry"],"acf":[],"yoast_head":"<title>Data Processing &#8226; alfa Media Partner GmbH<\/title>\n<meta name=\"robots\" content=\"index, follow, max-snippet:-1, max-image-preview:large, max-video-preview:-1\" \/>\n<link rel=\"canonical\" href=\"https:\/\/alfamedia.com\/fr\/data-processing\/\" \/>\n<meta property=\"og:locale\" content=\"fr_FR\" \/>\n<meta property=\"og:type\" content=\"article\" \/>\n<meta property=\"og:title\" content=\"Data Processing &#8226; alfa Media Partner GmbH\" \/>\n<meta property=\"og:description\" content=\"Derni\u00e8re mise \u00e0 jour : 25\/03\/2026 Contact: data-&#115;&#101;&#099;ur&#105;ty&#064;&#097;l&#102;am&#101;&#100;&#105;&#097;.&#099;&#111;m Incidents de cybers\u00e9curit\u00e9 au cours des 12 derniers mois : Aucun Incidents significatifs au cours des 12 derniers mois : Aucun Modifications pr\u00e9vues : Aucun Sous-traitants externes utilis\u00e9s dans les logiciels alfa ou pour le d\u00e9veloppement des logiciels alfa : D\u00e9signation Lieu de stockage Finalit\u00e9 du traitement [&hellip;]\" \/>\n<meta property=\"og:url\" content=\"https:\/\/alfamedia.com\/fr\/data-processing\/\" \/>\n<meta property=\"og:site_name\" content=\"alfa Media Partner GmbH\" \/>\n<meta property=\"article:modified_time\" content=\"2026-04-15T09:12:46+00:00\" \/>\n<meta property=\"og:image\" content=\"https:\/\/alfamedia.com\/wp-content\/uploads\/2026\/04\/pexels-markus-winkler-1430818-19891028-1.jpg\" \/>\n\t<meta property=\"og:image:width\" content=\"1919\" \/>\n\t<meta property=\"og:image:height\" content=\"600\" \/>\n\t<meta property=\"og:image:type\" content=\"image\/jpeg\" \/>\n<meta name=\"twitter:card\" content=\"summary_large_image\" \/>\n<meta name=\"twitter:label1\" content=\"Dur\u00e9e de lecture estim\u00e9e\" \/>\n\t<meta name=\"twitter:data1\" content=\"5 minutes\" \/>","yoast_head_json":{"title":"Data Processing &#8226; alfa Media Partner GmbH","robots":{"index":"index","follow":"follow","max-snippet":"max-snippet:-1","max-image-preview":"max-image-preview:large","max-video-preview":"max-video-preview:-1"},"canonical":"https:\/\/alfamedia.com\/fr\/data-processing\/","og_locale":"fr_FR","og_type":"article","og_title":"Data Processing &#8226; alfa Media Partner GmbH","og_description":"Derni\u00e8re mise \u00e0 jour : 25\/03\/2026 Contact: d&#97;&#116;&#97;&#45;&#115;e&#99;u&#114;ity&#64;a&#108;&#102;a&#109;&#101;&#100;&#105;&#97;&#46;&#99;om Incidents de cybers\u00e9curit\u00e9 au cours des 12 derniers mois : Aucun Incidents significatifs au cours des 12 derniers mois : Aucun Modifications pr\u00e9vues : Aucun Sous-traitants externes utilis\u00e9s dans les logiciels alfa ou pour le d\u00e9veloppement des logiciels alfa : D\u00e9signation Lieu de stockage Finalit\u00e9 du traitement [&hellip;]","og_url":"https:\/\/alfamedia.com\/fr\/data-processing\/","og_site_name":"alfa Media Partner GmbH","article_modified_time":"2026-04-15T09:12:46+00:00","og_image":[{"width":1919,"height":600,"url":"https:\/\/alfamedia.com\/wp-content\/uploads\/2026\/04\/pexels-markus-winkler-1430818-19891028-1.jpg","type":"image\/jpeg"}],"twitter_card":"summary_large_image","twitter_misc":{"Dur\u00e9e de lecture estim\u00e9e":"5 minutes"},"schema":{"@context":"https:\/\/schema.org","@graph":[{"@type":"WebPage","@id":"https:\/\/alfamedia.com\/fr\/data-processing\/","url":"https:\/\/alfamedia.com\/fr\/data-processing\/","name":"Data Processing &#8226; alfa Media Partner GmbH","isPartOf":{"@id":"https:\/\/alfamedia.com\/fr\/#website"},"primaryImageOfPage":{"@id":"https:\/\/alfamedia.com\/fr\/data-processing\/#primaryimage"},"image":{"@id":"https:\/\/alfamedia.com\/fr\/data-processing\/#primaryimage"},"thumbnailUrl":"https:\/\/alfamedia.com\/wp-content\/uploads\/2026\/04\/pexels-markus-winkler-1430818-19891028-1.jpg","datePublished":"2026-04-15T08:53:50+00:00","dateModified":"2026-04-15T09:12:46+00:00","breadcrumb":{"@id":"https:\/\/alfamedia.com\/fr\/data-processing\/#breadcrumb"},"inLanguage":"fr-FR","potentialAction":[{"@type":"ReadAction","target":["https:\/\/alfamedia.com\/fr\/data-processing\/"]}]},{"@type":"ImageObject","inLanguage":"fr-FR","@id":"https:\/\/alfamedia.com\/fr\/data-processing\/#primaryimage","url":"https:\/\/alfamedia.com\/wp-content\/uploads\/2026\/04\/pexels-markus-winkler-1430818-19891028-1.jpg","contentUrl":"https:\/\/alfamedia.com\/wp-content\/uploads\/2026\/04\/pexels-markus-winkler-1430818-19891028-1.jpg","width":1919,"height":600},{"@type":"BreadcrumbList","@id":"https:\/\/alfamedia.com\/fr\/data-processing\/#breadcrumb","itemListElement":[{"@type":"ListItem","position":1,"name":"Start","item":"https:\/\/alfamedia.com\/fr\/"},{"@type":"ListItem","position":2,"name":"Data Processing"}]},{"@type":"WebSite","@id":"https:\/\/alfamedia.com\/fr\/#website","url":"https:\/\/alfamedia.com\/fr\/","name":"alfa Media Partner GmbH","description":"Software-L\u00f6sungen f\u00fcr Medienh\u00e4user und Verlage","potentialAction":[{"@type":"SearchAction","target":{"@type":"EntryPoint","urlTemplate":"https:\/\/alfamedia.com\/fr\/?s={search_term_string}"},"query-input":{"@type":"PropertyValueSpecification","valueRequired":true,"valueName":"search_term_string"}}],"inLanguage":"fr-FR"}]}},"_links":{"self":[{"href":"https:\/\/alfamedia.com\/fr\/wp-json\/wp\/v2\/pages\/10987","targetHints":{"allow":["GET"]}}],"collection":[{"href":"https:\/\/alfamedia.com\/fr\/wp-json\/wp\/v2\/pages"}],"about":[{"href":"https:\/\/alfamedia.com\/fr\/wp-json\/wp\/v2\/types\/page"}],"author":[{"embeddable":true,"href":"https:\/\/alfamedia.com\/fr\/wp-json\/wp\/v2\/users\/2"}],"replies":[{"embeddable":true,"href":"https:\/\/alfamedia.com\/fr\/wp-json\/wp\/v2\/comments?post=10987"}],"version-history":[{"count":0,"href":"https:\/\/alfamedia.com\/fr\/wp-json\/wp\/v2\/pages\/10987\/revisions"}],"wp:featuredmedia":[{"embeddable":true,"href":"https:\/\/alfamedia.com\/fr\/wp-json\/wp\/v2\/media\/11004"}],"wp:attachment":[{"href":"https:\/\/alfamedia.com\/fr\/wp-json\/wp\/v2\/media?parent=10987"}],"curies":[{"name":"wp","href":"https:\/\/api.w.org\/{rel}","templated":true}]}}