{"id":10747,"date":"2026-02-19T10:48:37","date_gmt":"2026-02-19T09:48:37","guid":{"rendered":"https:\/\/alfamedia.com\/?page_id=10747"},"modified":"2026-02-19T10:48:37","modified_gmt":"2026-02-19T09:48:37","slug":"epaper-de-fidion","status":"publish","type":"page","link":"https:\/\/alfamedia.com\/fr\/solutions\/redaction-et-contenu-editorial\/epaper-de-fidion\/","title":{"rendered":"ePaper de fidion"},"content":{"rendered":"<p><strong><span style=\"color: #29a8c9;\">Une version num\u00e9rique en tant qu&rsquo;extension multim\u00e9dia des \u00e9ditions imprim\u00e9es fait partie int\u00e9grante des m\u00e9thodes d&rsquo;\u00e9dition modernes. L&rsquo;ePaper de fidion offre des solutions innovantes et un large \u00e9ventail d&rsquo;options de personnalisation pour une exp\u00e9rience de lecture personnalis\u00e9e pour vos abonn\u00e9s : pour les quotidiens et les magazines.<\/span><\/strong><\/p>\n<p>Outre la pr\u00e9sentation num\u00e9rique de vos num\u00e9ros actuels de journaux et de magazines, il existe de nombreuses options pour ajouter du contenu suppl\u00e9mentaire. Des informations enrichies de contenus multim\u00e9dias, des suppl\u00e9ments ou des brochures, ainsi qu&rsquo;une archive enti\u00e8rement int\u00e9gr\u00e9e \u00e0 des fins de recherche ou comme service suppl\u00e9mentaire pour vos lecteurs, offrent une valeur ajout\u00e9e consid\u00e9rable \u00e0 vos clients. Des affichages personnalisables et des options de sortie pour les lecteurs d&rsquo;\u00e9cran permettent un acc\u00e8s sans barri\u00e8re au contenu.<\/p>\n<p>La technologie innovante en arri\u00e8re-plan garantit un nombre \u00e9lev\u00e9 d&rsquo;acc\u00e8s, des temps de chargement rapides et, par cons\u00e9quent, une optimisation id\u00e9ale pour les moteurs de recherche. Une automatisation sophistiqu\u00e9e facilite non seulement l&rsquo;\u00e9dition de contenu dans la salle de r\u00e9daction, mais compile \u00e9galement le contenu de mani\u00e8re intelligente, en l&rsquo;adaptant individuellement aux int\u00e9r\u00eats des lecteurs. La combinaison de fonctions sur mesure et d&rsquo;une technologie moderne fait de l&rsquo;ePaper de fidion un partenaire solide pour votre pr\u00e9sence num\u00e9rique p\u00e9renne et la fid\u00e9lisation de vos lecteurs.<\/p>\n<p>La solution ePaper est disponible sous forme de package complet avec fCMS ou en tant que solution autonome, adapt\u00e9e de mani\u00e8re flexible \u00e0 votre environnement logiciel. Le d\u00e9veloppement est r\u00e9alis\u00e9 en collaboration avec les meilleurs experts afin d&rsquo;offrir une exp\u00e9rience utilisateur optimale, car nous travaillons en \u00e9troite collaboration avec nos clients.<\/p>\n<p><img loading=\"lazy\" decoding=\"async\" class=\"size-full wp-image-10798 aligncenter\" src=\"https:\/\/alfamedia.com\/wp-content\/uploads\/2026\/02\/WebePaper-fidion.jpg\" alt=\"\" width=\"800\" height=\"584\" srcset=\"https:\/\/alfamedia.com\/wp-content\/uploads\/2026\/02\/WebePaper-fidion.jpg 800w, https:\/\/alfamedia.com\/wp-content\/uploads\/2026\/02\/WebePaper-fidion-300x219.jpg 300w, https:\/\/alfamedia.com\/wp-content\/uploads\/2026\/02\/WebePaper-fidion-660x482.jpg 660w\" sizes=\"auto, (max-width: 800px) 100vw, 800px\" \/><\/p>\n<p><a href=\"https:\/\/alfamedia.com\/wp-content\/uploads\/2025\/09\/arrow-right-long-to-line-duotone-solid-full.svg\"><img loading=\"lazy\" decoding=\"async\" class=\"wp-image-10335 alignleft\" src=\"https:\/\/alfamedia.com\/wp-content\/uploads\/2025\/09\/arrow-right-long-to-line-duotone-solid-full.svg\" alt=\"\" width=\"61\" height=\"61\" \/><\/a><\/p>\n<p>Vous recherchez un compl\u00e9ment num\u00e9rique \u00e0 vos \u00e9ditions imprim\u00e9es dans le secteur des journaux ou des magazines ? Alors, l&rsquo;ePaper de fidion est le partenaire id\u00e9al pour vous. Flexibilit\u00e9, convivialit\u00e9 et expertise technique s&rsquo;allient pour cr\u00e9er une pr\u00e9sentation num\u00e9rique compl\u00e8te de vos produits imprim\u00e9s. Des flux de travail automatis\u00e9s et de l&rsquo;optimisation technique aux filtres intelligents et aux options d&rsquo;affichage, la solution ePaper offre tout ce dont vous avez besoin pour une pr\u00e9sence num\u00e9rique moderne.<\/p>\n<p>Qu&rsquo;il s&rsquo;agisse du soutien \u00e0 la cr\u00e9ation de contenu dans la salle de r\u00e9daction ou de l&rsquo;exp\u00e9rience de lecture pour les clients finaux, l&rsquo;ePaper de fidion offre la meilleure exp\u00e9rience utilisateur possible pour tous.<\/p>\n<p>&nbsp;<\/p>\n<h3>Highlights<\/h3>\n<table style=\"margin-left: 0px;\">\n<tbody>\n<tr>\n<td style=\"padding-right: 10px; vertical-align: middle;\"><img loading=\"lazy\" decoding=\"async\" style=\"vertical-align: middle;\" src=\"https:\/\/alfamedia.com\/wp-content\/uploads\/2025\/09\/dot-duotone-light-full.png\" alt=\"\" width=\"30\" height=\"30\" \/><\/td>\n<td style=\"padding-bottom: 10px;\"><strong>Flexibilit\u00e9 dans le choix : <\/strong>la solution ePaper de fidion est disponible en tant qu&rsquo;outil autonome ou en \u00e9troite collaboration avec le CMS afin d&rsquo;offrir une pr\u00e9sence num\u00e9rique homog\u00e8ne.<\/td>\n<\/tr>\n<tr>\n<td style=\"padding-right: 10px; vertical-align: middle;\"><img loading=\"lazy\" decoding=\"async\" style=\"vertical-align: middle;\" src=\"https:\/\/alfamedia.com\/wp-content\/uploads\/2025\/09\/dot-duotone-light-full.png\" alt=\"\" width=\"30\" height=\"30\" \/><\/td>\n<td style=\"padding-bottom: 10px;\"><strong>Multim\u00e9dia : <\/strong>compl\u00e9tez votre contenu avec des informations multim\u00e9dias suppl\u00e9mentaires. Outre les articles, des fichiers audio et vid\u00e9o peuvent \u00e9galement \u00eatre facilement int\u00e9gr\u00e9s afin d&rsquo;offrir une valeur ajout\u00e9e aux lecteurs.<\/td>\n<\/tr>\n<tr>\n<td style=\"padding-right: 10px; vertical-align: middle;\"><img loading=\"lazy\" decoding=\"async\" style=\"vertical-align: middle;\" src=\"https:\/\/alfamedia.com\/wp-content\/uploads\/2025\/09\/dot-duotone-light-full.png\" alt=\"\" width=\"30\" height=\"30\" \/><\/td>\n<td style=\"padding-bottom: 10px;\"><strong>Ma\u00eetre de la personnalisation : <\/strong>non seulement vous, en tant que fournisseur, mais aussi vos clients peuvent adapter l&rsquo;exp\u00e9rience ePaper \u00e0 leurs propres pr\u00e9f\u00e9rences, en passant d&rsquo;un affichage \u00e0 l&rsquo;autre ou en ajustant le contenu en fonction de leurs int\u00e9r\u00eats de lecture.<\/td>\n<\/tr>\n<tr>\n<td style=\"padding-right: 10px; vertical-align: middle;\"><img loading=\"lazy\" decoding=\"async\" style=\"vertical-align: middle;\" src=\"https:\/\/alfamedia.com\/wp-content\/uploads\/2025\/09\/dot-duotone-light-full.png\" alt=\"\" width=\"30\" height=\"30\" \/><\/td>\n<td style=\"padding-bottom: 10px;\"><strong>Automatisation intelligente :<\/strong>les donn\u00e9es structur\u00e9es offrent un large \u00e9ventail d&rsquo;options d&rsquo;extension, qu&rsquo;il s&rsquo;agisse de compiler des pages th\u00e9matiques, de se concentrer sur les pr\u00e9f\u00e9rences des lecteurs ou de cr\u00e9er des liens vers des contenus suppl\u00e9mentaires.<\/td>\n<\/tr>\n<tr>\n<td style=\"padding-right: 10px; vertical-align: middle;\"><img loading=\"lazy\" decoding=\"async\" style=\"vertical-align: middle;\" src=\"https:\/\/alfamedia.com\/wp-content\/uploads\/2025\/09\/dot-duotone-light-full.png\" alt=\"\" width=\"30\" height=\"30\" \/><\/td>\n<td style=\"padding-bottom: 10px;\"><strong>Acc\u00e8s sans barri\u00e8res :<\/strong> le traitement optimis\u00e9 sur le plan technologique facilite la participation num\u00e9rique de divers groupes d&rsquo;utilisateurs, que ce soit gr\u00e2ce \u00e0 la vue int\u00e9gr\u00e9e de la liste des articles pour la sortie vers les lecteurs d&rsquo;\u00e9cran, aux tailles de police personnalisables ou aux modes d&rsquo;affichage \u00e0 contraste \u00e9lev\u00e9.<\/td>\n<\/tr>\n<\/tbody>\n<\/table>\n","protected":false},"excerpt":{"rendered":"<p>L&rsquo;ePaper de fidion offre des solutions innovantes et de nombreuses possibilit\u00e9s de personnalisation pour vos abonn\u00e9s : pour les quotidiens et les magazines.<\/p>\n","protected":false},"author":7,"featured_media":10372,"parent":2512,"menu_order":155,"comment_status":"closed","ping_status":"closed","template":"","meta":{"_acf_changed":false,"inline_featured_image":false,"footnotes":""},"class_list":["post-10747","page","type-page","status-publish","has-post-thumbnail","hentry"],"acf":[],"yoast_head":"<title>ePaper de fidion &#8226; alfa Media Partner GmbH<\/title>\n<meta name=\"description\" content=\"L&#039;ePaper de fidion offre des solutions innovantes et de nombreuses possibilit\u00e9s de personnalisation pour vos abonn\u00e9s : pour les quotidiens et les magazines.\" \/>\n<meta name=\"robots\" content=\"index, follow, max-snippet:-1, max-image-preview:large, max-video-preview:-1\" \/>\n<link rel=\"canonical\" href=\"https:\/\/alfamedia.com\/fr\/solutions\/redaction-et-contenu-editorial\/epaper-de-fidion\/\" \/>\n<meta property=\"og:locale\" content=\"fr_FR\" \/>\n<meta property=\"og:type\" content=\"article\" \/>\n<meta property=\"og:title\" content=\"ePaper de fidion &#8226; alfa Media Partner GmbH\" \/>\n<meta property=\"og:description\" content=\"L&#039;ePaper de fidion offre des solutions innovantes et de nombreuses possibilit\u00e9s de personnalisation pour vos abonn\u00e9s : pour les quotidiens et les magazines.\" \/>\n<meta property=\"og:url\" content=\"https:\/\/alfamedia.com\/fr\/solutions\/redaction-et-contenu-editorial\/epaper-de-fidion\/\" \/>\n<meta property=\"og:site_name\" content=\"alfa Media Partner GmbH\" \/>\n<meta property=\"og:image\" content=\"https:\/\/alfamedia.com\/wp-content\/uploads\/2025\/09\/header-blau-01-wave.png\" \/>\n\t<meta property=\"og:image:width\" content=\"1920\" \/>\n\t<meta property=\"og:image:height\" content=\"600\" \/>\n\t<meta property=\"og:image:type\" content=\"image\/png\" \/>\n<meta name=\"twitter:card\" content=\"summary_large_image\" \/>\n<meta name=\"twitter:label1\" content=\"Dur\u00e9e de lecture estim\u00e9e\" \/>\n\t<meta name=\"twitter:data1\" content=\"5 minutes\" \/>","yoast_head_json":{"title":"ePaper de fidion &#8226; alfa Media Partner GmbH","description":"L'ePaper de fidion offre des solutions innovantes et de nombreuses possibilit\u00e9s de personnalisation pour vos abonn\u00e9s : pour les quotidiens et les magazines.","robots":{"index":"index","follow":"follow","max-snippet":"max-snippet:-1","max-image-preview":"max-image-preview:large","max-video-preview":"max-video-preview:-1"},"canonical":"https:\/\/alfamedia.com\/fr\/solutions\/redaction-et-contenu-editorial\/epaper-de-fidion\/","og_locale":"fr_FR","og_type":"article","og_title":"ePaper de fidion &#8226; alfa Media Partner GmbH","og_description":"L'ePaper de fidion offre des solutions innovantes et de nombreuses possibilit\u00e9s de personnalisation pour vos abonn\u00e9s : pour les quotidiens et les magazines.","og_url":"https:\/\/alfamedia.com\/fr\/solutions\/redaction-et-contenu-editorial\/epaper-de-fidion\/","og_site_name":"alfa Media Partner GmbH","og_image":[{"width":1920,"height":600,"url":"https:\/\/alfamedia.com\/wp-content\/uploads\/2025\/09\/header-blau-01-wave.png","type":"image\/png"}],"twitter_card":"summary_large_image","twitter_misc":{"Dur\u00e9e de lecture estim\u00e9e":"5 minutes"},"schema":{"@context":"https:\/\/schema.org","@graph":[{"@type":"WebPage","@id":"https:\/\/alfamedia.com\/fr\/solutions\/redaction-et-contenu-editorial\/epaper-de-fidion\/","url":"https:\/\/alfamedia.com\/fr\/solutions\/redaction-et-contenu-editorial\/epaper-de-fidion\/","name":"ePaper de fidion &#8226; alfa Media Partner GmbH","isPartOf":{"@id":"https:\/\/alfamedia.com\/fr\/#website"},"primaryImageOfPage":{"@id":"https:\/\/alfamedia.com\/fr\/solutions\/redaction-et-contenu-editorial\/epaper-de-fidion\/#primaryimage"},"image":{"@id":"https:\/\/alfamedia.com\/fr\/solutions\/redaction-et-contenu-editorial\/epaper-de-fidion\/#primaryimage"},"thumbnailUrl":"https:\/\/alfamedia.com\/wp-content\/uploads\/2025\/09\/header-blau-01-wave.png","datePublished":"2026-02-19T09:48:37+00:00","description":"L'ePaper de fidion offre des solutions innovantes et de nombreuses possibilit\u00e9s de personnalisation pour vos abonn\u00e9s : pour les quotidiens et les magazines.","breadcrumb":{"@id":"https:\/\/alfamedia.com\/fr\/solutions\/redaction-et-contenu-editorial\/epaper-de-fidion\/#breadcrumb"},"inLanguage":"fr-FR","potentialAction":[{"@type":"ReadAction","target":["https:\/\/alfamedia.com\/fr\/solutions\/redaction-et-contenu-editorial\/epaper-de-fidion\/"]}]},{"@type":"ImageObject","inLanguage":"fr-FR","@id":"https:\/\/alfamedia.com\/fr\/solutions\/redaction-et-contenu-editorial\/epaper-de-fidion\/#primaryimage","url":"https:\/\/alfamedia.com\/wp-content\/uploads\/2025\/09\/header-blau-01-wave.png","contentUrl":"https:\/\/alfamedia.com\/wp-content\/uploads\/2025\/09\/header-blau-01-wave.png","width":1920,"height":600},{"@type":"BreadcrumbList","@id":"https:\/\/alfamedia.com\/fr\/solutions\/redaction-et-contenu-editorial\/epaper-de-fidion\/#breadcrumb","itemListElement":[{"@type":"ListItem","position":1,"name":"Start","item":"https:\/\/alfamedia.com\/fr\/"},{"@type":"ListItem","position":2,"name":"Solutions","item":"https:\/\/alfamedia.com\/fr\/solutions\/"},{"@type":"ListItem","position":3,"name":"R\u00e9daction et Contenu \u00e9ditorial","item":"https:\/\/alfamedia.com\/fr\/solutions\/redaction-et-contenu-editorial\/"},{"@type":"ListItem","position":4,"name":"ePaper de fidion"}]},{"@type":"WebSite","@id":"https:\/\/alfamedia.com\/fr\/#website","url":"https:\/\/alfamedia.com\/fr\/","name":"alfa Media Partner GmbH","description":"Software-L\u00f6sungen f\u00fcr Medienh\u00e4user und Verlage","potentialAction":[{"@type":"SearchAction","target":{"@type":"EntryPoint","urlTemplate":"https:\/\/alfamedia.com\/fr\/?s={search_term_string}"},"query-input":{"@type":"PropertyValueSpecification","valueRequired":true,"valueName":"search_term_string"}}],"inLanguage":"fr-FR"}]}},"_links":{"self":[{"href":"https:\/\/alfamedia.com\/fr\/wp-json\/wp\/v2\/pages\/10747","targetHints":{"allow":["GET"]}}],"collection":[{"href":"https:\/\/alfamedia.com\/fr\/wp-json\/wp\/v2\/pages"}],"about":[{"href":"https:\/\/alfamedia.com\/fr\/wp-json\/wp\/v2\/types\/page"}],"author":[{"embeddable":true,"href":"https:\/\/alfamedia.com\/fr\/wp-json\/wp\/v2\/users\/7"}],"replies":[{"embeddable":true,"href":"https:\/\/alfamedia.com\/fr\/wp-json\/wp\/v2\/comments?post=10747"}],"version-history":[{"count":2,"href":"https:\/\/alfamedia.com\/fr\/wp-json\/wp\/v2\/pages\/10747\/revisions"}],"predecessor-version":[{"id":10803,"href":"https:\/\/alfamedia.com\/fr\/wp-json\/wp\/v2\/pages\/10747\/revisions\/10803"}],"up":[{"embeddable":true,"href":"https:\/\/alfamedia.com\/fr\/wp-json\/wp\/v2\/pages\/2512"}],"wp:featuredmedia":[{"embeddable":true,"href":"https:\/\/alfamedia.com\/fr\/wp-json\/wp\/v2\/media\/10372"}],"wp:attachment":[{"href":"https:\/\/alfamedia.com\/fr\/wp-json\/wp\/v2\/media?parent=10747"}],"curies":[{"name":"wp","href":"https:\/\/api.w.org\/{rel}","templated":true}]}}