{"id":10669,"date":"2025-12-09T08:56:55","date_gmt":"2025-12-09T07:56:55","guid":{"rendered":"https:\/\/alfamedia.com\/?page_id=10669"},"modified":"2026-01-20T14:16:45","modified_gmt":"2026-01-20T13:16:45","slug":"packages-ia-2026","status":"publish","type":"page","link":"https:\/\/alfamedia.com\/fr\/packages-ia-2026\/","title":{"rendered":"Packages IA 2026"},"content":{"rendered":"<p>\u00c0 partir du 1er janvier 2026, nos offres d&rsquo;IA sur mesure pour la r\u00e9daction et la publicit\u00e9 seront \u00e0 votre disposition. Gr\u00e2ce \u00e0 des fonctions optimis\u00e9es, une flexibilit\u00e9 accrue et des conditions transparentes, nous souhaitons simplifier vos processus et favoriser votre cr\u00e9ativit\u00e9. Fa\u00e7onnons ensemble l&rsquo;avenir num\u00e9rique !<\/p>\n<p>&nbsp;<\/p>\n<p><img loading=\"lazy\" decoding=\"async\" class=\"size-full wp-image-10662 aligncenter\" src=\"https:\/\/alfamedia.com\/wp-content\/uploads\/2025\/12\/AI-Packages-Editorial-2026.jpg\" alt=\"\" width=\"1920\" height=\"1080\" srcset=\"https:\/\/alfamedia.com\/wp-content\/uploads\/2025\/12\/AI-Packages-Editorial-2026.jpg 1920w, https:\/\/alfamedia.com\/wp-content\/uploads\/2025\/12\/AI-Packages-Editorial-2026-300x169.jpg 300w, https:\/\/alfamedia.com\/wp-content\/uploads\/2025\/12\/AI-Packages-Editorial-2026-1024x576.jpg 1024w, https:\/\/alfamedia.com\/wp-content\/uploads\/2025\/12\/AI-Packages-Editorial-2026-660x371.jpg 660w, https:\/\/alfamedia.com\/wp-content\/uploads\/2025\/12\/AI-Packages-Editorial-2026-1536x864.jpg 1536w\" sizes=\"auto, (max-width: 1920px) 100vw, 1920px\" \/> <img loading=\"lazy\" decoding=\"async\" class=\"size-full wp-image-10665 aligncenter\" src=\"https:\/\/alfamedia.com\/wp-content\/uploads\/2025\/12\/AI-Packages-Avertising-2026.jpg\" alt=\"\" width=\"1920\" height=\"1080\" srcset=\"https:\/\/alfamedia.com\/wp-content\/uploads\/2025\/12\/AI-Packages-Avertising-2026.jpg 1920w, https:\/\/alfamedia.com\/wp-content\/uploads\/2025\/12\/AI-Packages-Avertising-2026-300x169.jpg 300w, https:\/\/alfamedia.com\/wp-content\/uploads\/2025\/12\/AI-Packages-Avertising-2026-1024x576.jpg 1024w, https:\/\/alfamedia.com\/wp-content\/uploads\/2025\/12\/AI-Packages-Avertising-2026-660x371.jpg 660w, https:\/\/alfamedia.com\/wp-content\/uploads\/2025\/12\/AI-Packages-Avertising-2026-1536x864.jpg 1536w\" sizes=\"auto, (max-width: 1920px) 100vw, 1920px\" \/><\/p>\n<p><img loading=\"lazy\" decoding=\"async\" class=\"size-full wp-image-10726 aligncenter\" src=\"https:\/\/alfamedia.com\/wp-content\/uploads\/2026\/01\/AI-Packages-Stylo-2026.jpg\" alt=\"\" width=\"1920\" height=\"1080\" srcset=\"https:\/\/alfamedia.com\/wp-content\/uploads\/2026\/01\/AI-Packages-Stylo-2026.jpg 1920w, https:\/\/alfamedia.com\/wp-content\/uploads\/2026\/01\/AI-Packages-Stylo-2026-300x169.jpg 300w, https:\/\/alfamedia.com\/wp-content\/uploads\/2026\/01\/AI-Packages-Stylo-2026-1024x576.jpg 1024w, https:\/\/alfamedia.com\/wp-content\/uploads\/2026\/01\/AI-Packages-Stylo-2026-660x371.jpg 660w, https:\/\/alfamedia.com\/wp-content\/uploads\/2026\/01\/AI-Packages-Stylo-2026-1536x864.jpg 1536w\" sizes=\"auto, (max-width: 1920px) 100vw, 1920px\" \/><\/p>\n<p>Nous serions ravis de vous pr\u00e9senter ces offres lors d&rsquo;un entretien individuel ou d&rsquo;une br\u00e8ve d\u00e9monstration. Veuillez nous contacter \u00e0 l&rsquo;adresse <a href=\"javascript:secureDecryptAndNavigate('+4HNssX\/BHWMfIsTeLYtsztmCc3tVPQeH1vKwXSGtl0iLFUAbN3Eef41tlpFDakhIU98CnEM9K88EJpO89QgjVHEUbw=', '311a738dc694dabb87d5a6f1bf237e266f6c326dd99509e53bef3d9bcb909c94')\">s&#97;le&#115;&#64;al&#102;&#97;.&#100;&#101;<\/a> afin de convenir d&rsquo;un rendez-vous.<\/p>\n<p>Veuillez noter que les versions suivantes sont requises pour utiliser les nouvelles fonctionnalit\u00e9s : \u00c9dition : version 2025.11, Publicit\u00e9 : version 2025.12.<\/p>\n<p>Nous sommes impatients de vous aider gr\u00e2ce \u00e0 nos solutions d&rsquo;IA et de franchir ensemble les prochaines \u00e9tapes !<\/p>\n","protected":false},"excerpt":{"rendered":"<p>\u00c0 partir du 1er janvier 2026, nos offres d&rsquo;IA sur mesure pour la r\u00e9daction et la publicit\u00e9 seront \u00e0 votre disposition. Gr\u00e2ce \u00e0 des fonctions optimis\u00e9es, une flexibilit\u00e9 accrue et des conditions transparentes, nous souhaitons simplifier vos processus et favoriser votre cr\u00e9ativit\u00e9. Fa\u00e7onnons ensemble l&rsquo;avenir num\u00e9rique ! &nbsp; Nous serions ravis de vous pr\u00e9senter ces [&hellip;]<\/p>\n","protected":false},"author":3,"featured_media":10649,"parent":0,"menu_order":7,"comment_status":"closed","ping_status":"closed","template":"","meta":{"_acf_changed":false,"inline_featured_image":false,"footnotes":""},"class_list":["post-10669","page","type-page","status-publish","has-post-thumbnail","hentry"],"acf":[],"yoast_head":"<title>Packages IA 2026 &#8226; alfa Media Partner GmbH<\/title>\n<meta name=\"robots\" content=\"index, follow, max-snippet:-1, max-image-preview:large, max-video-preview:-1\" \/>\n<link rel=\"canonical\" href=\"https:\/\/alfamedia.com\/fr\/packages-ia-2026\/\" \/>\n<meta property=\"og:locale\" content=\"fr_FR\" \/>\n<meta property=\"og:type\" content=\"article\" \/>\n<meta property=\"og:title\" content=\"Packages IA 2026 &#8226; alfa Media Partner GmbH\" \/>\n<meta property=\"og:description\" content=\"\u00c0 partir du 1er janvier 2026, nos offres d&rsquo;IA sur mesure pour la r\u00e9daction et la publicit\u00e9 seront \u00e0 votre disposition. Gr\u00e2ce \u00e0 des fonctions optimis\u00e9es, une flexibilit\u00e9 accrue et des conditions transparentes, nous souhaitons simplifier vos processus et favoriser votre cr\u00e9ativit\u00e9. Fa\u00e7onnons ensemble l&rsquo;avenir num\u00e9rique ! &nbsp; Nous serions ravis de vous pr\u00e9senter ces [&hellip;]\" \/>\n<meta property=\"og:url\" content=\"https:\/\/alfamedia.com\/fr\/packages-ia-2026\/\" \/>\n<meta property=\"og:site_name\" content=\"alfa Media Partner GmbH\" \/>\n<meta property=\"article:modified_time\" content=\"2026-01-20T13:16:45+00:00\" \/>\n<meta property=\"og:image\" content=\"https:\/\/alfamedia.com\/wp-content\/uploads\/2025\/12\/HeaderKIPakete.png\" \/>\n\t<meta property=\"og:image:width\" content=\"1920\" \/>\n\t<meta property=\"og:image:height\" content=\"600\" \/>\n\t<meta property=\"og:image:type\" content=\"image\/png\" \/>\n<meta name=\"twitter:card\" content=\"summary_large_image\" \/>\n<meta name=\"twitter:label1\" content=\"Dur\u00e9e de lecture estim\u00e9e\" \/>\n\t<meta name=\"twitter:data1\" content=\"2 minutes\" \/>","yoast_head_json":{"title":"Packages IA 2026 &#8226; alfa Media Partner GmbH","robots":{"index":"index","follow":"follow","max-snippet":"max-snippet:-1","max-image-preview":"max-image-preview:large","max-video-preview":"max-video-preview:-1"},"canonical":"https:\/\/alfamedia.com\/fr\/packages-ia-2026\/","og_locale":"fr_FR","og_type":"article","og_title":"Packages IA 2026 &#8226; alfa Media Partner GmbH","og_description":"\u00c0 partir du 1er janvier 2026, nos offres d&rsquo;IA sur mesure pour la r\u00e9daction et la publicit\u00e9 seront \u00e0 votre disposition. Gr\u00e2ce \u00e0 des fonctions optimis\u00e9es, une flexibilit\u00e9 accrue et des conditions transparentes, nous souhaitons simplifier vos processus et favoriser votre cr\u00e9ativit\u00e9. Fa\u00e7onnons ensemble l&rsquo;avenir num\u00e9rique ! &nbsp; Nous serions ravis de vous pr\u00e9senter ces [&hellip;]","og_url":"https:\/\/alfamedia.com\/fr\/packages-ia-2026\/","og_site_name":"alfa Media Partner GmbH","article_modified_time":"2026-01-20T13:16:45+00:00","og_image":[{"width":1920,"height":600,"url":"https:\/\/alfamedia.com\/wp-content\/uploads\/2025\/12\/HeaderKIPakete.png","type":"image\/png"}],"twitter_card":"summary_large_image","twitter_misc":{"Dur\u00e9e de lecture estim\u00e9e":"2 minutes"},"schema":{"@context":"https:\/\/schema.org","@graph":[{"@type":"WebPage","@id":"https:\/\/alfamedia.com\/fr\/packages-ia-2026\/","url":"https:\/\/alfamedia.com\/fr\/packages-ia-2026\/","name":"Packages IA 2026 &#8226; alfa Media Partner GmbH","isPartOf":{"@id":"https:\/\/alfamedia.com\/fr\/#website"},"primaryImageOfPage":{"@id":"https:\/\/alfamedia.com\/fr\/packages-ia-2026\/#primaryimage"},"image":{"@id":"https:\/\/alfamedia.com\/fr\/packages-ia-2026\/#primaryimage"},"thumbnailUrl":"https:\/\/alfamedia.com\/wp-content\/uploads\/2025\/12\/HeaderKIPakete.png","datePublished":"2025-12-09T07:56:55+00:00","dateModified":"2026-01-20T13:16:45+00:00","breadcrumb":{"@id":"https:\/\/alfamedia.com\/fr\/packages-ia-2026\/#breadcrumb"},"inLanguage":"fr-FR","potentialAction":[{"@type":"ReadAction","target":["https:\/\/alfamedia.com\/fr\/packages-ia-2026\/"]}]},{"@type":"ImageObject","inLanguage":"fr-FR","@id":"https:\/\/alfamedia.com\/fr\/packages-ia-2026\/#primaryimage","url":"https:\/\/alfamedia.com\/wp-content\/uploads\/2025\/12\/HeaderKIPakete.png","contentUrl":"https:\/\/alfamedia.com\/wp-content\/uploads\/2025\/12\/HeaderKIPakete.png","width":1920,"height":600},{"@type":"BreadcrumbList","@id":"https:\/\/alfamedia.com\/fr\/packages-ia-2026\/#breadcrumb","itemListElement":[{"@type":"ListItem","position":1,"name":"Start","item":"https:\/\/alfamedia.com\/fr\/"},{"@type":"ListItem","position":2,"name":"Packages IA 2026"}]},{"@type":"WebSite","@id":"https:\/\/alfamedia.com\/fr\/#website","url":"https:\/\/alfamedia.com\/fr\/","name":"alfa Media Partner GmbH","description":"Software-L\u00f6sungen f\u00fcr Medienh\u00e4user und Verlage","potentialAction":[{"@type":"SearchAction","target":{"@type":"EntryPoint","urlTemplate":"https:\/\/alfamedia.com\/fr\/?s={search_term_string}"},"query-input":{"@type":"PropertyValueSpecification","valueRequired":true,"valueName":"search_term_string"}}],"inLanguage":"fr-FR"}]}},"_links":{"self":[{"href":"https:\/\/alfamedia.com\/fr\/wp-json\/wp\/v2\/pages\/10669","targetHints":{"allow":["GET"]}}],"collection":[{"href":"https:\/\/alfamedia.com\/fr\/wp-json\/wp\/v2\/pages"}],"about":[{"href":"https:\/\/alfamedia.com\/fr\/wp-json\/wp\/v2\/types\/page"}],"author":[{"embeddable":true,"href":"https:\/\/alfamedia.com\/fr\/wp-json\/wp\/v2\/users\/3"}],"replies":[{"embeddable":true,"href":"https:\/\/alfamedia.com\/fr\/wp-json\/wp\/v2\/comments?post=10669"}],"version-history":[{"count":0,"href":"https:\/\/alfamedia.com\/fr\/wp-json\/wp\/v2\/pages\/10669\/revisions"}],"wp:featuredmedia":[{"embeddable":true,"href":"https:\/\/alfamedia.com\/fr\/wp-json\/wp\/v2\/media\/10649"}],"wp:attachment":[{"href":"https:\/\/alfamedia.com\/fr\/wp-json\/wp\/v2\/media?parent=10669"}],"curies":[{"name":"wp","href":"https:\/\/api.w.org\/{rel}","templated":true}]}}